{"id":8919,"date":"2025-12-31T04:36:37","date_gmt":"2025-12-31T04:36:37","guid":{"rendered":"https:\/\/pluginspordolar.com\/?post_type=product&#038;p=8919"},"modified":"2026-02-11T02:13:47","modified_gmt":"2026-02-11T02:13:47","slug":"presto-player-pro","status":"publish","type":"product","link":"https:\/\/pluginspordolar.com\/en\/product\/presto-player-pro\/","title":{"rendered":"Presto Player Pro"},"content":{"rendered":"<h2>Caracter\u00edsticas del plugin Presto Player Pro para WordPress<\/h2>\n<ul>\n<li>V\u00eddeo privado<\/li>\n<li>Secci\u00f3n de v\u00eddeo<\/li>\n<li>Integraci\u00f3n de BunnyNet<\/li>\n<li>Varias fuentes<\/li>\n<li>Jugador pegajoso<\/li>\n<li>An\u00e1lisis integrado<\/li>\n<li>Integraci\u00f3n profunda<\/li>\n<li>Alto rendimiento<\/li>\n<li>Velocidad de reproducci\u00f3n<\/li>\n<\/ul>\n<p><strong>\u00daltima actualizaci\u00f3n: 05-09-2026<\/strong><br \/>\n<strong>Versi\u00f3n actual: 3.0.2<\/strong><\/p>\n<p>&nbsp;<\/p>\n<p>mberc@g<\/p>","protected":false},"excerpt":{"rendered":"<p>Presto Player Pronel reproductor de v\u00eddeo definitivo para WordPress. Lleve sus v\u00eddeos al siguiente nivel y sorprenda a sus espectadores con una experiencia de v\u00eddeo moderna que les encantar\u00e1. A\u00f1ada v\u00eddeos atractivos a su sitio web con reproducci\u00f3n autom\u00e1tica silenciosa y subt\u00edtulos, anime las cosas con im\u00e1genes superpuestas, controle el rendimiento de los v\u00eddeos con an\u00e1lisis y mucho m\u00e1s.<\/p>\n<p><strong>Important note:<\/strong> Si pide licencia, descargar este plugin <span style=\"color: #ff6600;\"><a style=\"color: #ff6600;\" href=\"https:\/\/dl.dropbox.com\/scl\/fi\/899lxboukr860pc8fxmhp\/Presto-Player-PRO-MU-ACTIVATOR.zip?rlkey=oxs3agehp5trwqkrf6s93figr&amp;st=w6xjjy7a&amp;dl=0\"><strong><span style=\"color: #00ccff;\">Presto Player PRO \u2013 ACTIVATOR<\/span><\/strong><\/a><\/span> y en la parte de licencia poner <strong>1234567890<\/strong> y activar<\/p>\n<p><strong>\u00daltima actualizaci\u00f3n: 05-09-2026<\/strong><br \/>\n<strong>Versi\u00f3n actual: 3.0.2<\/strong><\/p>\n<p>&nbsp;<\/p>\n<p>mberc@g<\/p>","protected":false},"featured_media":8921,"template":"","meta":{"_eb_attr":"","_uag_custom_page_level_css":""},"product_brand":[],"product_cat":[27],"product_tag":[561],"class_list":{"0":"post-8919","1":"product","2":"type-product","3":"status-publish","4":"has-post-thumbnail","6":"product_cat-plugins-wordpress","7":"product_tag-presto-player","9":"first","10":"instock","11":"downloadable","12":"virtual","13":"sold-individually","14":"purchasable","15":"product-type-simple"},"yoast_head":"<!-- This site is optimized with the Yoast SEO plugin v27.4 - https:\/\/yoast.com\/product\/yoast-seo-wordpress\/ -->\n<title>Presto Player Pro - Plugins x Dolar<\/title>\n<meta name=\"description\" content=\"Lleve sus v\u00eddeos al siguiente nivel y sorprenda a sus espectadores con una experiencia de v\u00eddeo moderna, mejor plugin de videos wordpress\" \/>\n<meta name=\"robots\" content=\"noindex, nofollow\" \/>\n<meta property=\"og:locale\" content=\"en_US\" \/>\n<meta property=\"og:type\" content=\"article\" \/>\n<meta property=\"og:title\" content=\"Presto Player Pro - Plugins x Dolar\" \/>\n<meta property=\"og:description\" content=\"Lleve sus v\u00eddeos al siguiente nivel y sorprenda a sus espectadores con una experiencia de v\u00eddeo moderna, mejor plugin de videos wordpress\" \/>\n<meta property=\"og:url\" content=\"https:\/\/pluginspordolar.com\/en\/product\/presto-player-pro\/\" \/>\n<meta property=\"og:site_name\" content=\"Plugins x Dolar\" \/>\n<meta property=\"article:modified_time\" content=\"2026-02-11T02:13:47+00:00\" \/>\n<meta property=\"og:image\" content=\"https:\/\/pluginspordolar.com\/wp-content\/uploads\/Presto-Player-Pro-Plugins.jpg\" \/>\n\t<meta property=\"og:image:width\" content=\"500\" \/>\n\t<meta property=\"og:image:height\" content=\"500\" \/>\n\t<meta property=\"og:image:type\" content=\"image\/jpeg\" \/>\n<meta name=\"twitter:card\" content=\"summary_large_image\" \/>\n<meta name=\"twitter:label1\" content=\"Est. reading time\" \/>\n\t<meta name=\"twitter:data1\" content=\"1 minute\" \/>\n<script type=\"application\/ld+json\" class=\"yoast-schema-graph\">{\"@context\":\"https:\\\/\\\/schema.org\",\"@graph\":[{\"@type\":\"WebPage\",\"@id\":\"https:\\\/\\\/pluginspordolar.com\\\/producto\\\/presto-player-pro\\\/\",\"url\":\"https:\\\/\\\/pluginspordolar.com\\\/producto\\\/presto-player-pro\\\/\",\"name\":\"Presto Player Pro - Plugins x Dolar\",\"isPartOf\":{\"@id\":\"https:\\\/\\\/pluginspordolar.com\\\/#website\"},\"primaryImageOfPage\":{\"@id\":\"https:\\\/\\\/pluginspordolar.com\\\/producto\\\/presto-player-pro\\\/#primaryimage\"},\"image\":{\"@id\":\"https:\\\/\\\/pluginspordolar.com\\\/producto\\\/presto-player-pro\\\/#primaryimage\"},\"thumbnailUrl\":\"https:\\\/\\\/pluginspordolar.com\\\/wp-content\\\/uploads\\\/Presto-Player-Pro-Plugins.jpg\",\"datePublished\":\"2025-12-31T04:36:37+00:00\",\"dateModified\":\"2026-02-11T02:13:47+00:00\",\"description\":\"Lleve sus v\u00eddeos al siguiente nivel y sorprenda a sus espectadores con una experiencia de v\u00eddeo moderna, mejor plugin de videos wordpress\",\"breadcrumb\":{\"@id\":\"https:\\\/\\\/pluginspordolar.com\\\/producto\\\/presto-player-pro\\\/#breadcrumb\"},\"inLanguage\":\"en-US\",\"potentialAction\":[{\"@type\":\"ReadAction\",\"target\":[\"https:\\\/\\\/pluginspordolar.com\\\/producto\\\/presto-player-pro\\\/\"]}]},{\"@type\":\"ImageObject\",\"inLanguage\":\"en-US\",\"@id\":\"https:\\\/\\\/pluginspordolar.com\\\/producto\\\/presto-player-pro\\\/#primaryimage\",\"url\":\"https:\\\/\\\/pluginspordolar.com\\\/wp-content\\\/uploads\\\/Presto-Player-Pro-Plugins.jpg\",\"contentUrl\":\"https:\\\/\\\/pluginspordolar.com\\\/wp-content\\\/uploads\\\/Presto-Player-Pro-Plugins.jpg\",\"width\":500,\"height\":500},{\"@type\":\"BreadcrumbList\",\"@id\":\"https:\\\/\\\/pluginspordolar.com\\\/producto\\\/presto-player-pro\\\/#breadcrumb\",\"itemListElement\":[{\"@type\":\"ListItem\",\"position\":1,\"name\":\"Portada\",\"item\":\"https:\\\/\\\/pluginspordolar.com\\\/\"},{\"@type\":\"ListItem\",\"position\":2,\"name\":\"Tienda\",\"item\":\"https:\\\/\\\/pluginspordolar.com\\\/tienda\\\/\"},{\"@type\":\"ListItem\",\"position\":3,\"name\":\"Presto Player Pro\"}]},{\"@type\":\"WebSite\",\"@id\":\"https:\\\/\\\/pluginspordolar.com\\\/#website\",\"url\":\"https:\\\/\\\/pluginspordolar.com\\\/\",\"name\":\"Plugins x Dolar\",\"description\":\"Complementos Premium\",\"publisher\":{\"@id\":\"https:\\\/\\\/pluginspordolar.com\\\/#organization\"},\"potentialAction\":[{\"@type\":\"SearchAction\",\"target\":{\"@type\":\"EntryPoint\",\"urlTemplate\":\"https:\\\/\\\/pluginspordolar.com\\\/?s={search_term_string}\"},\"query-input\":{\"@type\":\"PropertyValueSpecification\",\"valueRequired\":true,\"valueName\":\"search_term_string\"}}],\"inLanguage\":\"en-US\"},{\"@type\":\"Organization\",\"@id\":\"https:\\\/\\\/pluginspordolar.com\\\/#organization\",\"name\":\"Plugins x Dolar\",\"url\":\"https:\\\/\\\/pluginspordolar.com\\\/\",\"logo\":{\"@type\":\"ImageObject\",\"inLanguage\":\"en-US\",\"@id\":\"https:\\\/\\\/pluginspordolar.com\\\/#\\\/schema\\\/logo\\\/image\\\/\",\"url\":\"https:\\\/\\\/pluginspordolar.com\\\/wp-content\\\/uploads\\\/Logo-moderno-pluginsxdolar-e1674435267756.png\",\"contentUrl\":\"https:\\\/\\\/pluginspordolar.com\\\/wp-content\\\/uploads\\\/Logo-moderno-pluginsxdolar-e1674435267756.png\",\"width\":500,\"height\":111,\"caption\":\"Plugins x Dolar\"},\"image\":{\"@id\":\"https:\\\/\\\/pluginspordolar.com\\\/#\\\/schema\\\/logo\\\/image\\\/\"}}]}<\/script>\n<!-- \/ Yoast SEO plugin. -->","yoast_head_json":{"title":"Presto Player Pro - Plugins x Dolar","description":"Lleve sus v\u00eddeos al siguiente nivel y sorprenda a sus espectadores con una experiencia de v\u00eddeo moderna, mejor plugin de videos wordpress","robots":{"index":"noindex","follow":"nofollow"},"og_locale":"en_US","og_type":"article","og_title":"Presto Player Pro - Plugins x Dolar","og_description":"Lleve sus v\u00eddeos al siguiente nivel y sorprenda a sus espectadores con una experiencia de v\u00eddeo moderna, mejor plugin de videos wordpress","og_url":"https:\/\/pluginspordolar.com\/en\/product\/presto-player-pro\/","og_site_name":"Plugins x Dolar","article_modified_time":"2026-02-11T02:13:47+00:00","og_image":[{"width":500,"height":500,"url":"https:\/\/pluginspordolar.com\/wp-content\/uploads\/Presto-Player-Pro-Plugins.jpg","type":"image\/jpeg"}],"twitter_card":"summary_large_image","twitter_misc":{"Est. reading time":"1 minute"},"schema":{"@context":"https:\/\/schema.org","@graph":[{"@type":"WebPage","@id":"https:\/\/pluginspordolar.com\/producto\/presto-player-pro\/","url":"https:\/\/pluginspordolar.com\/producto\/presto-player-pro\/","name":"Presto Player Pro - Plugins x Dolar","isPartOf":{"@id":"https:\/\/pluginspordolar.com\/#website"},"primaryImageOfPage":{"@id":"https:\/\/pluginspordolar.com\/producto\/presto-player-pro\/#primaryimage"},"image":{"@id":"https:\/\/pluginspordolar.com\/producto\/presto-player-pro\/#primaryimage"},"thumbnailUrl":"https:\/\/pluginspordolar.com\/wp-content\/uploads\/Presto-Player-Pro-Plugins.jpg","datePublished":"2025-12-31T04:36:37+00:00","dateModified":"2026-02-11T02:13:47+00:00","description":"Lleve sus v\u00eddeos al siguiente nivel y sorprenda a sus espectadores con una experiencia de v\u00eddeo moderna, mejor plugin de videos wordpress","breadcrumb":{"@id":"https:\/\/pluginspordolar.com\/producto\/presto-player-pro\/#breadcrumb"},"inLanguage":"en-US","potentialAction":[{"@type":"ReadAction","target":["https:\/\/pluginspordolar.com\/producto\/presto-player-pro\/"]}]},{"@type":"ImageObject","inLanguage":"en-US","@id":"https:\/\/pluginspordolar.com\/producto\/presto-player-pro\/#primaryimage","url":"https:\/\/pluginspordolar.com\/wp-content\/uploads\/Presto-Player-Pro-Plugins.jpg","contentUrl":"https:\/\/pluginspordolar.com\/wp-content\/uploads\/Presto-Player-Pro-Plugins.jpg","width":500,"height":500},{"@type":"BreadcrumbList","@id":"https:\/\/pluginspordolar.com\/producto\/presto-player-pro\/#breadcrumb","itemListElement":[{"@type":"ListItem","position":1,"name":"Portada","item":"https:\/\/pluginspordolar.com\/"},{"@type":"ListItem","position":2,"name":"Tienda","item":"https:\/\/pluginspordolar.com\/tienda\/"},{"@type":"ListItem","position":3,"name":"Presto Player Pro"}]},{"@type":"WebSite","@id":"https:\/\/pluginspordolar.com\/#website","url":"https:\/\/pluginspordolar.com\/","name":"Plugins x Dolar","description":"Complementos Premium","publisher":{"@id":"https:\/\/pluginspordolar.com\/#organization"},"potentialAction":[{"@type":"SearchAction","target":{"@type":"EntryPoint","urlTemplate":"https:\/\/pluginspordolar.com\/?s={search_term_string}"},"query-input":{"@type":"PropertyValueSpecification","valueRequired":true,"valueName":"search_term_string"}}],"inLanguage":"en-US"},{"@type":"Organization","@id":"https:\/\/pluginspordolar.com\/#organization","name":"Plugins x Dolar","url":"https:\/\/pluginspordolar.com\/","logo":{"@type":"ImageObject","inLanguage":"en-US","@id":"https:\/\/pluginspordolar.com\/#\/schema\/logo\/image\/","url":"https:\/\/pluginspordolar.com\/wp-content\/uploads\/Logo-moderno-pluginsxdolar-e1674435267756.png","contentUrl":"https:\/\/pluginspordolar.com\/wp-content\/uploads\/Logo-moderno-pluginsxdolar-e1674435267756.png","width":500,"height":111,"caption":"Plugins x Dolar"},"image":{"@id":"https:\/\/pluginspordolar.com\/#\/schema\/logo\/image\/"}}]}},"uagb_featured_image_src":{"full":["https:\/\/pluginspordolar.com\/wp-content\/uploads\/Presto-Player-Pro-Plugins.jpg",500,500,false],"thumbnail":["https:\/\/pluginspordolar.com\/wp-content\/uploads\/Presto-Player-Pro-Plugins.jpg",96,96,false],"medium":["https:\/\/pluginspordolar.com\/wp-content\/uploads\/Presto-Player-Pro-Plugins.jpg",500,500,false],"medium_large":["https:\/\/pluginspordolar.com\/wp-content\/uploads\/Presto-Player-Pro-Plugins.jpg",500,500,false],"large":["https:\/\/pluginspordolar.com\/wp-content\/uploads\/Presto-Player-Pro-Plugins.jpg",500,500,false],"1536x1536":["https:\/\/pluginspordolar.com\/wp-content\/uploads\/Presto-Player-Pro-Plugins.jpg",500,500,false],"2048x2048":["https:\/\/pluginspordolar.com\/wp-content\/uploads\/Presto-Player-Pro-Plugins.jpg",500,500,false],"trp-custom-language-flag":["https:\/\/pluginspordolar.com\/wp-content\/uploads\/Presto-Player-Pro-Plugins-12x12.jpg",12,12,true],"woocommerce_thumbnail":["https:\/\/pluginspordolar.com\/wp-content\/uploads\/Presto-Player-Pro-Plugins-324x324.jpg",324,324,true],"woocommerce_single":["https:\/\/pluginspordolar.com\/wp-content\/uploads\/Presto-Player-Pro-Plugins-416x416.jpg",416,416,true],"woocommerce_gallery_thumbnail":["https:\/\/pluginspordolar.com\/wp-content\/uploads\/Presto-Player-Pro-Plugins-100x100.jpg",100,100,true]},"uagb_author_info":{"display_name":"nc","author_link":"https:\/\/pluginspordolar.com\/en\/author\/"},"uagb_comment_info":0,"uagb_excerpt":"Presto Player Pronel reproductor de v\u00eddeo definitivo para WordPress. Lleve sus v\u00eddeos al siguiente nivel y sorprenda a sus espectadores con una experiencia de v\u00eddeo moderna que les encantar\u00e1. A\u00f1ada v\u00eddeos atractivos a su sitio web con reproducci\u00f3n autom\u00e1tica silenciosa y subt\u00edtulos, anime las cosas con im\u00e1genes superpuestas, controle el rendimiento de los v\u00eddeos con&hellip;","_links":{"self":[{"href":"https:\/\/pluginspordolar.com\/en\/wp-json\/wp\/v2\/product\/8919","targetHints":{"allow":["GET"]}}],"collection":[{"href":"https:\/\/pluginspordolar.com\/en\/wp-json\/wp\/v2\/product"}],"about":[{"href":"https:\/\/pluginspordolar.com\/en\/wp-json\/wp\/v2\/types\/product"}],"wp:featuredmedia":[{"embeddable":true,"href":"https:\/\/pluginspordolar.com\/en\/wp-json\/wp\/v2\/media\/8921"}],"wp:attachment":[{"href":"https:\/\/pluginspordolar.com\/en\/wp-json\/wp\/v2\/media?parent=8919"}],"wp:term":[{"taxonomy":"product_brand","embeddable":true,"href":"https:\/\/pluginspordolar.com\/en\/wp-json\/wp\/v2\/product_brand?post=8919"},{"taxonomy":"product_cat","embeddable":true,"href":"https:\/\/pluginspordolar.com\/en\/wp-json\/wp\/v2\/product_cat?post=8919"},{"taxonomy":"product_tag","embeddable":true,"href":"https:\/\/pluginspordolar.com\/en\/wp-json\/wp\/v2\/product_tag?post=8919"}],"curies":[{"name":"wp","href":"https:\/\/api.w.org\/{rel}","templated":true}]}}