{"id":8893,"date":"2025-12-05T02:42:42","date_gmt":"2025-12-05T02:42:42","guid":{"rendered":"https:\/\/pluginspordolar.com\/?post_type=product&#038;p=8893"},"modified":"2025-12-05T03:04:53","modified_gmt":"2025-12-05T03:04:53","slug":"crea-tu-sitio-web-con-wordpress-facil-y-economico","status":"publish","type":"product","link":"https:\/\/pluginspordolar.com\/en\/product\/crea-tu-sitio-web-con-wordpress-facil-y-economico\/","title":{"rendered":"Crea tu sitio web con WordPress F\u00e1cil y Economico"},"content":{"rendered":"<p class=\"has-medium-font-size\">Curso pr\u00e1ctico de aprendizaje de WORDPRESS Y CREACI\u00d3N DE SITIO WEB PROFECIONAL, enfocado en personas sin conocimientos previos que quieran tener su SITIO WEB sin gastar fortunas, desarrollado a partir de una Plantilla o un SITIO WEB LISTO Y EDITABLE (archivo ZAP)<\/p>\n<p class=\"has-medium-font-size\">Contamos con sitios listos de diferentes nichos de mercado como websites de sitios Corporativos, Inmobiliarias, Agencias de Viajes, Academias de aprendizaje, sitios web personales y muchos m\u00e1s\u2026\u00a0<a href=\"https:\/\/pluginspordolar.com\/en\/product-category\/sitios-web-listos\/\" target=\"_blank\" rel=\"noreferrer noopener\"><strong>Conoce el cat\u00e1logo Aqu\u00ed<\/strong><\/a><\/p>","protected":false},"excerpt":{"rendered":"<p>Al ser miembro de la comunidad de <strong>Plugins por Dolar<\/strong> puedes descargar un <strong>Cup\u00f3n del 100%<\/strong> de <strong>Descuento<\/strong> para que puedas realizar \u00e9ste Curso <strong>totalmente Gratis<\/strong>, solo debes colocar el c\u00f3digo en el carrito de compras en la p\u00e1gina del Ckeckout del Curso para Acceder.<\/p>\n[membership_protected_links]","protected":false},"featured_media":8894,"template":"","meta":{"_eb_attr":"","_uag_custom_page_level_css":""},"product_brand":[],"product_cat":[550,24],"product_tag":[557],"class_list":{"0":"post-8893","1":"product","2":"type-product","3":"status-publish","4":"has-post-thumbnail","6":"product_cat-cursos","7":"product_cat-sitios-web-listos","8":"product_tag-curso-de-wordpress","10":"first","11":"instock","12":"sale","13":"shipping-taxable","14":"product-type-external"},"yoast_head":"<!-- This site is optimized with the Yoast SEO plugin v27.4 - https:\/\/yoast.com\/product\/yoast-seo-wordpress\/ -->\n<title>Crea tu sitio web con WordPress F\u00e1cil y Economico - Plugins x Dolar<\/title>\n<meta name=\"robots\" content=\"noindex, nofollow\" \/>\n<meta property=\"og:locale\" content=\"en_US\" \/>\n<meta property=\"og:type\" content=\"article\" \/>\n<meta property=\"og:title\" content=\"Crea tu sitio web con WordPress F\u00e1cil y Economico - Plugins x Dolar\" \/>\n<meta property=\"og:description\" content=\"Al ser miembro de la comunidad de Plugins por Dolar puedes descargar un Cup\u00f3n del 100% de Descuento para que puedas realizar \u00e9ste Curso totalmente Gratis, solo debes colocar el c\u00f3digo en el carrito de compras en la p\u00e1gina del Ckeckout del Curso para Acceder.\" \/>\n<meta property=\"og:url\" content=\"https:\/\/digimarketingnc.com\/producto\/crea-tu-sitio-web-con-wordpress-facil-y-economico\/\" \/>\n<meta property=\"og:site_name\" content=\"Plugins x Dolar\" \/>\n<meta property=\"article:modified_time\" content=\"2025-12-05T03:04:53+00:00\" \/>\n<meta property=\"og:image\" content=\"https:\/\/pluginspordolar.com\/wp-content\/uploads\/njnjjj.png\" \/>\n\t<meta property=\"og:image:width\" content=\"315\" \/>\n\t<meta property=\"og:image:height\" content=\"281\" \/>\n\t<meta property=\"og:image:type\" content=\"image\/png\" \/>\n<meta name=\"twitter:card\" content=\"summary_large_image\" \/>\n<meta name=\"twitter:label1\" content=\"Est. reading time\" \/>\n\t<meta name=\"twitter:data1\" content=\"1 minute\" \/>\n<script type=\"application\/ld+json\" class=\"yoast-schema-graph\">{\"@context\":\"https:\\\/\\\/schema.org\",\"@graph\":[{\"@type\":\"WebPage\",\"@id\":\"https:\\\/\\\/pluginspordolar.com\\\/producto\\\/crea-tu-sitio-web-con-wordpress-facil-y-economico\\\/\",\"url\":\"https:\\\/\\\/digimarketingnc.com\\\/producto\\\/crea-tu-sitio-web-con-wordpress-facil-y-economico\\\/\",\"name\":\"Crea tu sitio web con WordPress F\u00e1cil y Economico - Plugins x Dolar\",\"isPartOf\":{\"@id\":\"https:\\\/\\\/pluginspordolar.com\\\/#website\"},\"primaryImageOfPage\":{\"@id\":\"https:\\\/\\\/digimarketingnc.com\\\/producto\\\/crea-tu-sitio-web-con-wordpress-facil-y-economico\\\/#primaryimage\"},\"image\":{\"@id\":\"https:\\\/\\\/digimarketingnc.com\\\/producto\\\/crea-tu-sitio-web-con-wordpress-facil-y-economico\\\/#primaryimage\"},\"thumbnailUrl\":\"https:\\\/\\\/pluginspordolar.com\\\/wp-content\\\/uploads\\\/njnjjj.png\",\"datePublished\":\"2025-12-05T02:42:42+00:00\",\"dateModified\":\"2025-12-05T03:04:53+00:00\",\"breadcrumb\":{\"@id\":\"https:\\\/\\\/digimarketingnc.com\\\/producto\\\/crea-tu-sitio-web-con-wordpress-facil-y-economico\\\/#breadcrumb\"},\"inLanguage\":\"en-US\",\"potentialAction\":[{\"@type\":\"ReadAction\",\"target\":[\"https:\\\/\\\/digimarketingnc.com\\\/producto\\\/crea-tu-sitio-web-con-wordpress-facil-y-economico\\\/\"]}]},{\"@type\":\"ImageObject\",\"inLanguage\":\"en-US\",\"@id\":\"https:\\\/\\\/digimarketingnc.com\\\/producto\\\/crea-tu-sitio-web-con-wordpress-facil-y-economico\\\/#primaryimage\",\"url\":\"https:\\\/\\\/pluginspordolar.com\\\/wp-content\\\/uploads\\\/njnjjj.png\",\"contentUrl\":\"https:\\\/\\\/pluginspordolar.com\\\/wp-content\\\/uploads\\\/njnjjj.png\",\"width\":315,\"height\":281},{\"@type\":\"BreadcrumbList\",\"@id\":\"https:\\\/\\\/digimarketingnc.com\\\/producto\\\/crea-tu-sitio-web-con-wordpress-facil-y-economico\\\/#breadcrumb\",\"itemListElement\":[{\"@type\":\"ListItem\",\"position\":1,\"name\":\"Portada\",\"item\":\"https:\\\/\\\/pluginspordolar.com\\\/\"},{\"@type\":\"ListItem\",\"position\":2,\"name\":\"Tienda\",\"item\":\"https:\\\/\\\/pluginspordolar.com\\\/tienda\\\/\"},{\"@type\":\"ListItem\",\"position\":3,\"name\":\"Crea tu sitio web con WordPress F\u00e1cil y Economico\"}]},{\"@type\":\"WebSite\",\"@id\":\"https:\\\/\\\/pluginspordolar.com\\\/#website\",\"url\":\"https:\\\/\\\/pluginspordolar.com\\\/\",\"name\":\"Plugins x Dolar\",\"description\":\"Complementos Premium\",\"publisher\":{\"@id\":\"https:\\\/\\\/pluginspordolar.com\\\/#organization\"},\"potentialAction\":[{\"@type\":\"SearchAction\",\"target\":{\"@type\":\"EntryPoint\",\"urlTemplate\":\"https:\\\/\\\/pluginspordolar.com\\\/?s={search_term_string}\"},\"query-input\":{\"@type\":\"PropertyValueSpecification\",\"valueRequired\":true,\"valueName\":\"search_term_string\"}}],\"inLanguage\":\"en-US\"},{\"@type\":\"Organization\",\"@id\":\"https:\\\/\\\/pluginspordolar.com\\\/#organization\",\"name\":\"Plugins x Dolar\",\"url\":\"https:\\\/\\\/pluginspordolar.com\\\/\",\"logo\":{\"@type\":\"ImageObject\",\"inLanguage\":\"en-US\",\"@id\":\"https:\\\/\\\/pluginspordolar.com\\\/#\\\/schema\\\/logo\\\/image\\\/\",\"url\":\"https:\\\/\\\/pluginspordolar.com\\\/wp-content\\\/uploads\\\/Logo-moderno-pluginsxdolar-e1674435267756.png\",\"contentUrl\":\"https:\\\/\\\/pluginspordolar.com\\\/wp-content\\\/uploads\\\/Logo-moderno-pluginsxdolar-e1674435267756.png\",\"width\":500,\"height\":111,\"caption\":\"Plugins x Dolar\"},\"image\":{\"@id\":\"https:\\\/\\\/pluginspordolar.com\\\/#\\\/schema\\\/logo\\\/image\\\/\"}}]}<\/script>\n<!-- \/ Yoast SEO plugin. -->","yoast_head_json":{"title":"Crea tu sitio web con WordPress F\u00e1cil y Economico - Plugins x Dolar","robots":{"index":"noindex","follow":"nofollow"},"og_locale":"en_US","og_type":"article","og_title":"Crea tu sitio web con WordPress F\u00e1cil y Economico - Plugins x Dolar","og_description":"Al ser miembro de la comunidad de Plugins por Dolar puedes descargar un Cup\u00f3n del 100% de Descuento para que puedas realizar \u00e9ste Curso totalmente Gratis, solo debes colocar el c\u00f3digo en el carrito de compras en la p\u00e1gina del Ckeckout del Curso para Acceder.","og_url":"https:\/\/digimarketingnc.com\/producto\/crea-tu-sitio-web-con-wordpress-facil-y-economico\/","og_site_name":"Plugins x Dolar","article_modified_time":"2025-12-05T03:04:53+00:00","og_image":[{"width":315,"height":281,"url":"https:\/\/pluginspordolar.com\/wp-content\/uploads\/njnjjj.png","type":"image\/png"}],"twitter_card":"summary_large_image","twitter_misc":{"Est. reading time":"1 minute"},"schema":{"@context":"https:\/\/schema.org","@graph":[{"@type":"WebPage","@id":"https:\/\/pluginspordolar.com\/producto\/crea-tu-sitio-web-con-wordpress-facil-y-economico\/","url":"https:\/\/digimarketingnc.com\/producto\/crea-tu-sitio-web-con-wordpress-facil-y-economico\/","name":"Crea tu sitio web con WordPress F\u00e1cil y Economico - Plugins x Dolar","isPartOf":{"@id":"https:\/\/pluginspordolar.com\/#website"},"primaryImageOfPage":{"@id":"https:\/\/digimarketingnc.com\/producto\/crea-tu-sitio-web-con-wordpress-facil-y-economico\/#primaryimage"},"image":{"@id":"https:\/\/digimarketingnc.com\/producto\/crea-tu-sitio-web-con-wordpress-facil-y-economico\/#primaryimage"},"thumbnailUrl":"https:\/\/pluginspordolar.com\/wp-content\/uploads\/njnjjj.png","datePublished":"2025-12-05T02:42:42+00:00","dateModified":"2025-12-05T03:04:53+00:00","breadcrumb":{"@id":"https:\/\/digimarketingnc.com\/producto\/crea-tu-sitio-web-con-wordpress-facil-y-economico\/#breadcrumb"},"inLanguage":"en-US","potentialAction":[{"@type":"ReadAction","target":["https:\/\/digimarketingnc.com\/producto\/crea-tu-sitio-web-con-wordpress-facil-y-economico\/"]}]},{"@type":"ImageObject","inLanguage":"en-US","@id":"https:\/\/digimarketingnc.com\/producto\/crea-tu-sitio-web-con-wordpress-facil-y-economico\/#primaryimage","url":"https:\/\/pluginspordolar.com\/wp-content\/uploads\/njnjjj.png","contentUrl":"https:\/\/pluginspordolar.com\/wp-content\/uploads\/njnjjj.png","width":315,"height":281},{"@type":"BreadcrumbList","@id":"https:\/\/digimarketingnc.com\/producto\/crea-tu-sitio-web-con-wordpress-facil-y-economico\/#breadcrumb","itemListElement":[{"@type":"ListItem","position":1,"name":"Portada","item":"https:\/\/pluginspordolar.com\/"},{"@type":"ListItem","position":2,"name":"Tienda","item":"https:\/\/pluginspordolar.com\/tienda\/"},{"@type":"ListItem","position":3,"name":"Crea tu sitio web con WordPress F\u00e1cil y Economico"}]},{"@type":"WebSite","@id":"https:\/\/pluginspordolar.com\/#website","url":"https:\/\/pluginspordolar.com\/","name":"Plugins x Dolar","description":"Complementos Premium","publisher":{"@id":"https:\/\/pluginspordolar.com\/#organization"},"potentialAction":[{"@type":"SearchAction","target":{"@type":"EntryPoint","urlTemplate":"https:\/\/pluginspordolar.com\/?s={search_term_string}"},"query-input":{"@type":"PropertyValueSpecification","valueRequired":true,"valueName":"search_term_string"}}],"inLanguage":"en-US"},{"@type":"Organization","@id":"https:\/\/pluginspordolar.com\/#organization","name":"Plugins x Dolar","url":"https:\/\/pluginspordolar.com\/","logo":{"@type":"ImageObject","inLanguage":"en-US","@id":"https:\/\/pluginspordolar.com\/#\/schema\/logo\/image\/","url":"https:\/\/pluginspordolar.com\/wp-content\/uploads\/Logo-moderno-pluginsxdolar-e1674435267756.png","contentUrl":"https:\/\/pluginspordolar.com\/wp-content\/uploads\/Logo-moderno-pluginsxdolar-e1674435267756.png","width":500,"height":111,"caption":"Plugins x Dolar"},"image":{"@id":"https:\/\/pluginspordolar.com\/#\/schema\/logo\/image\/"}}]}},"uagb_featured_image_src":{"full":["https:\/\/pluginspordolar.com\/wp-content\/uploads\/njnjjj.png",315,281,false],"thumbnail":["https:\/\/pluginspordolar.com\/wp-content\/uploads\/njnjjj.png",108,96,false],"medium":["https:\/\/pluginspordolar.com\/wp-content\/uploads\/njnjjj.png",315,281,false],"medium_large":["https:\/\/pluginspordolar.com\/wp-content\/uploads\/njnjjj.png",315,281,false],"large":["https:\/\/pluginspordolar.com\/wp-content\/uploads\/njnjjj.png",315,281,false],"1536x1536":["https:\/\/pluginspordolar.com\/wp-content\/uploads\/njnjjj.png",315,281,false],"2048x2048":["https:\/\/pluginspordolar.com\/wp-content\/uploads\/njnjjj.png",315,281,false],"trp-custom-language-flag":["https:\/\/pluginspordolar.com\/wp-content\/uploads\/njnjjj-13x12.png",13,12,true],"woocommerce_thumbnail":["https:\/\/pluginspordolar.com\/wp-content\/uploads\/njnjjj.png",315,281,false],"woocommerce_single":["https:\/\/pluginspordolar.com\/wp-content\/uploads\/njnjjj.png",315,281,false],"woocommerce_gallery_thumbnail":["https:\/\/pluginspordolar.com\/wp-content\/uploads\/njnjjj-100x100.png",100,100,true]},"uagb_author_info":{"display_name":"nc","author_link":"https:\/\/pluginspordolar.com\/en\/author\/"},"uagb_comment_info":0,"uagb_excerpt":"Al ser miembro de la comunidad de Plugins por Dolar puedes descargar un Cup\u00f3n del 100% de Descuento para que puedas realizar \u00e9ste Curso totalmente Gratis, solo debes colocar el c\u00f3digo en el carrito de compras en la p\u00e1gina del Ckeckout del Curso para Acceder. [membership_protected_links]","_links":{"self":[{"href":"https:\/\/pluginspordolar.com\/en\/wp-json\/wp\/v2\/product\/8893","targetHints":{"allow":["GET"]}}],"collection":[{"href":"https:\/\/pluginspordolar.com\/en\/wp-json\/wp\/v2\/product"}],"about":[{"href":"https:\/\/pluginspordolar.com\/en\/wp-json\/wp\/v2\/types\/product"}],"wp:featuredmedia":[{"embeddable":true,"href":"https:\/\/pluginspordolar.com\/en\/wp-json\/wp\/v2\/media\/8894"}],"wp:attachment":[{"href":"https:\/\/pluginspordolar.com\/en\/wp-json\/wp\/v2\/media?parent=8893"}],"wp:term":[{"taxonomy":"product_brand","embeddable":true,"href":"https:\/\/pluginspordolar.com\/en\/wp-json\/wp\/v2\/product_brand?post=8893"},{"taxonomy":"product_cat","embeddable":true,"href":"https:\/\/pluginspordolar.com\/en\/wp-json\/wp\/v2\/product_cat?post=8893"},{"taxonomy":"product_tag","embeddable":true,"href":"https:\/\/pluginspordolar.com\/en\/wp-json\/wp\/v2\/product_tag?post=8893"}],"curies":[{"name":"wp","href":"https:\/\/api.w.org\/{rel}","templated":true}]}}