{"id":8891,"date":"2025-12-05T02:22:27","date_gmt":"2025-12-05T02:22:27","guid":{"rendered":"https:\/\/pluginspordolar.com\/?post_type=product&#038;p=8891"},"modified":"2025-12-05T02:38:08","modified_gmt":"2025-12-05T02:38:08","slug":"curso-superpack-agentes-ia-n8n","status":"publish","type":"product","link":"https:\/\/pluginspordolar.com\/en\/product\/curso-superpack-agentes-ia-n8n\/","title":{"rendered":"Curso SuperPack agentes IA N8N"},"content":{"rendered":"<p>Ideal para emprendedores digitales, desarrolladores y equipos que buscan llevar sus procesos al siguiente nivel con la potencia de N8N y la IA.<\/p>\n<ul>\n<li>\ud83d\ude80 <strong>Automatizaciones inteligentes<\/strong>: conecta m\u00faltiples servicios y APIs con agentes IA preconfigurados.<\/li>\n<li>\u26a1 <strong>Ahorro de tiempo<\/strong>: flujos listos para implementar, sin necesidad de empezar desde cero.<\/li>\n<li>\ud83d\udd27 <strong>Personalizable<\/strong>: adapta cada agente a tus necesidades espec\u00edficas.<\/li>\n<li>\ud83d\udce5 <strong>Descarga inmediata<\/strong>: producto 100% virtual, disponible al instante tras la compra.<\/li>\n<\/ul>\n<p>&nbsp;<\/p>","protected":false},"excerpt":{"rendered":"<p>Optimiza tus automatizaciones con este <strong>megapack exclusivo de agentes de inteligencia artificial para N8N<\/strong>. Incluye una colecci\u00f3n completa de flujos y configuraciones listas para usar, dise\u00f1adas para potenciar la integraci\u00f3n de IA en tus proyectos sin complicaciones.<\/p>\n<p><strong>Tambi\u00e9n te mostramos c\u00f3mo tener un servido VPS para tus automatizaciones n8n gratis para Pruebas !<\/strong><\/p>","protected":false},"featured_media":8892,"template":"","meta":{"_eb_attr":"","_uag_custom_page_level_css":""},"product_brand":[],"product_cat":[550,551,553,552],"product_tag":[556],"class_list":{"0":"post-8891","1":"product","2":"type-product","3":"status-publish","4":"has-post-thumbnail","6":"product_cat-cursos","7":"product_cat-ia","8":"product_cat-n8n","9":"product_cat-packs","10":"product_tag-super-pack-agentes-ia-n8n","12":"first","13":"instock","14":"sale","15":"downloadable","16":"virtual","17":"sold-individually","18":"purchasable","19":"product-type-simple"},"yoast_head":"<!-- This site is optimized with the Yoast SEO plugin v27.4 - https:\/\/yoast.com\/product\/yoast-seo-wordpress\/ -->\n<title>Curso SuperPack agentes IA N8N - Plugins x Dolar<\/title>\n<meta name=\"robots\" content=\"noindex, nofollow\" \/>\n<meta property=\"og:locale\" content=\"en_US\" \/>\n<meta property=\"og:type\" content=\"article\" \/>\n<meta property=\"og:title\" content=\"Curso SuperPack agentes IA N8N - Plugins x Dolar\" \/>\n<meta property=\"og:description\" content=\"Optimiza tus automatizaciones con este megapack exclusivo de agentes de inteligencia artificial para N8N. Incluye una colecci\u00f3n completa de flujos y configuraciones listas para usar, dise\u00f1adas para potenciar la integraci\u00f3n de IA en tus proyectos sin complicaciones.  Tambi\u00e9n te mostramos c\u00f3mo tener un servido VPS para tus automatizaciones n8n gratis para Pruebas !\" \/>\n<meta property=\"og:url\" content=\"https:\/\/digimarketingnc.com\/producto\/curso-descargable-superpack-agentes-ia-n8n\/\" \/>\n<meta property=\"og:site_name\" content=\"Plugins x Dolar\" \/>\n<meta property=\"article:modified_time\" content=\"2025-12-05T02:38:08+00:00\" \/>\n<meta property=\"og:image\" content=\"https:\/\/pluginspordolar.com\/wp-content\/uploads\/robot-9825811_1280-removebg-preview.png\" \/>\n\t<meta property=\"og:image:width\" content=\"665\" \/>\n\t<meta property=\"og:image:height\" content=\"375\" \/>\n\t<meta property=\"og:image:type\" content=\"image\/png\" \/>\n<meta name=\"twitter:card\" content=\"summary_large_image\" \/>\n<meta name=\"twitter:label1\" content=\"Est. reading time\" \/>\n\t<meta name=\"twitter:data1\" content=\"1 minute\" \/>\n<script type=\"application\/ld+json\" class=\"yoast-schema-graph\">{\"@context\":\"https:\\\/\\\/schema.org\",\"@graph\":[{\"@type\":\"WebPage\",\"@id\":\"https:\\\/\\\/pluginspordolar.com\\\/producto\\\/curso-superpack-agentes-ia-n8n\\\/\",\"url\":\"https:\\\/\\\/digimarketingnc.com\\\/producto\\\/curso-descargable-superpack-agentes-ia-n8n\\\/\",\"name\":\"Curso SuperPack agentes IA N8N - Plugins x Dolar\",\"isPartOf\":{\"@id\":\"https:\\\/\\\/pluginspordolar.com\\\/#website\"},\"primaryImageOfPage\":{\"@id\":\"https:\\\/\\\/digimarketingnc.com\\\/producto\\\/curso-descargable-superpack-agentes-ia-n8n\\\/#primaryimage\"},\"image\":{\"@id\":\"https:\\\/\\\/digimarketingnc.com\\\/producto\\\/curso-descargable-superpack-agentes-ia-n8n\\\/#primaryimage\"},\"thumbnailUrl\":\"https:\\\/\\\/pluginspordolar.com\\\/wp-content\\\/uploads\\\/robot-9825811_1280-removebg-preview.png\",\"datePublished\":\"2025-12-05T02:22:27+00:00\",\"dateModified\":\"2025-12-05T02:38:08+00:00\",\"breadcrumb\":{\"@id\":\"https:\\\/\\\/digimarketingnc.com\\\/producto\\\/curso-descargable-superpack-agentes-ia-n8n\\\/#breadcrumb\"},\"inLanguage\":\"en-US\",\"potentialAction\":[{\"@type\":\"ReadAction\",\"target\":[\"https:\\\/\\\/digimarketingnc.com\\\/producto\\\/curso-descargable-superpack-agentes-ia-n8n\\\/\"]}]},{\"@type\":\"ImageObject\",\"inLanguage\":\"en-US\",\"@id\":\"https:\\\/\\\/digimarketingnc.com\\\/producto\\\/curso-descargable-superpack-agentes-ia-n8n\\\/#primaryimage\",\"url\":\"https:\\\/\\\/pluginspordolar.com\\\/wp-content\\\/uploads\\\/robot-9825811_1280-removebg-preview.png\",\"contentUrl\":\"https:\\\/\\\/pluginspordolar.com\\\/wp-content\\\/uploads\\\/robot-9825811_1280-removebg-preview.png\",\"width\":665,\"height\":375},{\"@type\":\"BreadcrumbList\",\"@id\":\"https:\\\/\\\/digimarketingnc.com\\\/producto\\\/curso-descargable-superpack-agentes-ia-n8n\\\/#breadcrumb\",\"itemListElement\":[{\"@type\":\"ListItem\",\"position\":1,\"name\":\"Portada\",\"item\":\"https:\\\/\\\/pluginspordolar.com\\\/\"},{\"@type\":\"ListItem\",\"position\":2,\"name\":\"Tienda\",\"item\":\"https:\\\/\\\/pluginspordolar.com\\\/tienda\\\/\"},{\"@type\":\"ListItem\",\"position\":3,\"name\":\"Curso SuperPack agentes IA N8N\"}]},{\"@type\":\"WebSite\",\"@id\":\"https:\\\/\\\/pluginspordolar.com\\\/#website\",\"url\":\"https:\\\/\\\/pluginspordolar.com\\\/\",\"name\":\"Plugins x Dolar\",\"description\":\"Complementos Premium\",\"publisher\":{\"@id\":\"https:\\\/\\\/pluginspordolar.com\\\/#organization\"},\"potentialAction\":[{\"@type\":\"SearchAction\",\"target\":{\"@type\":\"EntryPoint\",\"urlTemplate\":\"https:\\\/\\\/pluginspordolar.com\\\/?s={search_term_string}\"},\"query-input\":{\"@type\":\"PropertyValueSpecification\",\"valueRequired\":true,\"valueName\":\"search_term_string\"}}],\"inLanguage\":\"en-US\"},{\"@type\":\"Organization\",\"@id\":\"https:\\\/\\\/pluginspordolar.com\\\/#organization\",\"name\":\"Plugins x Dolar\",\"url\":\"https:\\\/\\\/pluginspordolar.com\\\/\",\"logo\":{\"@type\":\"ImageObject\",\"inLanguage\":\"en-US\",\"@id\":\"https:\\\/\\\/pluginspordolar.com\\\/#\\\/schema\\\/logo\\\/image\\\/\",\"url\":\"https:\\\/\\\/pluginspordolar.com\\\/wp-content\\\/uploads\\\/Logo-moderno-pluginsxdolar-e1674435267756.png\",\"contentUrl\":\"https:\\\/\\\/pluginspordolar.com\\\/wp-content\\\/uploads\\\/Logo-moderno-pluginsxdolar-e1674435267756.png\",\"width\":500,\"height\":111,\"caption\":\"Plugins x Dolar\"},\"image\":{\"@id\":\"https:\\\/\\\/pluginspordolar.com\\\/#\\\/schema\\\/logo\\\/image\\\/\"}}]}<\/script>\n<!-- \/ Yoast SEO plugin. -->","yoast_head_json":{"title":"Curso SuperPack agentes IA N8N - Plugins x Dolar","robots":{"index":"noindex","follow":"nofollow"},"og_locale":"en_US","og_type":"article","og_title":"Curso SuperPack agentes IA N8N - Plugins x Dolar","og_description":"Optimiza tus automatizaciones con este megapack exclusivo de agentes de inteligencia artificial para N8N. Incluye una colecci\u00f3n completa de flujos y configuraciones listas para usar, dise\u00f1adas para potenciar la integraci\u00f3n de IA en tus proyectos sin complicaciones.  Tambi\u00e9n te mostramos c\u00f3mo tener un servido VPS para tus automatizaciones n8n gratis para Pruebas !","og_url":"https:\/\/digimarketingnc.com\/producto\/curso-descargable-superpack-agentes-ia-n8n\/","og_site_name":"Plugins x Dolar","article_modified_time":"2025-12-05T02:38:08+00:00","og_image":[{"width":665,"height":375,"url":"https:\/\/pluginspordolar.com\/wp-content\/uploads\/robot-9825811_1280-removebg-preview.png","type":"image\/png"}],"twitter_card":"summary_large_image","twitter_misc":{"Est. reading time":"1 minute"},"schema":{"@context":"https:\/\/schema.org","@graph":[{"@type":"WebPage","@id":"https:\/\/pluginspordolar.com\/producto\/curso-superpack-agentes-ia-n8n\/","url":"https:\/\/digimarketingnc.com\/producto\/curso-descargable-superpack-agentes-ia-n8n\/","name":"Curso SuperPack agentes IA N8N - Plugins x Dolar","isPartOf":{"@id":"https:\/\/pluginspordolar.com\/#website"},"primaryImageOfPage":{"@id":"https:\/\/digimarketingnc.com\/producto\/curso-descargable-superpack-agentes-ia-n8n\/#primaryimage"},"image":{"@id":"https:\/\/digimarketingnc.com\/producto\/curso-descargable-superpack-agentes-ia-n8n\/#primaryimage"},"thumbnailUrl":"https:\/\/pluginspordolar.com\/wp-content\/uploads\/robot-9825811_1280-removebg-preview.png","datePublished":"2025-12-05T02:22:27+00:00","dateModified":"2025-12-05T02:38:08+00:00","breadcrumb":{"@id":"https:\/\/digimarketingnc.com\/producto\/curso-descargable-superpack-agentes-ia-n8n\/#breadcrumb"},"inLanguage":"en-US","potentialAction":[{"@type":"ReadAction","target":["https:\/\/digimarketingnc.com\/producto\/curso-descargable-superpack-agentes-ia-n8n\/"]}]},{"@type":"ImageObject","inLanguage":"en-US","@id":"https:\/\/digimarketingnc.com\/producto\/curso-descargable-superpack-agentes-ia-n8n\/#primaryimage","url":"https:\/\/pluginspordolar.com\/wp-content\/uploads\/robot-9825811_1280-removebg-preview.png","contentUrl":"https:\/\/pluginspordolar.com\/wp-content\/uploads\/robot-9825811_1280-removebg-preview.png","width":665,"height":375},{"@type":"BreadcrumbList","@id":"https:\/\/digimarketingnc.com\/producto\/curso-descargable-superpack-agentes-ia-n8n\/#breadcrumb","itemListElement":[{"@type":"ListItem","position":1,"name":"Portada","item":"https:\/\/pluginspordolar.com\/"},{"@type":"ListItem","position":2,"name":"Tienda","item":"https:\/\/pluginspordolar.com\/tienda\/"},{"@type":"ListItem","position":3,"name":"Curso SuperPack agentes IA N8N"}]},{"@type":"WebSite","@id":"https:\/\/pluginspordolar.com\/#website","url":"https:\/\/pluginspordolar.com\/","name":"Plugins x Dolar","description":"Complementos Premium","publisher":{"@id":"https:\/\/pluginspordolar.com\/#organization"},"potentialAction":[{"@type":"SearchAction","target":{"@type":"EntryPoint","urlTemplate":"https:\/\/pluginspordolar.com\/?s={search_term_string}"},"query-input":{"@type":"PropertyValueSpecification","valueRequired":true,"valueName":"search_term_string"}}],"inLanguage":"en-US"},{"@type":"Organization","@id":"https:\/\/pluginspordolar.com\/#organization","name":"Plugins x Dolar","url":"https:\/\/pluginspordolar.com\/","logo":{"@type":"ImageObject","inLanguage":"en-US","@id":"https:\/\/pluginspordolar.com\/#\/schema\/logo\/image\/","url":"https:\/\/pluginspordolar.com\/wp-content\/uploads\/Logo-moderno-pluginsxdolar-e1674435267756.png","contentUrl":"https:\/\/pluginspordolar.com\/wp-content\/uploads\/Logo-moderno-pluginsxdolar-e1674435267756.png","width":500,"height":111,"caption":"Plugins x Dolar"},"image":{"@id":"https:\/\/pluginspordolar.com\/#\/schema\/logo\/image\/"}}]}},"uagb_featured_image_src":{"full":["https:\/\/pluginspordolar.com\/wp-content\/uploads\/robot-9825811_1280-removebg-preview.png",665,375,false],"thumbnail":["https:\/\/pluginspordolar.com\/wp-content\/uploads\/robot-9825811_1280-removebg-preview.png",128,72,false],"medium":["https:\/\/pluginspordolar.com\/wp-content\/uploads\/robot-9825811_1280-removebg-preview.png",665,375,false],"medium_large":["https:\/\/pluginspordolar.com\/wp-content\/uploads\/robot-9825811_1280-removebg-preview.png",665,375,false],"large":["https:\/\/pluginspordolar.com\/wp-content\/uploads\/robot-9825811_1280-removebg-preview.png",665,375,false],"1536x1536":["https:\/\/pluginspordolar.com\/wp-content\/uploads\/robot-9825811_1280-removebg-preview.png",665,375,false],"2048x2048":["https:\/\/pluginspordolar.com\/wp-content\/uploads\/robot-9825811_1280-removebg-preview.png",665,375,false],"trp-custom-language-flag":["https:\/\/pluginspordolar.com\/wp-content\/uploads\/robot-9825811_1280-removebg-preview-18x10.png",18,10,true],"woocommerce_thumbnail":["https:\/\/pluginspordolar.com\/wp-content\/uploads\/robot-9825811_1280-removebg-preview-324x324.png",324,324,true],"woocommerce_single":["https:\/\/pluginspordolar.com\/wp-content\/uploads\/robot-9825811_1280-removebg-preview-416x235.png",416,235,true],"woocommerce_gallery_thumbnail":["https:\/\/pluginspordolar.com\/wp-content\/uploads\/robot-9825811_1280-removebg-preview-100x100.png",100,100,true]},"uagb_author_info":{"display_name":"nc","author_link":"https:\/\/pluginspordolar.com\/en\/author\/"},"uagb_comment_info":0,"uagb_excerpt":"Optimiza tus automatizaciones con este megapack exclusivo de agentes de inteligencia artificial para N8N. Incluye una colecci\u00f3n completa de flujos y configuraciones listas para usar, dise\u00f1adas para potenciar la integraci\u00f3n de IA en tus proyectos sin complicaciones. Tambi\u00e9n te mostramos c\u00f3mo tener un servido VPS para tus automatizaciones n8n gratis para Pruebas !","_links":{"self":[{"href":"https:\/\/pluginspordolar.com\/en\/wp-json\/wp\/v2\/product\/8891","targetHints":{"allow":["GET"]}}],"collection":[{"href":"https:\/\/pluginspordolar.com\/en\/wp-json\/wp\/v2\/product"}],"about":[{"href":"https:\/\/pluginspordolar.com\/en\/wp-json\/wp\/v2\/types\/product"}],"wp:featuredmedia":[{"embeddable":true,"href":"https:\/\/pluginspordolar.com\/en\/wp-json\/wp\/v2\/media\/8892"}],"wp:attachment":[{"href":"https:\/\/pluginspordolar.com\/en\/wp-json\/wp\/v2\/media?parent=8891"}],"wp:term":[{"taxonomy":"product_brand","embeddable":true,"href":"https:\/\/pluginspordolar.com\/en\/wp-json\/wp\/v2\/product_brand?post=8891"},{"taxonomy":"product_cat","embeddable":true,"href":"https:\/\/pluginspordolar.com\/en\/wp-json\/wp\/v2\/product_cat?post=8891"},{"taxonomy":"product_tag","embeddable":true,"href":"https:\/\/pluginspordolar.com\/en\/wp-json\/wp\/v2\/product_tag?post=8891"}],"curies":[{"name":"wp","href":"https:\/\/api.w.org\/{rel}","templated":true}]}}