{"id":8884,"date":"2025-12-05T01:25:59","date_gmt":"2025-12-05T01:25:59","guid":{"rendered":"https:\/\/pluginspordolar.com\/?post_type=product&#038;p=8884"},"modified":"2025-12-05T02:00:42","modified_gmt":"2025-12-05T02:00:42","slug":"curso-agentes-ia-whastapp","status":"publish","type":"product","link":"https:\/\/pluginspordolar.com\/en\/product\/curso-agentes-ia-whastapp\/","title":{"rendered":"Curso agentes IA whastapp"},"content":{"rendered":"<p>Aprende a crear y gestionar <strong>agentes inteligentes en WhatsApp<\/strong> con este curso pr\u00e1ctico y descargable. Descubre c\u00f3mo automatizar conversaciones, mejorar la atenci\u00f3n al cliente y potenciar tus ventas con la ayuda de la inteligencia artificial.<\/p>\n<p>\ud83d\udc49 Ideal para emprendedores, negocios digitales y profesionales que quieren llevar su comunicaci\u00f3n al siguiente nivel.<\/p>","protected":false},"excerpt":{"rendered":"<p>Aprende a crear y gestionar agentes inteligentes en WhatsApp con este curso pr\u00e1ctico y descargable. Descubre c\u00f3mo automatizar conversaciones, mejorar la atenci\u00f3n al cliente y potenciar tus ventas con la ayuda de la inteligencia artificial. \ud83d\udc49 Ideal para emprendedores, negocios digitales y profesionales que quieren llevar su comunicaci\u00f3n al siguiente nivel.<\/p>","protected":false},"featured_media":8885,"template":"","meta":{"_eb_attr":"","_uag_custom_page_level_css":""},"product_brand":[],"product_cat":[520,550,551,552],"product_tag":[554],"class_list":{"0":"post-8884","1":"product","2":"type-product","3":"status-publish","4":"has-post-thumbnail","6":"product_cat-chatbots","7":"product_cat-cursos","8":"product_cat-ia","9":"product_cat-packs","10":"product_tag-eliminar-el-termino-curso-agentes-ia-para-whatsapp-curso-agentes-ia-para-whatsapp","12":"first","13":"instock","14":"sale","15":"downloadable","16":"virtual","17":"sold-individually","18":"purchasable","19":"product-type-simple"},"yoast_head":"<!-- This site is optimized with the Yoast SEO plugin v27.4 - https:\/\/yoast.com\/product\/yoast-seo-wordpress\/ -->\n<title>Curso agentes IA whastapp - Plugins x Dolar<\/title>\n<meta name=\"robots\" content=\"noindex, nofollow\" \/>\n<meta property=\"og:locale\" content=\"en_US\" \/>\n<meta property=\"og:type\" content=\"article\" \/>\n<meta property=\"og:title\" content=\"Curso agentes IA whastapp - Plugins x Dolar\" \/>\n<meta property=\"og:description\" content=\"Aprende a crear y gestionar agentes inteligentes en WhatsApp con este curso pr\u00e1ctico y descargable. Descubre c\u00f3mo automatizar conversaciones, mejorar la atenci\u00f3n al cliente y potenciar tus ventas con la ayuda de la inteligencia artificial. \ud83d\udc49 Ideal para emprendedores, negocios digitales y profesionales que quieren llevar su comunicaci\u00f3n al siguiente nivel.\" \/>\n<meta property=\"og:url\" content=\"https:\/\/digimarketingnc.com\/producto\/curso-agentes-ia-whastapp\/\" \/>\n<meta property=\"og:site_name\" content=\"Plugins x Dolar\" \/>\n<meta property=\"article:modified_time\" content=\"2025-12-05T02:00:42+00:00\" \/>\n<meta property=\"og:image\" content=\"https:\/\/pluginspordolar.com\/wp-content\/uploads\/curso-chatbots-ia-1.jpg\" \/>\n\t<meta property=\"og:image:width\" content=\"300\" \/>\n\t<meta property=\"og:image:height\" content=\"300\" \/>\n\t<meta property=\"og:image:type\" content=\"image\/jpeg\" \/>\n<meta name=\"twitter:card\" content=\"summary_large_image\" \/>\n<meta name=\"twitter:label1\" content=\"Est. reading time\" \/>\n\t<meta name=\"twitter:data1\" content=\"1 minute\" \/>\n<script type=\"application\/ld+json\" class=\"yoast-schema-graph\">{\"@context\":\"https:\\\/\\\/schema.org\",\"@graph\":[{\"@type\":\"WebPage\",\"@id\":\"https:\\\/\\\/pluginspordolar.com\\\/producto\\\/curso-agentes-ia-whastapp\\\/\",\"url\":\"https:\\\/\\\/digimarketingnc.com\\\/producto\\\/curso-agentes-ia-whastapp\\\/\",\"name\":\"Curso agentes IA whastapp - Plugins x Dolar\",\"isPartOf\":{\"@id\":\"https:\\\/\\\/pluginspordolar.com\\\/#website\"},\"primaryImageOfPage\":{\"@id\":\"https:\\\/\\\/digimarketingnc.com\\\/producto\\\/curso-agentes-ia-whastapp\\\/#primaryimage\"},\"image\":{\"@id\":\"https:\\\/\\\/digimarketingnc.com\\\/producto\\\/curso-agentes-ia-whastapp\\\/#primaryimage\"},\"thumbnailUrl\":\"https:\\\/\\\/pluginspordolar.com\\\/wp-content\\\/uploads\\\/curso-chatbots-ia-1.jpg\",\"datePublished\":\"2025-12-05T01:25:59+00:00\",\"dateModified\":\"2025-12-05T02:00:42+00:00\",\"breadcrumb\":{\"@id\":\"https:\\\/\\\/digimarketingnc.com\\\/producto\\\/curso-agentes-ia-whastapp\\\/#breadcrumb\"},\"inLanguage\":\"en-US\",\"potentialAction\":[{\"@type\":\"ReadAction\",\"target\":[\"https:\\\/\\\/digimarketingnc.com\\\/producto\\\/curso-agentes-ia-whastapp\\\/\"]}]},{\"@type\":\"ImageObject\",\"inLanguage\":\"en-US\",\"@id\":\"https:\\\/\\\/digimarketingnc.com\\\/producto\\\/curso-agentes-ia-whastapp\\\/#primaryimage\",\"url\":\"https:\\\/\\\/pluginspordolar.com\\\/wp-content\\\/uploads\\\/curso-chatbots-ia-1.jpg\",\"contentUrl\":\"https:\\\/\\\/pluginspordolar.com\\\/wp-content\\\/uploads\\\/curso-chatbots-ia-1.jpg\",\"width\":300,\"height\":300},{\"@type\":\"BreadcrumbList\",\"@id\":\"https:\\\/\\\/digimarketingnc.com\\\/producto\\\/curso-agentes-ia-whastapp\\\/#breadcrumb\",\"itemListElement\":[{\"@type\":\"ListItem\",\"position\":1,\"name\":\"Portada\",\"item\":\"https:\\\/\\\/pluginspordolar.com\\\/\"},{\"@type\":\"ListItem\",\"position\":2,\"name\":\"Tienda\",\"item\":\"https:\\\/\\\/pluginspordolar.com\\\/tienda\\\/\"},{\"@type\":\"ListItem\",\"position\":3,\"name\":\"Curso agentes IA whastapp\"}]},{\"@type\":\"WebSite\",\"@id\":\"https:\\\/\\\/pluginspordolar.com\\\/#website\",\"url\":\"https:\\\/\\\/pluginspordolar.com\\\/\",\"name\":\"Plugins x Dolar\",\"description\":\"Complementos Premium\",\"publisher\":{\"@id\":\"https:\\\/\\\/pluginspordolar.com\\\/#organization\"},\"potentialAction\":[{\"@type\":\"SearchAction\",\"target\":{\"@type\":\"EntryPoint\",\"urlTemplate\":\"https:\\\/\\\/pluginspordolar.com\\\/?s={search_term_string}\"},\"query-input\":{\"@type\":\"PropertyValueSpecification\",\"valueRequired\":true,\"valueName\":\"search_term_string\"}}],\"inLanguage\":\"en-US\"},{\"@type\":\"Organization\",\"@id\":\"https:\\\/\\\/pluginspordolar.com\\\/#organization\",\"name\":\"Plugins x Dolar\",\"url\":\"https:\\\/\\\/pluginspordolar.com\\\/\",\"logo\":{\"@type\":\"ImageObject\",\"inLanguage\":\"en-US\",\"@id\":\"https:\\\/\\\/pluginspordolar.com\\\/#\\\/schema\\\/logo\\\/image\\\/\",\"url\":\"https:\\\/\\\/pluginspordolar.com\\\/wp-content\\\/uploads\\\/Logo-moderno-pluginsxdolar-e1674435267756.png\",\"contentUrl\":\"https:\\\/\\\/pluginspordolar.com\\\/wp-content\\\/uploads\\\/Logo-moderno-pluginsxdolar-e1674435267756.png\",\"width\":500,\"height\":111,\"caption\":\"Plugins x Dolar\"},\"image\":{\"@id\":\"https:\\\/\\\/pluginspordolar.com\\\/#\\\/schema\\\/logo\\\/image\\\/\"}}]}<\/script>\n<!-- \/ Yoast SEO plugin. -->","yoast_head_json":{"title":"Curso agentes IA whastapp - Plugins x Dolar","robots":{"index":"noindex","follow":"nofollow"},"og_locale":"en_US","og_type":"article","og_title":"Curso agentes IA whastapp - Plugins x Dolar","og_description":"Aprende a crear y gestionar agentes inteligentes en WhatsApp con este curso pr\u00e1ctico y descargable. Descubre c\u00f3mo automatizar conversaciones, mejorar la atenci\u00f3n al cliente y potenciar tus ventas con la ayuda de la inteligencia artificial. \ud83d\udc49 Ideal para emprendedores, negocios digitales y profesionales que quieren llevar su comunicaci\u00f3n al siguiente nivel.","og_url":"https:\/\/digimarketingnc.com\/producto\/curso-agentes-ia-whastapp\/","og_site_name":"Plugins x Dolar","article_modified_time":"2025-12-05T02:00:42+00:00","og_image":[{"width":300,"height":300,"url":"https:\/\/pluginspordolar.com\/wp-content\/uploads\/curso-chatbots-ia-1.jpg","type":"image\/jpeg"}],"twitter_card":"summary_large_image","twitter_misc":{"Est. reading time":"1 minute"},"schema":{"@context":"https:\/\/schema.org","@graph":[{"@type":"WebPage","@id":"https:\/\/pluginspordolar.com\/producto\/curso-agentes-ia-whastapp\/","url":"https:\/\/digimarketingnc.com\/producto\/curso-agentes-ia-whastapp\/","name":"Curso agentes IA whastapp - Plugins x Dolar","isPartOf":{"@id":"https:\/\/pluginspordolar.com\/#website"},"primaryImageOfPage":{"@id":"https:\/\/digimarketingnc.com\/producto\/curso-agentes-ia-whastapp\/#primaryimage"},"image":{"@id":"https:\/\/digimarketingnc.com\/producto\/curso-agentes-ia-whastapp\/#primaryimage"},"thumbnailUrl":"https:\/\/pluginspordolar.com\/wp-content\/uploads\/curso-chatbots-ia-1.jpg","datePublished":"2025-12-05T01:25:59+00:00","dateModified":"2025-12-05T02:00:42+00:00","breadcrumb":{"@id":"https:\/\/digimarketingnc.com\/producto\/curso-agentes-ia-whastapp\/#breadcrumb"},"inLanguage":"en-US","potentialAction":[{"@type":"ReadAction","target":["https:\/\/digimarketingnc.com\/producto\/curso-agentes-ia-whastapp\/"]}]},{"@type":"ImageObject","inLanguage":"en-US","@id":"https:\/\/digimarketingnc.com\/producto\/curso-agentes-ia-whastapp\/#primaryimage","url":"https:\/\/pluginspordolar.com\/wp-content\/uploads\/curso-chatbots-ia-1.jpg","contentUrl":"https:\/\/pluginspordolar.com\/wp-content\/uploads\/curso-chatbots-ia-1.jpg","width":300,"height":300},{"@type":"BreadcrumbList","@id":"https:\/\/digimarketingnc.com\/producto\/curso-agentes-ia-whastapp\/#breadcrumb","itemListElement":[{"@type":"ListItem","position":1,"name":"Portada","item":"https:\/\/pluginspordolar.com\/"},{"@type":"ListItem","position":2,"name":"Tienda","item":"https:\/\/pluginspordolar.com\/tienda\/"},{"@type":"ListItem","position":3,"name":"Curso agentes IA whastapp"}]},{"@type":"WebSite","@id":"https:\/\/pluginspordolar.com\/#website","url":"https:\/\/pluginspordolar.com\/","name":"Plugins x Dolar","description":"Complementos Premium","publisher":{"@id":"https:\/\/pluginspordolar.com\/#organization"},"potentialAction":[{"@type":"SearchAction","target":{"@type":"EntryPoint","urlTemplate":"https:\/\/pluginspordolar.com\/?s={search_term_string}"},"query-input":{"@type":"PropertyValueSpecification","valueRequired":true,"valueName":"search_term_string"}}],"inLanguage":"en-US"},{"@type":"Organization","@id":"https:\/\/pluginspordolar.com\/#organization","name":"Plugins x Dolar","url":"https:\/\/pluginspordolar.com\/","logo":{"@type":"ImageObject","inLanguage":"en-US","@id":"https:\/\/pluginspordolar.com\/#\/schema\/logo\/image\/","url":"https:\/\/pluginspordolar.com\/wp-content\/uploads\/Logo-moderno-pluginsxdolar-e1674435267756.png","contentUrl":"https:\/\/pluginspordolar.com\/wp-content\/uploads\/Logo-moderno-pluginsxdolar-e1674435267756.png","width":500,"height":111,"caption":"Plugins x Dolar"},"image":{"@id":"https:\/\/pluginspordolar.com\/#\/schema\/logo\/image\/"}}]}},"uagb_featured_image_src":{"full":["https:\/\/pluginspordolar.com\/wp-content\/uploads\/curso-chatbots-ia-1.jpg",300,300,false],"thumbnail":["https:\/\/pluginspordolar.com\/wp-content\/uploads\/curso-chatbots-ia-1.jpg",96,96,false],"medium":["https:\/\/pluginspordolar.com\/wp-content\/uploads\/curso-chatbots-ia-1.jpg",300,300,false],"medium_large":["https:\/\/pluginspordolar.com\/wp-content\/uploads\/curso-chatbots-ia-1.jpg",300,300,false],"large":["https:\/\/pluginspordolar.com\/wp-content\/uploads\/curso-chatbots-ia-1.jpg",300,300,false],"1536x1536":["https:\/\/pluginspordolar.com\/wp-content\/uploads\/curso-chatbots-ia-1.jpg",300,300,false],"2048x2048":["https:\/\/pluginspordolar.com\/wp-content\/uploads\/curso-chatbots-ia-1.jpg",300,300,false],"trp-custom-language-flag":["https:\/\/pluginspordolar.com\/wp-content\/uploads\/curso-chatbots-ia-1-12x12.jpg",12,12,true],"woocommerce_thumbnail":["https:\/\/pluginspordolar.com\/wp-content\/uploads\/curso-chatbots-ia-1.jpg",300,300,false],"woocommerce_single":["https:\/\/pluginspordolar.com\/wp-content\/uploads\/curso-chatbots-ia-1.jpg",300,300,false],"woocommerce_gallery_thumbnail":["https:\/\/pluginspordolar.com\/wp-content\/uploads\/curso-chatbots-ia-1-100x100.jpg",100,100,true]},"uagb_author_info":{"display_name":"nc","author_link":"https:\/\/pluginspordolar.com\/en\/author\/"},"uagb_comment_info":0,"uagb_excerpt":"Aprende a crear y gestionar agentes inteligentes en WhatsApp con este curso pr\u00e1ctico y descargable. Descubre c\u00f3mo automatizar conversaciones, mejorar la atenci\u00f3n al cliente y potenciar tus ventas con la ayuda de la inteligencia artificial. \ud83d\udc49 Ideal para emprendedores, negocios digitales y profesionales que quieren llevar su comunicaci\u00f3n al siguiente nivel.","_links":{"self":[{"href":"https:\/\/pluginspordolar.com\/en\/wp-json\/wp\/v2\/product\/8884","targetHints":{"allow":["GET"]}}],"collection":[{"href":"https:\/\/pluginspordolar.com\/en\/wp-json\/wp\/v2\/product"}],"about":[{"href":"https:\/\/pluginspordolar.com\/en\/wp-json\/wp\/v2\/types\/product"}],"wp:featuredmedia":[{"embeddable":true,"href":"https:\/\/pluginspordolar.com\/en\/wp-json\/wp\/v2\/media\/8885"}],"wp:attachment":[{"href":"https:\/\/pluginspordolar.com\/en\/wp-json\/wp\/v2\/media?parent=8884"}],"wp:term":[{"taxonomy":"product_brand","embeddable":true,"href":"https:\/\/pluginspordolar.com\/en\/wp-json\/wp\/v2\/product_brand?post=8884"},{"taxonomy":"product_cat","embeddable":true,"href":"https:\/\/pluginspordolar.com\/en\/wp-json\/wp\/v2\/product_cat?post=8884"},{"taxonomy":"product_tag","embeddable":true,"href":"https:\/\/pluginspordolar.com\/en\/wp-json\/wp\/v2\/product_tag?post=8884"}],"curies":[{"name":"wp","href":"https:\/\/api.w.org\/{rel}","templated":true}]}}