{"id":8723,"date":"2025-03-13T17:07:22","date_gmt":"2025-03-13T17:07:22","guid":{"rendered":"https:\/\/pluginspordolar.com\/?post_type=product&#038;p=8723"},"modified":"2025-03-29T02:09:10","modified_gmt":"2025-03-29T02:09:10","slug":"sitio-web-editable-de-reserva-de-citas","status":"publish","type":"product","link":"https:\/\/pluginspordolar.com\/en\/product\/sitio-web-editable-de-reserva-de-citas\/","title":{"rendered":"Web site Editable Booking of Appointments"},"content":{"rendered":"<p>Tienes Experiencia en Dise\u00f1o WEB pero quisieras contar con la facilidad de una Plantilla lista solo para editar ? o quiz\u00e1s tienes conocimientos b\u00e1sicos de WordPress pero no tienes tiempo para configurar un Website en Internet ? o simplemente necesitas colocar r\u00e1pidamente tu Sitio Online y necesitas la facilidad y la simplicidad de una Plantilla totalmente Editable y ya configurada para que este lista solo editando y subiendo a tu Hosting ?<\/p>\n<p>Lo mejor de todo es que \u00e9ste Sitio Web fue creado para cualquier nicho de Mercado que necesite un <strong>sistema de Reserva de Citas Premium Profesional.<\/strong><\/p>\n<p>Pues esta es la Soluci\u00f3n que hemos desarrollado en Digimarketing NC , es una Plantilla Configurada lista para editar de Manera F\u00e1cil y con los mejores Plugins WordPress Pre instalados Incluido el Tema Numero 1 usado por las mejores Tiendas Online del Mundo totalmente Compatible con los Plugins Booknetic y Astra.<\/p>","protected":false},"excerpt":{"rendered":"<p>Plantilla configurada Lista y Editable para la creaci\u00f3n de un Website compatible con el Tema Astra, solo ed\u00edtala colocando tu informaci\u00f3n, Logotipo y Colores !<\/p>\n<p>Est\u00e1mos preparando un <strong>Curso pr\u00e1ctico para que aprendas Wordpress editando tu sitio web\u00a0 editable<\/strong> verifica el link en la Pesta\u00f1a de Cursos abajo al lado de la Descripci\u00f3n.<\/p>\n<p><strong>(INCLUDED FOR FREE ONLY ON THE PLAN OF MEMBERSHIP-LIFETIME) <\/strong>with memberships are Monthly and Annual you can download it with a special discount.<\/p>\n<p>cyn@ht<\/p>","protected":false},"featured_media":8726,"template":"","meta":{"_eb_attr":"","_uag_custom_page_level_css":""},"product_brand":[],"product_cat":[24],"product_tag":[547],"class_list":{"0":"post-8723","1":"product","2":"type-product","3":"status-publish","4":"has-post-thumbnail","6":"product_cat-sitios-web-listos","7":"product_tag-sitio-web-de-reserva-de-citas-listo-y-editable","9":"first","10":"instock","11":"sale","12":"downloadable","13":"virtual","14":"sold-individually","15":"purchasable","16":"product-type-simple"},"yoast_head":"<!-- This site is optimized with the Yoast SEO plugin v27.4 - https:\/\/yoast.com\/product\/yoast-seo-wordpress\/ -->\n<title>Sitio Web Editable de Reserva de Citas - Plugins x Dolar<\/title>\n<meta name=\"description\" content=\"Descarga tu sitio web editable (de Reserva de Citas) totalmente listo y editable para que solo tengas que subir tus im\u00e1genes, texto y personalizar.\" \/>\n<meta name=\"robots\" content=\"index, follow, max-snippet:-1, max-image-preview:large, max-video-preview:-1\" \/>\n<link rel=\"canonical\" href=\"https:\/\/pluginspordolar.com\/en\/product\/sitio-web-editable-de-reserva-de-citas\/\" \/>\n<meta property=\"og:locale\" content=\"en_US\" \/>\n<meta property=\"og:type\" content=\"article\" \/>\n<meta property=\"og:title\" content=\"Sitio Web Editable de Reserva de Citas - Plugins x Dolar\" \/>\n<meta property=\"og:description\" content=\"Descarga tu sitio web editable (de Reserva de Citas) totalmente listo y editable para que solo tengas que subir tus im\u00e1genes, texto y personalizar.\" \/>\n<meta property=\"og:url\" content=\"https:\/\/pluginspordolar.com\/en\/product\/sitio-web-editable-de-reserva-de-citas\/\" \/>\n<meta property=\"og:site_name\" content=\"Plugins x Dolar\" \/>\n<meta property=\"article:modified_time\" content=\"2025-03-29T02:09:10+00:00\" \/>\n<meta property=\"og:image\" content=\"https:\/\/pluginspordolar.com\/wp-content\/uploads\/tu-sitio-de-agendas-y-reservas.png\" \/>\n\t<meta property=\"og:image:width\" content=\"475\" \/>\n\t<meta property=\"og:image:height\" content=\"478\" \/>\n\t<meta property=\"og:image:type\" content=\"image\/png\" \/>\n<meta name=\"twitter:card\" content=\"summary_large_image\" \/>\n<meta name=\"twitter:label1\" content=\"Est. reading time\" \/>\n\t<meta name=\"twitter:data1\" content=\"1 minute\" \/>\n<script type=\"application\/ld+json\" class=\"yoast-schema-graph\">{\"@context\":\"https:\\\/\\\/schema.org\",\"@graph\":[{\"@type\":\"WebPage\",\"@id\":\"https:\\\/\\\/pluginspordolar.com\\\/producto\\\/sitio-web-editable-de-reserva-de-citas\\\/\",\"url\":\"https:\\\/\\\/pluginspordolar.com\\\/producto\\\/sitio-web-editable-de-reserva-de-citas\\\/\",\"name\":\"Sitio Web Editable de Reserva de Citas - Plugins x Dolar\",\"isPartOf\":{\"@id\":\"https:\\\/\\\/pluginspordolar.com\\\/#website\"},\"primaryImageOfPage\":{\"@id\":\"https:\\\/\\\/pluginspordolar.com\\\/producto\\\/sitio-web-editable-de-reserva-de-citas\\\/#primaryimage\"},\"image\":{\"@id\":\"https:\\\/\\\/pluginspordolar.com\\\/producto\\\/sitio-web-editable-de-reserva-de-citas\\\/#primaryimage\"},\"thumbnailUrl\":\"https:\\\/\\\/pluginspordolar.com\\\/wp-content\\\/uploads\\\/tu-sitio-de-agendas-y-reservas.png\",\"datePublished\":\"2025-03-13T17:07:22+00:00\",\"dateModified\":\"2025-03-29T02:09:10+00:00\",\"description\":\"Descarga tu sitio web editable (de Reserva de Citas) totalmente listo y editable para que solo tengas que subir tus im\u00e1genes, texto y personalizar.\",\"breadcrumb\":{\"@id\":\"https:\\\/\\\/pluginspordolar.com\\\/producto\\\/sitio-web-editable-de-reserva-de-citas\\\/#breadcrumb\"},\"inLanguage\":\"en-US\",\"potentialAction\":[{\"@type\":\"ReadAction\",\"target\":[\"https:\\\/\\\/pluginspordolar.com\\\/producto\\\/sitio-web-editable-de-reserva-de-citas\\\/\"]}]},{\"@type\":\"ImageObject\",\"inLanguage\":\"en-US\",\"@id\":\"https:\\\/\\\/pluginspordolar.com\\\/producto\\\/sitio-web-editable-de-reserva-de-citas\\\/#primaryimage\",\"url\":\"https:\\\/\\\/pluginspordolar.com\\\/wp-content\\\/uploads\\\/tu-sitio-de-agendas-y-reservas.png\",\"contentUrl\":\"https:\\\/\\\/pluginspordolar.com\\\/wp-content\\\/uploads\\\/tu-sitio-de-agendas-y-reservas.png\",\"width\":475,\"height\":478},{\"@type\":\"BreadcrumbList\",\"@id\":\"https:\\\/\\\/pluginspordolar.com\\\/producto\\\/sitio-web-editable-de-reserva-de-citas\\\/#breadcrumb\",\"itemListElement\":[{\"@type\":\"ListItem\",\"position\":1,\"name\":\"Portada\",\"item\":\"https:\\\/\\\/pluginspordolar.com\\\/\"},{\"@type\":\"ListItem\",\"position\":2,\"name\":\"Tienda\",\"item\":\"https:\\\/\\\/pluginspordolar.com\\\/tienda\\\/\"},{\"@type\":\"ListItem\",\"position\":3,\"name\":\"Sitio Web Editable de Reserva de Citas\"}]},{\"@type\":\"WebSite\",\"@id\":\"https:\\\/\\\/pluginspordolar.com\\\/#website\",\"url\":\"https:\\\/\\\/pluginspordolar.com\\\/\",\"name\":\"Plugins x Dolar\",\"description\":\"Complementos Premium\",\"publisher\":{\"@id\":\"https:\\\/\\\/pluginspordolar.com\\\/#organization\"},\"potentialAction\":[{\"@type\":\"SearchAction\",\"target\":{\"@type\":\"EntryPoint\",\"urlTemplate\":\"https:\\\/\\\/pluginspordolar.com\\\/?s={search_term_string}\"},\"query-input\":{\"@type\":\"PropertyValueSpecification\",\"valueRequired\":true,\"valueName\":\"search_term_string\"}}],\"inLanguage\":\"en-US\"},{\"@type\":\"Organization\",\"@id\":\"https:\\\/\\\/pluginspordolar.com\\\/#organization\",\"name\":\"Plugins x Dolar\",\"url\":\"https:\\\/\\\/pluginspordolar.com\\\/\",\"logo\":{\"@type\":\"ImageObject\",\"inLanguage\":\"en-US\",\"@id\":\"https:\\\/\\\/pluginspordolar.com\\\/#\\\/schema\\\/logo\\\/image\\\/\",\"url\":\"https:\\\/\\\/pluginspordolar.com\\\/wp-content\\\/uploads\\\/Logo-moderno-pluginsxdolar-e1674435267756.png\",\"contentUrl\":\"https:\\\/\\\/pluginspordolar.com\\\/wp-content\\\/uploads\\\/Logo-moderno-pluginsxdolar-e1674435267756.png\",\"width\":500,\"height\":111,\"caption\":\"Plugins x Dolar\"},\"image\":{\"@id\":\"https:\\\/\\\/pluginspordolar.com\\\/#\\\/schema\\\/logo\\\/image\\\/\"}}]}<\/script>\n<!-- \/ Yoast SEO plugin. -->","yoast_head_json":{"title":"Sitio Web Editable de Reserva de Citas - Plugins x Dolar","description":"Descarga tu sitio web editable (de Reserva de Citas) totalmente listo y editable para que solo tengas que subir tus im\u00e1genes, texto y personalizar.","robots":{"index":"index","follow":"follow","max-snippet":"max-snippet:-1","max-image-preview":"max-image-preview:large","max-video-preview":"max-video-preview:-1"},"canonical":"https:\/\/pluginspordolar.com\/en\/product\/sitio-web-editable-de-reserva-de-citas\/","og_locale":"en_US","og_type":"article","og_title":"Sitio Web Editable de Reserva de Citas - Plugins x Dolar","og_description":"Descarga tu sitio web editable (de Reserva de Citas) totalmente listo y editable para que solo tengas que subir tus im\u00e1genes, texto y personalizar.","og_url":"https:\/\/pluginspordolar.com\/en\/product\/sitio-web-editable-de-reserva-de-citas\/","og_site_name":"Plugins x Dolar","article_modified_time":"2025-03-29T02:09:10+00:00","og_image":[{"width":475,"height":478,"url":"https:\/\/pluginspordolar.com\/wp-content\/uploads\/tu-sitio-de-agendas-y-reservas.png","type":"image\/png"}],"twitter_card":"summary_large_image","twitter_misc":{"Est. reading time":"1 minute"},"schema":{"@context":"https:\/\/schema.org","@graph":[{"@type":"WebPage","@id":"https:\/\/pluginspordolar.com\/producto\/sitio-web-editable-de-reserva-de-citas\/","url":"https:\/\/pluginspordolar.com\/producto\/sitio-web-editable-de-reserva-de-citas\/","name":"Sitio Web Editable de Reserva de Citas - Plugins x Dolar","isPartOf":{"@id":"https:\/\/pluginspordolar.com\/#website"},"primaryImageOfPage":{"@id":"https:\/\/pluginspordolar.com\/producto\/sitio-web-editable-de-reserva-de-citas\/#primaryimage"},"image":{"@id":"https:\/\/pluginspordolar.com\/producto\/sitio-web-editable-de-reserva-de-citas\/#primaryimage"},"thumbnailUrl":"https:\/\/pluginspordolar.com\/wp-content\/uploads\/tu-sitio-de-agendas-y-reservas.png","datePublished":"2025-03-13T17:07:22+00:00","dateModified":"2025-03-29T02:09:10+00:00","description":"Descarga tu sitio web editable (de Reserva de Citas) totalmente listo y editable para que solo tengas que subir tus im\u00e1genes, texto y personalizar.","breadcrumb":{"@id":"https:\/\/pluginspordolar.com\/producto\/sitio-web-editable-de-reserva-de-citas\/#breadcrumb"},"inLanguage":"en-US","potentialAction":[{"@type":"ReadAction","target":["https:\/\/pluginspordolar.com\/producto\/sitio-web-editable-de-reserva-de-citas\/"]}]},{"@type":"ImageObject","inLanguage":"en-US","@id":"https:\/\/pluginspordolar.com\/producto\/sitio-web-editable-de-reserva-de-citas\/#primaryimage","url":"https:\/\/pluginspordolar.com\/wp-content\/uploads\/tu-sitio-de-agendas-y-reservas.png","contentUrl":"https:\/\/pluginspordolar.com\/wp-content\/uploads\/tu-sitio-de-agendas-y-reservas.png","width":475,"height":478},{"@type":"BreadcrumbList","@id":"https:\/\/pluginspordolar.com\/producto\/sitio-web-editable-de-reserva-de-citas\/#breadcrumb","itemListElement":[{"@type":"ListItem","position":1,"name":"Portada","item":"https:\/\/pluginspordolar.com\/"},{"@type":"ListItem","position":2,"name":"Tienda","item":"https:\/\/pluginspordolar.com\/tienda\/"},{"@type":"ListItem","position":3,"name":"Sitio Web Editable de Reserva de Citas"}]},{"@type":"WebSite","@id":"https:\/\/pluginspordolar.com\/#website","url":"https:\/\/pluginspordolar.com\/","name":"Plugins x Dolar","description":"Complementos Premium","publisher":{"@id":"https:\/\/pluginspordolar.com\/#organization"},"potentialAction":[{"@type":"SearchAction","target":{"@type":"EntryPoint","urlTemplate":"https:\/\/pluginspordolar.com\/?s={search_term_string}"},"query-input":{"@type":"PropertyValueSpecification","valueRequired":true,"valueName":"search_term_string"}}],"inLanguage":"en-US"},{"@type":"Organization","@id":"https:\/\/pluginspordolar.com\/#organization","name":"Plugins x Dolar","url":"https:\/\/pluginspordolar.com\/","logo":{"@type":"ImageObject","inLanguage":"en-US","@id":"https:\/\/pluginspordolar.com\/#\/schema\/logo\/image\/","url":"https:\/\/pluginspordolar.com\/wp-content\/uploads\/Logo-moderno-pluginsxdolar-e1674435267756.png","contentUrl":"https:\/\/pluginspordolar.com\/wp-content\/uploads\/Logo-moderno-pluginsxdolar-e1674435267756.png","width":500,"height":111,"caption":"Plugins x Dolar"},"image":{"@id":"https:\/\/pluginspordolar.com\/#\/schema\/logo\/image\/"}}]}},"uagb_featured_image_src":{"full":["https:\/\/pluginspordolar.com\/wp-content\/uploads\/tu-sitio-de-agendas-y-reservas.png",475,478,false],"thumbnail":["https:\/\/pluginspordolar.com\/wp-content\/uploads\/tu-sitio-de-agendas-y-reservas.png",95,96,false],"medium":["https:\/\/pluginspordolar.com\/wp-content\/uploads\/tu-sitio-de-agendas-y-reservas.png",475,478,false],"medium_large":["https:\/\/pluginspordolar.com\/wp-content\/uploads\/tu-sitio-de-agendas-y-reservas.png",475,478,false],"large":["https:\/\/pluginspordolar.com\/wp-content\/uploads\/tu-sitio-de-agendas-y-reservas.png",475,478,false],"1536x1536":["https:\/\/pluginspordolar.com\/wp-content\/uploads\/tu-sitio-de-agendas-y-reservas.png",475,478,false],"2048x2048":["https:\/\/pluginspordolar.com\/wp-content\/uploads\/tu-sitio-de-agendas-y-reservas.png",475,478,false],"trp-custom-language-flag":["https:\/\/pluginspordolar.com\/wp-content\/uploads\/tu-sitio-de-agendas-y-reservas-12x12.png",12,12,true],"woocommerce_thumbnail":["https:\/\/pluginspordolar.com\/wp-content\/uploads\/tu-sitio-de-agendas-y-reservas-324x324.png",324,324,true],"woocommerce_single":["https:\/\/pluginspordolar.com\/wp-content\/uploads\/tu-sitio-de-agendas-y-reservas-416x419.png",416,419,true],"woocommerce_gallery_thumbnail":["https:\/\/pluginspordolar.com\/wp-content\/uploads\/tu-sitio-de-agendas-y-reservas-100x100.png",100,100,true]},"uagb_author_info":{"display_name":"nc","author_link":"https:\/\/pluginspordolar.com\/en\/author\/"},"uagb_comment_info":0,"uagb_excerpt":"Plantilla configurada Lista y Editable para la creaci\u00f3n de un Website compatible con el Tema Astra, solo ed\u00edtala colocando tu informaci\u00f3n, Logotipo y Colores ! Est\u00e1mos preparando un Curso pr\u00e1ctico para que aprendas Wordpress editando tu sitio web\u00a0 editable verifica el link en la Pesta\u00f1a de Cursos abajo al lado de la Descripci\u00f3n. (INCLUIDA GRATIS&hellip;","_links":{"self":[{"href":"https:\/\/pluginspordolar.com\/en\/wp-json\/wp\/v2\/product\/8723","targetHints":{"allow":["GET"]}}],"collection":[{"href":"https:\/\/pluginspordolar.com\/en\/wp-json\/wp\/v2\/product"}],"about":[{"href":"https:\/\/pluginspordolar.com\/en\/wp-json\/wp\/v2\/types\/product"}],"wp:featuredmedia":[{"embeddable":true,"href":"https:\/\/pluginspordolar.com\/en\/wp-json\/wp\/v2\/media\/8726"}],"wp:attachment":[{"href":"https:\/\/pluginspordolar.com\/en\/wp-json\/wp\/v2\/media?parent=8723"}],"wp:term":[{"taxonomy":"product_brand","embeddable":true,"href":"https:\/\/pluginspordolar.com\/en\/wp-json\/wp\/v2\/product_brand?post=8723"},{"taxonomy":"product_cat","embeddable":true,"href":"https:\/\/pluginspordolar.com\/en\/wp-json\/wp\/v2\/product_cat?post=8723"},{"taxonomy":"product_tag","embeddable":true,"href":"https:\/\/pluginspordolar.com\/en\/wp-json\/wp\/v2\/product_tag?post=8723"}],"curies":[{"name":"wp","href":"https:\/\/api.w.org\/{rel}","templated":true}]}}