{"id":8720,"date":"2025-03-03T21:47:09","date_gmt":"2025-03-03T21:47:09","guid":{"rendered":"https:\/\/pluginspordolar.com\/?post_type=product&#038;p=8720"},"modified":"2025-03-29T01:37:40","modified_gmt":"2025-03-29T01:37:40","slug":"booknetic-integraciones-addons","status":"publish","type":"product","link":"https:\/\/pluginspordolar.com\/en\/product\/booknetic-integraciones-addons\/","title":{"rendered":"Booknetic Integrations (Addons)"},"content":{"rendered":"<p><strong>Integrations:<\/strong><\/p>\n<p>Booknetic Email Action<\/p>\n<p>Booknetic Custom Forms<\/p>\n<p>Booknetic Coupons<\/p>\n<p>Booknetic Zoom<\/p>\n<p>Booknetic Giftcards<\/p>\n<p>And more...<\/p>","protected":false},"excerpt":{"rendered":"<p><strong>More than 15 Integrations (Addons) for Booknetic.<\/strong><\/p>\n<p>Increases the performance of the best Plugin for Booking appointments with continuous Integration of tech giants of the industry in order to avoid any ambiguity in the process of booking appointments.<\/p>","protected":false},"featured_media":8719,"template":"","meta":{"_eb_attr":"","_uag_custom_page_level_css":""},"product_brand":[],"product_cat":[44,27],"product_tag":[546],"class_list":{"0":"post-8720","1":"product","2":"type-product","3":"status-publish","4":"has-post-thumbnail","6":"product_cat-addons","7":"product_cat-plugins-wordpress","8":"product_tag-booknetic-addons","10":"first","11":"instock","12":"downloadable","13":"virtual","14":"sold-individually","15":"purchasable","16":"product-type-simple"},"yoast_head":"<!-- This site is optimized with the Yoast SEO plugin v27.4 - https:\/\/yoast.com\/product\/yoast-seo-wordpress\/ -->\n<title>Booknetic Integraciones (Addons) - Plugins x Dolar<\/title>\n<meta name=\"robots\" content=\"noindex, nofollow\" \/>\n<meta property=\"og:locale\" content=\"en_US\" \/>\n<meta property=\"og:type\" content=\"article\" \/>\n<meta property=\"og:title\" content=\"Booknetic Integraciones (Addons) - Plugins x Dolar\" \/>\n<meta property=\"og:description\" content=\"M\u00e1s de 15 Integraciones (Addons) para Booknetic.  Aumenta las prestaciones del mejor Plugin de Reserva de citas con Integraci\u00f3n continua de gigantes tecnol\u00f3gicos de la industria para evitar cualquier ambig\u00fcedad en el proceso de reserva de citas.\" \/>\n<meta property=\"og:url\" content=\"https:\/\/pluginspordolar.com\/en\/product\/booknetic-integraciones-addons\/\" \/>\n<meta property=\"og:site_name\" content=\"Plugins x Dolar\" \/>\n<meta property=\"article:modified_time\" content=\"2025-03-29T01:37:40+00:00\" \/>\n<meta property=\"og:image\" content=\"https:\/\/pluginspordolar.com\/wp-content\/uploads\/booknetic.jpg\" \/>\n\t<meta property=\"og:image:width\" content=\"500\" \/>\n\t<meta property=\"og:image:height\" content=\"500\" \/>\n\t<meta property=\"og:image:type\" content=\"image\/jpeg\" \/>\n<meta name=\"twitter:card\" content=\"summary_large_image\" \/>\n<meta name=\"twitter:label1\" content=\"Est. reading time\" \/>\n\t<meta name=\"twitter:data1\" content=\"1 minute\" \/>\n<script type=\"application\/ld+json\" class=\"yoast-schema-graph\">{\"@context\":\"https:\\\/\\\/schema.org\",\"@graph\":[{\"@type\":\"WebPage\",\"@id\":\"https:\\\/\\\/pluginspordolar.com\\\/producto\\\/booknetic-integraciones-addons\\\/\",\"url\":\"https:\\\/\\\/pluginspordolar.com\\\/producto\\\/booknetic-integraciones-addons\\\/\",\"name\":\"Booknetic Integraciones (Addons) - Plugins x Dolar\",\"isPartOf\":{\"@id\":\"https:\\\/\\\/pluginspordolar.com\\\/#website\"},\"primaryImageOfPage\":{\"@id\":\"https:\\\/\\\/pluginspordolar.com\\\/producto\\\/booknetic-integraciones-addons\\\/#primaryimage\"},\"image\":{\"@id\":\"https:\\\/\\\/pluginspordolar.com\\\/producto\\\/booknetic-integraciones-addons\\\/#primaryimage\"},\"thumbnailUrl\":\"https:\\\/\\\/pluginspordolar.com\\\/wp-content\\\/uploads\\\/booknetic.jpg\",\"datePublished\":\"2025-03-03T21:47:09+00:00\",\"dateModified\":\"2025-03-29T01:37:40+00:00\",\"breadcrumb\":{\"@id\":\"https:\\\/\\\/pluginspordolar.com\\\/producto\\\/booknetic-integraciones-addons\\\/#breadcrumb\"},\"inLanguage\":\"en-US\",\"potentialAction\":[{\"@type\":\"ReadAction\",\"target\":[\"https:\\\/\\\/pluginspordolar.com\\\/producto\\\/booknetic-integraciones-addons\\\/\"]}]},{\"@type\":\"ImageObject\",\"inLanguage\":\"en-US\",\"@id\":\"https:\\\/\\\/pluginspordolar.com\\\/producto\\\/booknetic-integraciones-addons\\\/#primaryimage\",\"url\":\"https:\\\/\\\/pluginspordolar.com\\\/wp-content\\\/uploads\\\/booknetic.jpg\",\"contentUrl\":\"https:\\\/\\\/pluginspordolar.com\\\/wp-content\\\/uploads\\\/booknetic.jpg\",\"width\":500,\"height\":500},{\"@type\":\"BreadcrumbList\",\"@id\":\"https:\\\/\\\/pluginspordolar.com\\\/producto\\\/booknetic-integraciones-addons\\\/#breadcrumb\",\"itemListElement\":[{\"@type\":\"ListItem\",\"position\":1,\"name\":\"Portada\",\"item\":\"https:\\\/\\\/pluginspordolar.com\\\/\"},{\"@type\":\"ListItem\",\"position\":2,\"name\":\"Tienda\",\"item\":\"https:\\\/\\\/pluginspordolar.com\\\/tienda\\\/\"},{\"@type\":\"ListItem\",\"position\":3,\"name\":\"Booknetic Integraciones (Addons)\"}]},{\"@type\":\"WebSite\",\"@id\":\"https:\\\/\\\/pluginspordolar.com\\\/#website\",\"url\":\"https:\\\/\\\/pluginspordolar.com\\\/\",\"name\":\"Plugins x Dolar\",\"description\":\"Complementos Premium\",\"publisher\":{\"@id\":\"https:\\\/\\\/pluginspordolar.com\\\/#organization\"},\"potentialAction\":[{\"@type\":\"SearchAction\",\"target\":{\"@type\":\"EntryPoint\",\"urlTemplate\":\"https:\\\/\\\/pluginspordolar.com\\\/?s={search_term_string}\"},\"query-input\":{\"@type\":\"PropertyValueSpecification\",\"valueRequired\":true,\"valueName\":\"search_term_string\"}}],\"inLanguage\":\"en-US\"},{\"@type\":\"Organization\",\"@id\":\"https:\\\/\\\/pluginspordolar.com\\\/#organization\",\"name\":\"Plugins x Dolar\",\"url\":\"https:\\\/\\\/pluginspordolar.com\\\/\",\"logo\":{\"@type\":\"ImageObject\",\"inLanguage\":\"en-US\",\"@id\":\"https:\\\/\\\/pluginspordolar.com\\\/#\\\/schema\\\/logo\\\/image\\\/\",\"url\":\"https:\\\/\\\/pluginspordolar.com\\\/wp-content\\\/uploads\\\/Logo-moderno-pluginsxdolar-e1674435267756.png\",\"contentUrl\":\"https:\\\/\\\/pluginspordolar.com\\\/wp-content\\\/uploads\\\/Logo-moderno-pluginsxdolar-e1674435267756.png\",\"width\":500,\"height\":111,\"caption\":\"Plugins x Dolar\"},\"image\":{\"@id\":\"https:\\\/\\\/pluginspordolar.com\\\/#\\\/schema\\\/logo\\\/image\\\/\"}}]}<\/script>\n<!-- \/ Yoast SEO plugin. -->","yoast_head_json":{"title":"Booknetic Integraciones (Addons) - Plugins x Dolar","robots":{"index":"noindex","follow":"nofollow"},"og_locale":"en_US","og_type":"article","og_title":"Booknetic Integraciones (Addons) - Plugins x Dolar","og_description":"M\u00e1s de 15 Integraciones (Addons) para Booknetic.  Aumenta las prestaciones del mejor Plugin de Reserva de citas con Integraci\u00f3n continua de gigantes tecnol\u00f3gicos de la industria para evitar cualquier ambig\u00fcedad en el proceso de reserva de citas.","og_url":"https:\/\/pluginspordolar.com\/en\/product\/booknetic-integraciones-addons\/","og_site_name":"Plugins x Dolar","article_modified_time":"2025-03-29T01:37:40+00:00","og_image":[{"width":500,"height":500,"url":"https:\/\/pluginspordolar.com\/wp-content\/uploads\/booknetic.jpg","type":"image\/jpeg"}],"twitter_card":"summary_large_image","twitter_misc":{"Est. reading time":"1 minute"},"schema":{"@context":"https:\/\/schema.org","@graph":[{"@type":"WebPage","@id":"https:\/\/pluginspordolar.com\/producto\/booknetic-integraciones-addons\/","url":"https:\/\/pluginspordolar.com\/producto\/booknetic-integraciones-addons\/","name":"Booknetic Integraciones (Addons) - Plugins x Dolar","isPartOf":{"@id":"https:\/\/pluginspordolar.com\/#website"},"primaryImageOfPage":{"@id":"https:\/\/pluginspordolar.com\/producto\/booknetic-integraciones-addons\/#primaryimage"},"image":{"@id":"https:\/\/pluginspordolar.com\/producto\/booknetic-integraciones-addons\/#primaryimage"},"thumbnailUrl":"https:\/\/pluginspordolar.com\/wp-content\/uploads\/booknetic.jpg","datePublished":"2025-03-03T21:47:09+00:00","dateModified":"2025-03-29T01:37:40+00:00","breadcrumb":{"@id":"https:\/\/pluginspordolar.com\/producto\/booknetic-integraciones-addons\/#breadcrumb"},"inLanguage":"en-US","potentialAction":[{"@type":"ReadAction","target":["https:\/\/pluginspordolar.com\/producto\/booknetic-integraciones-addons\/"]}]},{"@type":"ImageObject","inLanguage":"en-US","@id":"https:\/\/pluginspordolar.com\/producto\/booknetic-integraciones-addons\/#primaryimage","url":"https:\/\/pluginspordolar.com\/wp-content\/uploads\/booknetic.jpg","contentUrl":"https:\/\/pluginspordolar.com\/wp-content\/uploads\/booknetic.jpg","width":500,"height":500},{"@type":"BreadcrumbList","@id":"https:\/\/pluginspordolar.com\/producto\/booknetic-integraciones-addons\/#breadcrumb","itemListElement":[{"@type":"ListItem","position":1,"name":"Portada","item":"https:\/\/pluginspordolar.com\/"},{"@type":"ListItem","position":2,"name":"Tienda","item":"https:\/\/pluginspordolar.com\/tienda\/"},{"@type":"ListItem","position":3,"name":"Booknetic Integraciones (Addons)"}]},{"@type":"WebSite","@id":"https:\/\/pluginspordolar.com\/#website","url":"https:\/\/pluginspordolar.com\/","name":"Plugins x Dolar","description":"Complementos Premium","publisher":{"@id":"https:\/\/pluginspordolar.com\/#organization"},"potentialAction":[{"@type":"SearchAction","target":{"@type":"EntryPoint","urlTemplate":"https:\/\/pluginspordolar.com\/?s={search_term_string}"},"query-input":{"@type":"PropertyValueSpecification","valueRequired":true,"valueName":"search_term_string"}}],"inLanguage":"en-US"},{"@type":"Organization","@id":"https:\/\/pluginspordolar.com\/#organization","name":"Plugins x Dolar","url":"https:\/\/pluginspordolar.com\/","logo":{"@type":"ImageObject","inLanguage":"en-US","@id":"https:\/\/pluginspordolar.com\/#\/schema\/logo\/image\/","url":"https:\/\/pluginspordolar.com\/wp-content\/uploads\/Logo-moderno-pluginsxdolar-e1674435267756.png","contentUrl":"https:\/\/pluginspordolar.com\/wp-content\/uploads\/Logo-moderno-pluginsxdolar-e1674435267756.png","width":500,"height":111,"caption":"Plugins x Dolar"},"image":{"@id":"https:\/\/pluginspordolar.com\/#\/schema\/logo\/image\/"}}]}},"uagb_featured_image_src":{"full":["https:\/\/pluginspordolar.com\/wp-content\/uploads\/booknetic.jpg",500,500,false],"thumbnail":["https:\/\/pluginspordolar.com\/wp-content\/uploads\/booknetic.jpg",96,96,false],"medium":["https:\/\/pluginspordolar.com\/wp-content\/uploads\/booknetic.jpg",500,500,false],"medium_large":["https:\/\/pluginspordolar.com\/wp-content\/uploads\/booknetic.jpg",500,500,false],"large":["https:\/\/pluginspordolar.com\/wp-content\/uploads\/booknetic.jpg",500,500,false],"1536x1536":["https:\/\/pluginspordolar.com\/wp-content\/uploads\/booknetic.jpg",500,500,false],"2048x2048":["https:\/\/pluginspordolar.com\/wp-content\/uploads\/booknetic.jpg",500,500,false],"trp-custom-language-flag":["https:\/\/pluginspordolar.com\/wp-content\/uploads\/booknetic-12x12.jpg",12,12,true],"woocommerce_thumbnail":["https:\/\/pluginspordolar.com\/wp-content\/uploads\/booknetic-324x324.jpg",324,324,true],"woocommerce_single":["https:\/\/pluginspordolar.com\/wp-content\/uploads\/booknetic-416x416.jpg",416,416,true],"woocommerce_gallery_thumbnail":["https:\/\/pluginspordolar.com\/wp-content\/uploads\/booknetic-100x100.jpg",100,100,true]},"uagb_author_info":{"display_name":"nc","author_link":"https:\/\/pluginspordolar.com\/en\/author\/"},"uagb_comment_info":0,"uagb_excerpt":"M\u00e1s de 15 Integraciones (Addons) para Booknetic. Aumenta las prestaciones del mejor Plugin de Reserva de citas con Integraci\u00f3n continua de gigantes tecnol\u00f3gicos de la industria para evitar cualquier ambig\u00fcedad en el proceso de reserva de citas.","_links":{"self":[{"href":"https:\/\/pluginspordolar.com\/en\/wp-json\/wp\/v2\/product\/8720","targetHints":{"allow":["GET"]}}],"collection":[{"href":"https:\/\/pluginspordolar.com\/en\/wp-json\/wp\/v2\/product"}],"about":[{"href":"https:\/\/pluginspordolar.com\/en\/wp-json\/wp\/v2\/types\/product"}],"wp:featuredmedia":[{"embeddable":true,"href":"https:\/\/pluginspordolar.com\/en\/wp-json\/wp\/v2\/media\/8719"}],"wp:attachment":[{"href":"https:\/\/pluginspordolar.com\/en\/wp-json\/wp\/v2\/media?parent=8720"}],"wp:term":[{"taxonomy":"product_brand","embeddable":true,"href":"https:\/\/pluginspordolar.com\/en\/wp-json\/wp\/v2\/product_brand?post=8720"},{"taxonomy":"product_cat","embeddable":true,"href":"https:\/\/pluginspordolar.com\/en\/wp-json\/wp\/v2\/product_cat?post=8720"},{"taxonomy":"product_tag","embeddable":true,"href":"https:\/\/pluginspordolar.com\/en\/wp-json\/wp\/v2\/product_tag?post=8720"}],"curies":[{"name":"wp","href":"https:\/\/api.w.org\/{rel}","templated":true}]}}