{"id":8718,"date":"2025-03-03T21:25:52","date_gmt":"2025-03-03T21:25:52","guid":{"rendered":"https:\/\/pluginspordolar.com\/?post_type=product&#038;p=8718"},"modified":"2025-11-11T02:09:39","modified_gmt":"2025-11-11T02:09:39","slug":"booknetic-appointment-booking-nucleo","status":"publish","type":"product","link":"https:\/\/pluginspordolar.com\/en\/product\/booknetic-appointment-booking-nucleo\/","title":{"rendered":"Booknetic Appointment Booking (Core)"},"content":{"rendered":"<p><strong>Features.<\/strong><br \/>\nExplore the features of the plugin booking of appointments for WordPress and keep operations flowing.<\/p>\n<p>Widget Booking Fully Customizable<br \/>\nCustomize the widget of reservation of appointments for WordPress with form-builder, look, appearance and booking forms pre-selected.<\/p>\n<p>Layout Responsive<br \/>\nDesigned for every screen size, and browser, the plugin booking of appointments facilitates the navigation and management of reserves.<\/p>\n<p>Workflow management<br \/>\nUse our scheduler appointments to respond to every action through the funnel of reservation of appointments.<\/p>\n<p>Custom Forms<br \/>\nAdd loads of files, check boxes, schedules, social media accounts and much more to customize the front of your panel bookings.<\/p>\n<p>Panel Client<br \/>\nA panel of customer responsive mobile allows customers to create profiles, as well as view and edit appointments on the move.<\/p>\n<p>More than 15 Integrations<br \/>\nContinuous integration with tech giants of the industry in order to avoid any ambiguity in the process of booking appointments.<\/p>\n<p>Automate your Business Appointments<br \/>\nYou can automate 100% of your booking business appointments.<\/p>\n<p>Get Online Dating<br \/>\nAutomate notifications and reminders through the module Workflow.<br \/>\nWith more than 15 integrations, completely automates your business booking of appointments.<br \/>\nSave Time and Money<br \/>\nYou can save significantly both time and money by automating your business.<\/p>\n<p>No more manual work as everything is automated.<br \/>\nReceive booking of appointments online 24\/7.<br \/>\nSave your budget by avoiding additional employees.<br \/>\nCollects Data of your Customers<br \/>\nWhen you automate your business appointments, also you will collect the data of your customers.<\/p>\n<p>Collects the details of your clients in a list.<br \/>\nOptimize your funnel for booking appointments.<br \/>\nReuses the list of your customers for marketing campaigns.<br \/>\nIt simplifies Everything to your Customers<br \/>\nThe automation of reserves will make you and your clients will feel more comfortable.<\/p>\n<p>No more wasting time with long waits.<br \/>\nPay more fast via payment gateways online.<br \/>\nEasily manage your appointments with the panel of client.<\/p>\n<p><strong>Integrations:<\/strong><\/p>\n<p>Booknetic Email Action<\/p>\n<p>Booknetic Custom Forms<\/p>\n<p>Booknetic Coupons<\/p>\n<p>Booknetic Zoom<\/p>\n<p>Booknetic Giftcards<\/p>","protected":false},"excerpt":{"rendered":"<p>Booknetic: The Best Plugin Appointment Scheduling for WordPress.<br \/>\nBooknetic stands out as the best plugin appointment scheduling for WordPress, allowing the personalization and automation of online reservations.<\/p>\n<p><span class=\"elementor-icon-list-text\"><b>\u00daltima actualizaci\u00f3n: 03\/11\/2025<\/b><\/span><\/p>\n<p><i class=\"fas fa-dot-circle\" aria-hidden=\"true\"><\/i><span class=\"elementor-icon-list-text\"><b>Versi\u00f3n actual: 4.7.5<\/b><\/span><\/p>\n<p>mberc@g<\/p>","protected":false},"featured_media":8719,"template":"","meta":{"_eb_attr":"","_uag_custom_page_level_css":""},"product_brand":[],"product_cat":[44,27],"product_tag":[545],"class_list":{"0":"post-8718","1":"product","2":"type-product","3":"status-publish","4":"has-post-thumbnail","6":"product_cat-addons","7":"product_cat-plugins-wordpress","8":"product_tag-booknetic-nucleo","10":"first","11":"instock","12":"downloadable","13":"virtual","14":"sold-individually","15":"purchasable","16":"product-type-simple"},"yoast_head":"<!-- This site is optimized with the Yoast SEO plugin v27.4 - https:\/\/yoast.com\/product\/yoast-seo-wordpress\/ -->\n<title>Booknetic Appointment Booking (N\u00facleo) - Plugins x Dolar<\/title>\n<meta name=\"robots\" content=\"noindex, nofollow\" \/>\n<meta property=\"og:locale\" content=\"en_US\" \/>\n<meta property=\"og:type\" content=\"article\" \/>\n<meta property=\"og:title\" content=\"Booknetic Appointment Booking (N\u00facleo) - Plugins x Dolar\" \/>\n<meta property=\"og:description\" content=\"Booknetic: El Mejor Plugin de Programaci\u00f3n de Citas para WordPress. Booknetic destaca como el mejor plugin de programaci\u00f3n de citas para WordPress, permitiendo la personalizaci\u00f3n y automatizaci\u00f3n de reservas en l\u00ednea.  \u00daltima actualizaci\u00f3n: 03\/11\/2025  Versi\u00f3n actual: 4.7.5  mberc@g\" \/>\n<meta property=\"og:url\" content=\"https:\/\/pluginspordolar.com\/en\/product\/booknetic-appointment-booking-nucleo\/\" \/>\n<meta property=\"og:site_name\" content=\"Plugins x Dolar\" \/>\n<meta property=\"article:modified_time\" content=\"2025-11-11T02:09:39+00:00\" \/>\n<meta property=\"og:image\" content=\"https:\/\/pluginspordolar.com\/wp-content\/uploads\/booknetic.jpg\" \/>\n\t<meta property=\"og:image:width\" content=\"500\" \/>\n\t<meta property=\"og:image:height\" content=\"500\" \/>\n\t<meta property=\"og:image:type\" content=\"image\/jpeg\" \/>\n<meta name=\"twitter:card\" content=\"summary_large_image\" \/>\n<meta name=\"twitter:label1\" content=\"Est. reading time\" \/>\n\t<meta name=\"twitter:data1\" content=\"2 minutes\" \/>\n<script type=\"application\/ld+json\" class=\"yoast-schema-graph\">{\"@context\":\"https:\\\/\\\/schema.org\",\"@graph\":[{\"@type\":\"WebPage\",\"@id\":\"https:\\\/\\\/pluginspordolar.com\\\/producto\\\/booknetic-appointment-booking-nucleo\\\/\",\"url\":\"https:\\\/\\\/pluginspordolar.com\\\/producto\\\/booknetic-appointment-booking-nucleo\\\/\",\"name\":\"Booknetic Appointment Booking (N\u00facleo) - Plugins x Dolar\",\"isPartOf\":{\"@id\":\"https:\\\/\\\/pluginspordolar.com\\\/#website\"},\"primaryImageOfPage\":{\"@id\":\"https:\\\/\\\/pluginspordolar.com\\\/producto\\\/booknetic-appointment-booking-nucleo\\\/#primaryimage\"},\"image\":{\"@id\":\"https:\\\/\\\/pluginspordolar.com\\\/producto\\\/booknetic-appointment-booking-nucleo\\\/#primaryimage\"},\"thumbnailUrl\":\"https:\\\/\\\/pluginspordolar.com\\\/wp-content\\\/uploads\\\/booknetic.jpg\",\"datePublished\":\"2025-03-03T21:25:52+00:00\",\"dateModified\":\"2025-11-11T02:09:39+00:00\",\"breadcrumb\":{\"@id\":\"https:\\\/\\\/pluginspordolar.com\\\/producto\\\/booknetic-appointment-booking-nucleo\\\/#breadcrumb\"},\"inLanguage\":\"en-US\",\"potentialAction\":[{\"@type\":\"ReadAction\",\"target\":[\"https:\\\/\\\/pluginspordolar.com\\\/producto\\\/booknetic-appointment-booking-nucleo\\\/\"]}]},{\"@type\":\"ImageObject\",\"inLanguage\":\"en-US\",\"@id\":\"https:\\\/\\\/pluginspordolar.com\\\/producto\\\/booknetic-appointment-booking-nucleo\\\/#primaryimage\",\"url\":\"https:\\\/\\\/pluginspordolar.com\\\/wp-content\\\/uploads\\\/booknetic.jpg\",\"contentUrl\":\"https:\\\/\\\/pluginspordolar.com\\\/wp-content\\\/uploads\\\/booknetic.jpg\",\"width\":500,\"height\":500},{\"@type\":\"BreadcrumbList\",\"@id\":\"https:\\\/\\\/pluginspordolar.com\\\/producto\\\/booknetic-appointment-booking-nucleo\\\/#breadcrumb\",\"itemListElement\":[{\"@type\":\"ListItem\",\"position\":1,\"name\":\"Portada\",\"item\":\"https:\\\/\\\/pluginspordolar.com\\\/\"},{\"@type\":\"ListItem\",\"position\":2,\"name\":\"Tienda\",\"item\":\"https:\\\/\\\/pluginspordolar.com\\\/tienda\\\/\"},{\"@type\":\"ListItem\",\"position\":3,\"name\":\"Booknetic Appointment Booking (N\u00facleo)\"}]},{\"@type\":\"WebSite\",\"@id\":\"https:\\\/\\\/pluginspordolar.com\\\/#website\",\"url\":\"https:\\\/\\\/pluginspordolar.com\\\/\",\"name\":\"Plugins x Dolar\",\"description\":\"Complementos Premium\",\"publisher\":{\"@id\":\"https:\\\/\\\/pluginspordolar.com\\\/#organization\"},\"potentialAction\":[{\"@type\":\"SearchAction\",\"target\":{\"@type\":\"EntryPoint\",\"urlTemplate\":\"https:\\\/\\\/pluginspordolar.com\\\/?s={search_term_string}\"},\"query-input\":{\"@type\":\"PropertyValueSpecification\",\"valueRequired\":true,\"valueName\":\"search_term_string\"}}],\"inLanguage\":\"en-US\"},{\"@type\":\"Organization\",\"@id\":\"https:\\\/\\\/pluginspordolar.com\\\/#organization\",\"name\":\"Plugins x Dolar\",\"url\":\"https:\\\/\\\/pluginspordolar.com\\\/\",\"logo\":{\"@type\":\"ImageObject\",\"inLanguage\":\"en-US\",\"@id\":\"https:\\\/\\\/pluginspordolar.com\\\/#\\\/schema\\\/logo\\\/image\\\/\",\"url\":\"https:\\\/\\\/pluginspordolar.com\\\/wp-content\\\/uploads\\\/Logo-moderno-pluginsxdolar-e1674435267756.png\",\"contentUrl\":\"https:\\\/\\\/pluginspordolar.com\\\/wp-content\\\/uploads\\\/Logo-moderno-pluginsxdolar-e1674435267756.png\",\"width\":500,\"height\":111,\"caption\":\"Plugins x Dolar\"},\"image\":{\"@id\":\"https:\\\/\\\/pluginspordolar.com\\\/#\\\/schema\\\/logo\\\/image\\\/\"}}]}<\/script>\n<!-- \/ Yoast SEO plugin. -->","yoast_head_json":{"title":"Booknetic Appointment Booking (N\u00facleo) - Plugins x Dolar","robots":{"index":"noindex","follow":"nofollow"},"og_locale":"en_US","og_type":"article","og_title":"Booknetic Appointment Booking (N\u00facleo) - Plugins x Dolar","og_description":"Booknetic: El Mejor Plugin de Programaci\u00f3n de Citas para WordPress. Booknetic destaca como el mejor plugin de programaci\u00f3n de citas para WordPress, permitiendo la personalizaci\u00f3n y automatizaci\u00f3n de reservas en l\u00ednea.  \u00daltima actualizaci\u00f3n: 03\/11\/2025  Versi\u00f3n actual: 4.7.5  mberc@g","og_url":"https:\/\/pluginspordolar.com\/en\/product\/booknetic-appointment-booking-nucleo\/","og_site_name":"Plugins x Dolar","article_modified_time":"2025-11-11T02:09:39+00:00","og_image":[{"width":500,"height":500,"url":"https:\/\/pluginspordolar.com\/wp-content\/uploads\/booknetic.jpg","type":"image\/jpeg"}],"twitter_card":"summary_large_image","twitter_misc":{"Est. reading time":"2 minutes"},"schema":{"@context":"https:\/\/schema.org","@graph":[{"@type":"WebPage","@id":"https:\/\/pluginspordolar.com\/producto\/booknetic-appointment-booking-nucleo\/","url":"https:\/\/pluginspordolar.com\/producto\/booknetic-appointment-booking-nucleo\/","name":"Booknetic Appointment Booking (N\u00facleo) - Plugins x Dolar","isPartOf":{"@id":"https:\/\/pluginspordolar.com\/#website"},"primaryImageOfPage":{"@id":"https:\/\/pluginspordolar.com\/producto\/booknetic-appointment-booking-nucleo\/#primaryimage"},"image":{"@id":"https:\/\/pluginspordolar.com\/producto\/booknetic-appointment-booking-nucleo\/#primaryimage"},"thumbnailUrl":"https:\/\/pluginspordolar.com\/wp-content\/uploads\/booknetic.jpg","datePublished":"2025-03-03T21:25:52+00:00","dateModified":"2025-11-11T02:09:39+00:00","breadcrumb":{"@id":"https:\/\/pluginspordolar.com\/producto\/booknetic-appointment-booking-nucleo\/#breadcrumb"},"inLanguage":"en-US","potentialAction":[{"@type":"ReadAction","target":["https:\/\/pluginspordolar.com\/producto\/booknetic-appointment-booking-nucleo\/"]}]},{"@type":"ImageObject","inLanguage":"en-US","@id":"https:\/\/pluginspordolar.com\/producto\/booknetic-appointment-booking-nucleo\/#primaryimage","url":"https:\/\/pluginspordolar.com\/wp-content\/uploads\/booknetic.jpg","contentUrl":"https:\/\/pluginspordolar.com\/wp-content\/uploads\/booknetic.jpg","width":500,"height":500},{"@type":"BreadcrumbList","@id":"https:\/\/pluginspordolar.com\/producto\/booknetic-appointment-booking-nucleo\/#breadcrumb","itemListElement":[{"@type":"ListItem","position":1,"name":"Portada","item":"https:\/\/pluginspordolar.com\/"},{"@type":"ListItem","position":2,"name":"Tienda","item":"https:\/\/pluginspordolar.com\/tienda\/"},{"@type":"ListItem","position":3,"name":"Booknetic Appointment Booking (N\u00facleo)"}]},{"@type":"WebSite","@id":"https:\/\/pluginspordolar.com\/#website","url":"https:\/\/pluginspordolar.com\/","name":"Plugins x Dolar","description":"Complementos Premium","publisher":{"@id":"https:\/\/pluginspordolar.com\/#organization"},"potentialAction":[{"@type":"SearchAction","target":{"@type":"EntryPoint","urlTemplate":"https:\/\/pluginspordolar.com\/?s={search_term_string}"},"query-input":{"@type":"PropertyValueSpecification","valueRequired":true,"valueName":"search_term_string"}}],"inLanguage":"en-US"},{"@type":"Organization","@id":"https:\/\/pluginspordolar.com\/#organization","name":"Plugins x Dolar","url":"https:\/\/pluginspordolar.com\/","logo":{"@type":"ImageObject","inLanguage":"en-US","@id":"https:\/\/pluginspordolar.com\/#\/schema\/logo\/image\/","url":"https:\/\/pluginspordolar.com\/wp-content\/uploads\/Logo-moderno-pluginsxdolar-e1674435267756.png","contentUrl":"https:\/\/pluginspordolar.com\/wp-content\/uploads\/Logo-moderno-pluginsxdolar-e1674435267756.png","width":500,"height":111,"caption":"Plugins x Dolar"},"image":{"@id":"https:\/\/pluginspordolar.com\/#\/schema\/logo\/image\/"}}]}},"uagb_featured_image_src":{"full":["https:\/\/pluginspordolar.com\/wp-content\/uploads\/booknetic.jpg",500,500,false],"thumbnail":["https:\/\/pluginspordolar.com\/wp-content\/uploads\/booknetic.jpg",96,96,false],"medium":["https:\/\/pluginspordolar.com\/wp-content\/uploads\/booknetic.jpg",500,500,false],"medium_large":["https:\/\/pluginspordolar.com\/wp-content\/uploads\/booknetic.jpg",500,500,false],"large":["https:\/\/pluginspordolar.com\/wp-content\/uploads\/booknetic.jpg",500,500,false],"1536x1536":["https:\/\/pluginspordolar.com\/wp-content\/uploads\/booknetic.jpg",500,500,false],"2048x2048":["https:\/\/pluginspordolar.com\/wp-content\/uploads\/booknetic.jpg",500,500,false],"trp-custom-language-flag":["https:\/\/pluginspordolar.com\/wp-content\/uploads\/booknetic-12x12.jpg",12,12,true],"woocommerce_thumbnail":["https:\/\/pluginspordolar.com\/wp-content\/uploads\/booknetic-324x324.jpg",324,324,true],"woocommerce_single":["https:\/\/pluginspordolar.com\/wp-content\/uploads\/booknetic-416x416.jpg",416,416,true],"woocommerce_gallery_thumbnail":["https:\/\/pluginspordolar.com\/wp-content\/uploads\/booknetic-100x100.jpg",100,100,true]},"uagb_author_info":{"display_name":"nc","author_link":"https:\/\/pluginspordolar.com\/en\/author\/"},"uagb_comment_info":0,"uagb_excerpt":"Booknetic: El Mejor Plugin de Programaci\u00f3n de Citas para WordPress. Booknetic destaca como el mejor plugin de programaci\u00f3n de citas para WordPress, permitiendo la personalizaci\u00f3n y automatizaci\u00f3n de reservas en l\u00ednea. \u00daltima actualizaci\u00f3n: 03\/11\/2025 Versi\u00f3n actual: 4.7.5 mberc@g","_links":{"self":[{"href":"https:\/\/pluginspordolar.com\/en\/wp-json\/wp\/v2\/product\/8718","targetHints":{"allow":["GET"]}}],"collection":[{"href":"https:\/\/pluginspordolar.com\/en\/wp-json\/wp\/v2\/product"}],"about":[{"href":"https:\/\/pluginspordolar.com\/en\/wp-json\/wp\/v2\/types\/product"}],"wp:featuredmedia":[{"embeddable":true,"href":"https:\/\/pluginspordolar.com\/en\/wp-json\/wp\/v2\/media\/8719"}],"wp:attachment":[{"href":"https:\/\/pluginspordolar.com\/en\/wp-json\/wp\/v2\/media?parent=8718"}],"wp:term":[{"taxonomy":"product_brand","embeddable":true,"href":"https:\/\/pluginspordolar.com\/en\/wp-json\/wp\/v2\/product_brand?post=8718"},{"taxonomy":"product_cat","embeddable":true,"href":"https:\/\/pluginspordolar.com\/en\/wp-json\/wp\/v2\/product_cat?post=8718"},{"taxonomy":"product_tag","embeddable":true,"href":"https:\/\/pluginspordolar.com\/en\/wp-json\/wp\/v2\/product_tag?post=8718"}],"curies":[{"name":"wp","href":"https:\/\/api.w.org\/{rel}","templated":true}]}}