{"id":8545,"date":"2024-08-23T04:40:33","date_gmt":"2024-08-23T04:40:33","guid":{"rendered":"https:\/\/pluginspordolar.com\/?post_type=product&#038;p=8545"},"modified":"2025-03-29T01:37:40","modified_gmt":"2025-03-29T01:37:40","slug":"give-recurring-donations","status":"publish","type":"product","link":"https:\/\/pluginspordolar.com\/en\/product\/give-recurring-donations\/","title":{"rendered":"Give Recurring Donations."},"content":{"rendered":"<p>Several organizations accept donations regularly, in these cases, it is ideal to have with the plugin Recurring Donations to manage recurring payments. Comes with a feature of subscription built-in, advanced reporting, the ability to customize the emails of subscription, and much more.<\/p>\n<p><strong>Last update: 25\/03\/2024<\/strong><br \/>\n<strong>Current version: 2.6.0<\/strong><\/p>\n<p>&nbsp;<\/p>\n<p>mberc@gm<\/p>","protected":false},"excerpt":{"rendered":"<p>Turn your web site on a page of donations !!<\/p>\n<p>This\u00a0<a href=\"https:\/\/givewp.com\/addons\/recurring-donations\/\">add recurring donations<\/a>\u00a0\u00a0allows you to configure each one of their forms of donations to accept recurring donations continuously or for a specified period of time.<\/p>\n<p>&nbsp;<\/p>\n<p><strong>Last update: 25\/03\/2024<\/strong><br \/>\n<strong>Current version: 2.6.0<\/strong><\/p>\n<p>&nbsp;<\/p>\n<p>mberc@gm<\/p>","protected":false},"featured_media":8546,"template":"","meta":{"_eb_attr":"","_uag_custom_page_level_css":""},"product_brand":[],"product_cat":[44,27],"product_tag":[535],"class_list":{"0":"post-8545","1":"product","2":"type-product","3":"status-publish","4":"has-post-thumbnail","6":"product_cat-addons","7":"product_cat-plugins-wordpress","8":"product_tag-give","10":"first","11":"instock","12":"downloadable","13":"virtual","14":"purchasable","15":"product-type-simple"},"yoast_head":"<!-- This site is optimized with the Yoast SEO plugin v27.4 - https:\/\/yoast.com\/product\/yoast-seo-wordpress\/ -->\n<title>Give Recurring Donations - Plugins x Dolar<\/title>\n<meta name=\"robots\" content=\"noindex, nofollow\" \/>\n<meta property=\"og:locale\" content=\"en_US\" \/>\n<meta property=\"og:type\" content=\"article\" \/>\n<meta property=\"og:title\" content=\"Give Recurring Donations - Plugins x Dolar\" \/>\n<meta property=\"og:description\" content=\"Convierte tu sitio web en una pagina de donaciones !!  Este\u00a0complemento de donaciones recurrentes\u00a0\u00a0le permite configurar cada uno de sus formularios de donaciones para que acepten donaciones recurrentes de forma continua o durante un per\u00edodo de tiempo determinado.  &nbsp;  \u00daltima actualizaci\u00f3n: 25\/03\/2024 Versi\u00f3n actual: 2.6.0  &nbsp;  mberc@gm\" \/>\n<meta property=\"og:url\" content=\"https:\/\/pluginspordolar.com\/en\/product\/give-recurring-donations\/\" \/>\n<meta property=\"og:site_name\" content=\"Plugins x Dolar\" \/>\n<meta property=\"article:modified_time\" content=\"2025-03-29T01:37:40+00:00\" \/>\n<meta property=\"og:image\" content=\"https:\/\/pluginspordolar.com\/wp-content\/uploads\/give-wordpress-.jpg\" \/>\n\t<meta property=\"og:image:width\" content=\"280\" \/>\n\t<meta property=\"og:image:height\" content=\"280\" \/>\n\t<meta property=\"og:image:type\" content=\"image\/jpeg\" \/>\n<meta name=\"twitter:card\" content=\"summary_large_image\" \/>\n<meta name=\"twitter:label1\" content=\"Est. reading time\" \/>\n\t<meta name=\"twitter:data1\" content=\"1 minute\" \/>\n<script type=\"application\/ld+json\" class=\"yoast-schema-graph\">{\"@context\":\"https:\\\/\\\/schema.org\",\"@graph\":[{\"@type\":\"WebPage\",\"@id\":\"https:\\\/\\\/pluginspordolar.com\\\/producto\\\/give-recurring-donations\\\/\",\"url\":\"https:\\\/\\\/pluginspordolar.com\\\/producto\\\/give-recurring-donations\\\/\",\"name\":\"Give Recurring Donations - Plugins x Dolar\",\"isPartOf\":{\"@id\":\"https:\\\/\\\/pluginspordolar.com\\\/#website\"},\"primaryImageOfPage\":{\"@id\":\"https:\\\/\\\/pluginspordolar.com\\\/producto\\\/give-recurring-donations\\\/#primaryimage\"},\"image\":{\"@id\":\"https:\\\/\\\/pluginspordolar.com\\\/producto\\\/give-recurring-donations\\\/#primaryimage\"},\"thumbnailUrl\":\"https:\\\/\\\/pluginspordolar.com\\\/wp-content\\\/uploads\\\/give-wordpress-.jpg\",\"datePublished\":\"2024-08-23T04:40:33+00:00\",\"dateModified\":\"2025-03-29T01:37:40+00:00\",\"breadcrumb\":{\"@id\":\"https:\\\/\\\/pluginspordolar.com\\\/producto\\\/give-recurring-donations\\\/#breadcrumb\"},\"inLanguage\":\"en-US\",\"potentialAction\":[{\"@type\":\"ReadAction\",\"target\":[\"https:\\\/\\\/pluginspordolar.com\\\/producto\\\/give-recurring-donations\\\/\"]}]},{\"@type\":\"ImageObject\",\"inLanguage\":\"en-US\",\"@id\":\"https:\\\/\\\/pluginspordolar.com\\\/producto\\\/give-recurring-donations\\\/#primaryimage\",\"url\":\"https:\\\/\\\/pluginspordolar.com\\\/wp-content\\\/uploads\\\/give-wordpress-.jpg\",\"contentUrl\":\"https:\\\/\\\/pluginspordolar.com\\\/wp-content\\\/uploads\\\/give-wordpress-.jpg\",\"width\":280,\"height\":280},{\"@type\":\"BreadcrumbList\",\"@id\":\"https:\\\/\\\/pluginspordolar.com\\\/producto\\\/give-recurring-donations\\\/#breadcrumb\",\"itemListElement\":[{\"@type\":\"ListItem\",\"position\":1,\"name\":\"Portada\",\"item\":\"https:\\\/\\\/pluginspordolar.com\\\/\"},{\"@type\":\"ListItem\",\"position\":2,\"name\":\"Tienda\",\"item\":\"https:\\\/\\\/pluginspordolar.com\\\/tienda\\\/\"},{\"@type\":\"ListItem\",\"position\":3,\"name\":\"Give Recurring Donations\"}]},{\"@type\":\"WebSite\",\"@id\":\"https:\\\/\\\/pluginspordolar.com\\\/#website\",\"url\":\"https:\\\/\\\/pluginspordolar.com\\\/\",\"name\":\"Plugins x Dolar\",\"description\":\"Complementos Premium\",\"publisher\":{\"@id\":\"https:\\\/\\\/pluginspordolar.com\\\/#organization\"},\"potentialAction\":[{\"@type\":\"SearchAction\",\"target\":{\"@type\":\"EntryPoint\",\"urlTemplate\":\"https:\\\/\\\/pluginspordolar.com\\\/?s={search_term_string}\"},\"query-input\":{\"@type\":\"PropertyValueSpecification\",\"valueRequired\":true,\"valueName\":\"search_term_string\"}}],\"inLanguage\":\"en-US\"},{\"@type\":\"Organization\",\"@id\":\"https:\\\/\\\/pluginspordolar.com\\\/#organization\",\"name\":\"Plugins x Dolar\",\"url\":\"https:\\\/\\\/pluginspordolar.com\\\/\",\"logo\":{\"@type\":\"ImageObject\",\"inLanguage\":\"en-US\",\"@id\":\"https:\\\/\\\/pluginspordolar.com\\\/#\\\/schema\\\/logo\\\/image\\\/\",\"url\":\"https:\\\/\\\/pluginspordolar.com\\\/wp-content\\\/uploads\\\/Logo-moderno-pluginsxdolar-e1674435267756.png\",\"contentUrl\":\"https:\\\/\\\/pluginspordolar.com\\\/wp-content\\\/uploads\\\/Logo-moderno-pluginsxdolar-e1674435267756.png\",\"width\":500,\"height\":111,\"caption\":\"Plugins x Dolar\"},\"image\":{\"@id\":\"https:\\\/\\\/pluginspordolar.com\\\/#\\\/schema\\\/logo\\\/image\\\/\"}}]}<\/script>\n<!-- \/ Yoast SEO plugin. -->","yoast_head_json":{"title":"Give Recurring Donations - Plugins x Dolar","robots":{"index":"noindex","follow":"nofollow"},"og_locale":"en_US","og_type":"article","og_title":"Give Recurring Donations - Plugins x Dolar","og_description":"Convierte tu sitio web en una pagina de donaciones !!  Este\u00a0complemento de donaciones recurrentes\u00a0\u00a0le permite configurar cada uno de sus formularios de donaciones para que acepten donaciones recurrentes de forma continua o durante un per\u00edodo de tiempo determinado.  &nbsp;  \u00daltima actualizaci\u00f3n: 25\/03\/2024 Versi\u00f3n actual: 2.6.0  &nbsp;  mberc@gm","og_url":"https:\/\/pluginspordolar.com\/en\/product\/give-recurring-donations\/","og_site_name":"Plugins x Dolar","article_modified_time":"2025-03-29T01:37:40+00:00","og_image":[{"width":280,"height":280,"url":"https:\/\/pluginspordolar.com\/wp-content\/uploads\/give-wordpress-.jpg","type":"image\/jpeg"}],"twitter_card":"summary_large_image","twitter_misc":{"Est. reading time":"1 minute"},"schema":{"@context":"https:\/\/schema.org","@graph":[{"@type":"WebPage","@id":"https:\/\/pluginspordolar.com\/producto\/give-recurring-donations\/","url":"https:\/\/pluginspordolar.com\/producto\/give-recurring-donations\/","name":"Give Recurring Donations - Plugins x Dolar","isPartOf":{"@id":"https:\/\/pluginspordolar.com\/#website"},"primaryImageOfPage":{"@id":"https:\/\/pluginspordolar.com\/producto\/give-recurring-donations\/#primaryimage"},"image":{"@id":"https:\/\/pluginspordolar.com\/producto\/give-recurring-donations\/#primaryimage"},"thumbnailUrl":"https:\/\/pluginspordolar.com\/wp-content\/uploads\/give-wordpress-.jpg","datePublished":"2024-08-23T04:40:33+00:00","dateModified":"2025-03-29T01:37:40+00:00","breadcrumb":{"@id":"https:\/\/pluginspordolar.com\/producto\/give-recurring-donations\/#breadcrumb"},"inLanguage":"en-US","potentialAction":[{"@type":"ReadAction","target":["https:\/\/pluginspordolar.com\/producto\/give-recurring-donations\/"]}]},{"@type":"ImageObject","inLanguage":"en-US","@id":"https:\/\/pluginspordolar.com\/producto\/give-recurring-donations\/#primaryimage","url":"https:\/\/pluginspordolar.com\/wp-content\/uploads\/give-wordpress-.jpg","contentUrl":"https:\/\/pluginspordolar.com\/wp-content\/uploads\/give-wordpress-.jpg","width":280,"height":280},{"@type":"BreadcrumbList","@id":"https:\/\/pluginspordolar.com\/producto\/give-recurring-donations\/#breadcrumb","itemListElement":[{"@type":"ListItem","position":1,"name":"Portada","item":"https:\/\/pluginspordolar.com\/"},{"@type":"ListItem","position":2,"name":"Tienda","item":"https:\/\/pluginspordolar.com\/tienda\/"},{"@type":"ListItem","position":3,"name":"Give Recurring Donations"}]},{"@type":"WebSite","@id":"https:\/\/pluginspordolar.com\/#website","url":"https:\/\/pluginspordolar.com\/","name":"Plugins x Dolar","description":"Complementos Premium","publisher":{"@id":"https:\/\/pluginspordolar.com\/#organization"},"potentialAction":[{"@type":"SearchAction","target":{"@type":"EntryPoint","urlTemplate":"https:\/\/pluginspordolar.com\/?s={search_term_string}"},"query-input":{"@type":"PropertyValueSpecification","valueRequired":true,"valueName":"search_term_string"}}],"inLanguage":"en-US"},{"@type":"Organization","@id":"https:\/\/pluginspordolar.com\/#organization","name":"Plugins x Dolar","url":"https:\/\/pluginspordolar.com\/","logo":{"@type":"ImageObject","inLanguage":"en-US","@id":"https:\/\/pluginspordolar.com\/#\/schema\/logo\/image\/","url":"https:\/\/pluginspordolar.com\/wp-content\/uploads\/Logo-moderno-pluginsxdolar-e1674435267756.png","contentUrl":"https:\/\/pluginspordolar.com\/wp-content\/uploads\/Logo-moderno-pluginsxdolar-e1674435267756.png","width":500,"height":111,"caption":"Plugins x Dolar"},"image":{"@id":"https:\/\/pluginspordolar.com\/#\/schema\/logo\/image\/"}}]}},"uagb_featured_image_src":{"full":["https:\/\/pluginspordolar.com\/wp-content\/uploads\/give-wordpress-.jpg",280,280,false],"thumbnail":["https:\/\/pluginspordolar.com\/wp-content\/uploads\/give-wordpress-.jpg",96,96,false],"medium":["https:\/\/pluginspordolar.com\/wp-content\/uploads\/give-wordpress-.jpg",280,280,false],"medium_large":["https:\/\/pluginspordolar.com\/wp-content\/uploads\/give-wordpress-.jpg",280,280,false],"large":["https:\/\/pluginspordolar.com\/wp-content\/uploads\/give-wordpress-.jpg",280,280,false],"1536x1536":["https:\/\/pluginspordolar.com\/wp-content\/uploads\/give-wordpress-.jpg",280,280,false],"2048x2048":["https:\/\/pluginspordolar.com\/wp-content\/uploads\/give-wordpress-.jpg",280,280,false],"trp-custom-language-flag":["https:\/\/pluginspordolar.com\/wp-content\/uploads\/give-wordpress--12x12.jpg",12,12,true],"woocommerce_thumbnail":["https:\/\/pluginspordolar.com\/wp-content\/uploads\/give-wordpress-.jpg",280,280,false],"woocommerce_single":["https:\/\/pluginspordolar.com\/wp-content\/uploads\/give-wordpress-.jpg",280,280,false],"woocommerce_gallery_thumbnail":["https:\/\/pluginspordolar.com\/wp-content\/uploads\/give-wordpress--100x100.jpg",100,100,true]},"uagb_author_info":{"display_name":"nc","author_link":"https:\/\/pluginspordolar.com\/en\/author\/"},"uagb_comment_info":0,"uagb_excerpt":"Convierte tu sitio web en una pagina de donaciones !! Este\u00a0complemento de donaciones recurrentes\u00a0\u00a0le permite configurar cada uno de sus formularios de donaciones para que acepten donaciones recurrentes de forma continua o durante un per\u00edodo de tiempo determinado. &nbsp; \u00daltima actualizaci\u00f3n: 25\/03\/2024 Versi\u00f3n actual: 2.6.0 &nbsp; mberc@gm","_links":{"self":[{"href":"https:\/\/pluginspordolar.com\/en\/wp-json\/wp\/v2\/product\/8545","targetHints":{"allow":["GET"]}}],"collection":[{"href":"https:\/\/pluginspordolar.com\/en\/wp-json\/wp\/v2\/product"}],"about":[{"href":"https:\/\/pluginspordolar.com\/en\/wp-json\/wp\/v2\/types\/product"}],"wp:featuredmedia":[{"embeddable":true,"href":"https:\/\/pluginspordolar.com\/en\/wp-json\/wp\/v2\/media\/8546"}],"wp:attachment":[{"href":"https:\/\/pluginspordolar.com\/en\/wp-json\/wp\/v2\/media?parent=8545"}],"wp:term":[{"taxonomy":"product_brand","embeddable":true,"href":"https:\/\/pluginspordolar.com\/en\/wp-json\/wp\/v2\/product_brand?post=8545"},{"taxonomy":"product_cat","embeddable":true,"href":"https:\/\/pluginspordolar.com\/en\/wp-json\/wp\/v2\/product_cat?post=8545"},{"taxonomy":"product_tag","embeddable":true,"href":"https:\/\/pluginspordolar.com\/en\/wp-json\/wp\/v2\/product_tag?post=8545"}],"curies":[{"name":"wp","href":"https:\/\/api.w.org\/{rel}","templated":true}]}}