{"id":8469,"date":"2024-08-05T22:03:03","date_gmt":"2024-08-05T22:03:03","guid":{"rendered":"https:\/\/pluginspordolar.com\/?post_type=product&#038;p=8469"},"modified":"2025-03-29T02:09:10","modified_gmt":"2025-03-29T02:09:10","slug":"tu-web-agencia-de-marketing-digital-lista","status":"publish","type":"product","link":"https:\/\/pluginspordolar.com\/en\/product\/tu-web-agencia-de-marketing-digital-lista\/","title":{"rendered":"You Web Digital Marketing Agency List"},"content":{"rendered":"<p>You have Experience in WEB Design, but would like to have the ease of a Template list only to edit ? or perhaps you have a basic knowledge of WordPress but don&#039;t have time to set up a Digital Marketing Agency on the Internet ? or just need to quickly position your Agency Online, and you need the ease and simplicity of a Template is fully Editable and pre-configured to be ready only by editing and uploading to your Hosting ?<\/p>\n<p>Well, this is the Solution that we have developed in <strong>Digimarketing North Carolina<\/strong> , is a Configured Template ready to edit and Easy Way with the best WordPress Plugins Pre-installed Including the Issue Number 1 used by the best Online travel Agencies in the World fully Compatible with WordPress Plugins and theme Astra.<\/p>","protected":false},"excerpt":{"rendered":"<p>Configured template List and Editable to the creation of a Digital Marketing Agency that is compatible with the Theme Astra, only edit it by placing your services, your Logo and Colors !<\/p>\n<p>Est\u00e1mos preparando un <strong>Curso pr\u00e1ctico para que aprendas Wordpress editando tu sitio web\u00a0 editable<\/strong> verifica el link en la Pesta\u00f1a de Cursos abajo al lado de la Descripci\u00f3n.<\/p>\n<p><strong>(INCLUDED FOR FREE ONLY ON THE PLAN OF MEMBERSHIP-LIFETIME) <\/strong>with memberships are Monthly and Annual you can download it with a special discount.<\/p>","protected":false},"featured_media":8477,"template":"","meta":{"_eb_attr":"","_uag_custom_page_level_css":""},"product_brand":[],"product_cat":[24],"product_tag":[532],"class_list":{"0":"post-8469","1":"product","2":"type-product","3":"status-publish","4":"has-post-thumbnail","6":"product_cat-sitios-web-listos","7":"product_tag-web-de-marketing-digital","9":"first","10":"instock","11":"sale","12":"downloadable","13":"virtual","14":"sold-individually","15":"purchasable","16":"product-type-simple"},"yoast_head":"<!-- This site is optimized with the Yoast SEO plugin v27.1.1 - https:\/\/yoast.com\/product\/yoast-seo-wordpress\/ -->\n<title>T\u00fa Web Agencia de Marketing Digital Lista - Plugins x Dolar<\/title>\n<meta name=\"description\" content=\"Web de Agencia de Marketing Digital Lista y editable para crear y emprender tu propia agencia de marketing de forma rapida por medio de un archivo Zap\" \/>\n<meta name=\"robots\" content=\"noindex, follow\" \/>\n<meta property=\"og:locale\" content=\"en_US\" \/>\n<meta property=\"og:type\" content=\"article\" \/>\n<meta property=\"og:title\" content=\"T\u00fa Web Agencia de Marketing Digital Lista - Plugins x Dolar\" \/>\n<meta property=\"og:description\" content=\"Web de Agencia de Marketing Digital Lista y editable para crear y emprender tu propia agencia de marketing de forma rapida por medio de un archivo Zap\" \/>\n<meta property=\"og:url\" content=\"https:\/\/pluginspordolar.com\/en\/product\/tu-web-agencia-de-marketing-digital-lista\/\" \/>\n<meta property=\"og:site_name\" content=\"Plugins x Dolar\" \/>\n<meta property=\"article:modified_time\" content=\"2025-03-29T02:09:10+00:00\" \/>\n<meta property=\"og:image\" content=\"https:\/\/pluginspordolar.com\/wp-content\/uploads\/web-agencia-de-mkd-edit-act.png\" \/>\n\t<meta property=\"og:image:width\" content=\"388\" \/>\n\t<meta property=\"og:image:height\" content=\"412\" \/>\n\t<meta property=\"og:image:type\" content=\"image\/png\" \/>\n<meta name=\"twitter:card\" content=\"summary_large_image\" \/>\n<meta name=\"twitter:label1\" content=\"Est. reading time\" \/>\n\t<meta name=\"twitter:data1\" content=\"1 minute\" \/>\n<script type=\"application\/ld+json\" class=\"yoast-schema-graph\">{\"@context\":\"https:\/\/schema.org\",\"@graph\":[{\"@type\":\"WebPage\",\"@id\":\"https:\/\/pluginspordolar.com\/producto\/tu-web-agencia-de-marketing-digital-lista\/\",\"url\":\"https:\/\/pluginspordolar.com\/producto\/tu-web-agencia-de-marketing-digital-lista\/\",\"name\":\"T\u00fa Web Agencia de Marketing Digital Lista - Plugins x Dolar\",\"isPartOf\":{\"@id\":\"https:\/\/pluginspordolar.com\/#website\"},\"primaryImageOfPage\":{\"@id\":\"https:\/\/pluginspordolar.com\/producto\/tu-web-agencia-de-marketing-digital-lista\/#primaryimage\"},\"image\":{\"@id\":\"https:\/\/pluginspordolar.com\/producto\/tu-web-agencia-de-marketing-digital-lista\/#primaryimage\"},\"thumbnailUrl\":\"https:\/\/pluginspordolar.com\/wp-content\/uploads\/web-agencia-de-mkd-edit-act.png\",\"datePublished\":\"2024-08-05T22:03:03+00:00\",\"dateModified\":\"2025-03-29T02:09:10+00:00\",\"description\":\"Web de Agencia de Marketing Digital Lista y editable para crear y emprender tu propia agencia de marketing de forma rapida por medio de un archivo Zap\",\"breadcrumb\":{\"@id\":\"https:\/\/pluginspordolar.com\/producto\/tu-web-agencia-de-marketing-digital-lista\/#breadcrumb\"},\"inLanguage\":\"en-US\",\"potentialAction\":[{\"@type\":\"ReadAction\",\"target\":[\"https:\/\/pluginspordolar.com\/producto\/tu-web-agencia-de-marketing-digital-lista\/\"]}]},{\"@type\":\"ImageObject\",\"inLanguage\":\"en-US\",\"@id\":\"https:\/\/pluginspordolar.com\/producto\/tu-web-agencia-de-marketing-digital-lista\/#primaryimage\",\"url\":\"https:\/\/pluginspordolar.com\/wp-content\/uploads\/web-agencia-de-mkd-edit-act.png\",\"contentUrl\":\"https:\/\/pluginspordolar.com\/wp-content\/uploads\/web-agencia-de-mkd-edit-act.png\",\"width\":388,\"height\":412},{\"@type\":\"BreadcrumbList\",\"@id\":\"https:\/\/pluginspordolar.com\/producto\/tu-web-agencia-de-marketing-digital-lista\/#breadcrumb\",\"itemListElement\":[{\"@type\":\"ListItem\",\"position\":1,\"name\":\"Portada\",\"item\":\"https:\/\/pluginspordolar.com\/\"},{\"@type\":\"ListItem\",\"position\":2,\"name\":\"Tienda\",\"item\":\"https:\/\/pluginspordolar.com\/tienda\/\"},{\"@type\":\"ListItem\",\"position\":3,\"name\":\"T\u00fa Web Agencia de Marketing Digital Lista\"}]},{\"@type\":\"WebSite\",\"@id\":\"https:\/\/pluginspordolar.com\/#website\",\"url\":\"https:\/\/pluginspordolar.com\/\",\"name\":\"Plugins x Dolar\",\"description\":\"Complementos Premium\",\"publisher\":{\"@id\":\"https:\/\/pluginspordolar.com\/#organization\"},\"potentialAction\":[{\"@type\":\"SearchAction\",\"target\":{\"@type\":\"EntryPoint\",\"urlTemplate\":\"https:\/\/pluginspordolar.com\/?s={search_term_string}\"},\"query-input\":{\"@type\":\"PropertyValueSpecification\",\"valueRequired\":true,\"valueName\":\"search_term_string\"}}],\"inLanguage\":\"en-US\"},{\"@type\":\"Organization\",\"@id\":\"https:\/\/pluginspordolar.com\/#organization\",\"name\":\"Plugins x Dolar\",\"url\":\"https:\/\/pluginspordolar.com\/\",\"logo\":{\"@type\":\"ImageObject\",\"inLanguage\":\"en-US\",\"@id\":\"https:\/\/pluginspordolar.com\/#\/schema\/logo\/image\/\",\"url\":\"https:\/\/pluginspordolar.com\/wp-content\/uploads\/Logo-moderno-pluginsxdolar-e1674435267756.png\",\"contentUrl\":\"https:\/\/pluginspordolar.com\/wp-content\/uploads\/Logo-moderno-pluginsxdolar-e1674435267756.png\",\"width\":500,\"height\":111,\"caption\":\"Plugins x Dolar\"},\"image\":{\"@id\":\"https:\/\/pluginspordolar.com\/#\/schema\/logo\/image\/\"}}]}<\/script>\n<!-- \/ Yoast SEO plugin. -->","yoast_head_json":{"title":"T\u00fa Web Agencia de Marketing Digital Lista - Plugins x Dolar","description":"Web de Agencia de Marketing Digital Lista y editable para crear y emprender tu propia agencia de marketing de forma rapida por medio de un archivo Zap","robots":{"index":"noindex","follow":"follow"},"og_locale":"en_US","og_type":"article","og_title":"T\u00fa Web Agencia de Marketing Digital Lista - Plugins x Dolar","og_description":"Web de Agencia de Marketing Digital Lista y editable para crear y emprender tu propia agencia de marketing de forma rapida por medio de un archivo Zap","og_url":"https:\/\/pluginspordolar.com\/en\/product\/tu-web-agencia-de-marketing-digital-lista\/","og_site_name":"Plugins x Dolar","article_modified_time":"2025-03-29T02:09:10+00:00","og_image":[{"width":388,"height":412,"url":"https:\/\/pluginspordolar.com\/wp-content\/uploads\/web-agencia-de-mkd-edit-act.png","type":"image\/png"}],"twitter_card":"summary_large_image","twitter_misc":{"Est. reading time":"1 minute"},"schema":{"@context":"https:\/\/schema.org","@graph":[{"@type":"WebPage","@id":"https:\/\/pluginspordolar.com\/producto\/tu-web-agencia-de-marketing-digital-lista\/","url":"https:\/\/pluginspordolar.com\/producto\/tu-web-agencia-de-marketing-digital-lista\/","name":"T\u00fa Web Agencia de Marketing Digital Lista - Plugins x Dolar","isPartOf":{"@id":"https:\/\/pluginspordolar.com\/#website"},"primaryImageOfPage":{"@id":"https:\/\/pluginspordolar.com\/producto\/tu-web-agencia-de-marketing-digital-lista\/#primaryimage"},"image":{"@id":"https:\/\/pluginspordolar.com\/producto\/tu-web-agencia-de-marketing-digital-lista\/#primaryimage"},"thumbnailUrl":"https:\/\/pluginspordolar.com\/wp-content\/uploads\/web-agencia-de-mkd-edit-act.png","datePublished":"2024-08-05T22:03:03+00:00","dateModified":"2025-03-29T02:09:10+00:00","description":"Web de Agencia de Marketing Digital Lista y editable para crear y emprender tu propia agencia de marketing de forma rapida por medio de un archivo Zap","breadcrumb":{"@id":"https:\/\/pluginspordolar.com\/producto\/tu-web-agencia-de-marketing-digital-lista\/#breadcrumb"},"inLanguage":"en-US","potentialAction":[{"@type":"ReadAction","target":["https:\/\/pluginspordolar.com\/producto\/tu-web-agencia-de-marketing-digital-lista\/"]}]},{"@type":"ImageObject","inLanguage":"en-US","@id":"https:\/\/pluginspordolar.com\/producto\/tu-web-agencia-de-marketing-digital-lista\/#primaryimage","url":"https:\/\/pluginspordolar.com\/wp-content\/uploads\/web-agencia-de-mkd-edit-act.png","contentUrl":"https:\/\/pluginspordolar.com\/wp-content\/uploads\/web-agencia-de-mkd-edit-act.png","width":388,"height":412},{"@type":"BreadcrumbList","@id":"https:\/\/pluginspordolar.com\/producto\/tu-web-agencia-de-marketing-digital-lista\/#breadcrumb","itemListElement":[{"@type":"ListItem","position":1,"name":"Portada","item":"https:\/\/pluginspordolar.com\/"},{"@type":"ListItem","position":2,"name":"Tienda","item":"https:\/\/pluginspordolar.com\/tienda\/"},{"@type":"ListItem","position":3,"name":"T\u00fa Web Agencia de Marketing Digital Lista"}]},{"@type":"WebSite","@id":"https:\/\/pluginspordolar.com\/#website","url":"https:\/\/pluginspordolar.com\/","name":"Plugins x Dolar","description":"Complementos Premium","publisher":{"@id":"https:\/\/pluginspordolar.com\/#organization"},"potentialAction":[{"@type":"SearchAction","target":{"@type":"EntryPoint","urlTemplate":"https:\/\/pluginspordolar.com\/?s={search_term_string}"},"query-input":{"@type":"PropertyValueSpecification","valueRequired":true,"valueName":"search_term_string"}}],"inLanguage":"en-US"},{"@type":"Organization","@id":"https:\/\/pluginspordolar.com\/#organization","name":"Plugins x Dolar","url":"https:\/\/pluginspordolar.com\/","logo":{"@type":"ImageObject","inLanguage":"en-US","@id":"https:\/\/pluginspordolar.com\/#\/schema\/logo\/image\/","url":"https:\/\/pluginspordolar.com\/wp-content\/uploads\/Logo-moderno-pluginsxdolar-e1674435267756.png","contentUrl":"https:\/\/pluginspordolar.com\/wp-content\/uploads\/Logo-moderno-pluginsxdolar-e1674435267756.png","width":500,"height":111,"caption":"Plugins x Dolar"},"image":{"@id":"https:\/\/pluginspordolar.com\/#\/schema\/logo\/image\/"}}]}},"uagb_featured_image_src":{"full":["https:\/\/pluginspordolar.com\/wp-content\/uploads\/web-agencia-de-mkd-edit-act.png",388,412,false],"thumbnail":["https:\/\/pluginspordolar.com\/wp-content\/uploads\/web-agencia-de-mkd-edit-act.png",90,96,false],"medium":["https:\/\/pluginspordolar.com\/wp-content\/uploads\/web-agencia-de-mkd-edit-act.png",388,412,false],"medium_large":["https:\/\/pluginspordolar.com\/wp-content\/uploads\/web-agencia-de-mkd-edit-act.png",388,412,false],"large":["https:\/\/pluginspordolar.com\/wp-content\/uploads\/web-agencia-de-mkd-edit-act.png",388,412,false],"1536x1536":["https:\/\/pluginspordolar.com\/wp-content\/uploads\/web-agencia-de-mkd-edit-act.png",388,412,false],"2048x2048":["https:\/\/pluginspordolar.com\/wp-content\/uploads\/web-agencia-de-mkd-edit-act.png",388,412,false],"trp-custom-language-flag":["https:\/\/pluginspordolar.com\/wp-content\/uploads\/web-agencia-de-mkd-edit-act-11x12.png",11,12,true],"woocommerce_thumbnail":["https:\/\/pluginspordolar.com\/wp-content\/uploads\/web-agencia-de-mkd-edit-act-324x324.png",324,324,true],"woocommerce_single":["https:\/\/pluginspordolar.com\/wp-content\/uploads\/web-agencia-de-mkd-edit-act.png",388,412,false],"woocommerce_gallery_thumbnail":["https:\/\/pluginspordolar.com\/wp-content\/uploads\/web-agencia-de-mkd-edit-act-100x100.png",100,100,true]},"uagb_author_info":{"display_name":"nc","author_link":"https:\/\/pluginspordolar.com\/en\/author\/"},"uagb_comment_info":0,"uagb_excerpt":"Plantilla configurada Lista y Editable para la creaci\u00f3n de una Agencia de Marketing Digital compatible con el Tema Astra, solo ed\u00edtala colocando tus servicios, Logotipo y Colores ! Est\u00e1mos preparando un Curso pr\u00e1ctico para que aprendas Wordpress editando tu sitio web\u00a0 editable verifica el link en la Pesta\u00f1a de Cursos abajo al lado de la&hellip;","_links":{"self":[{"href":"https:\/\/pluginspordolar.com\/en\/wp-json\/wp\/v2\/product\/8469","targetHints":{"allow":["GET"]}}],"collection":[{"href":"https:\/\/pluginspordolar.com\/en\/wp-json\/wp\/v2\/product"}],"about":[{"href":"https:\/\/pluginspordolar.com\/en\/wp-json\/wp\/v2\/types\/product"}],"wp:featuredmedia":[{"embeddable":true,"href":"https:\/\/pluginspordolar.com\/en\/wp-json\/wp\/v2\/media\/8477"}],"wp:attachment":[{"href":"https:\/\/pluginspordolar.com\/en\/wp-json\/wp\/v2\/media?parent=8469"}],"wp:term":[{"taxonomy":"product_brand","embeddable":true,"href":"https:\/\/pluginspordolar.com\/en\/wp-json\/wp\/v2\/product_brand?post=8469"},{"taxonomy":"product_cat","embeddable":true,"href":"https:\/\/pluginspordolar.com\/en\/wp-json\/wp\/v2\/product_cat?post=8469"},{"taxonomy":"product_tag","embeddable":true,"href":"https:\/\/pluginspordolar.com\/en\/wp-json\/wp\/v2\/product_tag?post=8469"}],"curies":[{"name":"wp","href":"https:\/\/api.w.org\/{rel}","templated":true}]}}