{"id":8467,"date":"2024-08-05T22:03:03","date_gmt":"2024-08-05T22:03:03","guid":{"rendered":"https:\/\/pluginspordolar.com\/?post_type=product&#038;p=8467"},"modified":"2025-03-29T01:37:40","modified_gmt":"2025-03-29T01:37:40","slug":"super-pack-de-importacion-de-productos-woo","status":"publish","type":"product","link":"https:\/\/pluginspordolar.com\/en\/product\/super-pack-de-importacion-de-productos-woo\/","title":{"rendered":"Super pack of import of products Woo"},"content":{"rendered":"<p>El pack incluye 2 plugins X 1 premiun de extensiones para Woocommerce ideales para importar productos masivamente sin dolores de cabeza y de manera f\u00e1cil para usuarios sin conocimientos avanzados.<\/p>\n<p>(Recuerde descomprimir el archivo e instalar cada plugin por aparte)<\/p>","protected":false},"excerpt":{"rendered":"<p>No sufras m\u00e1s para importar productos de Woocommerce de forma masiva, aqu\u00ed tienes 2 plugins Premium X uno !<\/p>\n<p><strong>\u00daltima actualizaci\u00f3n: 18.03.23<\/strong><br \/>\n<strong>Versi\u00f3n actual: 4.7.9<\/strong><\/p>\n<p>&nbsp;<\/p>\n<p>&nbsp;<\/p>\n<p>mb@gm<\/p>","protected":false},"featured_media":8475,"template":"","meta":{"_eb_attr":"","_uag_custom_page_level_css":""},"product_brand":[],"product_cat":[44,71],"product_tag":[530],"class_list":{"0":"post-8467","1":"product","2":"type-product","3":"status-publish","4":"has-post-thumbnail","6":"product_cat-addons","7":"product_cat-plugins-woocommerce","8":"product_tag-pack-woocommerce","10":"first","11":"instock","12":"downloadable","13":"virtual","14":"sold-individually","15":"purchasable","16":"product-type-simple"},"yoast_head":"<!-- This site is optimized with the Yoast SEO plugin v27.4 - https:\/\/yoast.com\/product\/yoast-seo-wordpress\/ -->\n<title>S\u00faper pack de importaci\u00f3n de productos Woo - Plugins x Dolar<\/title>\n<meta name=\"robots\" content=\"noindex, follow\" \/>\n<meta property=\"og:locale\" content=\"en_US\" \/>\n<meta property=\"og:type\" content=\"article\" \/>\n<meta property=\"og:title\" content=\"S\u00faper pack de importaci\u00f3n de productos Woo - Plugins x Dolar\" \/>\n<meta property=\"og:description\" content=\"No sufras m\u00e1s para importar productos de Woocommerce de forma masiva, aqu\u00ed tienes 2 plugins Premium X uno !  \u00daltima actualizaci\u00f3n: 18.03.23 Versi\u00f3n actual: 4.7.9  &nbsp;  &nbsp;  mb@gm\" \/>\n<meta property=\"og:url\" content=\"https:\/\/pluginspordolar.com\/en\/product\/super-pack-de-importacion-de-productos-woo\/\" \/>\n<meta property=\"og:site_name\" content=\"Plugins x Dolar\" \/>\n<meta property=\"article:modified_time\" content=\"2025-03-29T01:37:40+00:00\" \/>\n<meta property=\"og:image\" content=\"https:\/\/pluginspordolar.com\/wp-content\/uploads\/All-Import-Pro-WooCommerce-Addon-super-pack.png\" \/>\n\t<meta property=\"og:image:width\" content=\"280\" \/>\n\t<meta property=\"og:image:height\" content=\"280\" \/>\n\t<meta property=\"og:image:type\" content=\"image\/png\" \/>\n<meta name=\"twitter:card\" content=\"summary_large_image\" \/>\n<meta name=\"twitter:label1\" content=\"Est. reading time\" \/>\n\t<meta name=\"twitter:data1\" content=\"1 minute\" \/>\n<script type=\"application\/ld+json\" class=\"yoast-schema-graph\">{\"@context\":\"https:\\\/\\\/schema.org\",\"@graph\":[{\"@type\":\"WebPage\",\"@id\":\"https:\\\/\\\/pluginspordolar.com\\\/producto\\\/super-pack-de-importacion-de-productos-woo\\\/\",\"url\":\"https:\\\/\\\/pluginspordolar.com\\\/producto\\\/super-pack-de-importacion-de-productos-woo\\\/\",\"name\":\"S\u00faper pack de importaci\u00f3n de productos Woo - Plugins x Dolar\",\"isPartOf\":{\"@id\":\"https:\\\/\\\/pluginspordolar.com\\\/#website\"},\"primaryImageOfPage\":{\"@id\":\"https:\\\/\\\/pluginspordolar.com\\\/producto\\\/super-pack-de-importacion-de-productos-woo\\\/#primaryimage\"},\"image\":{\"@id\":\"https:\\\/\\\/pluginspordolar.com\\\/producto\\\/super-pack-de-importacion-de-productos-woo\\\/#primaryimage\"},\"thumbnailUrl\":\"https:\\\/\\\/pluginspordolar.com\\\/wp-content\\\/uploads\\\/All-Import-Pro-WooCommerce-Addon-super-pack.png\",\"datePublished\":\"2024-08-05T22:03:03+00:00\",\"dateModified\":\"2025-03-29T01:37:40+00:00\",\"breadcrumb\":{\"@id\":\"https:\\\/\\\/pluginspordolar.com\\\/producto\\\/super-pack-de-importacion-de-productos-woo\\\/#breadcrumb\"},\"inLanguage\":\"en-US\",\"potentialAction\":[{\"@type\":\"ReadAction\",\"target\":[\"https:\\\/\\\/pluginspordolar.com\\\/producto\\\/super-pack-de-importacion-de-productos-woo\\\/\"]}]},{\"@type\":\"ImageObject\",\"inLanguage\":\"en-US\",\"@id\":\"https:\\\/\\\/pluginspordolar.com\\\/producto\\\/super-pack-de-importacion-de-productos-woo\\\/#primaryimage\",\"url\":\"https:\\\/\\\/pluginspordolar.com\\\/wp-content\\\/uploads\\\/All-Import-Pro-WooCommerce-Addon-super-pack.png\",\"contentUrl\":\"https:\\\/\\\/pluginspordolar.com\\\/wp-content\\\/uploads\\\/All-Import-Pro-WooCommerce-Addon-super-pack.png\",\"width\":280,\"height\":280},{\"@type\":\"BreadcrumbList\",\"@id\":\"https:\\\/\\\/pluginspordolar.com\\\/producto\\\/super-pack-de-importacion-de-productos-woo\\\/#breadcrumb\",\"itemListElement\":[{\"@type\":\"ListItem\",\"position\":1,\"name\":\"Portada\",\"item\":\"https:\\\/\\\/pluginspordolar.com\\\/\"},{\"@type\":\"ListItem\",\"position\":2,\"name\":\"Tienda\",\"item\":\"https:\\\/\\\/pluginspordolar.com\\\/tienda\\\/\"},{\"@type\":\"ListItem\",\"position\":3,\"name\":\"S\u00faper pack de importaci\u00f3n de productos Woo\"}]},{\"@type\":\"WebSite\",\"@id\":\"https:\\\/\\\/pluginspordolar.com\\\/#website\",\"url\":\"https:\\\/\\\/pluginspordolar.com\\\/\",\"name\":\"Plugins x Dolar\",\"description\":\"Complementos Premium\",\"publisher\":{\"@id\":\"https:\\\/\\\/pluginspordolar.com\\\/#organization\"},\"potentialAction\":[{\"@type\":\"SearchAction\",\"target\":{\"@type\":\"EntryPoint\",\"urlTemplate\":\"https:\\\/\\\/pluginspordolar.com\\\/?s={search_term_string}\"},\"query-input\":{\"@type\":\"PropertyValueSpecification\",\"valueRequired\":true,\"valueName\":\"search_term_string\"}}],\"inLanguage\":\"en-US\"},{\"@type\":\"Organization\",\"@id\":\"https:\\\/\\\/pluginspordolar.com\\\/#organization\",\"name\":\"Plugins x Dolar\",\"url\":\"https:\\\/\\\/pluginspordolar.com\\\/\",\"logo\":{\"@type\":\"ImageObject\",\"inLanguage\":\"en-US\",\"@id\":\"https:\\\/\\\/pluginspordolar.com\\\/#\\\/schema\\\/logo\\\/image\\\/\",\"url\":\"https:\\\/\\\/pluginspordolar.com\\\/wp-content\\\/uploads\\\/Logo-moderno-pluginsxdolar-e1674435267756.png\",\"contentUrl\":\"https:\\\/\\\/pluginspordolar.com\\\/wp-content\\\/uploads\\\/Logo-moderno-pluginsxdolar-e1674435267756.png\",\"width\":500,\"height\":111,\"caption\":\"Plugins x Dolar\"},\"image\":{\"@id\":\"https:\\\/\\\/pluginspordolar.com\\\/#\\\/schema\\\/logo\\\/image\\\/\"}}]}<\/script>\n<!-- \/ Yoast SEO plugin. -->","yoast_head_json":{"title":"S\u00faper pack de importaci\u00f3n de productos Woo - Plugins x Dolar","robots":{"index":"noindex","follow":"follow"},"og_locale":"en_US","og_type":"article","og_title":"S\u00faper pack de importaci\u00f3n de productos Woo - Plugins x Dolar","og_description":"No sufras m\u00e1s para importar productos de Woocommerce de forma masiva, aqu\u00ed tienes 2 plugins Premium X uno !  \u00daltima actualizaci\u00f3n: 18.03.23 Versi\u00f3n actual: 4.7.9  &nbsp;  &nbsp;  mb@gm","og_url":"https:\/\/pluginspordolar.com\/en\/product\/super-pack-de-importacion-de-productos-woo\/","og_site_name":"Plugins x Dolar","article_modified_time":"2025-03-29T01:37:40+00:00","og_image":[{"width":280,"height":280,"url":"https:\/\/pluginspordolar.com\/wp-content\/uploads\/All-Import-Pro-WooCommerce-Addon-super-pack.png","type":"image\/png"}],"twitter_card":"summary_large_image","twitter_misc":{"Est. reading time":"1 minute"},"schema":{"@context":"https:\/\/schema.org","@graph":[{"@type":"WebPage","@id":"https:\/\/pluginspordolar.com\/producto\/super-pack-de-importacion-de-productos-woo\/","url":"https:\/\/pluginspordolar.com\/producto\/super-pack-de-importacion-de-productos-woo\/","name":"S\u00faper pack de importaci\u00f3n de productos Woo - Plugins x Dolar","isPartOf":{"@id":"https:\/\/pluginspordolar.com\/#website"},"primaryImageOfPage":{"@id":"https:\/\/pluginspordolar.com\/producto\/super-pack-de-importacion-de-productos-woo\/#primaryimage"},"image":{"@id":"https:\/\/pluginspordolar.com\/producto\/super-pack-de-importacion-de-productos-woo\/#primaryimage"},"thumbnailUrl":"https:\/\/pluginspordolar.com\/wp-content\/uploads\/All-Import-Pro-WooCommerce-Addon-super-pack.png","datePublished":"2024-08-05T22:03:03+00:00","dateModified":"2025-03-29T01:37:40+00:00","breadcrumb":{"@id":"https:\/\/pluginspordolar.com\/producto\/super-pack-de-importacion-de-productos-woo\/#breadcrumb"},"inLanguage":"en-US","potentialAction":[{"@type":"ReadAction","target":["https:\/\/pluginspordolar.com\/producto\/super-pack-de-importacion-de-productos-woo\/"]}]},{"@type":"ImageObject","inLanguage":"en-US","@id":"https:\/\/pluginspordolar.com\/producto\/super-pack-de-importacion-de-productos-woo\/#primaryimage","url":"https:\/\/pluginspordolar.com\/wp-content\/uploads\/All-Import-Pro-WooCommerce-Addon-super-pack.png","contentUrl":"https:\/\/pluginspordolar.com\/wp-content\/uploads\/All-Import-Pro-WooCommerce-Addon-super-pack.png","width":280,"height":280},{"@type":"BreadcrumbList","@id":"https:\/\/pluginspordolar.com\/producto\/super-pack-de-importacion-de-productos-woo\/#breadcrumb","itemListElement":[{"@type":"ListItem","position":1,"name":"Portada","item":"https:\/\/pluginspordolar.com\/"},{"@type":"ListItem","position":2,"name":"Tienda","item":"https:\/\/pluginspordolar.com\/tienda\/"},{"@type":"ListItem","position":3,"name":"S\u00faper pack de importaci\u00f3n de productos Woo"}]},{"@type":"WebSite","@id":"https:\/\/pluginspordolar.com\/#website","url":"https:\/\/pluginspordolar.com\/","name":"Plugins x Dolar","description":"Complementos Premium","publisher":{"@id":"https:\/\/pluginspordolar.com\/#organization"},"potentialAction":[{"@type":"SearchAction","target":{"@type":"EntryPoint","urlTemplate":"https:\/\/pluginspordolar.com\/?s={search_term_string}"},"query-input":{"@type":"PropertyValueSpecification","valueRequired":true,"valueName":"search_term_string"}}],"inLanguage":"en-US"},{"@type":"Organization","@id":"https:\/\/pluginspordolar.com\/#organization","name":"Plugins x Dolar","url":"https:\/\/pluginspordolar.com\/","logo":{"@type":"ImageObject","inLanguage":"en-US","@id":"https:\/\/pluginspordolar.com\/#\/schema\/logo\/image\/","url":"https:\/\/pluginspordolar.com\/wp-content\/uploads\/Logo-moderno-pluginsxdolar-e1674435267756.png","contentUrl":"https:\/\/pluginspordolar.com\/wp-content\/uploads\/Logo-moderno-pluginsxdolar-e1674435267756.png","width":500,"height":111,"caption":"Plugins x Dolar"},"image":{"@id":"https:\/\/pluginspordolar.com\/#\/schema\/logo\/image\/"}}]}},"uagb_featured_image_src":{"full":["https:\/\/pluginspordolar.com\/wp-content\/uploads\/All-Import-Pro-WooCommerce-Addon-super-pack.png",280,280,false],"thumbnail":["https:\/\/pluginspordolar.com\/wp-content\/uploads\/All-Import-Pro-WooCommerce-Addon-super-pack.png",96,96,false],"medium":["https:\/\/pluginspordolar.com\/wp-content\/uploads\/All-Import-Pro-WooCommerce-Addon-super-pack.png",280,280,false],"medium_large":["https:\/\/pluginspordolar.com\/wp-content\/uploads\/All-Import-Pro-WooCommerce-Addon-super-pack.png",280,280,false],"large":["https:\/\/pluginspordolar.com\/wp-content\/uploads\/All-Import-Pro-WooCommerce-Addon-super-pack.png",280,280,false],"1536x1536":["https:\/\/pluginspordolar.com\/wp-content\/uploads\/All-Import-Pro-WooCommerce-Addon-super-pack.png",280,280,false],"2048x2048":["https:\/\/pluginspordolar.com\/wp-content\/uploads\/All-Import-Pro-WooCommerce-Addon-super-pack.png",280,280,false],"trp-custom-language-flag":["https:\/\/pluginspordolar.com\/wp-content\/uploads\/All-Import-Pro-WooCommerce-Addon-super-pack-12x12.png",12,12,true],"woocommerce_thumbnail":["https:\/\/pluginspordolar.com\/wp-content\/uploads\/All-Import-Pro-WooCommerce-Addon-super-pack.png",280,280,false],"woocommerce_single":["https:\/\/pluginspordolar.com\/wp-content\/uploads\/All-Import-Pro-WooCommerce-Addon-super-pack.png",280,280,false],"woocommerce_gallery_thumbnail":["https:\/\/pluginspordolar.com\/wp-content\/uploads\/All-Import-Pro-WooCommerce-Addon-super-pack-100x100.png",100,100,true]},"uagb_author_info":{"display_name":"nc","author_link":"https:\/\/pluginspordolar.com\/en\/author\/"},"uagb_comment_info":0,"uagb_excerpt":"No sufras m\u00e1s para importar productos de Woocommerce de forma masiva, aqu\u00ed tienes 2 plugins Premium X uno ! \u00daltima actualizaci\u00f3n: 18.03.23 Versi\u00f3n actual: 4.7.9 &nbsp; &nbsp; mb@gm","_links":{"self":[{"href":"https:\/\/pluginspordolar.com\/en\/wp-json\/wp\/v2\/product\/8467","targetHints":{"allow":["GET"]}}],"collection":[{"href":"https:\/\/pluginspordolar.com\/en\/wp-json\/wp\/v2\/product"}],"about":[{"href":"https:\/\/pluginspordolar.com\/en\/wp-json\/wp\/v2\/types\/product"}],"wp:featuredmedia":[{"embeddable":true,"href":"https:\/\/pluginspordolar.com\/en\/wp-json\/wp\/v2\/media\/8475"}],"wp:attachment":[{"href":"https:\/\/pluginspordolar.com\/en\/wp-json\/wp\/v2\/media?parent=8467"}],"wp:term":[{"taxonomy":"product_brand","embeddable":true,"href":"https:\/\/pluginspordolar.com\/en\/wp-json\/wp\/v2\/product_brand?post=8467"},{"taxonomy":"product_cat","embeddable":true,"href":"https:\/\/pluginspordolar.com\/en\/wp-json\/wp\/v2\/product_cat?post=8467"},{"taxonomy":"product_tag","embeddable":true,"href":"https:\/\/pluginspordolar.com\/en\/wp-json\/wp\/v2\/product_tag?post=8467"}],"curies":[{"name":"wp","href":"https:\/\/api.w.org\/{rel}","templated":true}]}}