{"id":8466,"date":"2024-08-05T22:03:03","date_gmt":"2024-08-05T22:03:03","guid":{"rendered":"https:\/\/pluginspordolar.com\/?post_type=product&#038;p=8466"},"modified":"2025-03-29T01:37:40","modified_gmt":"2025-03-29T01:37:40","slug":"all-in-one-wp-migration-pack-premium","status":"publish","type":"product","link":"https:\/\/pluginspordolar.com\/en\/product\/all-in-one-wp-migration-pack-premium\/","title":{"rendered":"All-in-One WP Migration Pack Premium"},"content":{"rendered":"<p>Remove the import limit of 512MB<\/p>\n<ul>\n<li>Use on any number of web sites that you own.<\/li>\n<li>Restore the backup from the CLI commands of the WP server<br \/>\nAll-in-One WP Migration is The most complete Migrator WordPress.<\/li>\n<\/ul>\n<p>Upload now your site to another location by dragging it and dropping it on WordPress. There is an option to apply an unlimited number of search-and-replace on your database during the export.<\/p>\n<p>The plugin All in One WP Migration Premium can solve any problem that may occur during the export. It is the first plug-in that offers an experience that is truly superior.<\/p>\n<h2>Features of All-in-One WP Migration Premium<\/h2>\n<p>All extensions of storage in the cloud and multi-site include unlimited extension.<\/p>\n<p>\u2022 File<\/p>\n<p>\u2022 Unlimited<\/p>\n<p>\u2022 Dropbox<\/p>\n<p>\u2022 Multisite<\/p>\n<p>\u2022 FTP<\/p>\n<p>\u2022 Google Drive<\/p>\n<p><strong>AND MANY MORE !!!<\/strong><\/p>\n<p><strong>\u00daltima actualizaci\u00f3n: 09\/09\/2024<\/strong><br \/>\n<strong>Versi\u00f3n actual: 2.60<\/strong><\/p>","protected":false},"excerpt":{"rendered":"<p>The plugin All in One WP Migration Premium exports your WordPress site easily, including the database, media files, plugins and themes with no technical knowledge.<\/p>\n<p><strong>You are going to wear a Full Pack of Extensions Premium !<\/strong><\/p>\n<p>&nbsp;<\/p>\n<p><strong>\u00daltima actualizaci\u00f3n: 09\/09\/2024<\/strong><br \/>\n<strong>Versi\u00f3n actual: 2.60<\/strong><\/p>\n<p>&nbsp;<\/p>\n<p>dg@gm<\/p>","protected":false},"featured_media":8474,"template":"","meta":{"_eb_attr":"","_uag_custom_page_level_css":""},"product_brand":[],"product_cat":[44,27],"product_tag":[529],"class_list":{"0":"post-8466","1":"product","2":"type-product","3":"status-publish","4":"has-post-thumbnail","6":"product_cat-addons","7":"product_cat-plugins-wordpress","8":"product_tag-all-in-one-migration","10":"first","11":"instock","12":"downloadable","13":"virtual","14":"sold-individually","15":"purchasable","16":"product-type-simple"},"yoast_head":"<!-- This site is optimized with the Yoast SEO plugin v27.4 - https:\/\/yoast.com\/product\/yoast-seo-wordpress\/ -->\n<title>All in One WP Migration Pack Premium - Plugins x Dolar<\/title>\n<meta name=\"robots\" content=\"noindex, nofollow\" \/>\n<meta property=\"og:locale\" content=\"en_US\" \/>\n<meta property=\"og:type\" content=\"article\" \/>\n<meta property=\"og:title\" content=\"All in One WP Migration Pack Premium - Plugins x Dolar\" \/>\n<meta property=\"og:description\" content=\"El plugin All in One WP Migration Premium exporta su sitio de WordPress f\u00e1cilmente incluyendo la base de datos, los archivos multimedia, los complementos y los temas sin conocimientos t\u00e9cnicos.  Vas a llevar un Pack Completo de Extensiones Premium !  &nbsp;  \u00daltima actualizaci\u00f3n: 09\/09\/2024 Versi\u00f3n actual: 2.60  &nbsp;  dg@gm\" \/>\n<meta property=\"og:url\" content=\"https:\/\/pluginspordolar.com\/en\/product\/all-in-one-wp-migration-pack-premium\/\" \/>\n<meta property=\"og:site_name\" content=\"Plugins x Dolar\" \/>\n<meta property=\"article:modified_time\" content=\"2025-03-29T01:37:40+00:00\" \/>\n<meta property=\"og:image\" content=\"https:\/\/pluginspordolar.com\/wp-content\/uploads\/All-in-One-WP-Migration-Unlimited-Extension-1-e1677185500103.jpg\" \/>\n\t<meta property=\"og:image:width\" content=\"280\" \/>\n\t<meta property=\"og:image:height\" content=\"280\" \/>\n\t<meta property=\"og:image:type\" content=\"image\/jpeg\" \/>\n<meta name=\"twitter:card\" content=\"summary_large_image\" \/>\n<meta name=\"twitter:label1\" content=\"Est. reading time\" \/>\n\t<meta name=\"twitter:data1\" content=\"1 minute\" \/>\n<script type=\"application\/ld+json\" class=\"yoast-schema-graph\">{\"@context\":\"https:\\\/\\\/schema.org\",\"@graph\":[{\"@type\":\"WebPage\",\"@id\":\"https:\\\/\\\/pluginspordolar.com\\\/producto\\\/all-in-one-wp-migration-pack-premium\\\/\",\"url\":\"https:\\\/\\\/pluginspordolar.com\\\/producto\\\/all-in-one-wp-migration-pack-premium\\\/\",\"name\":\"All in One WP Migration Pack Premium - Plugins x Dolar\",\"isPartOf\":{\"@id\":\"https:\\\/\\\/pluginspordolar.com\\\/#website\"},\"primaryImageOfPage\":{\"@id\":\"https:\\\/\\\/pluginspordolar.com\\\/producto\\\/all-in-one-wp-migration-pack-premium\\\/#primaryimage\"},\"image\":{\"@id\":\"https:\\\/\\\/pluginspordolar.com\\\/producto\\\/all-in-one-wp-migration-pack-premium\\\/#primaryimage\"},\"thumbnailUrl\":\"https:\\\/\\\/pluginspordolar.com\\\/wp-content\\\/uploads\\\/All-in-One-WP-Migration-Unlimited-Extension-1-e1677185500103.jpg\",\"datePublished\":\"2024-08-05T22:03:03+00:00\",\"dateModified\":\"2025-03-29T01:37:40+00:00\",\"breadcrumb\":{\"@id\":\"https:\\\/\\\/pluginspordolar.com\\\/producto\\\/all-in-one-wp-migration-pack-premium\\\/#breadcrumb\"},\"inLanguage\":\"en-US\",\"potentialAction\":[{\"@type\":\"ReadAction\",\"target\":[\"https:\\\/\\\/pluginspordolar.com\\\/producto\\\/all-in-one-wp-migration-pack-premium\\\/\"]}]},{\"@type\":\"ImageObject\",\"inLanguage\":\"en-US\",\"@id\":\"https:\\\/\\\/pluginspordolar.com\\\/producto\\\/all-in-one-wp-migration-pack-premium\\\/#primaryimage\",\"url\":\"https:\\\/\\\/pluginspordolar.com\\\/wp-content\\\/uploads\\\/All-in-One-WP-Migration-Unlimited-Extension-1-e1677185500103.jpg\",\"contentUrl\":\"https:\\\/\\\/pluginspordolar.com\\\/wp-content\\\/uploads\\\/All-in-One-WP-Migration-Unlimited-Extension-1-e1677185500103.jpg\",\"width\":280,\"height\":280},{\"@type\":\"BreadcrumbList\",\"@id\":\"https:\\\/\\\/pluginspordolar.com\\\/producto\\\/all-in-one-wp-migration-pack-premium\\\/#breadcrumb\",\"itemListElement\":[{\"@type\":\"ListItem\",\"position\":1,\"name\":\"Portada\",\"item\":\"https:\\\/\\\/pluginspordolar.com\\\/\"},{\"@type\":\"ListItem\",\"position\":2,\"name\":\"Tienda\",\"item\":\"https:\\\/\\\/pluginspordolar.com\\\/tienda\\\/\"},{\"@type\":\"ListItem\",\"position\":3,\"name\":\"All in One WP Migration Pack Premium\"}]},{\"@type\":\"WebSite\",\"@id\":\"https:\\\/\\\/pluginspordolar.com\\\/#website\",\"url\":\"https:\\\/\\\/pluginspordolar.com\\\/\",\"name\":\"Plugins x Dolar\",\"description\":\"Complementos Premium\",\"publisher\":{\"@id\":\"https:\\\/\\\/pluginspordolar.com\\\/#organization\"},\"potentialAction\":[{\"@type\":\"SearchAction\",\"target\":{\"@type\":\"EntryPoint\",\"urlTemplate\":\"https:\\\/\\\/pluginspordolar.com\\\/?s={search_term_string}\"},\"query-input\":{\"@type\":\"PropertyValueSpecification\",\"valueRequired\":true,\"valueName\":\"search_term_string\"}}],\"inLanguage\":\"en-US\"},{\"@type\":\"Organization\",\"@id\":\"https:\\\/\\\/pluginspordolar.com\\\/#organization\",\"name\":\"Plugins x Dolar\",\"url\":\"https:\\\/\\\/pluginspordolar.com\\\/\",\"logo\":{\"@type\":\"ImageObject\",\"inLanguage\":\"en-US\",\"@id\":\"https:\\\/\\\/pluginspordolar.com\\\/#\\\/schema\\\/logo\\\/image\\\/\",\"url\":\"https:\\\/\\\/pluginspordolar.com\\\/wp-content\\\/uploads\\\/Logo-moderno-pluginsxdolar-e1674435267756.png\",\"contentUrl\":\"https:\\\/\\\/pluginspordolar.com\\\/wp-content\\\/uploads\\\/Logo-moderno-pluginsxdolar-e1674435267756.png\",\"width\":500,\"height\":111,\"caption\":\"Plugins x Dolar\"},\"image\":{\"@id\":\"https:\\\/\\\/pluginspordolar.com\\\/#\\\/schema\\\/logo\\\/image\\\/\"}}]}<\/script>\n<!-- \/ Yoast SEO plugin. -->","yoast_head_json":{"title":"All in One WP Migration Pack Premium - Plugins x Dolar","robots":{"index":"noindex","follow":"nofollow"},"og_locale":"en_US","og_type":"article","og_title":"All in One WP Migration Pack Premium - Plugins x Dolar","og_description":"El plugin All in One WP Migration Premium exporta su sitio de WordPress f\u00e1cilmente incluyendo la base de datos, los archivos multimedia, los complementos y los temas sin conocimientos t\u00e9cnicos.  Vas a llevar un Pack Completo de Extensiones Premium !  &nbsp;  \u00daltima actualizaci\u00f3n: 09\/09\/2024 Versi\u00f3n actual: 2.60  &nbsp;  dg@gm","og_url":"https:\/\/pluginspordolar.com\/en\/product\/all-in-one-wp-migration-pack-premium\/","og_site_name":"Plugins x Dolar","article_modified_time":"2025-03-29T01:37:40+00:00","og_image":[{"width":280,"height":280,"url":"https:\/\/pluginspordolar.com\/wp-content\/uploads\/All-in-One-WP-Migration-Unlimited-Extension-1-e1677185500103.jpg","type":"image\/jpeg"}],"twitter_card":"summary_large_image","twitter_misc":{"Est. reading time":"1 minute"},"schema":{"@context":"https:\/\/schema.org","@graph":[{"@type":"WebPage","@id":"https:\/\/pluginspordolar.com\/producto\/all-in-one-wp-migration-pack-premium\/","url":"https:\/\/pluginspordolar.com\/producto\/all-in-one-wp-migration-pack-premium\/","name":"All in One WP Migration Pack Premium - Plugins x Dolar","isPartOf":{"@id":"https:\/\/pluginspordolar.com\/#website"},"primaryImageOfPage":{"@id":"https:\/\/pluginspordolar.com\/producto\/all-in-one-wp-migration-pack-premium\/#primaryimage"},"image":{"@id":"https:\/\/pluginspordolar.com\/producto\/all-in-one-wp-migration-pack-premium\/#primaryimage"},"thumbnailUrl":"https:\/\/pluginspordolar.com\/wp-content\/uploads\/All-in-One-WP-Migration-Unlimited-Extension-1-e1677185500103.jpg","datePublished":"2024-08-05T22:03:03+00:00","dateModified":"2025-03-29T01:37:40+00:00","breadcrumb":{"@id":"https:\/\/pluginspordolar.com\/producto\/all-in-one-wp-migration-pack-premium\/#breadcrumb"},"inLanguage":"en-US","potentialAction":[{"@type":"ReadAction","target":["https:\/\/pluginspordolar.com\/producto\/all-in-one-wp-migration-pack-premium\/"]}]},{"@type":"ImageObject","inLanguage":"en-US","@id":"https:\/\/pluginspordolar.com\/producto\/all-in-one-wp-migration-pack-premium\/#primaryimage","url":"https:\/\/pluginspordolar.com\/wp-content\/uploads\/All-in-One-WP-Migration-Unlimited-Extension-1-e1677185500103.jpg","contentUrl":"https:\/\/pluginspordolar.com\/wp-content\/uploads\/All-in-One-WP-Migration-Unlimited-Extension-1-e1677185500103.jpg","width":280,"height":280},{"@type":"BreadcrumbList","@id":"https:\/\/pluginspordolar.com\/producto\/all-in-one-wp-migration-pack-premium\/#breadcrumb","itemListElement":[{"@type":"ListItem","position":1,"name":"Portada","item":"https:\/\/pluginspordolar.com\/"},{"@type":"ListItem","position":2,"name":"Tienda","item":"https:\/\/pluginspordolar.com\/tienda\/"},{"@type":"ListItem","position":3,"name":"All in One WP Migration Pack Premium"}]},{"@type":"WebSite","@id":"https:\/\/pluginspordolar.com\/#website","url":"https:\/\/pluginspordolar.com\/","name":"Plugins x Dolar","description":"Complementos Premium","publisher":{"@id":"https:\/\/pluginspordolar.com\/#organization"},"potentialAction":[{"@type":"SearchAction","target":{"@type":"EntryPoint","urlTemplate":"https:\/\/pluginspordolar.com\/?s={search_term_string}"},"query-input":{"@type":"PropertyValueSpecification","valueRequired":true,"valueName":"search_term_string"}}],"inLanguage":"en-US"},{"@type":"Organization","@id":"https:\/\/pluginspordolar.com\/#organization","name":"Plugins x Dolar","url":"https:\/\/pluginspordolar.com\/","logo":{"@type":"ImageObject","inLanguage":"en-US","@id":"https:\/\/pluginspordolar.com\/#\/schema\/logo\/image\/","url":"https:\/\/pluginspordolar.com\/wp-content\/uploads\/Logo-moderno-pluginsxdolar-e1674435267756.png","contentUrl":"https:\/\/pluginspordolar.com\/wp-content\/uploads\/Logo-moderno-pluginsxdolar-e1674435267756.png","width":500,"height":111,"caption":"Plugins x Dolar"},"image":{"@id":"https:\/\/pluginspordolar.com\/#\/schema\/logo\/image\/"}}]}},"uagb_featured_image_src":{"full":["https:\/\/pluginspordolar.com\/wp-content\/uploads\/All-in-One-WP-Migration-Unlimited-Extension-1-e1677185500103.jpg",280,280,false],"thumbnail":["https:\/\/pluginspordolar.com\/wp-content\/uploads\/All-in-One-WP-Migration-Unlimited-Extension-1-e1677185500103.jpg",96,96,false],"medium":["https:\/\/pluginspordolar.com\/wp-content\/uploads\/All-in-One-WP-Migration-Unlimited-Extension-1-e1677185500103.jpg",280,280,false],"medium_large":["https:\/\/pluginspordolar.com\/wp-content\/uploads\/All-in-One-WP-Migration-Unlimited-Extension-1-e1677185500103.jpg",280,280,false],"large":["https:\/\/pluginspordolar.com\/wp-content\/uploads\/All-in-One-WP-Migration-Unlimited-Extension-1-e1677185500103.jpg",280,280,false],"1536x1536":["https:\/\/pluginspordolar.com\/wp-content\/uploads\/All-in-One-WP-Migration-Unlimited-Extension-1-e1677185500103.jpg",280,280,false],"2048x2048":["https:\/\/pluginspordolar.com\/wp-content\/uploads\/All-in-One-WP-Migration-Unlimited-Extension-1-e1677185500103.jpg",280,280,false],"trp-custom-language-flag":["https:\/\/pluginspordolar.com\/wp-content\/uploads\/All-in-One-WP-Migration-Unlimited-Extension-1-e1677185500103-12x12.jpg",12,12,true],"woocommerce_thumbnail":["https:\/\/pluginspordolar.com\/wp-content\/uploads\/All-in-One-WP-Migration-Unlimited-Extension-1-e1677185500103.jpg",280,280,false],"woocommerce_single":["https:\/\/pluginspordolar.com\/wp-content\/uploads\/All-in-One-WP-Migration-Unlimited-Extension-1-e1677185500103.jpg",280,280,false],"woocommerce_gallery_thumbnail":["https:\/\/pluginspordolar.com\/wp-content\/uploads\/All-in-One-WP-Migration-Unlimited-Extension-1-e1677185500103-100x100.jpg",100,100,true]},"uagb_author_info":{"display_name":"nc","author_link":"https:\/\/pluginspordolar.com\/en\/author\/"},"uagb_comment_info":0,"uagb_excerpt":"El plugin All in One WP Migration Premium exporta su sitio de WordPress f\u00e1cilmente incluyendo la base de datos, los archivos multimedia, los complementos y los temas sin conocimientos t\u00e9cnicos. Vas a llevar un Pack Completo de Extensiones Premium ! &nbsp; \u00daltima actualizaci\u00f3n: 09\/09\/2024 Versi\u00f3n actual: 2.60 &nbsp; dg@gm","_links":{"self":[{"href":"https:\/\/pluginspordolar.com\/en\/wp-json\/wp\/v2\/product\/8466","targetHints":{"allow":["GET"]}}],"collection":[{"href":"https:\/\/pluginspordolar.com\/en\/wp-json\/wp\/v2\/product"}],"about":[{"href":"https:\/\/pluginspordolar.com\/en\/wp-json\/wp\/v2\/types\/product"}],"wp:featuredmedia":[{"embeddable":true,"href":"https:\/\/pluginspordolar.com\/en\/wp-json\/wp\/v2\/media\/8474"}],"wp:attachment":[{"href":"https:\/\/pluginspordolar.com\/en\/wp-json\/wp\/v2\/media?parent=8466"}],"wp:term":[{"taxonomy":"product_brand","embeddable":true,"href":"https:\/\/pluginspordolar.com\/en\/wp-json\/wp\/v2\/product_brand?post=8466"},{"taxonomy":"product_cat","embeddable":true,"href":"https:\/\/pluginspordolar.com\/en\/wp-json\/wp\/v2\/product_cat?post=8466"},{"taxonomy":"product_tag","embeddable":true,"href":"https:\/\/pluginspordolar.com\/en\/wp-json\/wp\/v2\/product_tag?post=8466"}],"curies":[{"name":"wp","href":"https:\/\/api.w.org\/{rel}","templated":true}]}}