{"id":8461,"date":"2024-08-05T22:03:03","date_gmt":"2024-08-05T22:03:03","guid":{"rendered":"https:\/\/pluginspordolar.com\/?post_type=product&#038;p=8461"},"modified":"2025-03-29T01:37:40","modified_gmt":"2025-03-29T01:37:40","slug":"wordpress-auto-spinner-pro","status":"publish","type":"product","link":"https:\/\/pluginspordolar.com\/en\/product\/wordpress-auto-spinner-pro\/","title":{"rendered":"WordPress Auto Spinner PRO"},"content":{"rendered":"<h2>Caracter\u00edsticas del plugin:<\/h2>\n<ul>\n<li>Soporte de Woo Commerce<\/li>\n<li>Soporte para Autoblogs<\/li>\n<li>Soporte para tesauros personalizados<\/li>\n<li>Compatibilidad con los tipos de entradas personalizadas<\/li>\n<li>Soporte para SpinRewriter<\/li>\n<li>Interfaz de usuario manual para cambiar los puestos reescritos<\/li>\n<li>Control total de la base de datos de sin\u00f3nimos<\/li>\n<li>Soporte para m\u00faltiples sitios<\/li>\n<li>Registro detallado del comportamiento<\/li>\n<li>Reescritura autom\u00e1tica de las entradas de\u00a0<a class=\"wpil_keyword_link\" title=\"WordPress\" href=\"https:\/\/plugins-wp.online\/ultimas-actualizaciones\/\" target=\"_blank\" rel=\"noopener\" data-wpil-keyword-link=\"linked\">WordPress<\/a><\/li>\n<li>Sistema de colas y cron<\/li>\n<li>Soporte para 8 nuevas APIs<\/li>\n<li>N\u00famero ilimitado de art\u00edculos hilados<\/li>\n<li>Apoyo a la hilatura en masa<\/li>\n<li>Palabras del t\u00edtulo excluidas del hilado<\/li>\n<li>Soporte para art\u00edculos escritos manualmente<\/li>\n<li>Apoyo a las palabras reservadas<\/li>\n<li>Apoyo a las categor\u00edas excluidas<\/li>\n<li>T\u00edtulos de los art\u00edculos de WordPress y slugs<\/li>\n<\/ul>","protected":false},"excerpt":{"rendered":"<p>Reescribe autom\u00e1ticamente las entradas de WordPress sustituyendo palabras y frases por sus sin\u00f3nimos en piloto autom\u00e1tico. Para ello, utiliza la base de datos de sin\u00f3nimos incorporada u opcionalmente uno de los mejores servicios de spinning de la API para ofrecer nuevos contenidos.<\/p>\n<p><strong>Last update: \u00a0<span class=\"info\">06-6-2022<\/span><\/strong><br \/>\n<strong>Versi\u00f3n actual: 3.8.3<\/strong><\/p>\n<p>&nbsp;<\/p>\n<p>dgm@g<\/p>\n<p>&nbsp;<\/p>","protected":false},"featured_media":7470,"template":"","meta":{"_eb_attr":"","_uag_custom_page_level_css":""},"product_brand":[],"product_cat":[44,27],"product_tag":[524],"class_list":{"0":"post-8461","1":"product","2":"type-product","3":"status-publish","4":"has-post-thumbnail","6":"product_cat-addons","7":"product_cat-plugins-wordpress","8":"product_tag-auto-spinner-pro","10":"first","11":"instock","12":"downloadable","13":"virtual","14":"sold-individually","15":"purchasable","16":"product-type-simple"},"yoast_head":"<!-- This site is optimized with the Yoast SEO plugin v27.4 - https:\/\/yoast.com\/product\/yoast-seo-wordpress\/ -->\n<title>WordPress Auto Spinner PRO - Plugins x Dolar<\/title>\n<meta name=\"description\" content=\"Reescribe autom\u00e1ticamente las entradas de WordPress sustituyendo palabras y frases por sus sin\u00f3nimos en piloto autom\u00e1tico\" \/>\n<meta name=\"robots\" content=\"noindex, follow\" \/>\n<meta property=\"og:locale\" content=\"en_US\" \/>\n<meta property=\"og:type\" content=\"article\" \/>\n<meta property=\"og:title\" content=\"WordPress Auto Spinner PRO - Plugins x Dolar\" \/>\n<meta property=\"og:description\" content=\"Reescribe autom\u00e1ticamente las entradas de WordPress sustituyendo palabras y frases por sus sin\u00f3nimos en piloto autom\u00e1tico\" \/>\n<meta property=\"og:url\" content=\"https:\/\/pluginspordolar.com\/en\/product\/wordpress-auto-spinner-pro\/\" \/>\n<meta property=\"og:site_name\" content=\"Plugins x Dolar\" \/>\n<meta property=\"article:modified_time\" content=\"2025-03-29T01:37:40+00:00\" \/>\n<meta property=\"og:image\" content=\"https:\/\/pluginspordolar.com\/wp-content\/uploads\/2023\/01\/Descargar-Auto-Spinner-Pro-Plugins-Wp.jpg\" \/>\n\t<meta property=\"og:image:width\" content=\"280\" \/>\n\t<meta property=\"og:image:height\" content=\"280\" \/>\n\t<meta property=\"og:image:type\" content=\"image\/jpeg\" \/>\n<meta name=\"twitter:card\" content=\"summary_large_image\" \/>\n<meta name=\"twitter:label1\" content=\"Est. reading time\" \/>\n\t<meta name=\"twitter:data1\" content=\"1 minute\" \/>\n<script type=\"application\/ld+json\" class=\"yoast-schema-graph\">{\"@context\":\"https:\\\/\\\/schema.org\",\"@graph\":[{\"@type\":\"WebPage\",\"@id\":\"https:\\\/\\\/pluginspordolar.com\\\/producto\\\/wordpress-auto-spinner-pro\\\/\",\"url\":\"https:\\\/\\\/pluginspordolar.com\\\/producto\\\/wordpress-auto-spinner-pro\\\/\",\"name\":\"WordPress Auto Spinner PRO - Plugins x Dolar\",\"isPartOf\":{\"@id\":\"https:\\\/\\\/pluginspordolar.com\\\/#website\"},\"primaryImageOfPage\":{\"@id\":\"https:\\\/\\\/pluginspordolar.com\\\/producto\\\/wordpress-auto-spinner-pro\\\/#primaryimage\"},\"image\":{\"@id\":\"https:\\\/\\\/pluginspordolar.com\\\/producto\\\/wordpress-auto-spinner-pro\\\/#primaryimage\"},\"thumbnailUrl\":\"https:\\\/\\\/pluginspordolar.com\\\/wp-content\\\/uploads\\\/2023\\\/01\\\/Descargar-Auto-Spinner-Pro-Plugins-Wp.jpg\",\"datePublished\":\"2024-08-05T22:03:03+00:00\",\"dateModified\":\"2025-03-29T01:37:40+00:00\",\"description\":\"Reescribe autom\u00e1ticamente las entradas de WordPress sustituyendo palabras y frases por sus sin\u00f3nimos en piloto autom\u00e1tico\",\"breadcrumb\":{\"@id\":\"https:\\\/\\\/pluginspordolar.com\\\/producto\\\/wordpress-auto-spinner-pro\\\/#breadcrumb\"},\"inLanguage\":\"en-US\",\"potentialAction\":[{\"@type\":\"ReadAction\",\"target\":[\"https:\\\/\\\/pluginspordolar.com\\\/producto\\\/wordpress-auto-spinner-pro\\\/\"]}]},{\"@type\":\"ImageObject\",\"inLanguage\":\"en-US\",\"@id\":\"https:\\\/\\\/pluginspordolar.com\\\/producto\\\/wordpress-auto-spinner-pro\\\/#primaryimage\",\"url\":\"https:\\\/\\\/pluginspordolar.com\\\/wp-content\\\/uploads\\\/2023\\\/01\\\/Descargar-Auto-Spinner-Pro-Plugins-Wp.jpg\",\"contentUrl\":\"https:\\\/\\\/pluginspordolar.com\\\/wp-content\\\/uploads\\\/2023\\\/01\\\/Descargar-Auto-Spinner-Pro-Plugins-Wp.jpg\",\"width\":280,\"height\":280},{\"@type\":\"BreadcrumbList\",\"@id\":\"https:\\\/\\\/pluginspordolar.com\\\/producto\\\/wordpress-auto-spinner-pro\\\/#breadcrumb\",\"itemListElement\":[{\"@type\":\"ListItem\",\"position\":1,\"name\":\"Portada\",\"item\":\"https:\\\/\\\/pluginspordolar.com\\\/\"},{\"@type\":\"ListItem\",\"position\":2,\"name\":\"Tienda\",\"item\":\"https:\\\/\\\/pluginspordolar.com\\\/tienda\\\/\"},{\"@type\":\"ListItem\",\"position\":3,\"name\":\"WordPress Auto Spinner PRO\"}]},{\"@type\":\"WebSite\",\"@id\":\"https:\\\/\\\/pluginspordolar.com\\\/#website\",\"url\":\"https:\\\/\\\/pluginspordolar.com\\\/\",\"name\":\"Plugins x Dolar\",\"description\":\"Complementos Premium\",\"publisher\":{\"@id\":\"https:\\\/\\\/pluginspordolar.com\\\/#organization\"},\"potentialAction\":[{\"@type\":\"SearchAction\",\"target\":{\"@type\":\"EntryPoint\",\"urlTemplate\":\"https:\\\/\\\/pluginspordolar.com\\\/?s={search_term_string}\"},\"query-input\":{\"@type\":\"PropertyValueSpecification\",\"valueRequired\":true,\"valueName\":\"search_term_string\"}}],\"inLanguage\":\"en-US\"},{\"@type\":\"Organization\",\"@id\":\"https:\\\/\\\/pluginspordolar.com\\\/#organization\",\"name\":\"Plugins x Dolar\",\"url\":\"https:\\\/\\\/pluginspordolar.com\\\/\",\"logo\":{\"@type\":\"ImageObject\",\"inLanguage\":\"en-US\",\"@id\":\"https:\\\/\\\/pluginspordolar.com\\\/#\\\/schema\\\/logo\\\/image\\\/\",\"url\":\"https:\\\/\\\/pluginspordolar.com\\\/wp-content\\\/uploads\\\/Logo-moderno-pluginsxdolar-e1674435267756.png\",\"contentUrl\":\"https:\\\/\\\/pluginspordolar.com\\\/wp-content\\\/uploads\\\/Logo-moderno-pluginsxdolar-e1674435267756.png\",\"width\":500,\"height\":111,\"caption\":\"Plugins x Dolar\"},\"image\":{\"@id\":\"https:\\\/\\\/pluginspordolar.com\\\/#\\\/schema\\\/logo\\\/image\\\/\"}}]}<\/script>\n<!-- \/ Yoast SEO plugin. -->","yoast_head_json":{"title":"WordPress Auto Spinner PRO - Plugins x Dolar","description":"Reescribe autom\u00e1ticamente las entradas de WordPress sustituyendo palabras y frases por sus sin\u00f3nimos en piloto autom\u00e1tico","robots":{"index":"noindex","follow":"follow"},"og_locale":"en_US","og_type":"article","og_title":"WordPress Auto Spinner PRO - Plugins x Dolar","og_description":"Reescribe autom\u00e1ticamente las entradas de WordPress sustituyendo palabras y frases por sus sin\u00f3nimos en piloto autom\u00e1tico","og_url":"https:\/\/pluginspordolar.com\/en\/product\/wordpress-auto-spinner-pro\/","og_site_name":"Plugins x Dolar","article_modified_time":"2025-03-29T01:37:40+00:00","og_image":[{"width":280,"height":280,"url":"https:\/\/pluginspordolar.com\/wp-content\/uploads\/2023\/01\/Descargar-Auto-Spinner-Pro-Plugins-Wp.jpg","type":"image\/jpeg"}],"twitter_card":"summary_large_image","twitter_misc":{"Est. reading time":"1 minute"},"schema":{"@context":"https:\/\/schema.org","@graph":[{"@type":"WebPage","@id":"https:\/\/pluginspordolar.com\/producto\/wordpress-auto-spinner-pro\/","url":"https:\/\/pluginspordolar.com\/producto\/wordpress-auto-spinner-pro\/","name":"WordPress Auto Spinner PRO - Plugins x Dolar","isPartOf":{"@id":"https:\/\/pluginspordolar.com\/#website"},"primaryImageOfPage":{"@id":"https:\/\/pluginspordolar.com\/producto\/wordpress-auto-spinner-pro\/#primaryimage"},"image":{"@id":"https:\/\/pluginspordolar.com\/producto\/wordpress-auto-spinner-pro\/#primaryimage"},"thumbnailUrl":"https:\/\/pluginspordolar.com\/wp-content\/uploads\/2023\/01\/Descargar-Auto-Spinner-Pro-Plugins-Wp.jpg","datePublished":"2024-08-05T22:03:03+00:00","dateModified":"2025-03-29T01:37:40+00:00","description":"Reescribe autom\u00e1ticamente las entradas de WordPress sustituyendo palabras y frases por sus sin\u00f3nimos en piloto autom\u00e1tico","breadcrumb":{"@id":"https:\/\/pluginspordolar.com\/producto\/wordpress-auto-spinner-pro\/#breadcrumb"},"inLanguage":"en-US","potentialAction":[{"@type":"ReadAction","target":["https:\/\/pluginspordolar.com\/producto\/wordpress-auto-spinner-pro\/"]}]},{"@type":"ImageObject","inLanguage":"en-US","@id":"https:\/\/pluginspordolar.com\/producto\/wordpress-auto-spinner-pro\/#primaryimage","url":"https:\/\/pluginspordolar.com\/wp-content\/uploads\/2023\/01\/Descargar-Auto-Spinner-Pro-Plugins-Wp.jpg","contentUrl":"https:\/\/pluginspordolar.com\/wp-content\/uploads\/2023\/01\/Descargar-Auto-Spinner-Pro-Plugins-Wp.jpg","width":280,"height":280},{"@type":"BreadcrumbList","@id":"https:\/\/pluginspordolar.com\/producto\/wordpress-auto-spinner-pro\/#breadcrumb","itemListElement":[{"@type":"ListItem","position":1,"name":"Portada","item":"https:\/\/pluginspordolar.com\/"},{"@type":"ListItem","position":2,"name":"Tienda","item":"https:\/\/pluginspordolar.com\/tienda\/"},{"@type":"ListItem","position":3,"name":"WordPress Auto Spinner PRO"}]},{"@type":"WebSite","@id":"https:\/\/pluginspordolar.com\/#website","url":"https:\/\/pluginspordolar.com\/","name":"Plugins x Dolar","description":"Complementos Premium","publisher":{"@id":"https:\/\/pluginspordolar.com\/#organization"},"potentialAction":[{"@type":"SearchAction","target":{"@type":"EntryPoint","urlTemplate":"https:\/\/pluginspordolar.com\/?s={search_term_string}"},"query-input":{"@type":"PropertyValueSpecification","valueRequired":true,"valueName":"search_term_string"}}],"inLanguage":"en-US"},{"@type":"Organization","@id":"https:\/\/pluginspordolar.com\/#organization","name":"Plugins x Dolar","url":"https:\/\/pluginspordolar.com\/","logo":{"@type":"ImageObject","inLanguage":"en-US","@id":"https:\/\/pluginspordolar.com\/#\/schema\/logo\/image\/","url":"https:\/\/pluginspordolar.com\/wp-content\/uploads\/Logo-moderno-pluginsxdolar-e1674435267756.png","contentUrl":"https:\/\/pluginspordolar.com\/wp-content\/uploads\/Logo-moderno-pluginsxdolar-e1674435267756.png","width":500,"height":111,"caption":"Plugins x Dolar"},"image":{"@id":"https:\/\/pluginspordolar.com\/#\/schema\/logo\/image\/"}}]}},"uagb_featured_image_src":{"full":["https:\/\/pluginspordolar.com\/wp-content\/uploads\/2023\/01\/Descargar-Auto-Spinner-Pro-Plugins-Wp.jpg",280,280,false],"thumbnail":["https:\/\/pluginspordolar.com\/wp-content\/uploads\/2023\/01\/Descargar-Auto-Spinner-Pro-Plugins-Wp-150x150.jpg",96,96,true],"medium":["https:\/\/pluginspordolar.com\/wp-content\/uploads\/2023\/01\/Descargar-Auto-Spinner-Pro-Plugins-Wp.jpg",280,280,false],"medium_large":["https:\/\/pluginspordolar.com\/wp-content\/uploads\/2023\/01\/Descargar-Auto-Spinner-Pro-Plugins-Wp.jpg",280,280,false],"large":["https:\/\/pluginspordolar.com\/wp-content\/uploads\/2023\/01\/Descargar-Auto-Spinner-Pro-Plugins-Wp.jpg",280,280,false],"1536x1536":["https:\/\/pluginspordolar.com\/wp-content\/uploads\/2023\/01\/Descargar-Auto-Spinner-Pro-Plugins-Wp.jpg",280,280,false],"2048x2048":["https:\/\/pluginspordolar.com\/wp-content\/uploads\/2023\/01\/Descargar-Auto-Spinner-Pro-Plugins-Wp.jpg",280,280,false],"trp-custom-language-flag":["https:\/\/pluginspordolar.com\/wp-content\/uploads\/2023\/01\/Descargar-Auto-Spinner-Pro-Plugins-Wp.jpg",12,12,false],"woocommerce_thumbnail":["https:\/\/pluginspordolar.com\/wp-content\/uploads\/2023\/01\/Descargar-Auto-Spinner-Pro-Plugins-Wp.jpg",280,280,false],"woocommerce_single":["https:\/\/pluginspordolar.com\/wp-content\/uploads\/2023\/01\/Descargar-Auto-Spinner-Pro-Plugins-Wp.jpg",280,280,false],"woocommerce_gallery_thumbnail":["https:\/\/pluginspordolar.com\/wp-content\/uploads\/2023\/01\/Descargar-Auto-Spinner-Pro-Plugins-Wp-100x100.jpg",100,100,true]},"uagb_author_info":{"display_name":"nc","author_link":"https:\/\/pluginspordolar.com\/en\/author\/"},"uagb_comment_info":0,"uagb_excerpt":"Reescribe autom\u00e1ticamente las entradas de WordPress sustituyendo palabras y frases por sus sin\u00f3nimos en piloto autom\u00e1tico. Para ello, utiliza la base de datos de sin\u00f3nimos incorporada u opcionalmente uno de los mejores servicios de spinning de la API para ofrecer nuevos contenidos. \u00daltima actualizaci\u00f3n: \u00a006-6-2022 Versi\u00f3n actual: 3.8.3 &nbsp; dgm@g &nbsp;","_links":{"self":[{"href":"https:\/\/pluginspordolar.com\/en\/wp-json\/wp\/v2\/product\/8461","targetHints":{"allow":["GET"]}}],"collection":[{"href":"https:\/\/pluginspordolar.com\/en\/wp-json\/wp\/v2\/product"}],"about":[{"href":"https:\/\/pluginspordolar.com\/en\/wp-json\/wp\/v2\/types\/product"}],"wp:featuredmedia":[{"embeddable":true,"href":"https:\/\/pluginspordolar.com\/en\/wp-json\/wp\/v2\/media\/7470"}],"wp:attachment":[{"href":"https:\/\/pluginspordolar.com\/en\/wp-json\/wp\/v2\/media?parent=8461"}],"wp:term":[{"taxonomy":"product_brand","embeddable":true,"href":"https:\/\/pluginspordolar.com\/en\/wp-json\/wp\/v2\/product_brand?post=8461"},{"taxonomy":"product_cat","embeddable":true,"href":"https:\/\/pluginspordolar.com\/en\/wp-json\/wp\/v2\/product_cat?post=8461"},{"taxonomy":"product_tag","embeddable":true,"href":"https:\/\/pluginspordolar.com\/en\/wp-json\/wp\/v2\/product_tag?post=8461"}],"curies":[{"name":"wp","href":"https:\/\/api.w.org\/{rel}","templated":true}]}}