{"id":8456,"date":"2024-08-05T22:03:02","date_gmt":"2024-08-05T22:03:02","guid":{"rendered":"https:\/\/pluginspordolar.com\/?post_type=product&#038;p=8456"},"modified":"2025-03-29T02:04:37","modified_gmt":"2025-03-29T02:04:37","slug":"woo-import-export","status":"publish","type":"product","link":"https:\/\/pluginspordolar.com\/en\/product\/woo-import-export\/","title":{"rendered":"woo-import-export"},"content":{"rendered":"<h2 id=\"item-description__the-most-complete-import-export-plugin-with-dozens-of-features\"><strong><span>El complemento de importaci\u00f3n y exportaci\u00f3n<\/span><\/strong><span>\u00a0m\u00e1s COMPLETO\u00a0con docenas de caracter\u00edsticas<\/span><\/h2>\n<p><strong><span>Woo Import Export<\/span><\/strong><span>\u00a0Plugin es un sitio de importaci\u00f3n y exportaci\u00f3n de datos f\u00e1cil, r\u00e1pido y avanzado.<\/span><\/p>\n<p><strong><span>Woo Import Export<\/span><\/strong><span>\u00a0le brinda la capacidad de exportar los datos de su sitio a un formato de archivo m\u00faltiple y puede importar esos archivos en cualquiera de sus sitios.\u00a0Todo tipo de\u00a0<\/span><strong><span>productos, pedidos, categor\u00edas de productos, cupones, comentarios y usuarios de WooCommerce Store<\/span><\/strong><span>\u00a0se importan\/exportan con un solo clic.\u00a0Una excelente manera de administrar los datos de WooCommerce Store entre varios sitios.<\/span><\/p>\n<p>06.09.2020<br \/>Versi\u00f3n actual: 5.3.5<\/p>","protected":false},"excerpt":{"rendered":"<p>El complemento de importaci\u00f3n y exportaci\u00f3n\u00a0m\u00e1s COMPLETO\u00a0con docenas de caracter\u00edsticas Woo Import Export\u00a0Plugin es un sitio de importaci\u00f3n y exportaci\u00f3n de datos f\u00e1cil, r\u00e1pido y avanzado. Woo Import Export\u00a0le brinda la capacidad de exportar los datos de su sitio a un formato de archivo m\u00faltiple y puede importar esos archivos en cualquiera de sus sitios.\u00a0Todo [&hellip;]<\/p>","protected":false},"featured_media":7463,"template":"","meta":{"_eb_attr":"","_uag_custom_page_level_css":""},"product_brand":[],"product_cat":[71],"product_tag":[],"class_list":{"0":"post-8456","1":"product","2":"type-product","3":"status-publish","4":"has-post-thumbnail","6":"product_cat-plugins-woocommerce","8":"first","9":"instock","10":"downloadable","11":"purchasable","12":"product-type-simple"},"yoast_head":"<!-- This site is optimized with the Yoast SEO plugin v27.4 - https:\/\/yoast.com\/product\/yoast-seo-wordpress\/ -->\n<title>woo-import-export - Plugins x Dolar<\/title>\n<meta name=\"robots\" content=\"noindex, follow\" \/>\n<meta property=\"og:locale\" content=\"en_US\" \/>\n<meta property=\"og:type\" content=\"article\" \/>\n<meta property=\"og:title\" content=\"woo-import-export - Plugins x Dolar\" \/>\n<meta property=\"og:description\" content=\"El complemento de importaci\u00f3n y exportaci\u00f3n\u00a0m\u00e1s COMPLETO\u00a0con docenas de caracter\u00edsticas Woo Import Export\u00a0Plugin es un sitio de importaci\u00f3n y exportaci\u00f3n de datos f\u00e1cil, r\u00e1pido y avanzado. Woo Import Export\u00a0le brinda la capacidad de exportar los datos de su sitio a un formato de archivo m\u00faltiple y puede importar esos archivos en cualquiera de sus sitios.\u00a0Todo [&hellip;]\" \/>\n<meta property=\"og:url\" content=\"https:\/\/pluginspordolar.com\/en\/product\/woo-import-export\/\" \/>\n<meta property=\"og:site_name\" content=\"Plugins x Dolar\" \/>\n<meta property=\"article:modified_time\" content=\"2025-03-29T02:04:37+00:00\" \/>\n<meta property=\"og:image\" content=\"https:\/\/pluginspordolar.com\/wp-content\/uploads\/2023\/01\/Theme-woocommerce.jpg.jpg\" \/>\n\t<meta property=\"og:image:width\" content=\"280\" \/>\n\t<meta property=\"og:image:height\" content=\"280\" \/>\n\t<meta property=\"og:image:type\" content=\"image\/jpeg\" \/>\n<meta name=\"twitter:card\" content=\"summary_large_image\" \/>\n<meta name=\"twitter:label1\" content=\"Est. reading time\" \/>\n\t<meta name=\"twitter:data1\" content=\"1 minute\" \/>\n<script type=\"application\/ld+json\" class=\"yoast-schema-graph\">{\"@context\":\"https:\\\/\\\/schema.org\",\"@graph\":[{\"@type\":\"WebPage\",\"@id\":\"https:\\\/\\\/pluginspordolar.com\\\/producto\\\/woo-import-export\\\/\",\"url\":\"https:\\\/\\\/pluginspordolar.com\\\/producto\\\/woo-import-export\\\/\",\"name\":\"woo-import-export - Plugins x Dolar\",\"isPartOf\":{\"@id\":\"https:\\\/\\\/pluginspordolar.com\\\/#website\"},\"primaryImageOfPage\":{\"@id\":\"https:\\\/\\\/pluginspordolar.com\\\/producto\\\/woo-import-export\\\/#primaryimage\"},\"image\":{\"@id\":\"https:\\\/\\\/pluginspordolar.com\\\/producto\\\/woo-import-export\\\/#primaryimage\"},\"thumbnailUrl\":\"https:\\\/\\\/pluginspordolar.com\\\/wp-content\\\/uploads\\\/2023\\\/01\\\/Theme-woocommerce.jpg.jpg\",\"datePublished\":\"2024-08-05T22:03:02+00:00\",\"dateModified\":\"2025-03-29T02:04:37+00:00\",\"breadcrumb\":{\"@id\":\"https:\\\/\\\/pluginspordolar.com\\\/producto\\\/woo-import-export\\\/#breadcrumb\"},\"inLanguage\":\"en-US\",\"potentialAction\":[{\"@type\":\"ReadAction\",\"target\":[\"https:\\\/\\\/pluginspordolar.com\\\/producto\\\/woo-import-export\\\/\"]}]},{\"@type\":\"ImageObject\",\"inLanguage\":\"en-US\",\"@id\":\"https:\\\/\\\/pluginspordolar.com\\\/producto\\\/woo-import-export\\\/#primaryimage\",\"url\":\"https:\\\/\\\/pluginspordolar.com\\\/wp-content\\\/uploads\\\/2023\\\/01\\\/Theme-woocommerce.jpg.jpg\",\"contentUrl\":\"https:\\\/\\\/pluginspordolar.com\\\/wp-content\\\/uploads\\\/2023\\\/01\\\/Theme-woocommerce.jpg.jpg\",\"width\":280,\"height\":280},{\"@type\":\"BreadcrumbList\",\"@id\":\"https:\\\/\\\/pluginspordolar.com\\\/producto\\\/woo-import-export\\\/#breadcrumb\",\"itemListElement\":[{\"@type\":\"ListItem\",\"position\":1,\"name\":\"Portada\",\"item\":\"https:\\\/\\\/pluginspordolar.com\\\/\"},{\"@type\":\"ListItem\",\"position\":2,\"name\":\"Tienda\",\"item\":\"https:\\\/\\\/pluginspordolar.com\\\/tienda\\\/\"},{\"@type\":\"ListItem\",\"position\":3,\"name\":\"woo-import-export\"}]},{\"@type\":\"WebSite\",\"@id\":\"https:\\\/\\\/pluginspordolar.com\\\/#website\",\"url\":\"https:\\\/\\\/pluginspordolar.com\\\/\",\"name\":\"Plugins x Dolar\",\"description\":\"Complementos Premium\",\"publisher\":{\"@id\":\"https:\\\/\\\/pluginspordolar.com\\\/#organization\"},\"potentialAction\":[{\"@type\":\"SearchAction\",\"target\":{\"@type\":\"EntryPoint\",\"urlTemplate\":\"https:\\\/\\\/pluginspordolar.com\\\/?s={search_term_string}\"},\"query-input\":{\"@type\":\"PropertyValueSpecification\",\"valueRequired\":true,\"valueName\":\"search_term_string\"}}],\"inLanguage\":\"en-US\"},{\"@type\":\"Organization\",\"@id\":\"https:\\\/\\\/pluginspordolar.com\\\/#organization\",\"name\":\"Plugins x Dolar\",\"url\":\"https:\\\/\\\/pluginspordolar.com\\\/\",\"logo\":{\"@type\":\"ImageObject\",\"inLanguage\":\"en-US\",\"@id\":\"https:\\\/\\\/pluginspordolar.com\\\/#\\\/schema\\\/logo\\\/image\\\/\",\"url\":\"https:\\\/\\\/pluginspordolar.com\\\/wp-content\\\/uploads\\\/Logo-moderno-pluginsxdolar-e1674435267756.png\",\"contentUrl\":\"https:\\\/\\\/pluginspordolar.com\\\/wp-content\\\/uploads\\\/Logo-moderno-pluginsxdolar-e1674435267756.png\",\"width\":500,\"height\":111,\"caption\":\"Plugins x Dolar\"},\"image\":{\"@id\":\"https:\\\/\\\/pluginspordolar.com\\\/#\\\/schema\\\/logo\\\/image\\\/\"}}]}<\/script>\n<!-- \/ Yoast SEO plugin. -->","yoast_head_json":{"title":"woo-import-export - Plugins x Dolar","robots":{"index":"noindex","follow":"follow"},"og_locale":"en_US","og_type":"article","og_title":"woo-import-export - Plugins x Dolar","og_description":"El complemento de importaci\u00f3n y exportaci\u00f3n\u00a0m\u00e1s COMPLETO\u00a0con docenas de caracter\u00edsticas Woo Import Export\u00a0Plugin es un sitio de importaci\u00f3n y exportaci\u00f3n de datos f\u00e1cil, r\u00e1pido y avanzado. Woo Import Export\u00a0le brinda la capacidad de exportar los datos de su sitio a un formato de archivo m\u00faltiple y puede importar esos archivos en cualquiera de sus sitios.\u00a0Todo [&hellip;]","og_url":"https:\/\/pluginspordolar.com\/en\/product\/woo-import-export\/","og_site_name":"Plugins x Dolar","article_modified_time":"2025-03-29T02:04:37+00:00","og_image":[{"width":280,"height":280,"url":"https:\/\/pluginspordolar.com\/wp-content\/uploads\/2023\/01\/Theme-woocommerce.jpg.jpg","type":"image\/jpeg"}],"twitter_card":"summary_large_image","twitter_misc":{"Est. reading time":"1 minute"},"schema":{"@context":"https:\/\/schema.org","@graph":[{"@type":"WebPage","@id":"https:\/\/pluginspordolar.com\/producto\/woo-import-export\/","url":"https:\/\/pluginspordolar.com\/producto\/woo-import-export\/","name":"woo-import-export - Plugins x Dolar","isPartOf":{"@id":"https:\/\/pluginspordolar.com\/#website"},"primaryImageOfPage":{"@id":"https:\/\/pluginspordolar.com\/producto\/woo-import-export\/#primaryimage"},"image":{"@id":"https:\/\/pluginspordolar.com\/producto\/woo-import-export\/#primaryimage"},"thumbnailUrl":"https:\/\/pluginspordolar.com\/wp-content\/uploads\/2023\/01\/Theme-woocommerce.jpg.jpg","datePublished":"2024-08-05T22:03:02+00:00","dateModified":"2025-03-29T02:04:37+00:00","breadcrumb":{"@id":"https:\/\/pluginspordolar.com\/producto\/woo-import-export\/#breadcrumb"},"inLanguage":"en-US","potentialAction":[{"@type":"ReadAction","target":["https:\/\/pluginspordolar.com\/producto\/woo-import-export\/"]}]},{"@type":"ImageObject","inLanguage":"en-US","@id":"https:\/\/pluginspordolar.com\/producto\/woo-import-export\/#primaryimage","url":"https:\/\/pluginspordolar.com\/wp-content\/uploads\/2023\/01\/Theme-woocommerce.jpg.jpg","contentUrl":"https:\/\/pluginspordolar.com\/wp-content\/uploads\/2023\/01\/Theme-woocommerce.jpg.jpg","width":280,"height":280},{"@type":"BreadcrumbList","@id":"https:\/\/pluginspordolar.com\/producto\/woo-import-export\/#breadcrumb","itemListElement":[{"@type":"ListItem","position":1,"name":"Portada","item":"https:\/\/pluginspordolar.com\/"},{"@type":"ListItem","position":2,"name":"Tienda","item":"https:\/\/pluginspordolar.com\/tienda\/"},{"@type":"ListItem","position":3,"name":"woo-import-export"}]},{"@type":"WebSite","@id":"https:\/\/pluginspordolar.com\/#website","url":"https:\/\/pluginspordolar.com\/","name":"Plugins x Dolar","description":"Complementos Premium","publisher":{"@id":"https:\/\/pluginspordolar.com\/#organization"},"potentialAction":[{"@type":"SearchAction","target":{"@type":"EntryPoint","urlTemplate":"https:\/\/pluginspordolar.com\/?s={search_term_string}"},"query-input":{"@type":"PropertyValueSpecification","valueRequired":true,"valueName":"search_term_string"}}],"inLanguage":"en-US"},{"@type":"Organization","@id":"https:\/\/pluginspordolar.com\/#organization","name":"Plugins x Dolar","url":"https:\/\/pluginspordolar.com\/","logo":{"@type":"ImageObject","inLanguage":"en-US","@id":"https:\/\/pluginspordolar.com\/#\/schema\/logo\/image\/","url":"https:\/\/pluginspordolar.com\/wp-content\/uploads\/Logo-moderno-pluginsxdolar-e1674435267756.png","contentUrl":"https:\/\/pluginspordolar.com\/wp-content\/uploads\/Logo-moderno-pluginsxdolar-e1674435267756.png","width":500,"height":111,"caption":"Plugins x Dolar"},"image":{"@id":"https:\/\/pluginspordolar.com\/#\/schema\/logo\/image\/"}}]}},"uagb_featured_image_src":{"full":["https:\/\/pluginspordolar.com\/wp-content\/uploads\/2023\/01\/Theme-woocommerce.jpg.jpg",280,280,false],"thumbnail":["https:\/\/pluginspordolar.com\/wp-content\/uploads\/2023\/01\/Theme-woocommerce.jpg-150x150.jpg",96,96,true],"medium":["https:\/\/pluginspordolar.com\/wp-content\/uploads\/2023\/01\/Theme-woocommerce.jpg.jpg",280,280,false],"medium_large":["https:\/\/pluginspordolar.com\/wp-content\/uploads\/2023\/01\/Theme-woocommerce.jpg.jpg",280,280,false],"large":["https:\/\/pluginspordolar.com\/wp-content\/uploads\/2023\/01\/Theme-woocommerce.jpg.jpg",280,280,false],"1536x1536":["https:\/\/pluginspordolar.com\/wp-content\/uploads\/2023\/01\/Theme-woocommerce.jpg.jpg",280,280,false],"2048x2048":["https:\/\/pluginspordolar.com\/wp-content\/uploads\/2023\/01\/Theme-woocommerce.jpg.jpg",280,280,false],"trp-custom-language-flag":["https:\/\/pluginspordolar.com\/wp-content\/uploads\/2023\/01\/Theme-woocommerce.jpg.jpg",12,12,false],"woocommerce_thumbnail":["https:\/\/pluginspordolar.com\/wp-content\/uploads\/2023\/01\/Theme-woocommerce.jpg.jpg",280,280,false],"woocommerce_single":["https:\/\/pluginspordolar.com\/wp-content\/uploads\/2023\/01\/Theme-woocommerce.jpg.jpg",280,280,false],"woocommerce_gallery_thumbnail":["https:\/\/pluginspordolar.com\/wp-content\/uploads\/2023\/01\/Theme-woocommerce.jpg-100x100.jpg",100,100,true]},"uagb_author_info":{"display_name":"nc","author_link":"https:\/\/pluginspordolar.com\/en\/author\/"},"uagb_comment_info":0,"uagb_excerpt":"El complemento de importaci\u00f3n y exportaci\u00f3n\u00a0m\u00e1s COMPLETO\u00a0con docenas de caracter\u00edsticas Woo Import Export\u00a0Plugin es un sitio de importaci\u00f3n y exportaci\u00f3n de datos f\u00e1cil, r\u00e1pido y avanzado. Woo Import Export\u00a0le brinda la capacidad de exportar los datos de su sitio a un formato de archivo m\u00faltiple y puede importar esos archivos en cualquiera de sus sitios.\u00a0Todo&hellip;","_links":{"self":[{"href":"https:\/\/pluginspordolar.com\/en\/wp-json\/wp\/v2\/product\/8456","targetHints":{"allow":["GET"]}}],"collection":[{"href":"https:\/\/pluginspordolar.com\/en\/wp-json\/wp\/v2\/product"}],"about":[{"href":"https:\/\/pluginspordolar.com\/en\/wp-json\/wp\/v2\/types\/product"}],"wp:featuredmedia":[{"embeddable":true,"href":"https:\/\/pluginspordolar.com\/en\/wp-json\/wp\/v2\/media\/7463"}],"wp:attachment":[{"href":"https:\/\/pluginspordolar.com\/en\/wp-json\/wp\/v2\/media?parent=8456"}],"wp:term":[{"taxonomy":"product_brand","embeddable":true,"href":"https:\/\/pluginspordolar.com\/en\/wp-json\/wp\/v2\/product_brand?post=8456"},{"taxonomy":"product_cat","embeddable":true,"href":"https:\/\/pluginspordolar.com\/en\/wp-json\/wp\/v2\/product_cat?post=8456"},{"taxonomy":"product_tag","embeddable":true,"href":"https:\/\/pluginspordolar.com\/en\/wp-json\/wp\/v2\/product_tag?post=8456"}],"curies":[{"name":"wp","href":"https:\/\/api.w.org\/{rel}","templated":true}]}}