{"id":8450,"date":"2024-08-05T22:02:59","date_gmt":"2024-08-05T22:02:59","guid":{"rendered":"https:\/\/pluginspordolar.com\/?post_type=product&#038;p=8450"},"modified":"2025-11-01T00:46:01","modified_gmt":"2025-11-01T00:46:01","slug":"avas-theme","status":"publish","type":"product","link":"https:\/\/pluginspordolar.com\/en\/product\/avas-theme\/","title":{"rendered":"Ava&#039;s Theme"},"content":{"rendered":"<p>Avas es un tema de WordPress receptivo de usos m\u00faltiples con un peso ligero y menos complementos. Listo para usar para cualquier prop\u00f3sito, como negocios, finanzas, corporativos, agencias, portafolios, aplicaciones, noticias, blogs, revistas, servicios de limpieza, construcci\u00f3n, dise\u00f1os, aut\u00f3nomos, bodas, restaurantes, educaci\u00f3n, caridad, tiendas, mec\u00e1nicos, mudanzas y muchos. m\u00e1s. Avas tiene m\u00e1s de 40 demostraciones diferentes listas con una instalaci\u00f3n de demostraci\u00f3n compatible con un clic para que pueda elegir cualquiera de las demostraciones de acuerdo con su nicho. Las plantillas de Avas est\u00e1n creadas con el constructor de p\u00e1ginas Elementor s\u00faper r\u00e1pido y liviano con funci\u00f3n de arrastrar y soltar para que su sitio web no se cargue demasiado. Hemos agregado muchas opciones en el panel de opciones del tema con el marco de Redux para que no necesite ning\u00fan conocimiento de codificaci\u00f3n.<\/p>\n<p><strong>\u00daltima actualizaci\u00f3n: 31\/10\/2025<\/strong><\/p>\n<p><strong>Versi\u00f3n actual: 6.8.4.16<\/strong><\/p>\n<p>cn@h<\/p>","protected":false},"excerpt":{"rendered":"<p>Avas es un tema de WordPress receptivo de usos m\u00faltiples con un peso ligero y menos complementos. Listo para usar para cualquier prop\u00f3sito, como negocios, finanzas, corporativos, agencias, portafolios, aplicaciones, noticias, blogs, revistas, servicios de limpieza, construcci\u00f3n, dise\u00f1os, aut\u00f3nomos, bodas, restaurantes, educaci\u00f3n, caridad, tiendas, mec\u00e1nicos, mudanzas y muchos. m\u00e1s. Avas tiene m\u00e1s de 40 demostraciones [&hellip;]<\/p>","protected":false},"featured_media":7464,"template":"","meta":{"_eb_attr":"","_uag_custom_page_level_css":""},"product_brand":[],"product_cat":[26],"product_tag":[515],"class_list":{"0":"post-8450","1":"product","2":"type-product","3":"status-publish","4":"has-post-thumbnail","6":"product_cat-temas-wordpress","7":"product_tag-avas-theme","9":"first","10":"instock","11":"downloadable","12":"virtual","13":"sold-individually","14":"purchasable","15":"product-type-simple"},"yoast_head":"<!-- This site is optimized with the Yoast SEO plugin v27.4 - https:\/\/yoast.com\/product\/yoast-seo-wordpress\/ -->\n<title>Avas Theme - Plugins x Dolar<\/title>\n<meta name=\"robots\" content=\"noindex, follow\" \/>\n<meta property=\"og:locale\" content=\"en_US\" \/>\n<meta property=\"og:type\" content=\"article\" \/>\n<meta property=\"og:title\" content=\"Avas Theme - Plugins x Dolar\" \/>\n<meta property=\"og:description\" content=\"Avas es un tema de WordPress receptivo de usos m\u00faltiples con un peso ligero y menos complementos. Listo para usar para cualquier prop\u00f3sito, como negocios, finanzas, corporativos, agencias, portafolios, aplicaciones, noticias, blogs, revistas, servicios de limpieza, construcci\u00f3n, dise\u00f1os, aut\u00f3nomos, bodas, restaurantes, educaci\u00f3n, caridad, tiendas, mec\u00e1nicos, mudanzas y muchos. m\u00e1s. Avas tiene m\u00e1s de 40 demostraciones [&hellip;]\" \/>\n<meta property=\"og:url\" content=\"https:\/\/pluginspordolar.com\/en\/product\/avas-theme\/\" \/>\n<meta property=\"og:site_name\" content=\"Plugins x Dolar\" \/>\n<meta property=\"article:modified_time\" content=\"2025-11-01T00:46:01+00:00\" \/>\n<meta property=\"og:image\" content=\"https:\/\/pluginspordolar.com\/wp-content\/uploads\/2023\/01\/Avas-Multi-Purpose-Elementor.jpg.jpg\" \/>\n\t<meta property=\"og:image:width\" content=\"280\" \/>\n\t<meta property=\"og:image:height\" content=\"280\" \/>\n\t<meta property=\"og:image:type\" content=\"image\/jpeg\" \/>\n<meta name=\"twitter:card\" content=\"summary_large_image\" \/>\n<meta name=\"twitter:label1\" content=\"Est. reading time\" \/>\n\t<meta name=\"twitter:data1\" content=\"1 minute\" \/>\n<script type=\"application\/ld+json\" class=\"yoast-schema-graph\">{\"@context\":\"https:\\\/\\\/schema.org\",\"@graph\":[{\"@type\":\"WebPage\",\"@id\":\"https:\\\/\\\/pluginspordolar.com\\\/producto\\\/avas-theme\\\/\",\"url\":\"https:\\\/\\\/pluginspordolar.com\\\/producto\\\/avas-theme\\\/\",\"name\":\"Avas Theme - Plugins x Dolar\",\"isPartOf\":{\"@id\":\"https:\\\/\\\/pluginspordolar.com\\\/#website\"},\"primaryImageOfPage\":{\"@id\":\"https:\\\/\\\/pluginspordolar.com\\\/producto\\\/avas-theme\\\/#primaryimage\"},\"image\":{\"@id\":\"https:\\\/\\\/pluginspordolar.com\\\/producto\\\/avas-theme\\\/#primaryimage\"},\"thumbnailUrl\":\"https:\\\/\\\/pluginspordolar.com\\\/wp-content\\\/uploads\\\/2023\\\/01\\\/Avas-Multi-Purpose-Elementor.jpg.jpg\",\"datePublished\":\"2024-08-05T22:02:59+00:00\",\"dateModified\":\"2025-11-01T00:46:01+00:00\",\"breadcrumb\":{\"@id\":\"https:\\\/\\\/pluginspordolar.com\\\/producto\\\/avas-theme\\\/#breadcrumb\"},\"inLanguage\":\"en-US\",\"potentialAction\":[{\"@type\":\"ReadAction\",\"target\":[\"https:\\\/\\\/pluginspordolar.com\\\/producto\\\/avas-theme\\\/\"]}]},{\"@type\":\"ImageObject\",\"inLanguage\":\"en-US\",\"@id\":\"https:\\\/\\\/pluginspordolar.com\\\/producto\\\/avas-theme\\\/#primaryimage\",\"url\":\"https:\\\/\\\/pluginspordolar.com\\\/wp-content\\\/uploads\\\/2023\\\/01\\\/Avas-Multi-Purpose-Elementor.jpg.jpg\",\"contentUrl\":\"https:\\\/\\\/pluginspordolar.com\\\/wp-content\\\/uploads\\\/2023\\\/01\\\/Avas-Multi-Purpose-Elementor.jpg.jpg\",\"width\":280,\"height\":280},{\"@type\":\"BreadcrumbList\",\"@id\":\"https:\\\/\\\/pluginspordolar.com\\\/producto\\\/avas-theme\\\/#breadcrumb\",\"itemListElement\":[{\"@type\":\"ListItem\",\"position\":1,\"name\":\"Portada\",\"item\":\"https:\\\/\\\/pluginspordolar.com\\\/\"},{\"@type\":\"ListItem\",\"position\":2,\"name\":\"Tienda\",\"item\":\"https:\\\/\\\/pluginspordolar.com\\\/tienda\\\/\"},{\"@type\":\"ListItem\",\"position\":3,\"name\":\"Avas Theme\"}]},{\"@type\":\"WebSite\",\"@id\":\"https:\\\/\\\/pluginspordolar.com\\\/#website\",\"url\":\"https:\\\/\\\/pluginspordolar.com\\\/\",\"name\":\"Plugins x Dolar\",\"description\":\"Complementos Premium\",\"publisher\":{\"@id\":\"https:\\\/\\\/pluginspordolar.com\\\/#organization\"},\"potentialAction\":[{\"@type\":\"SearchAction\",\"target\":{\"@type\":\"EntryPoint\",\"urlTemplate\":\"https:\\\/\\\/pluginspordolar.com\\\/?s={search_term_string}\"},\"query-input\":{\"@type\":\"PropertyValueSpecification\",\"valueRequired\":true,\"valueName\":\"search_term_string\"}}],\"inLanguage\":\"en-US\"},{\"@type\":\"Organization\",\"@id\":\"https:\\\/\\\/pluginspordolar.com\\\/#organization\",\"name\":\"Plugins x Dolar\",\"url\":\"https:\\\/\\\/pluginspordolar.com\\\/\",\"logo\":{\"@type\":\"ImageObject\",\"inLanguage\":\"en-US\",\"@id\":\"https:\\\/\\\/pluginspordolar.com\\\/#\\\/schema\\\/logo\\\/image\\\/\",\"url\":\"https:\\\/\\\/pluginspordolar.com\\\/wp-content\\\/uploads\\\/Logo-moderno-pluginsxdolar-e1674435267756.png\",\"contentUrl\":\"https:\\\/\\\/pluginspordolar.com\\\/wp-content\\\/uploads\\\/Logo-moderno-pluginsxdolar-e1674435267756.png\",\"width\":500,\"height\":111,\"caption\":\"Plugins x Dolar\"},\"image\":{\"@id\":\"https:\\\/\\\/pluginspordolar.com\\\/#\\\/schema\\\/logo\\\/image\\\/\"}}]}<\/script>\n<!-- \/ Yoast SEO plugin. -->","yoast_head_json":{"title":"Avas Theme - Plugins x Dolar","robots":{"index":"noindex","follow":"follow"},"og_locale":"en_US","og_type":"article","og_title":"Avas Theme - Plugins x Dolar","og_description":"Avas es un tema de WordPress receptivo de usos m\u00faltiples con un peso ligero y menos complementos. Listo para usar para cualquier prop\u00f3sito, como negocios, finanzas, corporativos, agencias, portafolios, aplicaciones, noticias, blogs, revistas, servicios de limpieza, construcci\u00f3n, dise\u00f1os, aut\u00f3nomos, bodas, restaurantes, educaci\u00f3n, caridad, tiendas, mec\u00e1nicos, mudanzas y muchos. m\u00e1s. Avas tiene m\u00e1s de 40 demostraciones [&hellip;]","og_url":"https:\/\/pluginspordolar.com\/en\/product\/avas-theme\/","og_site_name":"Plugins x Dolar","article_modified_time":"2025-11-01T00:46:01+00:00","og_image":[{"width":280,"height":280,"url":"https:\/\/pluginspordolar.com\/wp-content\/uploads\/2023\/01\/Avas-Multi-Purpose-Elementor.jpg.jpg","type":"image\/jpeg"}],"twitter_card":"summary_large_image","twitter_misc":{"Est. reading time":"1 minute"},"schema":{"@context":"https:\/\/schema.org","@graph":[{"@type":"WebPage","@id":"https:\/\/pluginspordolar.com\/producto\/avas-theme\/","url":"https:\/\/pluginspordolar.com\/producto\/avas-theme\/","name":"Avas Theme - Plugins x Dolar","isPartOf":{"@id":"https:\/\/pluginspordolar.com\/#website"},"primaryImageOfPage":{"@id":"https:\/\/pluginspordolar.com\/producto\/avas-theme\/#primaryimage"},"image":{"@id":"https:\/\/pluginspordolar.com\/producto\/avas-theme\/#primaryimage"},"thumbnailUrl":"https:\/\/pluginspordolar.com\/wp-content\/uploads\/2023\/01\/Avas-Multi-Purpose-Elementor.jpg.jpg","datePublished":"2024-08-05T22:02:59+00:00","dateModified":"2025-11-01T00:46:01+00:00","breadcrumb":{"@id":"https:\/\/pluginspordolar.com\/producto\/avas-theme\/#breadcrumb"},"inLanguage":"en-US","potentialAction":[{"@type":"ReadAction","target":["https:\/\/pluginspordolar.com\/producto\/avas-theme\/"]}]},{"@type":"ImageObject","inLanguage":"en-US","@id":"https:\/\/pluginspordolar.com\/producto\/avas-theme\/#primaryimage","url":"https:\/\/pluginspordolar.com\/wp-content\/uploads\/2023\/01\/Avas-Multi-Purpose-Elementor.jpg.jpg","contentUrl":"https:\/\/pluginspordolar.com\/wp-content\/uploads\/2023\/01\/Avas-Multi-Purpose-Elementor.jpg.jpg","width":280,"height":280},{"@type":"BreadcrumbList","@id":"https:\/\/pluginspordolar.com\/producto\/avas-theme\/#breadcrumb","itemListElement":[{"@type":"ListItem","position":1,"name":"Portada","item":"https:\/\/pluginspordolar.com\/"},{"@type":"ListItem","position":2,"name":"Tienda","item":"https:\/\/pluginspordolar.com\/tienda\/"},{"@type":"ListItem","position":3,"name":"Avas Theme"}]},{"@type":"WebSite","@id":"https:\/\/pluginspordolar.com\/#website","url":"https:\/\/pluginspordolar.com\/","name":"Plugins x Dolar","description":"Complementos Premium","publisher":{"@id":"https:\/\/pluginspordolar.com\/#organization"},"potentialAction":[{"@type":"SearchAction","target":{"@type":"EntryPoint","urlTemplate":"https:\/\/pluginspordolar.com\/?s={search_term_string}"},"query-input":{"@type":"PropertyValueSpecification","valueRequired":true,"valueName":"search_term_string"}}],"inLanguage":"en-US"},{"@type":"Organization","@id":"https:\/\/pluginspordolar.com\/#organization","name":"Plugins x Dolar","url":"https:\/\/pluginspordolar.com\/","logo":{"@type":"ImageObject","inLanguage":"en-US","@id":"https:\/\/pluginspordolar.com\/#\/schema\/logo\/image\/","url":"https:\/\/pluginspordolar.com\/wp-content\/uploads\/Logo-moderno-pluginsxdolar-e1674435267756.png","contentUrl":"https:\/\/pluginspordolar.com\/wp-content\/uploads\/Logo-moderno-pluginsxdolar-e1674435267756.png","width":500,"height":111,"caption":"Plugins x Dolar"},"image":{"@id":"https:\/\/pluginspordolar.com\/#\/schema\/logo\/image\/"}}]}},"uagb_featured_image_src":{"full":["https:\/\/pluginspordolar.com\/wp-content\/uploads\/2023\/01\/Avas-Multi-Purpose-Elementor.jpg.jpg",280,280,false],"thumbnail":["https:\/\/pluginspordolar.com\/wp-content\/uploads\/2023\/01\/Avas-Multi-Purpose-Elementor.jpg-150x150.jpg",96,96,true],"medium":["https:\/\/pluginspordolar.com\/wp-content\/uploads\/2023\/01\/Avas-Multi-Purpose-Elementor.jpg.jpg",280,280,false],"medium_large":["https:\/\/pluginspordolar.com\/wp-content\/uploads\/2023\/01\/Avas-Multi-Purpose-Elementor.jpg.jpg",280,280,false],"large":["https:\/\/pluginspordolar.com\/wp-content\/uploads\/2023\/01\/Avas-Multi-Purpose-Elementor.jpg.jpg",280,280,false],"1536x1536":["https:\/\/pluginspordolar.com\/wp-content\/uploads\/2023\/01\/Avas-Multi-Purpose-Elementor.jpg.jpg",280,280,false],"2048x2048":["https:\/\/pluginspordolar.com\/wp-content\/uploads\/2023\/01\/Avas-Multi-Purpose-Elementor.jpg.jpg",280,280,false],"trp-custom-language-flag":["https:\/\/pluginspordolar.com\/wp-content\/uploads\/2023\/01\/Avas-Multi-Purpose-Elementor.jpg.jpg",12,12,false],"woocommerce_thumbnail":["https:\/\/pluginspordolar.com\/wp-content\/uploads\/2023\/01\/Avas-Multi-Purpose-Elementor.jpg.jpg",280,280,false],"woocommerce_single":["https:\/\/pluginspordolar.com\/wp-content\/uploads\/2023\/01\/Avas-Multi-Purpose-Elementor.jpg.jpg",280,280,false],"woocommerce_gallery_thumbnail":["https:\/\/pluginspordolar.com\/wp-content\/uploads\/2023\/01\/Avas-Multi-Purpose-Elementor.jpg-100x100.jpg",100,100,true]},"uagb_author_info":{"display_name":"nc","author_link":"https:\/\/pluginspordolar.com\/en\/author\/"},"uagb_comment_info":0,"uagb_excerpt":"Avas es un tema de WordPress receptivo de usos m\u00faltiples con un peso ligero y menos complementos. Listo para usar para cualquier prop\u00f3sito, como negocios, finanzas, corporativos, agencias, portafolios, aplicaciones, noticias, blogs, revistas, servicios de limpieza, construcci\u00f3n, dise\u00f1os, aut\u00f3nomos, bodas, restaurantes, educaci\u00f3n, caridad, tiendas, mec\u00e1nicos, mudanzas y muchos. m\u00e1s. Avas tiene m\u00e1s de 40 demostraciones&hellip;","_links":{"self":[{"href":"https:\/\/pluginspordolar.com\/en\/wp-json\/wp\/v2\/product\/8450","targetHints":{"allow":["GET"]}}],"collection":[{"href":"https:\/\/pluginspordolar.com\/en\/wp-json\/wp\/v2\/product"}],"about":[{"href":"https:\/\/pluginspordolar.com\/en\/wp-json\/wp\/v2\/types\/product"}],"wp:featuredmedia":[{"embeddable":true,"href":"https:\/\/pluginspordolar.com\/en\/wp-json\/wp\/v2\/media\/7464"}],"wp:attachment":[{"href":"https:\/\/pluginspordolar.com\/en\/wp-json\/wp\/v2\/media?parent=8450"}],"wp:term":[{"taxonomy":"product_brand","embeddable":true,"href":"https:\/\/pluginspordolar.com\/en\/wp-json\/wp\/v2\/product_brand?post=8450"},{"taxonomy":"product_cat","embeddable":true,"href":"https:\/\/pluginspordolar.com\/en\/wp-json\/wp\/v2\/product_cat?post=8450"},{"taxonomy":"product_tag","embeddable":true,"href":"https:\/\/pluginspordolar.com\/en\/wp-json\/wp\/v2\/product_tag?post=8450"}],"curies":[{"name":"wp","href":"https:\/\/api.w.org\/{rel}","templated":true}]}}