{"id":8343,"date":"2024-08-05T22:02:44","date_gmt":"2024-08-05T22:02:44","guid":{"rendered":"https:\/\/pluginspordolar.com\/?post_type=product&#038;p=8343"},"modified":"2025-03-29T02:12:31","modified_gmt":"2025-03-29T02:12:31","slug":"listing-pro-theme","status":"publish","type":"product","link":"https:\/\/pluginspordolar.com\/en\/product\/listing-pro-theme\/","title":{"rendered":"Listing Pro Theme"},"content":{"rendered":"<p>Ya sea que desee construir un sistema de b\u00fasqueda para hoteles, restaurantes, tiendas, todo lo anterior o cualquier otro tipo de negocio. ListingPro  puede ser una buena elecci\u00f3n siempre que se trate de una lista. \u00a1Eso sin mencionar que lo que le brinda es mucho m\u00e1s que un sitio web de directorio! \u00daltima actualizaci\u00f3n: 16 02 2021<br \/>\nVersi\u00f3n actual: 2.6.3<\/p>","protected":false},"excerpt":{"rendered":"<p>Ya sea que desee construir un sistema de b\u00fasqueda para hoteles, restaurantes, tiendas, todo lo anterior o cualquier otro tipo de negocio. ListingPro puede ser una buena elecci\u00f3n siempre que se trate de una lista. \u00a1Eso sin mencionar que lo que le brinda es mucho m\u00e1s que un sitio web de directorio! \u00daltima actualizaci\u00f3n: 16 [&hellip;]<\/p>","protected":false},"featured_media":6784,"template":"","meta":{"_eb_attr":"","_uag_custom_page_level_css":""},"product_brand":[],"product_cat":[26],"product_tag":[408],"class_list":{"0":"post-8343","1":"product","2":"type-product","3":"status-publish","4":"has-post-thumbnail","6":"product_cat-temas-wordpress","7":"product_tag-listing-pro-theme","9":"first","10":"instock","11":"downloadable","12":"virtual","13":"sold-individually","14":"purchasable","15":"product-type-simple"},"yoast_head":"<!-- This site is optimized with the Yoast SEO plugin v27.4 - https:\/\/yoast.com\/product\/yoast-seo-wordpress\/ -->\n<title>Listing Pro Theme - Plugins x Dolar<\/title>\n<meta name=\"robots\" content=\"noindex, follow\" \/>\n<meta property=\"og:locale\" content=\"en_US\" \/>\n<meta property=\"og:type\" content=\"article\" \/>\n<meta property=\"og:title\" content=\"Listing Pro Theme - Plugins x Dolar\" \/>\n<meta property=\"og:description\" content=\"Ya sea que desee construir un sistema de b\u00fasqueda para hoteles, restaurantes, tiendas, todo lo anterior o cualquier otro tipo de negocio. ListingPro puede ser una buena elecci\u00f3n siempre que se trate de una lista. \u00a1Eso sin mencionar que lo que le brinda es mucho m\u00e1s que un sitio web de directorio! \u00daltima actualizaci\u00f3n: 16 [&hellip;]\" \/>\n<meta property=\"og:url\" content=\"https:\/\/pluginspordolar.com\/en\/product\/listing-pro-theme\/\" \/>\n<meta property=\"og:site_name\" content=\"Plugins x Dolar\" \/>\n<meta property=\"article:modified_time\" content=\"2025-03-29T02:12:31+00:00\" \/>\n<meta property=\"og:image\" content=\"https:\/\/pluginspordolar.com\/wp-content\/uploads\/2023\/01\/WordPress-log.png.png\" \/>\n\t<meta property=\"og:image:width\" content=\"280\" \/>\n\t<meta property=\"og:image:height\" content=\"280\" \/>\n\t<meta property=\"og:image:type\" content=\"image\/png\" \/>\n<meta name=\"twitter:card\" content=\"summary_large_image\" \/>\n<script type=\"application\/ld+json\" class=\"yoast-schema-graph\">{\"@context\":\"https:\\\/\\\/schema.org\",\"@graph\":[{\"@type\":\"WebPage\",\"@id\":\"https:\\\/\\\/pluginspordolar.com\\\/producto\\\/listing-pro-theme\\\/\",\"url\":\"https:\\\/\\\/pluginspordolar.com\\\/producto\\\/listing-pro-theme\\\/\",\"name\":\"Listing Pro Theme - Plugins x Dolar\",\"isPartOf\":{\"@id\":\"https:\\\/\\\/pluginspordolar.com\\\/#website\"},\"primaryImageOfPage\":{\"@id\":\"https:\\\/\\\/pluginspordolar.com\\\/producto\\\/listing-pro-theme\\\/#primaryimage\"},\"image\":{\"@id\":\"https:\\\/\\\/pluginspordolar.com\\\/producto\\\/listing-pro-theme\\\/#primaryimage\"},\"thumbnailUrl\":\"https:\\\/\\\/pluginspordolar.com\\\/wp-content\\\/uploads\\\/2023\\\/01\\\/WordPress-log.png.png\",\"datePublished\":\"2024-08-05T22:02:44+00:00\",\"dateModified\":\"2025-03-29T02:12:31+00:00\",\"breadcrumb\":{\"@id\":\"https:\\\/\\\/pluginspordolar.com\\\/producto\\\/listing-pro-theme\\\/#breadcrumb\"},\"inLanguage\":\"en-US\",\"potentialAction\":[{\"@type\":\"ReadAction\",\"target\":[\"https:\\\/\\\/pluginspordolar.com\\\/producto\\\/listing-pro-theme\\\/\"]}]},{\"@type\":\"ImageObject\",\"inLanguage\":\"en-US\",\"@id\":\"https:\\\/\\\/pluginspordolar.com\\\/producto\\\/listing-pro-theme\\\/#primaryimage\",\"url\":\"https:\\\/\\\/pluginspordolar.com\\\/wp-content\\\/uploads\\\/2023\\\/01\\\/WordPress-log.png.png\",\"contentUrl\":\"https:\\\/\\\/pluginspordolar.com\\\/wp-content\\\/uploads\\\/2023\\\/01\\\/WordPress-log.png.png\",\"width\":280,\"height\":280},{\"@type\":\"BreadcrumbList\",\"@id\":\"https:\\\/\\\/pluginspordolar.com\\\/producto\\\/listing-pro-theme\\\/#breadcrumb\",\"itemListElement\":[{\"@type\":\"ListItem\",\"position\":1,\"name\":\"Portada\",\"item\":\"https:\\\/\\\/pluginspordolar.com\\\/\"},{\"@type\":\"ListItem\",\"position\":2,\"name\":\"Tienda\",\"item\":\"https:\\\/\\\/pluginspordolar.com\\\/tienda\\\/\"},{\"@type\":\"ListItem\",\"position\":3,\"name\":\"Listing Pro Theme\"}]},{\"@type\":\"WebSite\",\"@id\":\"https:\\\/\\\/pluginspordolar.com\\\/#website\",\"url\":\"https:\\\/\\\/pluginspordolar.com\\\/\",\"name\":\"Plugins x Dolar\",\"description\":\"Complementos Premium\",\"publisher\":{\"@id\":\"https:\\\/\\\/pluginspordolar.com\\\/#organization\"},\"potentialAction\":[{\"@type\":\"SearchAction\",\"target\":{\"@type\":\"EntryPoint\",\"urlTemplate\":\"https:\\\/\\\/pluginspordolar.com\\\/?s={search_term_string}\"},\"query-input\":{\"@type\":\"PropertyValueSpecification\",\"valueRequired\":true,\"valueName\":\"search_term_string\"}}],\"inLanguage\":\"en-US\"},{\"@type\":\"Organization\",\"@id\":\"https:\\\/\\\/pluginspordolar.com\\\/#organization\",\"name\":\"Plugins x Dolar\",\"url\":\"https:\\\/\\\/pluginspordolar.com\\\/\",\"logo\":{\"@type\":\"ImageObject\",\"inLanguage\":\"en-US\",\"@id\":\"https:\\\/\\\/pluginspordolar.com\\\/#\\\/schema\\\/logo\\\/image\\\/\",\"url\":\"https:\\\/\\\/pluginspordolar.com\\\/wp-content\\\/uploads\\\/Logo-moderno-pluginsxdolar-e1674435267756.png\",\"contentUrl\":\"https:\\\/\\\/pluginspordolar.com\\\/wp-content\\\/uploads\\\/Logo-moderno-pluginsxdolar-e1674435267756.png\",\"width\":500,\"height\":111,\"caption\":\"Plugins x Dolar\"},\"image\":{\"@id\":\"https:\\\/\\\/pluginspordolar.com\\\/#\\\/schema\\\/logo\\\/image\\\/\"}}]}<\/script>\n<!-- \/ Yoast SEO plugin. -->","yoast_head_json":{"title":"Listing Pro Theme - Plugins x Dolar","robots":{"index":"noindex","follow":"follow"},"og_locale":"en_US","og_type":"article","og_title":"Listing Pro Theme - Plugins x Dolar","og_description":"Ya sea que desee construir un sistema de b\u00fasqueda para hoteles, restaurantes, tiendas, todo lo anterior o cualquier otro tipo de negocio. ListingPro puede ser una buena elecci\u00f3n siempre que se trate de una lista. \u00a1Eso sin mencionar que lo que le brinda es mucho m\u00e1s que un sitio web de directorio! \u00daltima actualizaci\u00f3n: 16 [&hellip;]","og_url":"https:\/\/pluginspordolar.com\/en\/product\/listing-pro-theme\/","og_site_name":"Plugins x Dolar","article_modified_time":"2025-03-29T02:12:31+00:00","og_image":[{"width":280,"height":280,"url":"https:\/\/pluginspordolar.com\/wp-content\/uploads\/2023\/01\/WordPress-log.png.png","type":"image\/png"}],"twitter_card":"summary_large_image","schema":{"@context":"https:\/\/schema.org","@graph":[{"@type":"WebPage","@id":"https:\/\/pluginspordolar.com\/producto\/listing-pro-theme\/","url":"https:\/\/pluginspordolar.com\/producto\/listing-pro-theme\/","name":"Listing Pro Theme - Plugins x Dolar","isPartOf":{"@id":"https:\/\/pluginspordolar.com\/#website"},"primaryImageOfPage":{"@id":"https:\/\/pluginspordolar.com\/producto\/listing-pro-theme\/#primaryimage"},"image":{"@id":"https:\/\/pluginspordolar.com\/producto\/listing-pro-theme\/#primaryimage"},"thumbnailUrl":"https:\/\/pluginspordolar.com\/wp-content\/uploads\/2023\/01\/WordPress-log.png.png","datePublished":"2024-08-05T22:02:44+00:00","dateModified":"2025-03-29T02:12:31+00:00","breadcrumb":{"@id":"https:\/\/pluginspordolar.com\/producto\/listing-pro-theme\/#breadcrumb"},"inLanguage":"en-US","potentialAction":[{"@type":"ReadAction","target":["https:\/\/pluginspordolar.com\/producto\/listing-pro-theme\/"]}]},{"@type":"ImageObject","inLanguage":"en-US","@id":"https:\/\/pluginspordolar.com\/producto\/listing-pro-theme\/#primaryimage","url":"https:\/\/pluginspordolar.com\/wp-content\/uploads\/2023\/01\/WordPress-log.png.png","contentUrl":"https:\/\/pluginspordolar.com\/wp-content\/uploads\/2023\/01\/WordPress-log.png.png","width":280,"height":280},{"@type":"BreadcrumbList","@id":"https:\/\/pluginspordolar.com\/producto\/listing-pro-theme\/#breadcrumb","itemListElement":[{"@type":"ListItem","position":1,"name":"Portada","item":"https:\/\/pluginspordolar.com\/"},{"@type":"ListItem","position":2,"name":"Tienda","item":"https:\/\/pluginspordolar.com\/tienda\/"},{"@type":"ListItem","position":3,"name":"Listing Pro Theme"}]},{"@type":"WebSite","@id":"https:\/\/pluginspordolar.com\/#website","url":"https:\/\/pluginspordolar.com\/","name":"Plugins x Dolar","description":"Complementos Premium","publisher":{"@id":"https:\/\/pluginspordolar.com\/#organization"},"potentialAction":[{"@type":"SearchAction","target":{"@type":"EntryPoint","urlTemplate":"https:\/\/pluginspordolar.com\/?s={search_term_string}"},"query-input":{"@type":"PropertyValueSpecification","valueRequired":true,"valueName":"search_term_string"}}],"inLanguage":"en-US"},{"@type":"Organization","@id":"https:\/\/pluginspordolar.com\/#organization","name":"Plugins x Dolar","url":"https:\/\/pluginspordolar.com\/","logo":{"@type":"ImageObject","inLanguage":"en-US","@id":"https:\/\/pluginspordolar.com\/#\/schema\/logo\/image\/","url":"https:\/\/pluginspordolar.com\/wp-content\/uploads\/Logo-moderno-pluginsxdolar-e1674435267756.png","contentUrl":"https:\/\/pluginspordolar.com\/wp-content\/uploads\/Logo-moderno-pluginsxdolar-e1674435267756.png","width":500,"height":111,"caption":"Plugins x Dolar"},"image":{"@id":"https:\/\/pluginspordolar.com\/#\/schema\/logo\/image\/"}}]}},"uagb_featured_image_src":{"full":["https:\/\/pluginspordolar.com\/wp-content\/uploads\/2023\/01\/WordPress-log.png.png",280,280,false],"thumbnail":["https:\/\/pluginspordolar.com\/wp-content\/uploads\/2023\/01\/WordPress-log.png-150x150.png",96,96,true],"medium":["https:\/\/pluginspordolar.com\/wp-content\/uploads\/2023\/01\/WordPress-log.png.png",280,280,false],"medium_large":["https:\/\/pluginspordolar.com\/wp-content\/uploads\/2023\/01\/WordPress-log.png.png",280,280,false],"large":["https:\/\/pluginspordolar.com\/wp-content\/uploads\/2023\/01\/WordPress-log.png.png",280,280,false],"1536x1536":["https:\/\/pluginspordolar.com\/wp-content\/uploads\/2023\/01\/WordPress-log.png.png",280,280,false],"2048x2048":["https:\/\/pluginspordolar.com\/wp-content\/uploads\/2023\/01\/WordPress-log.png.png",280,280,false],"trp-custom-language-flag":["https:\/\/pluginspordolar.com\/wp-content\/uploads\/2023\/01\/WordPress-log.png.png",12,12,false],"woocommerce_thumbnail":["https:\/\/pluginspordolar.com\/wp-content\/uploads\/2023\/01\/WordPress-log.png.png",280,280,false],"woocommerce_single":["https:\/\/pluginspordolar.com\/wp-content\/uploads\/2023\/01\/WordPress-log.png.png",280,280,false],"woocommerce_gallery_thumbnail":["https:\/\/pluginspordolar.com\/wp-content\/uploads\/2023\/01\/WordPress-log.png-100x100.png",100,100,true]},"uagb_author_info":{"display_name":"nc","author_link":"https:\/\/pluginspordolar.com\/en\/author\/"},"uagb_comment_info":0,"uagb_excerpt":"Ya sea que desee construir un sistema de b\u00fasqueda para hoteles, restaurantes, tiendas, todo lo anterior o cualquier otro tipo de negocio. ListingPro puede ser una buena elecci\u00f3n siempre que se trate de una lista. \u00a1Eso sin mencionar que lo que le brinda es mucho m\u00e1s que un sitio web de directorio! \u00daltima actualizaci\u00f3n: 16&hellip;","_links":{"self":[{"href":"https:\/\/pluginspordolar.com\/en\/wp-json\/wp\/v2\/product\/8343","targetHints":{"allow":["GET"]}}],"collection":[{"href":"https:\/\/pluginspordolar.com\/en\/wp-json\/wp\/v2\/product"}],"about":[{"href":"https:\/\/pluginspordolar.com\/en\/wp-json\/wp\/v2\/types\/product"}],"wp:featuredmedia":[{"embeddable":true,"href":"https:\/\/pluginspordolar.com\/en\/wp-json\/wp\/v2\/media\/6784"}],"wp:attachment":[{"href":"https:\/\/pluginspordolar.com\/en\/wp-json\/wp\/v2\/media?parent=8343"}],"wp:term":[{"taxonomy":"product_brand","embeddable":true,"href":"https:\/\/pluginspordolar.com\/en\/wp-json\/wp\/v2\/product_brand?post=8343"},{"taxonomy":"product_cat","embeddable":true,"href":"https:\/\/pluginspordolar.com\/en\/wp-json\/wp\/v2\/product_cat?post=8343"},{"taxonomy":"product_tag","embeddable":true,"href":"https:\/\/pluginspordolar.com\/en\/wp-json\/wp\/v2\/product_tag?post=8343"}],"curies":[{"name":"wp","href":"https:\/\/api.w.org\/{rel}","templated":true}]}}