{"id":8327,"date":"2024-08-05T22:02:34","date_gmt":"2024-08-05T22:02:34","guid":{"rendered":"https:\/\/pluginspordolar.com\/?post_type=product&#038;p=8327"},"modified":"2025-03-29T02:09:10","modified_gmt":"2025-03-29T02:09:10","slug":"sitio-web-de-marca-personal-editable","status":"publish","type":"product","link":"https:\/\/pluginspordolar.com\/en\/product\/sitio-web-de-marca-personal-editable\/","title":{"rendered":"Website Personal Brand Editable"},"content":{"rendered":"<p>You have Experience in WEB Design, but would like to have the ease of a Template list only to edit ? or perhaps you have a basic knowledge of WordPress but don&#039;t have time to set up a site of Personal Brand on the Internet ? or just need to quickly put your Website Online and you need the ease and simplicity of a Template, fully Editable and set for this list just editing and uploading to your Hosting ?<\/p>\n<p>So this is the Solution that we&#039;ve developed in Digimarketing NC , is a Configured Template ready to edit and Easy Way with the best WordPress Plugins Pre-installed Including the Issue Number 1 used by the best Organizations in the World, fully Compatible with WordPress and the theme Astra.<\/p>","protected":false},"excerpt":{"rendered":"<p>Configured template List and Editable to the creation of a\u00a0 <strong>Website Personal Brand<\/strong>\u00a0compatible with WordPress and the Theme Astra, just edit customizing, Logo and Colors !<\/p>\n<p>Est\u00e1mos preparando un <strong>Practical course to learn Wordpress by editing your web site editable<\/strong> verifica el link en la Pesta\u00f1a de Cursos abajo al lado de la Descripci\u00f3n.<\/p>\n<p><strong>(INCLUDED FOR FREE ONLY ON THE PLAN OF MEMBERSHIP-LIFETIME) <\/strong>with memberships are Monthly and Annual you can download it with a special discount.<\/p>\n<p>&nbsp;<\/p>\n<p>cn@ht<\/p>","protected":false},"featured_media":7326,"template":"","meta":{"_eb_attr":"","_uag_custom_page_level_css":""},"product_brand":[],"product_cat":[24],"product_tag":[391,392],"class_list":{"0":"post-8327","1":"product","2":"type-product","3":"status-publish","4":"has-post-thumbnail","6":"product_cat-sitios-web-listos","7":"product_tag-sitio-editable","8":"product_tag-web-de-marca-personal","10":"first","11":"instock","12":"sale","13":"downloadable","14":"virtual","15":"sold-individually","16":"purchasable","17":"product-type-simple"},"yoast_head":"<!-- This site is optimized with the Yoast SEO plugin v27.4 - https:\/\/yoast.com\/product\/yoast-seo-wordpress\/ -->\n<title>Sitio Web de Marca Personal Editable - Plugins x Dolar<\/title>\n<meta name=\"description\" content=\"Sitio Web de Marca Personal totalmente listo para editar, solo desc\u00e1rgalo y s\u00fabelo a t\u00fa Wordpress para crear tu imagen en linea\" \/>\n<meta name=\"robots\" content=\"noindex, follow\" \/>\n<meta property=\"og:locale\" content=\"en_US\" \/>\n<meta property=\"og:type\" content=\"article\" \/>\n<meta property=\"og:title\" content=\"Sitio Web de Marca Personal Editable - Plugins x Dolar\" \/>\n<meta property=\"og:description\" content=\"Sitio Web de Marca Personal totalmente listo para editar, solo desc\u00e1rgalo y s\u00fabelo a t\u00fa Wordpress para crear tu imagen en linea\" \/>\n<meta property=\"og:url\" content=\"https:\/\/pluginspordolar.com\/en\/product\/sitio-web-de-marca-personal-editable\/\" \/>\n<meta property=\"og:site_name\" content=\"Plugins x Dolar\" \/>\n<meta property=\"article:modified_time\" content=\"2025-03-29T02:09:10+00:00\" \/>\n<meta property=\"og:image\" content=\"https:\/\/pluginspordolar.com\/wp-content\/uploads\/2023\/01\/mockup-marca-personal-def.png\" \/>\n\t<meta property=\"og:image:width\" content=\"706\" \/>\n\t<meta property=\"og:image:height\" content=\"607\" \/>\n\t<meta property=\"og:image:type\" content=\"image\/png\" \/>\n<meta name=\"twitter:card\" content=\"summary_large_image\" \/>\n<meta name=\"twitter:label1\" content=\"Est. reading time\" \/>\n\t<meta name=\"twitter:data1\" content=\"1 minute\" \/>\n<script type=\"application\/ld+json\" class=\"yoast-schema-graph\">{\"@context\":\"https:\\\/\\\/schema.org\",\"@graph\":[{\"@type\":\"WebPage\",\"@id\":\"https:\\\/\\\/pluginspordolar.com\\\/producto\\\/sitio-web-de-marca-personal-editable\\\/\",\"url\":\"https:\\\/\\\/pluginspordolar.com\\\/producto\\\/sitio-web-de-marca-personal-editable\\\/\",\"name\":\"Sitio Web de Marca Personal Editable - Plugins x Dolar\",\"isPartOf\":{\"@id\":\"https:\\\/\\\/pluginspordolar.com\\\/#website\"},\"primaryImageOfPage\":{\"@id\":\"https:\\\/\\\/pluginspordolar.com\\\/producto\\\/sitio-web-de-marca-personal-editable\\\/#primaryimage\"},\"image\":{\"@id\":\"https:\\\/\\\/pluginspordolar.com\\\/producto\\\/sitio-web-de-marca-personal-editable\\\/#primaryimage\"},\"thumbnailUrl\":\"https:\\\/\\\/pluginspordolar.com\\\/wp-content\\\/uploads\\\/2023\\\/01\\\/mockup-marca-personal-def.png\",\"datePublished\":\"2024-08-05T22:02:34+00:00\",\"dateModified\":\"2025-03-29T02:09:10+00:00\",\"description\":\"Sitio Web de Marca Personal totalmente listo para editar, solo desc\u00e1rgalo y s\u00fabelo a t\u00fa Wordpress para crear tu imagen en linea\",\"breadcrumb\":{\"@id\":\"https:\\\/\\\/pluginspordolar.com\\\/producto\\\/sitio-web-de-marca-personal-editable\\\/#breadcrumb\"},\"inLanguage\":\"en-US\",\"potentialAction\":[{\"@type\":\"ReadAction\",\"target\":[\"https:\\\/\\\/pluginspordolar.com\\\/producto\\\/sitio-web-de-marca-personal-editable\\\/\"]}]},{\"@type\":\"ImageObject\",\"inLanguage\":\"en-US\",\"@id\":\"https:\\\/\\\/pluginspordolar.com\\\/producto\\\/sitio-web-de-marca-personal-editable\\\/#primaryimage\",\"url\":\"https:\\\/\\\/pluginspordolar.com\\\/wp-content\\\/uploads\\\/2023\\\/01\\\/mockup-marca-personal-def.png\",\"contentUrl\":\"https:\\\/\\\/pluginspordolar.com\\\/wp-content\\\/uploads\\\/2023\\\/01\\\/mockup-marca-personal-def.png\",\"width\":706,\"height\":607},{\"@type\":\"BreadcrumbList\",\"@id\":\"https:\\\/\\\/pluginspordolar.com\\\/producto\\\/sitio-web-de-marca-personal-editable\\\/#breadcrumb\",\"itemListElement\":[{\"@type\":\"ListItem\",\"position\":1,\"name\":\"Portada\",\"item\":\"https:\\\/\\\/pluginspordolar.com\\\/\"},{\"@type\":\"ListItem\",\"position\":2,\"name\":\"Tienda\",\"item\":\"https:\\\/\\\/pluginspordolar.com\\\/tienda\\\/\"},{\"@type\":\"ListItem\",\"position\":3,\"name\":\"Sitio Web de Marca Personal Editable\"}]},{\"@type\":\"WebSite\",\"@id\":\"https:\\\/\\\/pluginspordolar.com\\\/#website\",\"url\":\"https:\\\/\\\/pluginspordolar.com\\\/\",\"name\":\"Plugins x Dolar\",\"description\":\"Complementos Premium\",\"publisher\":{\"@id\":\"https:\\\/\\\/pluginspordolar.com\\\/#organization\"},\"potentialAction\":[{\"@type\":\"SearchAction\",\"target\":{\"@type\":\"EntryPoint\",\"urlTemplate\":\"https:\\\/\\\/pluginspordolar.com\\\/?s={search_term_string}\"},\"query-input\":{\"@type\":\"PropertyValueSpecification\",\"valueRequired\":true,\"valueName\":\"search_term_string\"}}],\"inLanguage\":\"en-US\"},{\"@type\":\"Organization\",\"@id\":\"https:\\\/\\\/pluginspordolar.com\\\/#organization\",\"name\":\"Plugins x Dolar\",\"url\":\"https:\\\/\\\/pluginspordolar.com\\\/\",\"logo\":{\"@type\":\"ImageObject\",\"inLanguage\":\"en-US\",\"@id\":\"https:\\\/\\\/pluginspordolar.com\\\/#\\\/schema\\\/logo\\\/image\\\/\",\"url\":\"https:\\\/\\\/pluginspordolar.com\\\/wp-content\\\/uploads\\\/Logo-moderno-pluginsxdolar-e1674435267756.png\",\"contentUrl\":\"https:\\\/\\\/pluginspordolar.com\\\/wp-content\\\/uploads\\\/Logo-moderno-pluginsxdolar-e1674435267756.png\",\"width\":500,\"height\":111,\"caption\":\"Plugins x Dolar\"},\"image\":{\"@id\":\"https:\\\/\\\/pluginspordolar.com\\\/#\\\/schema\\\/logo\\\/image\\\/\"}}]}<\/script>\n<!-- \/ Yoast SEO plugin. -->","yoast_head_json":{"title":"Sitio Web de Marca Personal Editable - Plugins x Dolar","description":"Sitio Web de Marca Personal totalmente listo para editar, solo desc\u00e1rgalo y s\u00fabelo a t\u00fa Wordpress para crear tu imagen en linea","robots":{"index":"noindex","follow":"follow"},"og_locale":"en_US","og_type":"article","og_title":"Sitio Web de Marca Personal Editable - Plugins x Dolar","og_description":"Sitio Web de Marca Personal totalmente listo para editar, solo desc\u00e1rgalo y s\u00fabelo a t\u00fa Wordpress para crear tu imagen en linea","og_url":"https:\/\/pluginspordolar.com\/en\/product\/sitio-web-de-marca-personal-editable\/","og_site_name":"Plugins x Dolar","article_modified_time":"2025-03-29T02:09:10+00:00","og_image":[{"width":706,"height":607,"url":"https:\/\/pluginspordolar.com\/wp-content\/uploads\/2023\/01\/mockup-marca-personal-def.png","type":"image\/png"}],"twitter_card":"summary_large_image","twitter_misc":{"Est. reading time":"1 minute"},"schema":{"@context":"https:\/\/schema.org","@graph":[{"@type":"WebPage","@id":"https:\/\/pluginspordolar.com\/producto\/sitio-web-de-marca-personal-editable\/","url":"https:\/\/pluginspordolar.com\/producto\/sitio-web-de-marca-personal-editable\/","name":"Sitio Web de Marca Personal Editable - Plugins x Dolar","isPartOf":{"@id":"https:\/\/pluginspordolar.com\/#website"},"primaryImageOfPage":{"@id":"https:\/\/pluginspordolar.com\/producto\/sitio-web-de-marca-personal-editable\/#primaryimage"},"image":{"@id":"https:\/\/pluginspordolar.com\/producto\/sitio-web-de-marca-personal-editable\/#primaryimage"},"thumbnailUrl":"https:\/\/pluginspordolar.com\/wp-content\/uploads\/2023\/01\/mockup-marca-personal-def.png","datePublished":"2024-08-05T22:02:34+00:00","dateModified":"2025-03-29T02:09:10+00:00","description":"Sitio Web de Marca Personal totalmente listo para editar, solo desc\u00e1rgalo y s\u00fabelo a t\u00fa Wordpress para crear tu imagen en linea","breadcrumb":{"@id":"https:\/\/pluginspordolar.com\/producto\/sitio-web-de-marca-personal-editable\/#breadcrumb"},"inLanguage":"en-US","potentialAction":[{"@type":"ReadAction","target":["https:\/\/pluginspordolar.com\/producto\/sitio-web-de-marca-personal-editable\/"]}]},{"@type":"ImageObject","inLanguage":"en-US","@id":"https:\/\/pluginspordolar.com\/producto\/sitio-web-de-marca-personal-editable\/#primaryimage","url":"https:\/\/pluginspordolar.com\/wp-content\/uploads\/2023\/01\/mockup-marca-personal-def.png","contentUrl":"https:\/\/pluginspordolar.com\/wp-content\/uploads\/2023\/01\/mockup-marca-personal-def.png","width":706,"height":607},{"@type":"BreadcrumbList","@id":"https:\/\/pluginspordolar.com\/producto\/sitio-web-de-marca-personal-editable\/#breadcrumb","itemListElement":[{"@type":"ListItem","position":1,"name":"Portada","item":"https:\/\/pluginspordolar.com\/"},{"@type":"ListItem","position":2,"name":"Tienda","item":"https:\/\/pluginspordolar.com\/tienda\/"},{"@type":"ListItem","position":3,"name":"Sitio Web de Marca Personal Editable"}]},{"@type":"WebSite","@id":"https:\/\/pluginspordolar.com\/#website","url":"https:\/\/pluginspordolar.com\/","name":"Plugins x Dolar","description":"Complementos Premium","publisher":{"@id":"https:\/\/pluginspordolar.com\/#organization"},"potentialAction":[{"@type":"SearchAction","target":{"@type":"EntryPoint","urlTemplate":"https:\/\/pluginspordolar.com\/?s={search_term_string}"},"query-input":{"@type":"PropertyValueSpecification","valueRequired":true,"valueName":"search_term_string"}}],"inLanguage":"en-US"},{"@type":"Organization","@id":"https:\/\/pluginspordolar.com\/#organization","name":"Plugins x Dolar","url":"https:\/\/pluginspordolar.com\/","logo":{"@type":"ImageObject","inLanguage":"en-US","@id":"https:\/\/pluginspordolar.com\/#\/schema\/logo\/image\/","url":"https:\/\/pluginspordolar.com\/wp-content\/uploads\/Logo-moderno-pluginsxdolar-e1674435267756.png","contentUrl":"https:\/\/pluginspordolar.com\/wp-content\/uploads\/Logo-moderno-pluginsxdolar-e1674435267756.png","width":500,"height":111,"caption":"Plugins x Dolar"},"image":{"@id":"https:\/\/pluginspordolar.com\/#\/schema\/logo\/image\/"}}]}},"uagb_featured_image_src":{"full":["https:\/\/pluginspordolar.com\/wp-content\/uploads\/2023\/01\/mockup-marca-personal-def.png",706,607,false],"thumbnail":["https:\/\/pluginspordolar.com\/wp-content\/uploads\/2023\/01\/mockup-marca-personal-def-150x150.png",96,96,true],"medium":["https:\/\/pluginspordolar.com\/wp-content\/uploads\/2023\/01\/mockup-marca-personal-def-300x258.png",300,258,true],"medium_large":["https:\/\/pluginspordolar.com\/wp-content\/uploads\/2023\/01\/mockup-marca-personal-def.png",706,607,false],"large":["https:\/\/pluginspordolar.com\/wp-content\/uploads\/2023\/01\/mockup-marca-personal-def.png",706,607,false],"1536x1536":["https:\/\/pluginspordolar.com\/wp-content\/uploads\/2023\/01\/mockup-marca-personal-def.png",706,607,false],"2048x2048":["https:\/\/pluginspordolar.com\/wp-content\/uploads\/2023\/01\/mockup-marca-personal-def.png",706,607,false],"trp-custom-language-flag":["https:\/\/pluginspordolar.com\/wp-content\/uploads\/2023\/01\/mockup-marca-personal-def.png",14,12,false],"woocommerce_thumbnail":["https:\/\/pluginspordolar.com\/wp-content\/uploads\/2023\/01\/mockup-marca-personal-def-324x324.png",324,324,true],"woocommerce_single":["https:\/\/pluginspordolar.com\/wp-content\/uploads\/2023\/01\/mockup-marca-personal-def-416x358.png",416,358,true],"woocommerce_gallery_thumbnail":["https:\/\/pluginspordolar.com\/wp-content\/uploads\/2023\/01\/mockup-marca-personal-def-100x100.png",100,100,true]},"uagb_author_info":{"display_name":"nc","author_link":"https:\/\/pluginspordolar.com\/en\/author\/"},"uagb_comment_info":0,"uagb_excerpt":"Plantilla configurada Lista y Editable para la creaci\u00f3n de un\u00a0 Sitio Web de Marca Personal\u00a0compatible con WordPress y el Tema Astra, solo ed\u00edtala personalizando, Logotipo y Colores ! Est\u00e1mos preparando un Curso pr\u00e1ctico para que aprendas Wordpress editando tu sitio web editable verifica el link en la Pesta\u00f1a de Cursos abajo al lado de la&hellip;","_links":{"self":[{"href":"https:\/\/pluginspordolar.com\/en\/wp-json\/wp\/v2\/product\/8327","targetHints":{"allow":["GET"]}}],"collection":[{"href":"https:\/\/pluginspordolar.com\/en\/wp-json\/wp\/v2\/product"}],"about":[{"href":"https:\/\/pluginspordolar.com\/en\/wp-json\/wp\/v2\/types\/product"}],"wp:featuredmedia":[{"embeddable":true,"href":"https:\/\/pluginspordolar.com\/en\/wp-json\/wp\/v2\/media\/7326"}],"wp:attachment":[{"href":"https:\/\/pluginspordolar.com\/en\/wp-json\/wp\/v2\/media?parent=8327"}],"wp:term":[{"taxonomy":"product_brand","embeddable":true,"href":"https:\/\/pluginspordolar.com\/en\/wp-json\/wp\/v2\/product_brand?post=8327"},{"taxonomy":"product_cat","embeddable":true,"href":"https:\/\/pluginspordolar.com\/en\/wp-json\/wp\/v2\/product_cat?post=8327"},{"taxonomy":"product_tag","embeddable":true,"href":"https:\/\/pluginspordolar.com\/en\/wp-json\/wp\/v2\/product_tag?post=8327"}],"curies":[{"name":"wp","href":"https:\/\/api.w.org\/{rel}","templated":true}]}}