{"id":8326,"date":"2024-08-05T22:02:34","date_gmt":"2024-08-05T22:02:34","guid":{"rendered":"https:\/\/pluginspordolar.com\/?post_type=product&#038;p=8326"},"modified":"2025-03-29T02:09:10","modified_gmt":"2025-03-29T02:09:10","slug":"sitio-web-corporativo-editable","status":"publish","type":"product","link":"https:\/\/pluginspordolar.com\/en\/product\/sitio-web-corporativo-editable\/","title":{"rendered":"Corporate Web Site Editable"},"content":{"rendered":"<p>You have Experience in WEB Design, but would like to have the ease of a Template list only to edit ? or perhaps you have a basic knowledge of WordPress but don&#039;t have time to set up a Corporate website on the Internet ? or simply put you need quickly your Website Online, and you need the ease and simplicity of a Template, fully Editable and set for this list just editing and uploading to your Hosting ?<\/p>\n<p>So this is the Solution that we&#039;ve developed in Digimarketing NC , is a Configured Template ready to edit and Easy Way with the best WordPress Plugins Pre-installed Including the Issue Number 1 used by the best Organizations in the World, fully Compatible with WordPress and the theme Astra.<\/p>","protected":false},"excerpt":{"rendered":"<p>Configured template List and Editable to the creation of a\u00a0 <strong>Corporate Web Site<\/strong> compatible with WordPress and the Theme Astra, just edit customizing, Logo and Colors !<\/p>\n<p>Est\u00e1mos preparando un <strong>Curso pr\u00e1ctico para que aprendas Wordpress editando tu sitio web\u00a0 editable<\/strong> verifica el link en la Pesta\u00f1a de Cursos abajo al lado de la Descripci\u00f3n.<\/p>\n<p><strong>(INCLUDED FOR FREE ONLY ON THE PLAN OF MEMBERSHIP-LIFETIME) <\/strong>with memberships are Monthly and Annual you can download it with a special discount.<\/p>","protected":false},"featured_media":7325,"template":"","meta":{"_eb_attr":"","_uag_custom_page_level_css":""},"product_brand":[],"product_cat":[24],"product_tag":[390],"class_list":{"0":"post-8326","1":"product","2":"type-product","3":"status-publish","4":"has-post-thumbnail","6":"product_cat-sitios-web-listos","7":"product_tag-sitio-web-corporativo-editable","9":"first","10":"instock","11":"sale","12":"downloadable","13":"virtual","14":"sold-individually","15":"purchasable","16":"product-type-simple"},"yoast_head":"<!-- This site is optimized with the Yoast SEO plugin v27.4 - https:\/\/yoast.com\/product\/yoast-seo-wordpress\/ -->\n<title>Sitio Web Corporativo Editable - Plugins x Dolar<\/title>\n<meta name=\"robots\" content=\"noindex, follow\" \/>\n<meta property=\"og:locale\" content=\"en_US\" \/>\n<meta property=\"og:type\" content=\"article\" \/>\n<meta property=\"og:title\" content=\"Sitio Web Corporativo Editable - Plugins x Dolar\" \/>\n<meta property=\"og:description\" content=\"Plantilla configurada Lista y Editable para la creaci\u00f3n de un\u00a0 Sitio Web Corporativo compatible con WordPress y el Tema Astra, solo ed\u00edtala personalizando, Logotipo y Colores !  Est\u00e1mos preparando un Curso pr\u00e1ctico para que aprendas Wordpress editando tu sitio web\u00a0 editable verifica el link en la Pesta\u00f1a de Cursos abajo al lado de la Descripci\u00f3n.  (INCLUIDA GRATIS SOLO EN EL PLAN DE MEMBRESIA VITALICIA) con las membres\u00edas Mensual y Anual puedes descargarla con un descuento especial.\" \/>\n<meta property=\"og:url\" content=\"https:\/\/pluginspordolar.com\/en\/product\/sitio-web-corporativo-editable\/\" \/>\n<meta property=\"og:site_name\" content=\"Plugins x Dolar\" \/>\n<meta property=\"article:modified_time\" content=\"2025-03-29T02:09:10+00:00\" \/>\n<meta property=\"og:image\" content=\"https:\/\/pluginspordolar.com\/wp-content\/uploads\/2023\/01\/mockup-sitio-corporativo-def.png\" \/>\n\t<meta property=\"og:image:width\" content=\"732\" \/>\n\t<meta property=\"og:image:height\" content=\"591\" \/>\n\t<meta property=\"og:image:type\" content=\"image\/png\" \/>\n<meta name=\"twitter:card\" content=\"summary_large_image\" \/>\n<meta name=\"twitter:label1\" content=\"Est. reading time\" \/>\n\t<meta name=\"twitter:data1\" content=\"1 minute\" \/>\n<script type=\"application\/ld+json\" class=\"yoast-schema-graph\">{\"@context\":\"https:\\\/\\\/schema.org\",\"@graph\":[{\"@type\":\"WebPage\",\"@id\":\"https:\\\/\\\/pluginspordolar.com\\\/producto\\\/sitio-web-corporativo-editable\\\/\",\"url\":\"https:\\\/\\\/pluginspordolar.com\\\/producto\\\/sitio-web-corporativo-editable\\\/\",\"name\":\"Sitio Web Corporativo Editable - Plugins x Dolar\",\"isPartOf\":{\"@id\":\"https:\\\/\\\/pluginspordolar.com\\\/#website\"},\"primaryImageOfPage\":{\"@id\":\"https:\\\/\\\/pluginspordolar.com\\\/producto\\\/sitio-web-corporativo-editable\\\/#primaryimage\"},\"image\":{\"@id\":\"https:\\\/\\\/pluginspordolar.com\\\/producto\\\/sitio-web-corporativo-editable\\\/#primaryimage\"},\"thumbnailUrl\":\"https:\\\/\\\/pluginspordolar.com\\\/wp-content\\\/uploads\\\/2023\\\/01\\\/mockup-sitio-corporativo-def.png\",\"datePublished\":\"2024-08-05T22:02:34+00:00\",\"dateModified\":\"2025-03-29T02:09:10+00:00\",\"breadcrumb\":{\"@id\":\"https:\\\/\\\/pluginspordolar.com\\\/producto\\\/sitio-web-corporativo-editable\\\/#breadcrumb\"},\"inLanguage\":\"en-US\",\"potentialAction\":[{\"@type\":\"ReadAction\",\"target\":[\"https:\\\/\\\/pluginspordolar.com\\\/producto\\\/sitio-web-corporativo-editable\\\/\"]}]},{\"@type\":\"ImageObject\",\"inLanguage\":\"en-US\",\"@id\":\"https:\\\/\\\/pluginspordolar.com\\\/producto\\\/sitio-web-corporativo-editable\\\/#primaryimage\",\"url\":\"https:\\\/\\\/pluginspordolar.com\\\/wp-content\\\/uploads\\\/2023\\\/01\\\/mockup-sitio-corporativo-def.png\",\"contentUrl\":\"https:\\\/\\\/pluginspordolar.com\\\/wp-content\\\/uploads\\\/2023\\\/01\\\/mockup-sitio-corporativo-def.png\",\"width\":732,\"height\":591},{\"@type\":\"BreadcrumbList\",\"@id\":\"https:\\\/\\\/pluginspordolar.com\\\/producto\\\/sitio-web-corporativo-editable\\\/#breadcrumb\",\"itemListElement\":[{\"@type\":\"ListItem\",\"position\":1,\"name\":\"Portada\",\"item\":\"https:\\\/\\\/pluginspordolar.com\\\/\"},{\"@type\":\"ListItem\",\"position\":2,\"name\":\"Tienda\",\"item\":\"https:\\\/\\\/pluginspordolar.com\\\/tienda\\\/\"},{\"@type\":\"ListItem\",\"position\":3,\"name\":\"Sitio Web Corporativo Editable\"}]},{\"@type\":\"WebSite\",\"@id\":\"https:\\\/\\\/pluginspordolar.com\\\/#website\",\"url\":\"https:\\\/\\\/pluginspordolar.com\\\/\",\"name\":\"Plugins x Dolar\",\"description\":\"Complementos Premium\",\"publisher\":{\"@id\":\"https:\\\/\\\/pluginspordolar.com\\\/#organization\"},\"potentialAction\":[{\"@type\":\"SearchAction\",\"target\":{\"@type\":\"EntryPoint\",\"urlTemplate\":\"https:\\\/\\\/pluginspordolar.com\\\/?s={search_term_string}\"},\"query-input\":{\"@type\":\"PropertyValueSpecification\",\"valueRequired\":true,\"valueName\":\"search_term_string\"}}],\"inLanguage\":\"en-US\"},{\"@type\":\"Organization\",\"@id\":\"https:\\\/\\\/pluginspordolar.com\\\/#organization\",\"name\":\"Plugins x Dolar\",\"url\":\"https:\\\/\\\/pluginspordolar.com\\\/\",\"logo\":{\"@type\":\"ImageObject\",\"inLanguage\":\"en-US\",\"@id\":\"https:\\\/\\\/pluginspordolar.com\\\/#\\\/schema\\\/logo\\\/image\\\/\",\"url\":\"https:\\\/\\\/pluginspordolar.com\\\/wp-content\\\/uploads\\\/Logo-moderno-pluginsxdolar-e1674435267756.png\",\"contentUrl\":\"https:\\\/\\\/pluginspordolar.com\\\/wp-content\\\/uploads\\\/Logo-moderno-pluginsxdolar-e1674435267756.png\",\"width\":500,\"height\":111,\"caption\":\"Plugins x Dolar\"},\"image\":{\"@id\":\"https:\\\/\\\/pluginspordolar.com\\\/#\\\/schema\\\/logo\\\/image\\\/\"}}]}<\/script>\n<!-- \/ Yoast SEO plugin. -->","yoast_head_json":{"title":"Sitio Web Corporativo Editable - Plugins x Dolar","robots":{"index":"noindex","follow":"follow"},"og_locale":"en_US","og_type":"article","og_title":"Sitio Web Corporativo Editable - Plugins x Dolar","og_description":"Plantilla configurada Lista y Editable para la creaci\u00f3n de un\u00a0 Sitio Web Corporativo compatible con WordPress y el Tema Astra, solo ed\u00edtala personalizando, Logotipo y Colores !  Est\u00e1mos preparando un Curso pr\u00e1ctico para que aprendas Wordpress editando tu sitio web\u00a0 editable verifica el link en la Pesta\u00f1a de Cursos abajo al lado de la Descripci\u00f3n.  (INCLUIDA GRATIS SOLO EN EL PLAN DE MEMBRESIA VITALICIA) con las membres\u00edas Mensual y Anual puedes descargarla con un descuento especial.","og_url":"https:\/\/pluginspordolar.com\/en\/product\/sitio-web-corporativo-editable\/","og_site_name":"Plugins x Dolar","article_modified_time":"2025-03-29T02:09:10+00:00","og_image":[{"width":732,"height":591,"url":"https:\/\/pluginspordolar.com\/wp-content\/uploads\/2023\/01\/mockup-sitio-corporativo-def.png","type":"image\/png"}],"twitter_card":"summary_large_image","twitter_misc":{"Est. reading time":"1 minute"},"schema":{"@context":"https:\/\/schema.org","@graph":[{"@type":"WebPage","@id":"https:\/\/pluginspordolar.com\/producto\/sitio-web-corporativo-editable\/","url":"https:\/\/pluginspordolar.com\/producto\/sitio-web-corporativo-editable\/","name":"Sitio Web Corporativo Editable - Plugins x Dolar","isPartOf":{"@id":"https:\/\/pluginspordolar.com\/#website"},"primaryImageOfPage":{"@id":"https:\/\/pluginspordolar.com\/producto\/sitio-web-corporativo-editable\/#primaryimage"},"image":{"@id":"https:\/\/pluginspordolar.com\/producto\/sitio-web-corporativo-editable\/#primaryimage"},"thumbnailUrl":"https:\/\/pluginspordolar.com\/wp-content\/uploads\/2023\/01\/mockup-sitio-corporativo-def.png","datePublished":"2024-08-05T22:02:34+00:00","dateModified":"2025-03-29T02:09:10+00:00","breadcrumb":{"@id":"https:\/\/pluginspordolar.com\/producto\/sitio-web-corporativo-editable\/#breadcrumb"},"inLanguage":"en-US","potentialAction":[{"@type":"ReadAction","target":["https:\/\/pluginspordolar.com\/producto\/sitio-web-corporativo-editable\/"]}]},{"@type":"ImageObject","inLanguage":"en-US","@id":"https:\/\/pluginspordolar.com\/producto\/sitio-web-corporativo-editable\/#primaryimage","url":"https:\/\/pluginspordolar.com\/wp-content\/uploads\/2023\/01\/mockup-sitio-corporativo-def.png","contentUrl":"https:\/\/pluginspordolar.com\/wp-content\/uploads\/2023\/01\/mockup-sitio-corporativo-def.png","width":732,"height":591},{"@type":"BreadcrumbList","@id":"https:\/\/pluginspordolar.com\/producto\/sitio-web-corporativo-editable\/#breadcrumb","itemListElement":[{"@type":"ListItem","position":1,"name":"Portada","item":"https:\/\/pluginspordolar.com\/"},{"@type":"ListItem","position":2,"name":"Tienda","item":"https:\/\/pluginspordolar.com\/tienda\/"},{"@type":"ListItem","position":3,"name":"Sitio Web Corporativo Editable"}]},{"@type":"WebSite","@id":"https:\/\/pluginspordolar.com\/#website","url":"https:\/\/pluginspordolar.com\/","name":"Plugins x Dolar","description":"Complementos Premium","publisher":{"@id":"https:\/\/pluginspordolar.com\/#organization"},"potentialAction":[{"@type":"SearchAction","target":{"@type":"EntryPoint","urlTemplate":"https:\/\/pluginspordolar.com\/?s={search_term_string}"},"query-input":{"@type":"PropertyValueSpecification","valueRequired":true,"valueName":"search_term_string"}}],"inLanguage":"en-US"},{"@type":"Organization","@id":"https:\/\/pluginspordolar.com\/#organization","name":"Plugins x Dolar","url":"https:\/\/pluginspordolar.com\/","logo":{"@type":"ImageObject","inLanguage":"en-US","@id":"https:\/\/pluginspordolar.com\/#\/schema\/logo\/image\/","url":"https:\/\/pluginspordolar.com\/wp-content\/uploads\/Logo-moderno-pluginsxdolar-e1674435267756.png","contentUrl":"https:\/\/pluginspordolar.com\/wp-content\/uploads\/Logo-moderno-pluginsxdolar-e1674435267756.png","width":500,"height":111,"caption":"Plugins x Dolar"},"image":{"@id":"https:\/\/pluginspordolar.com\/#\/schema\/logo\/image\/"}}]}},"uagb_featured_image_src":{"full":["https:\/\/pluginspordolar.com\/wp-content\/uploads\/2023\/01\/mockup-sitio-corporativo-def.png",732,591,false],"thumbnail":["https:\/\/pluginspordolar.com\/wp-content\/uploads\/2023\/01\/mockup-sitio-corporativo-def-150x150.png",96,96,true],"medium":["https:\/\/pluginspordolar.com\/wp-content\/uploads\/2023\/01\/mockup-sitio-corporativo-def-300x242.png",300,242,true],"medium_large":["https:\/\/pluginspordolar.com\/wp-content\/uploads\/2023\/01\/mockup-sitio-corporativo-def.png",732,591,false],"large":["https:\/\/pluginspordolar.com\/wp-content\/uploads\/2023\/01\/mockup-sitio-corporativo-def.png",732,591,false],"1536x1536":["https:\/\/pluginspordolar.com\/wp-content\/uploads\/2023\/01\/mockup-sitio-corporativo-def.png",732,591,false],"2048x2048":["https:\/\/pluginspordolar.com\/wp-content\/uploads\/2023\/01\/mockup-sitio-corporativo-def.png",732,591,false],"trp-custom-language-flag":["https:\/\/pluginspordolar.com\/wp-content\/uploads\/2023\/01\/mockup-sitio-corporativo-def.png",15,12,false],"woocommerce_thumbnail":["https:\/\/pluginspordolar.com\/wp-content\/uploads\/2023\/01\/mockup-sitio-corporativo-def-324x324.png",324,324,true],"woocommerce_single":["https:\/\/pluginspordolar.com\/wp-content\/uploads\/2023\/01\/mockup-sitio-corporativo-def-416x336.png",416,336,true],"woocommerce_gallery_thumbnail":["https:\/\/pluginspordolar.com\/wp-content\/uploads\/2023\/01\/mockup-sitio-corporativo-def-100x100.png",100,100,true]},"uagb_author_info":{"display_name":"nc","author_link":"https:\/\/pluginspordolar.com\/en\/author\/"},"uagb_comment_info":0,"uagb_excerpt":"Plantilla configurada Lista y Editable para la creaci\u00f3n de un\u00a0 Sitio Web Corporativo compatible con WordPress y el Tema Astra, solo ed\u00edtala personalizando, Logotipo y Colores ! Est\u00e1mos preparando un Curso pr\u00e1ctico para que aprendas Wordpress editando tu sitio web\u00a0 editable verifica el link en la Pesta\u00f1a de Cursos abajo al lado de la Descripci\u00f3n.&hellip;","_links":{"self":[{"href":"https:\/\/pluginspordolar.com\/en\/wp-json\/wp\/v2\/product\/8326","targetHints":{"allow":["GET"]}}],"collection":[{"href":"https:\/\/pluginspordolar.com\/en\/wp-json\/wp\/v2\/product"}],"about":[{"href":"https:\/\/pluginspordolar.com\/en\/wp-json\/wp\/v2\/types\/product"}],"wp:featuredmedia":[{"embeddable":true,"href":"https:\/\/pluginspordolar.com\/en\/wp-json\/wp\/v2\/media\/7325"}],"wp:attachment":[{"href":"https:\/\/pluginspordolar.com\/en\/wp-json\/wp\/v2\/media?parent=8326"}],"wp:term":[{"taxonomy":"product_brand","embeddable":true,"href":"https:\/\/pluginspordolar.com\/en\/wp-json\/wp\/v2\/product_brand?post=8326"},{"taxonomy":"product_cat","embeddable":true,"href":"https:\/\/pluginspordolar.com\/en\/wp-json\/wp\/v2\/product_cat?post=8326"},{"taxonomy":"product_tag","embeddable":true,"href":"https:\/\/pluginspordolar.com\/en\/wp-json\/wp\/v2\/product_tag?post=8326"}],"curies":[{"name":"wp","href":"https:\/\/api.w.org\/{rel}","templated":true}]}}