{"id":8297,"date":"2024-08-05T22:02:29","date_gmt":"2024-08-05T22:02:29","guid":{"rendered":"https:\/\/pluginspordolar.com\/?post_type=product&#038;p=8297"},"modified":"2025-03-29T01:37:41","modified_gmt":"2025-03-29T01:37:41","slug":"yith-woocommerce-quick-checkout-for-digital-goods-premium","status":"publish","type":"product","link":"https:\/\/pluginspordolar.com\/en\/product\/yith-woocommerce-quick-checkout-for-digital-goods-premium\/","title":{"rendered":"Yith Woocommerce Quick Checkout For Digital Goods Premium"},"content":{"rendered":"<p>Permite eliminar una gran parte de los datos solicitados en el checkout de WooCommerce para pedirla despu\u00e9s al cliente, de forma obligatoria, antes de que \u00e9ste pueda descargar el producto digital que ha comprado. De esta forma se solicitan el m\u00ednimo de datos posibles en el checkout cuando se trata de venta de infoproductos, aumentando as\u00ed la tasa de conversi\u00f3n. \u00daltima actualizaci\u00f3n: 25\/06\/2021<br \/>\nVersi\u00f3n actual: 1.4.3<\/p>","protected":false},"excerpt":{"rendered":"<p>Permite eliminar una gran parte de los datos solicitados en el checkout de WooCommerce para pedirla despu\u00e9s al cliente, de forma obligatoria, antes de que \u00e9ste pueda descargar el producto digital que ha comprado. De esta forma se solicitan el m\u00ednimo de datos posibles en el checkout cuando se trata de venta de infoproductos, aumentando [&hellip;]<\/p>","protected":false},"featured_media":7261,"template":"","meta":{"_eb_attr":"","_uag_custom_page_level_css":""},"product_brand":[],"product_cat":[44],"product_tag":[361],"class_list":{"0":"post-8297","1":"product","2":"type-product","3":"status-publish","4":"has-post-thumbnail","6":"product_cat-addons","7":"product_tag-yith-woocommerce-quick-checkout-for-digital-goods-premium","9":"first","10":"instock","11":"downloadable","12":"virtual","13":"sold-individually","14":"purchasable","15":"product-type-simple"},"yoast_head":"<!-- This site is optimized with the Yoast SEO plugin v27.4 - https:\/\/yoast.com\/product\/yoast-seo-wordpress\/ -->\n<title>Yith Woocommerce Quick Checkout For Digital Goods Premium - Plugins x Dolar<\/title>\n<meta name=\"robots\" content=\"noindex, follow\" \/>\n<meta property=\"og:locale\" content=\"en_US\" \/>\n<meta property=\"og:type\" content=\"article\" \/>\n<meta property=\"og:title\" content=\"Yith Woocommerce Quick Checkout For Digital Goods Premium - Plugins x Dolar\" \/>\n<meta property=\"og:description\" content=\"Permite eliminar una gran parte de los datos solicitados en el checkout de WooCommerce para pedirla despu\u00e9s al cliente, de forma obligatoria, antes de que \u00e9ste pueda descargar el producto digital que ha comprado. De esta forma se solicitan el m\u00ednimo de datos posibles en el checkout cuando se trata de venta de infoproductos, aumentando [&hellip;]\" \/>\n<meta property=\"og:url\" content=\"https:\/\/pluginspordolar.com\/en\/product\/yith-woocommerce-quick-checkout-for-digital-goods-premium\/\" \/>\n<meta property=\"og:site_name\" content=\"Plugins x Dolar\" \/>\n<meta property=\"article:modified_time\" content=\"2025-03-29T01:37:41+00:00\" \/>\n<meta property=\"og:image\" content=\"https:\/\/pluginspordolar.com\/wp-content\/uploads\/2023\/01\/yith-plugins.png.png\" \/>\n\t<meta property=\"og:image:width\" content=\"280\" \/>\n\t<meta property=\"og:image:height\" content=\"280\" \/>\n\t<meta property=\"og:image:type\" content=\"image\/png\" \/>\n<meta name=\"twitter:card\" content=\"summary_large_image\" \/>\n<script type=\"application\/ld+json\" class=\"yoast-schema-graph\">{\"@context\":\"https:\\\/\\\/schema.org\",\"@graph\":[{\"@type\":\"WebPage\",\"@id\":\"https:\\\/\\\/pluginspordolar.com\\\/producto\\\/yith-woocommerce-quick-checkout-for-digital-goods-premium\\\/\",\"url\":\"https:\\\/\\\/pluginspordolar.com\\\/producto\\\/yith-woocommerce-quick-checkout-for-digital-goods-premium\\\/\",\"name\":\"Yith Woocommerce Quick Checkout For Digital Goods Premium - Plugins x Dolar\",\"isPartOf\":{\"@id\":\"https:\\\/\\\/pluginspordolar.com\\\/#website\"},\"primaryImageOfPage\":{\"@id\":\"https:\\\/\\\/pluginspordolar.com\\\/producto\\\/yith-woocommerce-quick-checkout-for-digital-goods-premium\\\/#primaryimage\"},\"image\":{\"@id\":\"https:\\\/\\\/pluginspordolar.com\\\/producto\\\/yith-woocommerce-quick-checkout-for-digital-goods-premium\\\/#primaryimage\"},\"thumbnailUrl\":\"https:\\\/\\\/pluginspordolar.com\\\/wp-content\\\/uploads\\\/2023\\\/01\\\/yith-plugins.png.png\",\"datePublished\":\"2024-08-05T22:02:29+00:00\",\"dateModified\":\"2025-03-29T01:37:41+00:00\",\"breadcrumb\":{\"@id\":\"https:\\\/\\\/pluginspordolar.com\\\/producto\\\/yith-woocommerce-quick-checkout-for-digital-goods-premium\\\/#breadcrumb\"},\"inLanguage\":\"en-US\",\"potentialAction\":[{\"@type\":\"ReadAction\",\"target\":[\"https:\\\/\\\/pluginspordolar.com\\\/producto\\\/yith-woocommerce-quick-checkout-for-digital-goods-premium\\\/\"]}]},{\"@type\":\"ImageObject\",\"inLanguage\":\"en-US\",\"@id\":\"https:\\\/\\\/pluginspordolar.com\\\/producto\\\/yith-woocommerce-quick-checkout-for-digital-goods-premium\\\/#primaryimage\",\"url\":\"https:\\\/\\\/pluginspordolar.com\\\/wp-content\\\/uploads\\\/2023\\\/01\\\/yith-plugins.png.png\",\"contentUrl\":\"https:\\\/\\\/pluginspordolar.com\\\/wp-content\\\/uploads\\\/2023\\\/01\\\/yith-plugins.png.png\",\"width\":280,\"height\":280},{\"@type\":\"BreadcrumbList\",\"@id\":\"https:\\\/\\\/pluginspordolar.com\\\/producto\\\/yith-woocommerce-quick-checkout-for-digital-goods-premium\\\/#breadcrumb\",\"itemListElement\":[{\"@type\":\"ListItem\",\"position\":1,\"name\":\"Portada\",\"item\":\"https:\\\/\\\/pluginspordolar.com\\\/\"},{\"@type\":\"ListItem\",\"position\":2,\"name\":\"Tienda\",\"item\":\"https:\\\/\\\/pluginspordolar.com\\\/tienda\\\/\"},{\"@type\":\"ListItem\",\"position\":3,\"name\":\"Yith Woocommerce Quick Checkout For Digital Goods Premium\"}]},{\"@type\":\"WebSite\",\"@id\":\"https:\\\/\\\/pluginspordolar.com\\\/#website\",\"url\":\"https:\\\/\\\/pluginspordolar.com\\\/\",\"name\":\"Plugins x Dolar\",\"description\":\"Complementos Premium\",\"publisher\":{\"@id\":\"https:\\\/\\\/pluginspordolar.com\\\/#organization\"},\"potentialAction\":[{\"@type\":\"SearchAction\",\"target\":{\"@type\":\"EntryPoint\",\"urlTemplate\":\"https:\\\/\\\/pluginspordolar.com\\\/?s={search_term_string}\"},\"query-input\":{\"@type\":\"PropertyValueSpecification\",\"valueRequired\":true,\"valueName\":\"search_term_string\"}}],\"inLanguage\":\"en-US\"},{\"@type\":\"Organization\",\"@id\":\"https:\\\/\\\/pluginspordolar.com\\\/#organization\",\"name\":\"Plugins x Dolar\",\"url\":\"https:\\\/\\\/pluginspordolar.com\\\/\",\"logo\":{\"@type\":\"ImageObject\",\"inLanguage\":\"en-US\",\"@id\":\"https:\\\/\\\/pluginspordolar.com\\\/#\\\/schema\\\/logo\\\/image\\\/\",\"url\":\"https:\\\/\\\/pluginspordolar.com\\\/wp-content\\\/uploads\\\/Logo-moderno-pluginsxdolar-e1674435267756.png\",\"contentUrl\":\"https:\\\/\\\/pluginspordolar.com\\\/wp-content\\\/uploads\\\/Logo-moderno-pluginsxdolar-e1674435267756.png\",\"width\":500,\"height\":111,\"caption\":\"Plugins x Dolar\"},\"image\":{\"@id\":\"https:\\\/\\\/pluginspordolar.com\\\/#\\\/schema\\\/logo\\\/image\\\/\"}}]}<\/script>\n<!-- \/ Yoast SEO plugin. -->","yoast_head_json":{"title":"Yith Woocommerce Quick Checkout For Digital Goods Premium - Plugins x Dolar","robots":{"index":"noindex","follow":"follow"},"og_locale":"en_US","og_type":"article","og_title":"Yith Woocommerce Quick Checkout For Digital Goods Premium - Plugins x Dolar","og_description":"Permite eliminar una gran parte de los datos solicitados en el checkout de WooCommerce para pedirla despu\u00e9s al cliente, de forma obligatoria, antes de que \u00e9ste pueda descargar el producto digital que ha comprado. De esta forma se solicitan el m\u00ednimo de datos posibles en el checkout cuando se trata de venta de infoproductos, aumentando [&hellip;]","og_url":"https:\/\/pluginspordolar.com\/en\/product\/yith-woocommerce-quick-checkout-for-digital-goods-premium\/","og_site_name":"Plugins x Dolar","article_modified_time":"2025-03-29T01:37:41+00:00","og_image":[{"width":280,"height":280,"url":"https:\/\/pluginspordolar.com\/wp-content\/uploads\/2023\/01\/yith-plugins.png.png","type":"image\/png"}],"twitter_card":"summary_large_image","schema":{"@context":"https:\/\/schema.org","@graph":[{"@type":"WebPage","@id":"https:\/\/pluginspordolar.com\/producto\/yith-woocommerce-quick-checkout-for-digital-goods-premium\/","url":"https:\/\/pluginspordolar.com\/producto\/yith-woocommerce-quick-checkout-for-digital-goods-premium\/","name":"Yith Woocommerce Quick Checkout For Digital Goods Premium - Plugins x Dolar","isPartOf":{"@id":"https:\/\/pluginspordolar.com\/#website"},"primaryImageOfPage":{"@id":"https:\/\/pluginspordolar.com\/producto\/yith-woocommerce-quick-checkout-for-digital-goods-premium\/#primaryimage"},"image":{"@id":"https:\/\/pluginspordolar.com\/producto\/yith-woocommerce-quick-checkout-for-digital-goods-premium\/#primaryimage"},"thumbnailUrl":"https:\/\/pluginspordolar.com\/wp-content\/uploads\/2023\/01\/yith-plugins.png.png","datePublished":"2024-08-05T22:02:29+00:00","dateModified":"2025-03-29T01:37:41+00:00","breadcrumb":{"@id":"https:\/\/pluginspordolar.com\/producto\/yith-woocommerce-quick-checkout-for-digital-goods-premium\/#breadcrumb"},"inLanguage":"en-US","potentialAction":[{"@type":"ReadAction","target":["https:\/\/pluginspordolar.com\/producto\/yith-woocommerce-quick-checkout-for-digital-goods-premium\/"]}]},{"@type":"ImageObject","inLanguage":"en-US","@id":"https:\/\/pluginspordolar.com\/producto\/yith-woocommerce-quick-checkout-for-digital-goods-premium\/#primaryimage","url":"https:\/\/pluginspordolar.com\/wp-content\/uploads\/2023\/01\/yith-plugins.png.png","contentUrl":"https:\/\/pluginspordolar.com\/wp-content\/uploads\/2023\/01\/yith-plugins.png.png","width":280,"height":280},{"@type":"BreadcrumbList","@id":"https:\/\/pluginspordolar.com\/producto\/yith-woocommerce-quick-checkout-for-digital-goods-premium\/#breadcrumb","itemListElement":[{"@type":"ListItem","position":1,"name":"Portada","item":"https:\/\/pluginspordolar.com\/"},{"@type":"ListItem","position":2,"name":"Tienda","item":"https:\/\/pluginspordolar.com\/tienda\/"},{"@type":"ListItem","position":3,"name":"Yith Woocommerce Quick Checkout For Digital Goods Premium"}]},{"@type":"WebSite","@id":"https:\/\/pluginspordolar.com\/#website","url":"https:\/\/pluginspordolar.com\/","name":"Plugins x Dolar","description":"Complementos Premium","publisher":{"@id":"https:\/\/pluginspordolar.com\/#organization"},"potentialAction":[{"@type":"SearchAction","target":{"@type":"EntryPoint","urlTemplate":"https:\/\/pluginspordolar.com\/?s={search_term_string}"},"query-input":{"@type":"PropertyValueSpecification","valueRequired":true,"valueName":"search_term_string"}}],"inLanguage":"en-US"},{"@type":"Organization","@id":"https:\/\/pluginspordolar.com\/#organization","name":"Plugins x Dolar","url":"https:\/\/pluginspordolar.com\/","logo":{"@type":"ImageObject","inLanguage":"en-US","@id":"https:\/\/pluginspordolar.com\/#\/schema\/logo\/image\/","url":"https:\/\/pluginspordolar.com\/wp-content\/uploads\/Logo-moderno-pluginsxdolar-e1674435267756.png","contentUrl":"https:\/\/pluginspordolar.com\/wp-content\/uploads\/Logo-moderno-pluginsxdolar-e1674435267756.png","width":500,"height":111,"caption":"Plugins x Dolar"},"image":{"@id":"https:\/\/pluginspordolar.com\/#\/schema\/logo\/image\/"}}]}},"uagb_featured_image_src":{"full":["https:\/\/pluginspordolar.com\/wp-content\/uploads\/2023\/01\/yith-plugins.png.png",280,280,false],"thumbnail":["https:\/\/pluginspordolar.com\/wp-content\/uploads\/2023\/01\/yith-plugins.png-150x150.png",96,96,true],"medium":["https:\/\/pluginspordolar.com\/wp-content\/uploads\/2023\/01\/yith-plugins.png.png",280,280,false],"medium_large":["https:\/\/pluginspordolar.com\/wp-content\/uploads\/2023\/01\/yith-plugins.png.png",280,280,false],"large":["https:\/\/pluginspordolar.com\/wp-content\/uploads\/2023\/01\/yith-plugins.png.png",280,280,false],"1536x1536":["https:\/\/pluginspordolar.com\/wp-content\/uploads\/2023\/01\/yith-plugins.png.png",280,280,false],"2048x2048":["https:\/\/pluginspordolar.com\/wp-content\/uploads\/2023\/01\/yith-plugins.png.png",280,280,false],"trp-custom-language-flag":["https:\/\/pluginspordolar.com\/wp-content\/uploads\/2023\/01\/yith-plugins.png.png",12,12,false],"woocommerce_thumbnail":["https:\/\/pluginspordolar.com\/wp-content\/uploads\/2023\/01\/yith-plugins.png.png",280,280,false],"woocommerce_single":["https:\/\/pluginspordolar.com\/wp-content\/uploads\/2023\/01\/yith-plugins.png.png",280,280,false],"woocommerce_gallery_thumbnail":["https:\/\/pluginspordolar.com\/wp-content\/uploads\/2023\/01\/yith-plugins.png-100x100.png",100,100,true]},"uagb_author_info":{"display_name":"nc","author_link":"https:\/\/pluginspordolar.com\/en\/author\/"},"uagb_comment_info":0,"uagb_excerpt":"Permite eliminar una gran parte de los datos solicitados en el checkout de WooCommerce para pedirla despu\u00e9s al cliente, de forma obligatoria, antes de que \u00e9ste pueda descargar el producto digital que ha comprado. De esta forma se solicitan el m\u00ednimo de datos posibles en el checkout cuando se trata de venta de infoproductos, aumentando&hellip;","_links":{"self":[{"href":"https:\/\/pluginspordolar.com\/en\/wp-json\/wp\/v2\/product\/8297","targetHints":{"allow":["GET"]}}],"collection":[{"href":"https:\/\/pluginspordolar.com\/en\/wp-json\/wp\/v2\/product"}],"about":[{"href":"https:\/\/pluginspordolar.com\/en\/wp-json\/wp\/v2\/types\/product"}],"wp:featuredmedia":[{"embeddable":true,"href":"https:\/\/pluginspordolar.com\/en\/wp-json\/wp\/v2\/media\/7261"}],"wp:attachment":[{"href":"https:\/\/pluginspordolar.com\/en\/wp-json\/wp\/v2\/media?parent=8297"}],"wp:term":[{"taxonomy":"product_brand","embeddable":true,"href":"https:\/\/pluginspordolar.com\/en\/wp-json\/wp\/v2\/product_brand?post=8297"},{"taxonomy":"product_cat","embeddable":true,"href":"https:\/\/pluginspordolar.com\/en\/wp-json\/wp\/v2\/product_cat?post=8297"},{"taxonomy":"product_tag","embeddable":true,"href":"https:\/\/pluginspordolar.com\/en\/wp-json\/wp\/v2\/product_tag?post=8297"}],"curies":[{"name":"wp","href":"https:\/\/api.w.org\/{rel}","templated":true}]}}