{"id":8241,"date":"2024-08-05T22:02:20","date_gmt":"2024-08-05T22:02:20","guid":{"rendered":"https:\/\/pluginspordolar.com\/?post_type=product&#038;p=8241"},"modified":"2025-03-29T01:37:43","modified_gmt":"2025-03-29T01:37:43","slug":"yith-product-description-in-loop-for-woocommerce","status":"publish","type":"product","link":"https:\/\/pluginspordolar.com\/en\/product\/yith-product-description-in-loop-for-woocommerce\/","title":{"rendered":"Yith Product Description In Loop For Woocommerce"},"content":{"rendered":"<p>YITH WooCommerce Product Description in Loop Premium es un plugin b\u00e1sico y vers\u00e1til que te permite personalizar el texto de descripci\u00f3n del producto que se mostrar\u00e1 en el bucle, es decir, en la p\u00e1gina de tienda, sliders de producto, etc\u00e9tera. De esta forma puedes establecer descripciones espec\u00edficas para atraer la atenci\u00f3n en p\u00e1ginas como la de la tienda o la p\u00e1gina de inicio, con textos orientados a la venta. \u00daltima actualizaci\u00f3n: 30 03 2021<br \/>\nVersi\u00f3n actual: 1.0.16<\/p>","protected":false},"excerpt":{"rendered":"<p>YITH WooCommerce Product Description in Loop Premium es un plugin b\u00e1sico y vers\u00e1til que te permite personalizar el texto de descripci\u00f3n del producto que se mostrar\u00e1 en el bucle, es decir, en la p\u00e1gina de tienda, sliders de producto, etc\u00e9tera. De esta forma puedes establecer descripciones espec\u00edficas para atraer la atenci\u00f3n en p\u00e1ginas como la [&hellip;]<\/p>","protected":false},"featured_media":7213,"template":"","meta":{"_eb_attr":"","_uag_custom_page_level_css":""},"product_brand":[],"product_cat":[44],"product_tag":[305],"class_list":{"0":"post-8241","1":"product","2":"type-product","3":"status-publish","4":"has-post-thumbnail","6":"product_cat-addons","7":"product_tag-yith-product-description-in-loop-for-woocommerce","9":"first","10":"instock","11":"downloadable","12":"virtual","13":"sold-individually","14":"purchasable","15":"product-type-simple"},"yoast_head":"<!-- This site is optimized with the Yoast SEO plugin v27.4 - https:\/\/yoast.com\/product\/yoast-seo-wordpress\/ -->\n<title>Yith Product Description In Loop For Woocommerce - Plugins x Dolar<\/title>\n<meta name=\"robots\" content=\"noindex, follow\" \/>\n<meta property=\"og:locale\" content=\"en_US\" \/>\n<meta property=\"og:type\" content=\"article\" \/>\n<meta property=\"og:title\" content=\"Yith Product Description In Loop For Woocommerce - Plugins x Dolar\" \/>\n<meta property=\"og:description\" content=\"YITH WooCommerce Product Description in Loop Premium es un plugin b\u00e1sico y vers\u00e1til que te permite personalizar el texto de descripci\u00f3n del producto que se mostrar\u00e1 en el bucle, es decir, en la p\u00e1gina de tienda, sliders de producto, etc\u00e9tera. De esta forma puedes establecer descripciones espec\u00edficas para atraer la atenci\u00f3n en p\u00e1ginas como la [&hellip;]\" \/>\n<meta property=\"og:url\" content=\"https:\/\/pluginspordolar.com\/en\/product\/yith-product-description-in-loop-for-woocommerce\/\" \/>\n<meta property=\"og:site_name\" content=\"Plugins x Dolar\" \/>\n<meta property=\"article:modified_time\" content=\"2025-03-29T01:37:43+00:00\" \/>\n<meta property=\"og:image\" content=\"https:\/\/pluginspordolar.com\/wp-content\/uploads\/2023\/01\/Yith-Product-Description-In-Loop-For-Woocommerce.jpg.jpg\" \/>\n\t<meta property=\"og:image:width\" content=\"280\" \/>\n\t<meta property=\"og:image:height\" content=\"280\" \/>\n\t<meta property=\"og:image:type\" content=\"image\/jpeg\" \/>\n<meta name=\"twitter:card\" content=\"summary_large_image\" \/>\n<script type=\"application\/ld+json\" class=\"yoast-schema-graph\">{\"@context\":\"https:\\\/\\\/schema.org\",\"@graph\":[{\"@type\":\"WebPage\",\"@id\":\"https:\\\/\\\/pluginspordolar.com\\\/producto\\\/yith-product-description-in-loop-for-woocommerce\\\/\",\"url\":\"https:\\\/\\\/pluginspordolar.com\\\/producto\\\/yith-product-description-in-loop-for-woocommerce\\\/\",\"name\":\"Yith Product Description In Loop For Woocommerce - Plugins x Dolar\",\"isPartOf\":{\"@id\":\"https:\\\/\\\/pluginspordolar.com\\\/#website\"},\"primaryImageOfPage\":{\"@id\":\"https:\\\/\\\/pluginspordolar.com\\\/producto\\\/yith-product-description-in-loop-for-woocommerce\\\/#primaryimage\"},\"image\":{\"@id\":\"https:\\\/\\\/pluginspordolar.com\\\/producto\\\/yith-product-description-in-loop-for-woocommerce\\\/#primaryimage\"},\"thumbnailUrl\":\"https:\\\/\\\/pluginspordolar.com\\\/wp-content\\\/uploads\\\/2023\\\/01\\\/Yith-Product-Description-In-Loop-For-Woocommerce.jpg.jpg\",\"datePublished\":\"2024-08-05T22:02:20+00:00\",\"dateModified\":\"2025-03-29T01:37:43+00:00\",\"breadcrumb\":{\"@id\":\"https:\\\/\\\/pluginspordolar.com\\\/producto\\\/yith-product-description-in-loop-for-woocommerce\\\/#breadcrumb\"},\"inLanguage\":\"en-US\",\"potentialAction\":[{\"@type\":\"ReadAction\",\"target\":[\"https:\\\/\\\/pluginspordolar.com\\\/producto\\\/yith-product-description-in-loop-for-woocommerce\\\/\"]}]},{\"@type\":\"ImageObject\",\"inLanguage\":\"en-US\",\"@id\":\"https:\\\/\\\/pluginspordolar.com\\\/producto\\\/yith-product-description-in-loop-for-woocommerce\\\/#primaryimage\",\"url\":\"https:\\\/\\\/pluginspordolar.com\\\/wp-content\\\/uploads\\\/2023\\\/01\\\/Yith-Product-Description-In-Loop-For-Woocommerce.jpg.jpg\",\"contentUrl\":\"https:\\\/\\\/pluginspordolar.com\\\/wp-content\\\/uploads\\\/2023\\\/01\\\/Yith-Product-Description-In-Loop-For-Woocommerce.jpg.jpg\",\"width\":280,\"height\":280},{\"@type\":\"BreadcrumbList\",\"@id\":\"https:\\\/\\\/pluginspordolar.com\\\/producto\\\/yith-product-description-in-loop-for-woocommerce\\\/#breadcrumb\",\"itemListElement\":[{\"@type\":\"ListItem\",\"position\":1,\"name\":\"Portada\",\"item\":\"https:\\\/\\\/pluginspordolar.com\\\/\"},{\"@type\":\"ListItem\",\"position\":2,\"name\":\"Tienda\",\"item\":\"https:\\\/\\\/pluginspordolar.com\\\/tienda\\\/\"},{\"@type\":\"ListItem\",\"position\":3,\"name\":\"Yith Product Description In Loop For Woocommerce\"}]},{\"@type\":\"WebSite\",\"@id\":\"https:\\\/\\\/pluginspordolar.com\\\/#website\",\"url\":\"https:\\\/\\\/pluginspordolar.com\\\/\",\"name\":\"Plugins x Dolar\",\"description\":\"Complementos Premium\",\"publisher\":{\"@id\":\"https:\\\/\\\/pluginspordolar.com\\\/#organization\"},\"potentialAction\":[{\"@type\":\"SearchAction\",\"target\":{\"@type\":\"EntryPoint\",\"urlTemplate\":\"https:\\\/\\\/pluginspordolar.com\\\/?s={search_term_string}\"},\"query-input\":{\"@type\":\"PropertyValueSpecification\",\"valueRequired\":true,\"valueName\":\"search_term_string\"}}],\"inLanguage\":\"en-US\"},{\"@type\":\"Organization\",\"@id\":\"https:\\\/\\\/pluginspordolar.com\\\/#organization\",\"name\":\"Plugins x Dolar\",\"url\":\"https:\\\/\\\/pluginspordolar.com\\\/\",\"logo\":{\"@type\":\"ImageObject\",\"inLanguage\":\"en-US\",\"@id\":\"https:\\\/\\\/pluginspordolar.com\\\/#\\\/schema\\\/logo\\\/image\\\/\",\"url\":\"https:\\\/\\\/pluginspordolar.com\\\/wp-content\\\/uploads\\\/Logo-moderno-pluginsxdolar-e1674435267756.png\",\"contentUrl\":\"https:\\\/\\\/pluginspordolar.com\\\/wp-content\\\/uploads\\\/Logo-moderno-pluginsxdolar-e1674435267756.png\",\"width\":500,\"height\":111,\"caption\":\"Plugins x Dolar\"},\"image\":{\"@id\":\"https:\\\/\\\/pluginspordolar.com\\\/#\\\/schema\\\/logo\\\/image\\\/\"}}]}<\/script>\n<!-- \/ Yoast SEO plugin. -->","yoast_head_json":{"title":"Yith Product Description In Loop For Woocommerce - Plugins x Dolar","robots":{"index":"noindex","follow":"follow"},"og_locale":"en_US","og_type":"article","og_title":"Yith Product Description In Loop For Woocommerce - Plugins x Dolar","og_description":"YITH WooCommerce Product Description in Loop Premium es un plugin b\u00e1sico y vers\u00e1til que te permite personalizar el texto de descripci\u00f3n del producto que se mostrar\u00e1 en el bucle, es decir, en la p\u00e1gina de tienda, sliders de producto, etc\u00e9tera. De esta forma puedes establecer descripciones espec\u00edficas para atraer la atenci\u00f3n en p\u00e1ginas como la [&hellip;]","og_url":"https:\/\/pluginspordolar.com\/en\/product\/yith-product-description-in-loop-for-woocommerce\/","og_site_name":"Plugins x Dolar","article_modified_time":"2025-03-29T01:37:43+00:00","og_image":[{"width":280,"height":280,"url":"https:\/\/pluginspordolar.com\/wp-content\/uploads\/2023\/01\/Yith-Product-Description-In-Loop-For-Woocommerce.jpg.jpg","type":"image\/jpeg"}],"twitter_card":"summary_large_image","schema":{"@context":"https:\/\/schema.org","@graph":[{"@type":"WebPage","@id":"https:\/\/pluginspordolar.com\/producto\/yith-product-description-in-loop-for-woocommerce\/","url":"https:\/\/pluginspordolar.com\/producto\/yith-product-description-in-loop-for-woocommerce\/","name":"Yith Product Description In Loop For Woocommerce - Plugins x Dolar","isPartOf":{"@id":"https:\/\/pluginspordolar.com\/#website"},"primaryImageOfPage":{"@id":"https:\/\/pluginspordolar.com\/producto\/yith-product-description-in-loop-for-woocommerce\/#primaryimage"},"image":{"@id":"https:\/\/pluginspordolar.com\/producto\/yith-product-description-in-loop-for-woocommerce\/#primaryimage"},"thumbnailUrl":"https:\/\/pluginspordolar.com\/wp-content\/uploads\/2023\/01\/Yith-Product-Description-In-Loop-For-Woocommerce.jpg.jpg","datePublished":"2024-08-05T22:02:20+00:00","dateModified":"2025-03-29T01:37:43+00:00","breadcrumb":{"@id":"https:\/\/pluginspordolar.com\/producto\/yith-product-description-in-loop-for-woocommerce\/#breadcrumb"},"inLanguage":"en-US","potentialAction":[{"@type":"ReadAction","target":["https:\/\/pluginspordolar.com\/producto\/yith-product-description-in-loop-for-woocommerce\/"]}]},{"@type":"ImageObject","inLanguage":"en-US","@id":"https:\/\/pluginspordolar.com\/producto\/yith-product-description-in-loop-for-woocommerce\/#primaryimage","url":"https:\/\/pluginspordolar.com\/wp-content\/uploads\/2023\/01\/Yith-Product-Description-In-Loop-For-Woocommerce.jpg.jpg","contentUrl":"https:\/\/pluginspordolar.com\/wp-content\/uploads\/2023\/01\/Yith-Product-Description-In-Loop-For-Woocommerce.jpg.jpg","width":280,"height":280},{"@type":"BreadcrumbList","@id":"https:\/\/pluginspordolar.com\/producto\/yith-product-description-in-loop-for-woocommerce\/#breadcrumb","itemListElement":[{"@type":"ListItem","position":1,"name":"Portada","item":"https:\/\/pluginspordolar.com\/"},{"@type":"ListItem","position":2,"name":"Tienda","item":"https:\/\/pluginspordolar.com\/tienda\/"},{"@type":"ListItem","position":3,"name":"Yith Product Description In Loop For Woocommerce"}]},{"@type":"WebSite","@id":"https:\/\/pluginspordolar.com\/#website","url":"https:\/\/pluginspordolar.com\/","name":"Plugins x Dolar","description":"Complementos Premium","publisher":{"@id":"https:\/\/pluginspordolar.com\/#organization"},"potentialAction":[{"@type":"SearchAction","target":{"@type":"EntryPoint","urlTemplate":"https:\/\/pluginspordolar.com\/?s={search_term_string}"},"query-input":{"@type":"PropertyValueSpecification","valueRequired":true,"valueName":"search_term_string"}}],"inLanguage":"en-US"},{"@type":"Organization","@id":"https:\/\/pluginspordolar.com\/#organization","name":"Plugins x Dolar","url":"https:\/\/pluginspordolar.com\/","logo":{"@type":"ImageObject","inLanguage":"en-US","@id":"https:\/\/pluginspordolar.com\/#\/schema\/logo\/image\/","url":"https:\/\/pluginspordolar.com\/wp-content\/uploads\/Logo-moderno-pluginsxdolar-e1674435267756.png","contentUrl":"https:\/\/pluginspordolar.com\/wp-content\/uploads\/Logo-moderno-pluginsxdolar-e1674435267756.png","width":500,"height":111,"caption":"Plugins x Dolar"},"image":{"@id":"https:\/\/pluginspordolar.com\/#\/schema\/logo\/image\/"}}]}},"uagb_featured_image_src":{"full":["https:\/\/pluginspordolar.com\/wp-content\/uploads\/2023\/01\/Yith-Product-Description-In-Loop-For-Woocommerce.jpg.jpg",280,280,false],"thumbnail":["https:\/\/pluginspordolar.com\/wp-content\/uploads\/2023\/01\/Yith-Product-Description-In-Loop-For-Woocommerce.jpg-150x150.jpg",96,96,true],"medium":["https:\/\/pluginspordolar.com\/wp-content\/uploads\/2023\/01\/Yith-Product-Description-In-Loop-For-Woocommerce.jpg.jpg",280,280,false],"medium_large":["https:\/\/pluginspordolar.com\/wp-content\/uploads\/2023\/01\/Yith-Product-Description-In-Loop-For-Woocommerce.jpg.jpg",280,280,false],"large":["https:\/\/pluginspordolar.com\/wp-content\/uploads\/2023\/01\/Yith-Product-Description-In-Loop-For-Woocommerce.jpg.jpg",280,280,false],"1536x1536":["https:\/\/pluginspordolar.com\/wp-content\/uploads\/2023\/01\/Yith-Product-Description-In-Loop-For-Woocommerce.jpg.jpg",280,280,false],"2048x2048":["https:\/\/pluginspordolar.com\/wp-content\/uploads\/2023\/01\/Yith-Product-Description-In-Loop-For-Woocommerce.jpg.jpg",280,280,false],"trp-custom-language-flag":["https:\/\/pluginspordolar.com\/wp-content\/uploads\/2023\/01\/Yith-Product-Description-In-Loop-For-Woocommerce.jpg.jpg",12,12,false],"woocommerce_thumbnail":["https:\/\/pluginspordolar.com\/wp-content\/uploads\/2023\/01\/Yith-Product-Description-In-Loop-For-Woocommerce.jpg.jpg",280,280,false],"woocommerce_single":["https:\/\/pluginspordolar.com\/wp-content\/uploads\/2023\/01\/Yith-Product-Description-In-Loop-For-Woocommerce.jpg.jpg",280,280,false],"woocommerce_gallery_thumbnail":["https:\/\/pluginspordolar.com\/wp-content\/uploads\/2023\/01\/Yith-Product-Description-In-Loop-For-Woocommerce.jpg-100x100.jpg",100,100,true]},"uagb_author_info":{"display_name":"nc","author_link":"https:\/\/pluginspordolar.com\/en\/author\/"},"uagb_comment_info":0,"uagb_excerpt":"YITH WooCommerce Product Description in Loop Premium es un plugin b\u00e1sico y vers\u00e1til que te permite personalizar el texto de descripci\u00f3n del producto que se mostrar\u00e1 en el bucle, es decir, en la p\u00e1gina de tienda, sliders de producto, etc\u00e9tera. De esta forma puedes establecer descripciones espec\u00edficas para atraer la atenci\u00f3n en p\u00e1ginas como la&hellip;","_links":{"self":[{"href":"https:\/\/pluginspordolar.com\/en\/wp-json\/wp\/v2\/product\/8241","targetHints":{"allow":["GET"]}}],"collection":[{"href":"https:\/\/pluginspordolar.com\/en\/wp-json\/wp\/v2\/product"}],"about":[{"href":"https:\/\/pluginspordolar.com\/en\/wp-json\/wp\/v2\/types\/product"}],"wp:featuredmedia":[{"embeddable":true,"href":"https:\/\/pluginspordolar.com\/en\/wp-json\/wp\/v2\/media\/7213"}],"wp:attachment":[{"href":"https:\/\/pluginspordolar.com\/en\/wp-json\/wp\/v2\/media?parent=8241"}],"wp:term":[{"taxonomy":"product_brand","embeddable":true,"href":"https:\/\/pluginspordolar.com\/en\/wp-json\/wp\/v2\/product_brand?post=8241"},{"taxonomy":"product_cat","embeddable":true,"href":"https:\/\/pluginspordolar.com\/en\/wp-json\/wp\/v2\/product_cat?post=8241"},{"taxonomy":"product_tag","embeddable":true,"href":"https:\/\/pluginspordolar.com\/en\/wp-json\/wp\/v2\/product_tag?post=8241"}],"curies":[{"name":"wp","href":"https:\/\/api.w.org\/{rel}","templated":true}]}}