{"id":8163,"date":"2024-08-05T22:02:08","date_gmt":"2024-08-05T22:02:08","guid":{"rendered":"https:\/\/pluginspordolar.com\/?post_type=product&#038;p=8163"},"modified":"2025-10-19T21:43:28","modified_gmt":"2025-10-19T21:43:28","slug":"yellow-pencil","status":"publish","type":"product","link":"https:\/\/pluginspordolar.com\/en\/product\/yellow-pencil\/","title":{"rendered":"Yellow Pencil"},"content":{"rendered":"<p>YellowPencil es un complemento de edici\u00f3n de estilo CSS de WordPress que le permite personalizar el dise\u00f1o de su sitio web en tiempo real. El complemento le permite personalizar cualquier p\u00e1gina y tema sin codificaci\u00f3n. Haga clic en un elemento y comience la edici\u00f3n visual. Ajusta colores, fuentes, tama\u00f1os, posiciones y mucho m\u00e1s. Tome control total sobre el dise\u00f1o de su sitio web con m\u00e1s de 60 propiedades de estilos.<\/p>\n<p>&nbsp;<\/p>\n<p><strong>\u00daltima actualizaci\u00f3n: 15\/10\/2025<\/strong><br \/>\n<strong>Versi\u00f3n actual: 7.6.7<\/strong><\/p>\n<p>&nbsp;<\/p>\n<p>dgm@gm<\/p>","protected":false},"excerpt":{"rendered":"<p>YellowPencil es un complemento de editor de estilo CSS de WordPress que le permite personalizar el dise\u00f1o de su sitio web en tiempo real.<\/p>\n<p><strong>\u00daltima actualizaci\u00f3n: 15\/10\/2025<\/strong><br \/>\n<strong>Versi\u00f3n actual: 7.6.7<\/strong><\/p>\n<p>&nbsp;<\/p>\n<p>dgm@gm<\/p>","protected":false},"featured_media":7100,"template":"","meta":{"_eb_attr":"","_uag_custom_page_level_css":""},"product_brand":[],"product_cat":[27],"product_tag":[228],"class_list":{"0":"post-8163","1":"product","2":"type-product","3":"status-publish","4":"has-post-thumbnail","6":"product_cat-plugins-wordpress","7":"product_tag-yellow-pencil","9":"first","10":"instock","11":"downloadable","12":"virtual","13":"sold-individually","14":"purchasable","15":"product-type-simple"},"yoast_head":"<!-- This site is optimized with the Yoast SEO plugin v27.5 - https:\/\/yoast.com\/product\/yoast-seo-wordpress\/ -->\n<title>Yellow Pencil - Plugins x Dolar<\/title>\n<meta name=\"robots\" content=\"noindex, nofollow\" \/>\n<meta property=\"og:locale\" content=\"en_US\" \/>\n<meta property=\"og:type\" content=\"article\" \/>\n<meta property=\"og:title\" content=\"Yellow Pencil - Plugins x Dolar\" \/>\n<meta property=\"og:description\" content=\"YellowPencil es un complemento de editor de estilo CSS de WordPress que le permite personalizar el dise\u00f1o de su sitio web en tiempo real.  \u00daltima actualizaci\u00f3n: 15\/10\/2025 Versi\u00f3n actual: 7.6.7  &nbsp;  dgm@gm\" \/>\n<meta property=\"og:url\" content=\"https:\/\/pluginspordolar.com\/en\/product\/yellow-pencil\/\" \/>\n<meta property=\"og:site_name\" content=\"Plugins x Dolar\" \/>\n<meta property=\"article:modified_time\" content=\"2025-10-19T21:43:28+00:00\" \/>\n<meta property=\"og:image\" content=\"https:\/\/pluginspordolar.com\/wp-content\/uploads\/2023\/01\/Yellow-Pencil.jpg.jpg\" \/>\n\t<meta property=\"og:image:width\" content=\"280\" \/>\n\t<meta property=\"og:image:height\" content=\"280\" \/>\n\t<meta property=\"og:image:type\" content=\"image\/jpeg\" \/>\n<meta name=\"twitter:card\" content=\"summary_large_image\" \/>\n<meta name=\"twitter:label1\" content=\"Est. reading time\" \/>\n\t<meta name=\"twitter:data1\" content=\"1 minute\" \/>\n<script type=\"application\/ld+json\" class=\"yoast-schema-graph\">{\"@context\":\"https:\\\/\\\/schema.org\",\"@graph\":[{\"@type\":\"WebPage\",\"@id\":\"https:\\\/\\\/pluginspordolar.com\\\/producto\\\/yellow-pencil\\\/\",\"url\":\"https:\\\/\\\/pluginspordolar.com\\\/producto\\\/yellow-pencil\\\/\",\"name\":\"Yellow Pencil - Plugins x Dolar\",\"isPartOf\":{\"@id\":\"https:\\\/\\\/pluginspordolar.com\\\/#website\"},\"primaryImageOfPage\":{\"@id\":\"https:\\\/\\\/pluginspordolar.com\\\/producto\\\/yellow-pencil\\\/#primaryimage\"},\"image\":{\"@id\":\"https:\\\/\\\/pluginspordolar.com\\\/producto\\\/yellow-pencil\\\/#primaryimage\"},\"thumbnailUrl\":\"https:\\\/\\\/pluginspordolar.com\\\/wp-content\\\/uploads\\\/2023\\\/01\\\/Yellow-Pencil.jpg.jpg\",\"datePublished\":\"2024-08-05T22:02:08+00:00\",\"dateModified\":\"2025-10-19T21:43:28+00:00\",\"breadcrumb\":{\"@id\":\"https:\\\/\\\/pluginspordolar.com\\\/producto\\\/yellow-pencil\\\/#breadcrumb\"},\"inLanguage\":\"en-US\",\"potentialAction\":[{\"@type\":\"ReadAction\",\"target\":[\"https:\\\/\\\/pluginspordolar.com\\\/producto\\\/yellow-pencil\\\/\"]}]},{\"@type\":\"ImageObject\",\"inLanguage\":\"en-US\",\"@id\":\"https:\\\/\\\/pluginspordolar.com\\\/producto\\\/yellow-pencil\\\/#primaryimage\",\"url\":\"https:\\\/\\\/pluginspordolar.com\\\/wp-content\\\/uploads\\\/2023\\\/01\\\/Yellow-Pencil.jpg.jpg\",\"contentUrl\":\"https:\\\/\\\/pluginspordolar.com\\\/wp-content\\\/uploads\\\/2023\\\/01\\\/Yellow-Pencil.jpg.jpg\",\"width\":280,\"height\":280},{\"@type\":\"BreadcrumbList\",\"@id\":\"https:\\\/\\\/pluginspordolar.com\\\/producto\\\/yellow-pencil\\\/#breadcrumb\",\"itemListElement\":[{\"@type\":\"ListItem\",\"position\":1,\"name\":\"Portada\",\"item\":\"https:\\\/\\\/pluginspordolar.com\\\/\"},{\"@type\":\"ListItem\",\"position\":2,\"name\":\"Tienda\",\"item\":\"https:\\\/\\\/pluginspordolar.com\\\/tienda\\\/\"},{\"@type\":\"ListItem\",\"position\":3,\"name\":\"Yellow Pencil\"}]},{\"@type\":\"WebSite\",\"@id\":\"https:\\\/\\\/pluginspordolar.com\\\/#website\",\"url\":\"https:\\\/\\\/pluginspordolar.com\\\/\",\"name\":\"Plugins x Dolar\",\"description\":\"Complementos Premium\",\"publisher\":{\"@id\":\"https:\\\/\\\/pluginspordolar.com\\\/#organization\"},\"potentialAction\":[{\"@type\":\"SearchAction\",\"target\":{\"@type\":\"EntryPoint\",\"urlTemplate\":\"https:\\\/\\\/pluginspordolar.com\\\/?s={search_term_string}\"},\"query-input\":{\"@type\":\"PropertyValueSpecification\",\"valueRequired\":true,\"valueName\":\"search_term_string\"}}],\"inLanguage\":\"en-US\"},{\"@type\":\"Organization\",\"@id\":\"https:\\\/\\\/pluginspordolar.com\\\/#organization\",\"name\":\"Plugins x Dolar\",\"url\":\"https:\\\/\\\/pluginspordolar.com\\\/\",\"logo\":{\"@type\":\"ImageObject\",\"inLanguage\":\"en-US\",\"@id\":\"https:\\\/\\\/pluginspordolar.com\\\/#\\\/schema\\\/logo\\\/image\\\/\",\"url\":\"https:\\\/\\\/pluginspordolar.com\\\/wp-content\\\/uploads\\\/Logo-moderno-pluginsxdolar-e1674435267756.png\",\"contentUrl\":\"https:\\\/\\\/pluginspordolar.com\\\/wp-content\\\/uploads\\\/Logo-moderno-pluginsxdolar-e1674435267756.png\",\"width\":500,\"height\":111,\"caption\":\"Plugins x Dolar\"},\"image\":{\"@id\":\"https:\\\/\\\/pluginspordolar.com\\\/#\\\/schema\\\/logo\\\/image\\\/\"}}]}<\/script>\n<!-- \/ Yoast SEO plugin. -->","yoast_head_json":{"title":"Yellow Pencil - Plugins x Dolar","robots":{"index":"noindex","follow":"nofollow"},"og_locale":"en_US","og_type":"article","og_title":"Yellow Pencil - Plugins x Dolar","og_description":"YellowPencil es un complemento de editor de estilo CSS de WordPress que le permite personalizar el dise\u00f1o de su sitio web en tiempo real.  \u00daltima actualizaci\u00f3n: 15\/10\/2025 Versi\u00f3n actual: 7.6.7  &nbsp;  dgm@gm","og_url":"https:\/\/pluginspordolar.com\/en\/product\/yellow-pencil\/","og_site_name":"Plugins x Dolar","article_modified_time":"2025-10-19T21:43:28+00:00","og_image":[{"width":280,"height":280,"url":"https:\/\/pluginspordolar.com\/wp-content\/uploads\/2023\/01\/Yellow-Pencil.jpg.jpg","type":"image\/jpeg"}],"twitter_card":"summary_large_image","twitter_misc":{"Est. reading time":"1 minute"},"schema":{"@context":"https:\/\/schema.org","@graph":[{"@type":"WebPage","@id":"https:\/\/pluginspordolar.com\/producto\/yellow-pencil\/","url":"https:\/\/pluginspordolar.com\/producto\/yellow-pencil\/","name":"Yellow Pencil - Plugins x Dolar","isPartOf":{"@id":"https:\/\/pluginspordolar.com\/#website"},"primaryImageOfPage":{"@id":"https:\/\/pluginspordolar.com\/producto\/yellow-pencil\/#primaryimage"},"image":{"@id":"https:\/\/pluginspordolar.com\/producto\/yellow-pencil\/#primaryimage"},"thumbnailUrl":"https:\/\/pluginspordolar.com\/wp-content\/uploads\/2023\/01\/Yellow-Pencil.jpg.jpg","datePublished":"2024-08-05T22:02:08+00:00","dateModified":"2025-10-19T21:43:28+00:00","breadcrumb":{"@id":"https:\/\/pluginspordolar.com\/producto\/yellow-pencil\/#breadcrumb"},"inLanguage":"en-US","potentialAction":[{"@type":"ReadAction","target":["https:\/\/pluginspordolar.com\/producto\/yellow-pencil\/"]}]},{"@type":"ImageObject","inLanguage":"en-US","@id":"https:\/\/pluginspordolar.com\/producto\/yellow-pencil\/#primaryimage","url":"https:\/\/pluginspordolar.com\/wp-content\/uploads\/2023\/01\/Yellow-Pencil.jpg.jpg","contentUrl":"https:\/\/pluginspordolar.com\/wp-content\/uploads\/2023\/01\/Yellow-Pencil.jpg.jpg","width":280,"height":280},{"@type":"BreadcrumbList","@id":"https:\/\/pluginspordolar.com\/producto\/yellow-pencil\/#breadcrumb","itemListElement":[{"@type":"ListItem","position":1,"name":"Portada","item":"https:\/\/pluginspordolar.com\/"},{"@type":"ListItem","position":2,"name":"Tienda","item":"https:\/\/pluginspordolar.com\/tienda\/"},{"@type":"ListItem","position":3,"name":"Yellow Pencil"}]},{"@type":"WebSite","@id":"https:\/\/pluginspordolar.com\/#website","url":"https:\/\/pluginspordolar.com\/","name":"Plugins x Dolar","description":"Complementos Premium","publisher":{"@id":"https:\/\/pluginspordolar.com\/#organization"},"potentialAction":[{"@type":"SearchAction","target":{"@type":"EntryPoint","urlTemplate":"https:\/\/pluginspordolar.com\/?s={search_term_string}"},"query-input":{"@type":"PropertyValueSpecification","valueRequired":true,"valueName":"search_term_string"}}],"inLanguage":"en-US"},{"@type":"Organization","@id":"https:\/\/pluginspordolar.com\/#organization","name":"Plugins x Dolar","url":"https:\/\/pluginspordolar.com\/","logo":{"@type":"ImageObject","inLanguage":"en-US","@id":"https:\/\/pluginspordolar.com\/#\/schema\/logo\/image\/","url":"https:\/\/pluginspordolar.com\/wp-content\/uploads\/Logo-moderno-pluginsxdolar-e1674435267756.png","contentUrl":"https:\/\/pluginspordolar.com\/wp-content\/uploads\/Logo-moderno-pluginsxdolar-e1674435267756.png","width":500,"height":111,"caption":"Plugins x Dolar"},"image":{"@id":"https:\/\/pluginspordolar.com\/#\/schema\/logo\/image\/"}}]}},"uagb_featured_image_src":{"full":["https:\/\/pluginspordolar.com\/wp-content\/uploads\/2023\/01\/Yellow-Pencil.jpg.jpg",280,280,false],"thumbnail":["https:\/\/pluginspordolar.com\/wp-content\/uploads\/2023\/01\/Yellow-Pencil.jpg-150x150.jpg",96,96,true],"medium":["https:\/\/pluginspordolar.com\/wp-content\/uploads\/2023\/01\/Yellow-Pencil.jpg.jpg",280,280,false],"medium_large":["https:\/\/pluginspordolar.com\/wp-content\/uploads\/2023\/01\/Yellow-Pencil.jpg.jpg",280,280,false],"large":["https:\/\/pluginspordolar.com\/wp-content\/uploads\/2023\/01\/Yellow-Pencil.jpg.jpg",280,280,false],"1536x1536":["https:\/\/pluginspordolar.com\/wp-content\/uploads\/2023\/01\/Yellow-Pencil.jpg.jpg",280,280,false],"2048x2048":["https:\/\/pluginspordolar.com\/wp-content\/uploads\/2023\/01\/Yellow-Pencil.jpg.jpg",280,280,false],"trp-custom-language-flag":["https:\/\/pluginspordolar.com\/wp-content\/uploads\/2023\/01\/Yellow-Pencil.jpg.jpg",12,12,false],"woocommerce_thumbnail":["https:\/\/pluginspordolar.com\/wp-content\/uploads\/2023\/01\/Yellow-Pencil.jpg.jpg",280,280,false],"woocommerce_single":["https:\/\/pluginspordolar.com\/wp-content\/uploads\/2023\/01\/Yellow-Pencil.jpg.jpg",280,280,false],"woocommerce_gallery_thumbnail":["https:\/\/pluginspordolar.com\/wp-content\/uploads\/2023\/01\/Yellow-Pencil.jpg-100x100.jpg",100,100,true]},"uagb_author_info":{"display_name":"nc","author_link":"https:\/\/pluginspordolar.com\/en\/author\/"},"uagb_comment_info":0,"uagb_excerpt":"YellowPencil es un complemento de editor de estilo CSS de WordPress que le permite personalizar el dise\u00f1o de su sitio web en tiempo real. \u00daltima actualizaci\u00f3n: 15\/10\/2025 Versi\u00f3n actual: 7.6.7 &nbsp; dgm@gm","_links":{"self":[{"href":"https:\/\/pluginspordolar.com\/en\/wp-json\/wp\/v2\/product\/8163","targetHints":{"allow":["GET"]}}],"collection":[{"href":"https:\/\/pluginspordolar.com\/en\/wp-json\/wp\/v2\/product"}],"about":[{"href":"https:\/\/pluginspordolar.com\/en\/wp-json\/wp\/v2\/types\/product"}],"wp:featuredmedia":[{"embeddable":true,"href":"https:\/\/pluginspordolar.com\/en\/wp-json\/wp\/v2\/media\/7100"}],"wp:attachment":[{"href":"https:\/\/pluginspordolar.com\/en\/wp-json\/wp\/v2\/media?parent=8163"}],"wp:term":[{"taxonomy":"product_brand","embeddable":true,"href":"https:\/\/pluginspordolar.com\/en\/wp-json\/wp\/v2\/product_brand?post=8163"},{"taxonomy":"product_cat","embeddable":true,"href":"https:\/\/pluginspordolar.com\/en\/wp-json\/wp\/v2\/product_cat?post=8163"},{"taxonomy":"product_tag","embeddable":true,"href":"https:\/\/pluginspordolar.com\/en\/wp-json\/wp\/v2\/product_tag?post=8163"}],"curies":[{"name":"wp","href":"https:\/\/api.w.org\/{rel}","templated":true}]}}