{"id":8123,"date":"2024-08-05T22:02:03","date_gmt":"2024-08-05T22:02:03","guid":{"rendered":"https:\/\/pluginspordolar.com\/?post_type=product&#038;p=8123"},"modified":"2025-03-29T01:37:44","modified_gmt":"2025-03-29T01:37:44","slug":"premium-addons-for-elementor","status":"publish","type":"product","link":"https:\/\/pluginspordolar.com\/en\/product\/premium-addons-for-elementor\/","title":{"rendered":"Premium Addons for Elementor"},"content":{"rendered":"","protected":false},"excerpt":{"rendered":"<p><b>Premium Addons PRO<\/b>\u00a0offers new and unique widgets and addons for Elementor that are not included in any other collection of widgets on the market. When we decided to develop and include Elementor addons and\/or widgets which are available on other plugins we made sure to include more customization options to be more useful and usable..<\/p>\n<p>&nbsp;<\/p>\n<p><strong>Last update: 28.05.2023<\/strong><br \/>\n<strong>Current version: 2.8.27<\/strong><\/p>\n<p>&nbsp;<\/p>\n<p>cn\/gm<\/p>","protected":false},"featured_media":7010,"template":"","meta":{"_eb_attr":"","_uag_custom_page_level_css":""},"product_brand":[],"product_cat":[44],"product_tag":[186],"class_list":{"0":"post-8123","1":"product","2":"type-product","3":"status-publish","4":"has-post-thumbnail","6":"product_cat-addons","7":"product_tag-premium-addons-for-elementor","9":"first","10":"instock","11":"downloadable","12":"virtual","13":"sold-individually","14":"purchasable","15":"product-type-simple"},"yoast_head":"<!-- This site is optimized with the Yoast SEO plugin v27.4 - https:\/\/yoast.com\/product\/yoast-seo-wordpress\/ -->\n<title>Premium Addons for Elementor - Plugins x Dolar<\/title>\n<meta name=\"robots\" content=\"noindex, nofollow\" \/>\n<meta property=\"og:locale\" content=\"en_US\" \/>\n<meta property=\"og:type\" content=\"article\" \/>\n<meta property=\"og:title\" content=\"Premium Addons for Elementor - Plugins x Dolar\" \/>\n<meta property=\"og:description\" content=\"Premium Addons PRO\u00a0ofrece nuevos y \u00fanicos widgets y addons de Elementor que no est\u00e1n incluidos en ninguna otra colecci\u00f3n de widgets en el mercado. Cuando decidimos desarrollar e incluir addons de Elementor y\/o widgets que est\u00e1n disponibles en otros plugins nos aseguramos de incluir m\u00e1s opciones de personalizaci\u00f3n para que sean m\u00e1s \u00fatiles y utilizables..  &nbsp;  \u00daltima actualizaci\u00f3n: 28.05.2023 Versi\u00f3n actual: 2.8.27  &nbsp;  cn\/gm\" \/>\n<meta property=\"og:url\" content=\"https:\/\/pluginspordolar.com\/en\/product\/premium-addons-for-elementor\/\" \/>\n<meta property=\"og:site_name\" content=\"Plugins x Dolar\" \/>\n<meta property=\"article:modified_time\" content=\"2025-03-29T01:37:44+00:00\" \/>\n<meta property=\"og:image\" content=\"https:\/\/pluginspordolar.com\/wp-content\/uploads\/2023\/01\/addons-elementor.jpg.jpg\" \/>\n\t<meta property=\"og:image:width\" content=\"280\" \/>\n\t<meta property=\"og:image:height\" content=\"280\" \/>\n\t<meta property=\"og:image:type\" content=\"image\/jpeg\" \/>\n<meta name=\"twitter:card\" content=\"summary_large_image\" \/>\n<script type=\"application\/ld+json\" class=\"yoast-schema-graph\">{\"@context\":\"https:\\\/\\\/schema.org\",\"@graph\":[{\"@type\":\"WebPage\",\"@id\":\"https:\\\/\\\/pluginspordolar.com\\\/producto\\\/premium-addons-for-elementor\\\/\",\"url\":\"https:\\\/\\\/pluginspordolar.com\\\/producto\\\/premium-addons-for-elementor\\\/\",\"name\":\"Premium Addons for Elementor - Plugins x Dolar\",\"isPartOf\":{\"@id\":\"https:\\\/\\\/pluginspordolar.com\\\/#website\"},\"primaryImageOfPage\":{\"@id\":\"https:\\\/\\\/pluginspordolar.com\\\/producto\\\/premium-addons-for-elementor\\\/#primaryimage\"},\"image\":{\"@id\":\"https:\\\/\\\/pluginspordolar.com\\\/producto\\\/premium-addons-for-elementor\\\/#primaryimage\"},\"thumbnailUrl\":\"https:\\\/\\\/pluginspordolar.com\\\/wp-content\\\/uploads\\\/2023\\\/01\\\/addons-elementor.jpg.jpg\",\"datePublished\":\"2024-08-05T22:02:03+00:00\",\"dateModified\":\"2025-03-29T01:37:44+00:00\",\"breadcrumb\":{\"@id\":\"https:\\\/\\\/pluginspordolar.com\\\/producto\\\/premium-addons-for-elementor\\\/#breadcrumb\"},\"inLanguage\":\"en-US\",\"potentialAction\":[{\"@type\":\"ReadAction\",\"target\":[\"https:\\\/\\\/pluginspordolar.com\\\/producto\\\/premium-addons-for-elementor\\\/\"]}]},{\"@type\":\"ImageObject\",\"inLanguage\":\"en-US\",\"@id\":\"https:\\\/\\\/pluginspordolar.com\\\/producto\\\/premium-addons-for-elementor\\\/#primaryimage\",\"url\":\"https:\\\/\\\/pluginspordolar.com\\\/wp-content\\\/uploads\\\/2023\\\/01\\\/addons-elementor.jpg.jpg\",\"contentUrl\":\"https:\\\/\\\/pluginspordolar.com\\\/wp-content\\\/uploads\\\/2023\\\/01\\\/addons-elementor.jpg.jpg\",\"width\":280,\"height\":280},{\"@type\":\"BreadcrumbList\",\"@id\":\"https:\\\/\\\/pluginspordolar.com\\\/producto\\\/premium-addons-for-elementor\\\/#breadcrumb\",\"itemListElement\":[{\"@type\":\"ListItem\",\"position\":1,\"name\":\"Portada\",\"item\":\"https:\\\/\\\/pluginspordolar.com\\\/\"},{\"@type\":\"ListItem\",\"position\":2,\"name\":\"Tienda\",\"item\":\"https:\\\/\\\/pluginspordolar.com\\\/tienda\\\/\"},{\"@type\":\"ListItem\",\"position\":3,\"name\":\"Premium Addons for Elementor\"}]},{\"@type\":\"WebSite\",\"@id\":\"https:\\\/\\\/pluginspordolar.com\\\/#website\",\"url\":\"https:\\\/\\\/pluginspordolar.com\\\/\",\"name\":\"Plugins x Dolar\",\"description\":\"Complementos Premium\",\"publisher\":{\"@id\":\"https:\\\/\\\/pluginspordolar.com\\\/#organization\"},\"potentialAction\":[{\"@type\":\"SearchAction\",\"target\":{\"@type\":\"EntryPoint\",\"urlTemplate\":\"https:\\\/\\\/pluginspordolar.com\\\/?s={search_term_string}\"},\"query-input\":{\"@type\":\"PropertyValueSpecification\",\"valueRequired\":true,\"valueName\":\"search_term_string\"}}],\"inLanguage\":\"en-US\"},{\"@type\":\"Organization\",\"@id\":\"https:\\\/\\\/pluginspordolar.com\\\/#organization\",\"name\":\"Plugins x Dolar\",\"url\":\"https:\\\/\\\/pluginspordolar.com\\\/\",\"logo\":{\"@type\":\"ImageObject\",\"inLanguage\":\"en-US\",\"@id\":\"https:\\\/\\\/pluginspordolar.com\\\/#\\\/schema\\\/logo\\\/image\\\/\",\"url\":\"https:\\\/\\\/pluginspordolar.com\\\/wp-content\\\/uploads\\\/Logo-moderno-pluginsxdolar-e1674435267756.png\",\"contentUrl\":\"https:\\\/\\\/pluginspordolar.com\\\/wp-content\\\/uploads\\\/Logo-moderno-pluginsxdolar-e1674435267756.png\",\"width\":500,\"height\":111,\"caption\":\"Plugins x Dolar\"},\"image\":{\"@id\":\"https:\\\/\\\/pluginspordolar.com\\\/#\\\/schema\\\/logo\\\/image\\\/\"}}]}<\/script>\n<!-- \/ Yoast SEO plugin. -->","yoast_head_json":{"title":"Premium Addons for Elementor - Plugins x Dolar","robots":{"index":"noindex","follow":"nofollow"},"og_locale":"en_US","og_type":"article","og_title":"Premium Addons for Elementor - Plugins x Dolar","og_description":"Premium Addons PRO\u00a0ofrece nuevos y \u00fanicos widgets y addons de Elementor que no est\u00e1n incluidos en ninguna otra colecci\u00f3n de widgets en el mercado. Cuando decidimos desarrollar e incluir addons de Elementor y\/o widgets que est\u00e1n disponibles en otros plugins nos aseguramos de incluir m\u00e1s opciones de personalizaci\u00f3n para que sean m\u00e1s \u00fatiles y utilizables..  &nbsp;  \u00daltima actualizaci\u00f3n: 28.05.2023 Versi\u00f3n actual: 2.8.27  &nbsp;  cn\/gm","og_url":"https:\/\/pluginspordolar.com\/en\/product\/premium-addons-for-elementor\/","og_site_name":"Plugins x Dolar","article_modified_time":"2025-03-29T01:37:44+00:00","og_image":[{"width":280,"height":280,"url":"https:\/\/pluginspordolar.com\/wp-content\/uploads\/2023\/01\/addons-elementor.jpg.jpg","type":"image\/jpeg"}],"twitter_card":"summary_large_image","schema":{"@context":"https:\/\/schema.org","@graph":[{"@type":"WebPage","@id":"https:\/\/pluginspordolar.com\/producto\/premium-addons-for-elementor\/","url":"https:\/\/pluginspordolar.com\/producto\/premium-addons-for-elementor\/","name":"Premium Addons for Elementor - Plugins x Dolar","isPartOf":{"@id":"https:\/\/pluginspordolar.com\/#website"},"primaryImageOfPage":{"@id":"https:\/\/pluginspordolar.com\/producto\/premium-addons-for-elementor\/#primaryimage"},"image":{"@id":"https:\/\/pluginspordolar.com\/producto\/premium-addons-for-elementor\/#primaryimage"},"thumbnailUrl":"https:\/\/pluginspordolar.com\/wp-content\/uploads\/2023\/01\/addons-elementor.jpg.jpg","datePublished":"2024-08-05T22:02:03+00:00","dateModified":"2025-03-29T01:37:44+00:00","breadcrumb":{"@id":"https:\/\/pluginspordolar.com\/producto\/premium-addons-for-elementor\/#breadcrumb"},"inLanguage":"en-US","potentialAction":[{"@type":"ReadAction","target":["https:\/\/pluginspordolar.com\/producto\/premium-addons-for-elementor\/"]}]},{"@type":"ImageObject","inLanguage":"en-US","@id":"https:\/\/pluginspordolar.com\/producto\/premium-addons-for-elementor\/#primaryimage","url":"https:\/\/pluginspordolar.com\/wp-content\/uploads\/2023\/01\/addons-elementor.jpg.jpg","contentUrl":"https:\/\/pluginspordolar.com\/wp-content\/uploads\/2023\/01\/addons-elementor.jpg.jpg","width":280,"height":280},{"@type":"BreadcrumbList","@id":"https:\/\/pluginspordolar.com\/producto\/premium-addons-for-elementor\/#breadcrumb","itemListElement":[{"@type":"ListItem","position":1,"name":"Portada","item":"https:\/\/pluginspordolar.com\/"},{"@type":"ListItem","position":2,"name":"Tienda","item":"https:\/\/pluginspordolar.com\/tienda\/"},{"@type":"ListItem","position":3,"name":"Premium Addons for Elementor"}]},{"@type":"WebSite","@id":"https:\/\/pluginspordolar.com\/#website","url":"https:\/\/pluginspordolar.com\/","name":"Plugins x Dolar","description":"Complementos Premium","publisher":{"@id":"https:\/\/pluginspordolar.com\/#organization"},"potentialAction":[{"@type":"SearchAction","target":{"@type":"EntryPoint","urlTemplate":"https:\/\/pluginspordolar.com\/?s={search_term_string}"},"query-input":{"@type":"PropertyValueSpecification","valueRequired":true,"valueName":"search_term_string"}}],"inLanguage":"en-US"},{"@type":"Organization","@id":"https:\/\/pluginspordolar.com\/#organization","name":"Plugins x Dolar","url":"https:\/\/pluginspordolar.com\/","logo":{"@type":"ImageObject","inLanguage":"en-US","@id":"https:\/\/pluginspordolar.com\/#\/schema\/logo\/image\/","url":"https:\/\/pluginspordolar.com\/wp-content\/uploads\/Logo-moderno-pluginsxdolar-e1674435267756.png","contentUrl":"https:\/\/pluginspordolar.com\/wp-content\/uploads\/Logo-moderno-pluginsxdolar-e1674435267756.png","width":500,"height":111,"caption":"Plugins x Dolar"},"image":{"@id":"https:\/\/pluginspordolar.com\/#\/schema\/logo\/image\/"}}]}},"uagb_featured_image_src":{"full":["https:\/\/pluginspordolar.com\/wp-content\/uploads\/2023\/01\/addons-elementor.jpg.jpg",280,280,false],"thumbnail":["https:\/\/pluginspordolar.com\/wp-content\/uploads\/2023\/01\/addons-elementor.jpg-150x150.jpg",96,96,true],"medium":["https:\/\/pluginspordolar.com\/wp-content\/uploads\/2023\/01\/addons-elementor.jpg.jpg",280,280,false],"medium_large":["https:\/\/pluginspordolar.com\/wp-content\/uploads\/2023\/01\/addons-elementor.jpg.jpg",280,280,false],"large":["https:\/\/pluginspordolar.com\/wp-content\/uploads\/2023\/01\/addons-elementor.jpg.jpg",280,280,false],"1536x1536":["https:\/\/pluginspordolar.com\/wp-content\/uploads\/2023\/01\/addons-elementor.jpg.jpg",280,280,false],"2048x2048":["https:\/\/pluginspordolar.com\/wp-content\/uploads\/2023\/01\/addons-elementor.jpg.jpg",280,280,false],"trp-custom-language-flag":["https:\/\/pluginspordolar.com\/wp-content\/uploads\/2023\/01\/addons-elementor.jpg.jpg",12,12,false],"woocommerce_thumbnail":["https:\/\/pluginspordolar.com\/wp-content\/uploads\/2023\/01\/addons-elementor.jpg.jpg",280,280,false],"woocommerce_single":["https:\/\/pluginspordolar.com\/wp-content\/uploads\/2023\/01\/addons-elementor.jpg.jpg",280,280,false],"woocommerce_gallery_thumbnail":["https:\/\/pluginspordolar.com\/wp-content\/uploads\/2023\/01\/addons-elementor.jpg-100x100.jpg",100,100,true]},"uagb_author_info":{"display_name":"nc","author_link":"https:\/\/pluginspordolar.com\/en\/author\/"},"uagb_comment_info":0,"uagb_excerpt":"Premium Addons PRO\u00a0ofrece nuevos y \u00fanicos widgets y addons de Elementor que no est\u00e1n incluidos en ninguna otra colecci\u00f3n de widgets en el mercado. Cuando decidimos desarrollar e incluir addons de Elementor y\/o widgets que est\u00e1n disponibles en otros plugins nos aseguramos de incluir m\u00e1s opciones de personalizaci\u00f3n para que sean m\u00e1s \u00fatiles y utilizables..&hellip;","_links":{"self":[{"href":"https:\/\/pluginspordolar.com\/en\/wp-json\/wp\/v2\/product\/8123","targetHints":{"allow":["GET"]}}],"collection":[{"href":"https:\/\/pluginspordolar.com\/en\/wp-json\/wp\/v2\/product"}],"about":[{"href":"https:\/\/pluginspordolar.com\/en\/wp-json\/wp\/v2\/types\/product"}],"wp:featuredmedia":[{"embeddable":true,"href":"https:\/\/pluginspordolar.com\/en\/wp-json\/wp\/v2\/media\/7010"}],"wp:attachment":[{"href":"https:\/\/pluginspordolar.com\/en\/wp-json\/wp\/v2\/media?parent=8123"}],"wp:term":[{"taxonomy":"product_brand","embeddable":true,"href":"https:\/\/pluginspordolar.com\/en\/wp-json\/wp\/v2\/product_brand?post=8123"},{"taxonomy":"product_cat","embeddable":true,"href":"https:\/\/pluginspordolar.com\/en\/wp-json\/wp\/v2\/product_cat?post=8123"},{"taxonomy":"product_tag","embeddable":true,"href":"https:\/\/pluginspordolar.com\/en\/wp-json\/wp\/v2\/product_tag?post=8123"}],"curies":[{"name":"wp","href":"https:\/\/api.w.org\/{rel}","templated":true}]}}