{"id":8091,"date":"2024-08-05T22:01:58","date_gmt":"2024-08-05T22:01:58","guid":{"rendered":"https:\/\/pluginspordolar.com\/?post_type=product&#038;p=8091"},"modified":"2025-10-05T18:52:56","modified_gmt":"2025-10-05T18:52:56","slug":"dokan-pro","status":"publish","type":"product","link":"https:\/\/pluginspordolar.com\/en\/product\/dokan-pro\/","title":{"rendered":"Dokan Pro"},"content":{"rendered":"<p>Please note that this is the initial package of the plugin Dokan Pro and it only comes with 1 premium module. Dokan Pro is a great alternative for Woocommerce if you want to create a store with multiple suppliers. It has support for all kinds of products, such as simple product, variable, downloadable, virtual, grouped, and which could be reserved, etc it Also provides a front panel for vendors to display their information and reports. It also has support for coupons and has functions of SEO enabled.<\/p>\n<p><strong>\u00daltima actualizaci\u00f3n: 02\/10\/2025<\/strong><br \/>\n<strong>Versi\u00f3n actual: 4.0.10<\/strong><\/p>\n<p>cyn@gm<\/p>","protected":false},"excerpt":{"rendered":"<p>Please note that this is the initial package of the plugin Dokan Pro and it only comes with 1 premium module. Dokan Pro is a great alternative for Woocommerce if you want to create a store with multiple suppliers. It has support for all kinds of products, such as simple product, variable, downloadable, virtual, grouped, and which could be reserved, etc it Also provides a front panel for vendors to display their information and reports. It also has support for coupons and has functions of SEO enabled.<\/p>\n<p><strong>\u00daltima actualizaci\u00f3n: 02\/10\/2025<\/strong><br \/>\n<strong>Versi\u00f3n actual: 4.0.10<\/strong><\/p>\n<p>cyn@gm<\/p>","protected":false},"featured_media":6962,"template":"","meta":{"_eb_attr":"","_uag_custom_page_level_css":""},"product_brand":[],"product_cat":[27],"product_tag":[155],"class_list":{"0":"post-8091","1":"product","2":"type-product","3":"status-publish","4":"has-post-thumbnail","6":"product_cat-plugins-wordpress","7":"product_tag-dokan-pro","9":"first","10":"instock","11":"downloadable","12":"virtual","13":"sold-individually","14":"purchasable","15":"product-type-simple"},"yoast_head":"<!-- This site is optimized with the Yoast SEO plugin v27.4 - https:\/\/yoast.com\/product\/yoast-seo-wordpress\/ -->\n<title>Dokan Pro - Plugins x Dolar<\/title>\n<meta name=\"robots\" content=\"noindex, follow\" \/>\n<meta property=\"og:locale\" content=\"en_US\" \/>\n<meta property=\"og:type\" content=\"article\" \/>\n<meta property=\"og:title\" content=\"Dokan Pro - Plugins x Dolar\" \/>\n<meta property=\"og:description\" content=\"Tenga en cuenta que este es el paquete inicial del complemento Dokan Pro y solo viene con 1 m\u00f3dulo premium. Dokan Pro es una gran alternativa para Woocommerce si deseas crear una tienda de m\u00faltiples proveedores. Tiene soporte para todo tipo de productos, como productos simples, variables, descargables, virtuales, agrupados y reservables, etc. Tambi\u00e9n proporciona un panel frontal para que los proveedores muestren su informaci\u00f3n e informes. Tambi\u00e9n tiene soporte para cupones y tiene funciones de SEO habilitadas.  \u00daltima actualizaci\u00f3n: 02\/10\/2025 Versi\u00f3n actual: 4.0.10  cyn@gm\" \/>\n<meta property=\"og:url\" content=\"https:\/\/pluginspordolar.com\/en\/product\/dokan-pro\/\" \/>\n<meta property=\"og:site_name\" content=\"Plugins x Dolar\" \/>\n<meta property=\"article:modified_time\" content=\"2025-10-05T18:52:56+00:00\" \/>\n<meta property=\"og:image\" content=\"https:\/\/pluginspordolar.com\/wp-content\/uploads\/2023\/01\/Dokan-Pro.jpg.jpg\" \/>\n\t<meta property=\"og:image:width\" content=\"280\" \/>\n\t<meta property=\"og:image:height\" content=\"280\" \/>\n\t<meta property=\"og:image:type\" content=\"image\/jpeg\" \/>\n<meta name=\"twitter:card\" content=\"summary_large_image\" \/>\n<meta name=\"twitter:label1\" content=\"Est. reading time\" \/>\n\t<meta name=\"twitter:data1\" content=\"1 minute\" \/>\n<script type=\"application\/ld+json\" class=\"yoast-schema-graph\">{\"@context\":\"https:\\\/\\\/schema.org\",\"@graph\":[{\"@type\":\"WebPage\",\"@id\":\"https:\\\/\\\/pluginspordolar.com\\\/producto\\\/dokan-pro\\\/\",\"url\":\"https:\\\/\\\/pluginspordolar.com\\\/producto\\\/dokan-pro\\\/\",\"name\":\"Dokan Pro - Plugins x Dolar\",\"isPartOf\":{\"@id\":\"https:\\\/\\\/pluginspordolar.com\\\/#website\"},\"primaryImageOfPage\":{\"@id\":\"https:\\\/\\\/pluginspordolar.com\\\/producto\\\/dokan-pro\\\/#primaryimage\"},\"image\":{\"@id\":\"https:\\\/\\\/pluginspordolar.com\\\/producto\\\/dokan-pro\\\/#primaryimage\"},\"thumbnailUrl\":\"https:\\\/\\\/pluginspordolar.com\\\/wp-content\\\/uploads\\\/2023\\\/01\\\/Dokan-Pro.jpg.jpg\",\"datePublished\":\"2024-08-05T22:01:58+00:00\",\"dateModified\":\"2025-10-05T18:52:56+00:00\",\"breadcrumb\":{\"@id\":\"https:\\\/\\\/pluginspordolar.com\\\/producto\\\/dokan-pro\\\/#breadcrumb\"},\"inLanguage\":\"en-US\",\"potentialAction\":[{\"@type\":\"ReadAction\",\"target\":[\"https:\\\/\\\/pluginspordolar.com\\\/producto\\\/dokan-pro\\\/\"]}]},{\"@type\":\"ImageObject\",\"inLanguage\":\"en-US\",\"@id\":\"https:\\\/\\\/pluginspordolar.com\\\/producto\\\/dokan-pro\\\/#primaryimage\",\"url\":\"https:\\\/\\\/pluginspordolar.com\\\/wp-content\\\/uploads\\\/2023\\\/01\\\/Dokan-Pro.jpg.jpg\",\"contentUrl\":\"https:\\\/\\\/pluginspordolar.com\\\/wp-content\\\/uploads\\\/2023\\\/01\\\/Dokan-Pro.jpg.jpg\",\"width\":280,\"height\":280},{\"@type\":\"BreadcrumbList\",\"@id\":\"https:\\\/\\\/pluginspordolar.com\\\/producto\\\/dokan-pro\\\/#breadcrumb\",\"itemListElement\":[{\"@type\":\"ListItem\",\"position\":1,\"name\":\"Portada\",\"item\":\"https:\\\/\\\/pluginspordolar.com\\\/\"},{\"@type\":\"ListItem\",\"position\":2,\"name\":\"Tienda\",\"item\":\"https:\\\/\\\/pluginspordolar.com\\\/tienda\\\/\"},{\"@type\":\"ListItem\",\"position\":3,\"name\":\"Dokan Pro\"}]},{\"@type\":\"WebSite\",\"@id\":\"https:\\\/\\\/pluginspordolar.com\\\/#website\",\"url\":\"https:\\\/\\\/pluginspordolar.com\\\/\",\"name\":\"Plugins x Dolar\",\"description\":\"Complementos Premium\",\"publisher\":{\"@id\":\"https:\\\/\\\/pluginspordolar.com\\\/#organization\"},\"potentialAction\":[{\"@type\":\"SearchAction\",\"target\":{\"@type\":\"EntryPoint\",\"urlTemplate\":\"https:\\\/\\\/pluginspordolar.com\\\/?s={search_term_string}\"},\"query-input\":{\"@type\":\"PropertyValueSpecification\",\"valueRequired\":true,\"valueName\":\"search_term_string\"}}],\"inLanguage\":\"en-US\"},{\"@type\":\"Organization\",\"@id\":\"https:\\\/\\\/pluginspordolar.com\\\/#organization\",\"name\":\"Plugins x Dolar\",\"url\":\"https:\\\/\\\/pluginspordolar.com\\\/\",\"logo\":{\"@type\":\"ImageObject\",\"inLanguage\":\"en-US\",\"@id\":\"https:\\\/\\\/pluginspordolar.com\\\/#\\\/schema\\\/logo\\\/image\\\/\",\"url\":\"https:\\\/\\\/pluginspordolar.com\\\/wp-content\\\/uploads\\\/Logo-moderno-pluginsxdolar-e1674435267756.png\",\"contentUrl\":\"https:\\\/\\\/pluginspordolar.com\\\/wp-content\\\/uploads\\\/Logo-moderno-pluginsxdolar-e1674435267756.png\",\"width\":500,\"height\":111,\"caption\":\"Plugins x Dolar\"},\"image\":{\"@id\":\"https:\\\/\\\/pluginspordolar.com\\\/#\\\/schema\\\/logo\\\/image\\\/\"}}]}<\/script>\n<!-- \/ Yoast SEO plugin. -->","yoast_head_json":{"title":"Dokan Pro - Plugins x Dolar","robots":{"index":"noindex","follow":"follow"},"og_locale":"en_US","og_type":"article","og_title":"Dokan Pro - Plugins x Dolar","og_description":"Tenga en cuenta que este es el paquete inicial del complemento Dokan Pro y solo viene con 1 m\u00f3dulo premium. Dokan Pro es una gran alternativa para Woocommerce si deseas crear una tienda de m\u00faltiples proveedores. Tiene soporte para todo tipo de productos, como productos simples, variables, descargables, virtuales, agrupados y reservables, etc. Tambi\u00e9n proporciona un panel frontal para que los proveedores muestren su informaci\u00f3n e informes. Tambi\u00e9n tiene soporte para cupones y tiene funciones de SEO habilitadas.  \u00daltima actualizaci\u00f3n: 02\/10\/2025 Versi\u00f3n actual: 4.0.10  cyn@gm","og_url":"https:\/\/pluginspordolar.com\/en\/product\/dokan-pro\/","og_site_name":"Plugins x Dolar","article_modified_time":"2025-10-05T18:52:56+00:00","og_image":[{"width":280,"height":280,"url":"https:\/\/pluginspordolar.com\/wp-content\/uploads\/2023\/01\/Dokan-Pro.jpg.jpg","type":"image\/jpeg"}],"twitter_card":"summary_large_image","twitter_misc":{"Est. reading time":"1 minute"},"schema":{"@context":"https:\/\/schema.org","@graph":[{"@type":"WebPage","@id":"https:\/\/pluginspordolar.com\/producto\/dokan-pro\/","url":"https:\/\/pluginspordolar.com\/producto\/dokan-pro\/","name":"Dokan Pro - Plugins x Dolar","isPartOf":{"@id":"https:\/\/pluginspordolar.com\/#website"},"primaryImageOfPage":{"@id":"https:\/\/pluginspordolar.com\/producto\/dokan-pro\/#primaryimage"},"image":{"@id":"https:\/\/pluginspordolar.com\/producto\/dokan-pro\/#primaryimage"},"thumbnailUrl":"https:\/\/pluginspordolar.com\/wp-content\/uploads\/2023\/01\/Dokan-Pro.jpg.jpg","datePublished":"2024-08-05T22:01:58+00:00","dateModified":"2025-10-05T18:52:56+00:00","breadcrumb":{"@id":"https:\/\/pluginspordolar.com\/producto\/dokan-pro\/#breadcrumb"},"inLanguage":"en-US","potentialAction":[{"@type":"ReadAction","target":["https:\/\/pluginspordolar.com\/producto\/dokan-pro\/"]}]},{"@type":"ImageObject","inLanguage":"en-US","@id":"https:\/\/pluginspordolar.com\/producto\/dokan-pro\/#primaryimage","url":"https:\/\/pluginspordolar.com\/wp-content\/uploads\/2023\/01\/Dokan-Pro.jpg.jpg","contentUrl":"https:\/\/pluginspordolar.com\/wp-content\/uploads\/2023\/01\/Dokan-Pro.jpg.jpg","width":280,"height":280},{"@type":"BreadcrumbList","@id":"https:\/\/pluginspordolar.com\/producto\/dokan-pro\/#breadcrumb","itemListElement":[{"@type":"ListItem","position":1,"name":"Portada","item":"https:\/\/pluginspordolar.com\/"},{"@type":"ListItem","position":2,"name":"Tienda","item":"https:\/\/pluginspordolar.com\/tienda\/"},{"@type":"ListItem","position":3,"name":"Dokan Pro"}]},{"@type":"WebSite","@id":"https:\/\/pluginspordolar.com\/#website","url":"https:\/\/pluginspordolar.com\/","name":"Plugins x Dolar","description":"Complementos Premium","publisher":{"@id":"https:\/\/pluginspordolar.com\/#organization"},"potentialAction":[{"@type":"SearchAction","target":{"@type":"EntryPoint","urlTemplate":"https:\/\/pluginspordolar.com\/?s={search_term_string}"},"query-input":{"@type":"PropertyValueSpecification","valueRequired":true,"valueName":"search_term_string"}}],"inLanguage":"en-US"},{"@type":"Organization","@id":"https:\/\/pluginspordolar.com\/#organization","name":"Plugins x Dolar","url":"https:\/\/pluginspordolar.com\/","logo":{"@type":"ImageObject","inLanguage":"en-US","@id":"https:\/\/pluginspordolar.com\/#\/schema\/logo\/image\/","url":"https:\/\/pluginspordolar.com\/wp-content\/uploads\/Logo-moderno-pluginsxdolar-e1674435267756.png","contentUrl":"https:\/\/pluginspordolar.com\/wp-content\/uploads\/Logo-moderno-pluginsxdolar-e1674435267756.png","width":500,"height":111,"caption":"Plugins x Dolar"},"image":{"@id":"https:\/\/pluginspordolar.com\/#\/schema\/logo\/image\/"}}]}},"uagb_featured_image_src":{"full":["https:\/\/pluginspordolar.com\/wp-content\/uploads\/2023\/01\/Dokan-Pro.jpg.jpg",280,280,false],"thumbnail":["https:\/\/pluginspordolar.com\/wp-content\/uploads\/2023\/01\/Dokan-Pro.jpg-150x150.jpg",96,96,true],"medium":["https:\/\/pluginspordolar.com\/wp-content\/uploads\/2023\/01\/Dokan-Pro.jpg.jpg",280,280,false],"medium_large":["https:\/\/pluginspordolar.com\/wp-content\/uploads\/2023\/01\/Dokan-Pro.jpg.jpg",280,280,false],"large":["https:\/\/pluginspordolar.com\/wp-content\/uploads\/2023\/01\/Dokan-Pro.jpg.jpg",280,280,false],"1536x1536":["https:\/\/pluginspordolar.com\/wp-content\/uploads\/2023\/01\/Dokan-Pro.jpg.jpg",280,280,false],"2048x2048":["https:\/\/pluginspordolar.com\/wp-content\/uploads\/2023\/01\/Dokan-Pro.jpg.jpg",280,280,false],"trp-custom-language-flag":["https:\/\/pluginspordolar.com\/wp-content\/uploads\/2023\/01\/Dokan-Pro.jpg.jpg",12,12,false],"woocommerce_thumbnail":["https:\/\/pluginspordolar.com\/wp-content\/uploads\/2023\/01\/Dokan-Pro.jpg.jpg",280,280,false],"woocommerce_single":["https:\/\/pluginspordolar.com\/wp-content\/uploads\/2023\/01\/Dokan-Pro.jpg.jpg",280,280,false],"woocommerce_gallery_thumbnail":["https:\/\/pluginspordolar.com\/wp-content\/uploads\/2023\/01\/Dokan-Pro.jpg-100x100.jpg",100,100,true]},"uagb_author_info":{"display_name":"nc","author_link":"https:\/\/pluginspordolar.com\/en\/author\/"},"uagb_comment_info":0,"uagb_excerpt":"Tenga en cuenta que este es el paquete inicial del complemento Dokan Pro y solo viene con 1 m\u00f3dulo premium. Dokan Pro es una gran alternativa para Woocommerce si deseas crear una tienda de m\u00faltiples proveedores. Tiene soporte para todo tipo de productos, como productos simples, variables, descargables, virtuales, agrupados y reservables, etc. Tambi\u00e9n proporciona&hellip;","_links":{"self":[{"href":"https:\/\/pluginspordolar.com\/en\/wp-json\/wp\/v2\/product\/8091","targetHints":{"allow":["GET"]}}],"collection":[{"href":"https:\/\/pluginspordolar.com\/en\/wp-json\/wp\/v2\/product"}],"about":[{"href":"https:\/\/pluginspordolar.com\/en\/wp-json\/wp\/v2\/types\/product"}],"wp:featuredmedia":[{"embeddable":true,"href":"https:\/\/pluginspordolar.com\/en\/wp-json\/wp\/v2\/media\/6962"}],"wp:attachment":[{"href":"https:\/\/pluginspordolar.com\/en\/wp-json\/wp\/v2\/media?parent=8091"}],"wp:term":[{"taxonomy":"product_brand","embeddable":true,"href":"https:\/\/pluginspordolar.com\/en\/wp-json\/wp\/v2\/product_brand?post=8091"},{"taxonomy":"product_cat","embeddable":true,"href":"https:\/\/pluginspordolar.com\/en\/wp-json\/wp\/v2\/product_cat?post=8091"},{"taxonomy":"product_tag","embeddable":true,"href":"https:\/\/pluginspordolar.com\/en\/wp-json\/wp\/v2\/product_tag?post=8091"}],"curies":[{"name":"wp","href":"https:\/\/api.w.org\/{rel}","templated":true}]}}