{"id":8075,"date":"2024-08-05T22:01:54","date_gmt":"2024-08-05T22:01:54","guid":{"rendered":"https:\/\/pluginspordolar.com\/?post_type=product&#038;p=8075"},"modified":"2025-03-29T01:37:45","modified_gmt":"2025-03-29T01:37:45","slug":"buddyboss-platform-plugin","status":"publish","type":"product","link":"https:\/\/pluginspordolar.com\/en\/product\/buddyboss-platform-plugin\/","title":{"rendered":"BuddyBoss Platform Plugin"},"content":{"rendered":"<p>Venda membres\u00edas, cursos y cree comunidades en l\u00ednea.<br \/>\nLe facilitamos la creaci\u00f3n de WordPress, la plataforma de c\u00f3digo abierto n\u00famero uno del mundo, lo que le brinda la flexibilidad, el control y la libertad que necesita para crear una plataforma en l\u00ednea exitosa.<\/p>\n<p>Last update: \u00a0<span class=\"info\">01-29-2022<\/span><br \/>\nCurrent version: <span class=\"info\">1.1.9.1<\/span><\/p>\n<p>&nbsp;<\/p>","protected":false},"excerpt":{"rendered":"<p>Venda membres\u00edas, cursos y cree comunidades en l\u00ednea. Le facilitamos la creaci\u00f3n de WordPress, la plataforma de c\u00f3digo abierto n\u00famero uno del mundo, lo que le brinda la flexibilidad, el control y la libertad que necesita para crear una plataforma en l\u00ednea exitosa. \u00daltima actualizaci\u00f3n: \u00a001-29-2022 Versi\u00f3n actual: 1.1.9.1 &nbsp;<\/p>","protected":false},"featured_media":6924,"template":"","meta":{"_eb_attr":"","_uag_custom_page_level_css":""},"product_brand":[],"product_cat":[44],"product_tag":[139],"class_list":{"0":"post-8075","1":"product","2":"type-product","3":"status-publish","4":"has-post-thumbnail","6":"product_cat-addons","7":"product_tag-buddyboss-platform-plugin","9":"first","10":"instock","11":"downloadable","12":"virtual","13":"sold-individually","14":"purchasable","15":"product-type-simple"},"yoast_head":"<!-- This site is optimized with the Yoast SEO plugin v27.4 - https:\/\/yoast.com\/product\/yoast-seo-wordpress\/ -->\n<title>BuddyBoss Platform Plugin - Plugins x Dolar<\/title>\n<meta name=\"description\" content=\"Venda membres\u00edas, cursos y cree comunidades en l\u00ednea.Le facilitamos la creaci\u00f3n de WordPress, la plataforma de c\u00f3digo abierto n\u00famero uno\" \/>\n<meta name=\"robots\" content=\"noindex, follow\" \/>\n<meta property=\"og:locale\" content=\"en_US\" \/>\n<meta property=\"og:type\" content=\"article\" \/>\n<meta property=\"og:title\" content=\"BuddyBoss Platform Plugin - Plugins x Dolar\" \/>\n<meta property=\"og:description\" content=\"Venda membres\u00edas, cursos y cree comunidades en l\u00ednea.Le facilitamos la creaci\u00f3n de WordPress, la plataforma de c\u00f3digo abierto n\u00famero uno\" \/>\n<meta property=\"og:url\" content=\"https:\/\/pluginspordolar.com\/en\/product\/buddyboss-platform-plugin\/\" \/>\n<meta property=\"og:site_name\" content=\"Plugins x Dolar\" \/>\n<meta property=\"article:modified_time\" content=\"2025-03-29T01:37:45+00:00\" \/>\n<meta property=\"og:image\" content=\"https:\/\/pluginspordolar.com\/wp-content\/uploads\/2023\/01\/buddyboss-platform-plugin.png.png\" \/>\n\t<meta property=\"og:image:width\" content=\"280\" \/>\n\t<meta property=\"og:image:height\" content=\"280\" \/>\n\t<meta property=\"og:image:type\" content=\"image\/png\" \/>\n<meta name=\"twitter:card\" content=\"summary_large_image\" \/>\n<meta name=\"twitter:label1\" content=\"Est. reading time\" \/>\n\t<meta name=\"twitter:data1\" content=\"1 minute\" \/>\n<script type=\"application\/ld+json\" class=\"yoast-schema-graph\">{\"@context\":\"https:\\\/\\\/schema.org\",\"@graph\":[{\"@type\":\"WebPage\",\"@id\":\"https:\\\/\\\/pluginspordolar.com\\\/producto\\\/buddyboss-platform-plugin\\\/\",\"url\":\"https:\\\/\\\/pluginspordolar.com\\\/producto\\\/buddyboss-platform-plugin\\\/\",\"name\":\"BuddyBoss Platform Plugin - Plugins x Dolar\",\"isPartOf\":{\"@id\":\"https:\\\/\\\/pluginspordolar.com\\\/#website\"},\"primaryImageOfPage\":{\"@id\":\"https:\\\/\\\/pluginspordolar.com\\\/producto\\\/buddyboss-platform-plugin\\\/#primaryimage\"},\"image\":{\"@id\":\"https:\\\/\\\/pluginspordolar.com\\\/producto\\\/buddyboss-platform-plugin\\\/#primaryimage\"},\"thumbnailUrl\":\"https:\\\/\\\/pluginspordolar.com\\\/wp-content\\\/uploads\\\/2023\\\/01\\\/buddyboss-platform-plugin.png.png\",\"datePublished\":\"2024-08-05T22:01:54+00:00\",\"dateModified\":\"2025-03-29T01:37:45+00:00\",\"description\":\"Venda membres\u00edas, cursos y cree comunidades en l\u00ednea.Le facilitamos la creaci\u00f3n de WordPress, la plataforma de c\u00f3digo abierto n\u00famero uno\",\"breadcrumb\":{\"@id\":\"https:\\\/\\\/pluginspordolar.com\\\/producto\\\/buddyboss-platform-plugin\\\/#breadcrumb\"},\"inLanguage\":\"en-US\",\"potentialAction\":[{\"@type\":\"ReadAction\",\"target\":[\"https:\\\/\\\/pluginspordolar.com\\\/producto\\\/buddyboss-platform-plugin\\\/\"]}]},{\"@type\":\"ImageObject\",\"inLanguage\":\"en-US\",\"@id\":\"https:\\\/\\\/pluginspordolar.com\\\/producto\\\/buddyboss-platform-plugin\\\/#primaryimage\",\"url\":\"https:\\\/\\\/pluginspordolar.com\\\/wp-content\\\/uploads\\\/2023\\\/01\\\/buddyboss-platform-plugin.png.png\",\"contentUrl\":\"https:\\\/\\\/pluginspordolar.com\\\/wp-content\\\/uploads\\\/2023\\\/01\\\/buddyboss-platform-plugin.png.png\",\"width\":280,\"height\":280},{\"@type\":\"BreadcrumbList\",\"@id\":\"https:\\\/\\\/pluginspordolar.com\\\/producto\\\/buddyboss-platform-plugin\\\/#breadcrumb\",\"itemListElement\":[{\"@type\":\"ListItem\",\"position\":1,\"name\":\"Portada\",\"item\":\"https:\\\/\\\/pluginspordolar.com\\\/\"},{\"@type\":\"ListItem\",\"position\":2,\"name\":\"Tienda\",\"item\":\"https:\\\/\\\/pluginspordolar.com\\\/tienda\\\/\"},{\"@type\":\"ListItem\",\"position\":3,\"name\":\"BuddyBoss Platform Plugin\"}]},{\"@type\":\"WebSite\",\"@id\":\"https:\\\/\\\/pluginspordolar.com\\\/#website\",\"url\":\"https:\\\/\\\/pluginspordolar.com\\\/\",\"name\":\"Plugins x Dolar\",\"description\":\"Complementos Premium\",\"publisher\":{\"@id\":\"https:\\\/\\\/pluginspordolar.com\\\/#organization\"},\"potentialAction\":[{\"@type\":\"SearchAction\",\"target\":{\"@type\":\"EntryPoint\",\"urlTemplate\":\"https:\\\/\\\/pluginspordolar.com\\\/?s={search_term_string}\"},\"query-input\":{\"@type\":\"PropertyValueSpecification\",\"valueRequired\":true,\"valueName\":\"search_term_string\"}}],\"inLanguage\":\"en-US\"},{\"@type\":\"Organization\",\"@id\":\"https:\\\/\\\/pluginspordolar.com\\\/#organization\",\"name\":\"Plugins x Dolar\",\"url\":\"https:\\\/\\\/pluginspordolar.com\\\/\",\"logo\":{\"@type\":\"ImageObject\",\"inLanguage\":\"en-US\",\"@id\":\"https:\\\/\\\/pluginspordolar.com\\\/#\\\/schema\\\/logo\\\/image\\\/\",\"url\":\"https:\\\/\\\/pluginspordolar.com\\\/wp-content\\\/uploads\\\/Logo-moderno-pluginsxdolar-e1674435267756.png\",\"contentUrl\":\"https:\\\/\\\/pluginspordolar.com\\\/wp-content\\\/uploads\\\/Logo-moderno-pluginsxdolar-e1674435267756.png\",\"width\":500,\"height\":111,\"caption\":\"Plugins x Dolar\"},\"image\":{\"@id\":\"https:\\\/\\\/pluginspordolar.com\\\/#\\\/schema\\\/logo\\\/image\\\/\"}}]}<\/script>\n<!-- \/ Yoast SEO plugin. -->","yoast_head_json":{"title":"BuddyBoss Platform Plugin - Plugins x Dolar","description":"Venda membres\u00edas, cursos y cree comunidades en l\u00ednea.Le facilitamos la creaci\u00f3n de WordPress, la plataforma de c\u00f3digo abierto n\u00famero uno","robots":{"index":"noindex","follow":"follow"},"og_locale":"en_US","og_type":"article","og_title":"BuddyBoss Platform Plugin - Plugins x Dolar","og_description":"Venda membres\u00edas, cursos y cree comunidades en l\u00ednea.Le facilitamos la creaci\u00f3n de WordPress, la plataforma de c\u00f3digo abierto n\u00famero uno","og_url":"https:\/\/pluginspordolar.com\/en\/product\/buddyboss-platform-plugin\/","og_site_name":"Plugins x Dolar","article_modified_time":"2025-03-29T01:37:45+00:00","og_image":[{"width":280,"height":280,"url":"https:\/\/pluginspordolar.com\/wp-content\/uploads\/2023\/01\/buddyboss-platform-plugin.png.png","type":"image\/png"}],"twitter_card":"summary_large_image","twitter_misc":{"Est. reading time":"1 minute"},"schema":{"@context":"https:\/\/schema.org","@graph":[{"@type":"WebPage","@id":"https:\/\/pluginspordolar.com\/producto\/buddyboss-platform-plugin\/","url":"https:\/\/pluginspordolar.com\/producto\/buddyboss-platform-plugin\/","name":"BuddyBoss Platform Plugin - Plugins x Dolar","isPartOf":{"@id":"https:\/\/pluginspordolar.com\/#website"},"primaryImageOfPage":{"@id":"https:\/\/pluginspordolar.com\/producto\/buddyboss-platform-plugin\/#primaryimage"},"image":{"@id":"https:\/\/pluginspordolar.com\/producto\/buddyboss-platform-plugin\/#primaryimage"},"thumbnailUrl":"https:\/\/pluginspordolar.com\/wp-content\/uploads\/2023\/01\/buddyboss-platform-plugin.png.png","datePublished":"2024-08-05T22:01:54+00:00","dateModified":"2025-03-29T01:37:45+00:00","description":"Venda membres\u00edas, cursos y cree comunidades en l\u00ednea.Le facilitamos la creaci\u00f3n de WordPress, la plataforma de c\u00f3digo abierto n\u00famero uno","breadcrumb":{"@id":"https:\/\/pluginspordolar.com\/producto\/buddyboss-platform-plugin\/#breadcrumb"},"inLanguage":"en-US","potentialAction":[{"@type":"ReadAction","target":["https:\/\/pluginspordolar.com\/producto\/buddyboss-platform-plugin\/"]}]},{"@type":"ImageObject","inLanguage":"en-US","@id":"https:\/\/pluginspordolar.com\/producto\/buddyboss-platform-plugin\/#primaryimage","url":"https:\/\/pluginspordolar.com\/wp-content\/uploads\/2023\/01\/buddyboss-platform-plugin.png.png","contentUrl":"https:\/\/pluginspordolar.com\/wp-content\/uploads\/2023\/01\/buddyboss-platform-plugin.png.png","width":280,"height":280},{"@type":"BreadcrumbList","@id":"https:\/\/pluginspordolar.com\/producto\/buddyboss-platform-plugin\/#breadcrumb","itemListElement":[{"@type":"ListItem","position":1,"name":"Portada","item":"https:\/\/pluginspordolar.com\/"},{"@type":"ListItem","position":2,"name":"Tienda","item":"https:\/\/pluginspordolar.com\/tienda\/"},{"@type":"ListItem","position":3,"name":"BuddyBoss Platform Plugin"}]},{"@type":"WebSite","@id":"https:\/\/pluginspordolar.com\/#website","url":"https:\/\/pluginspordolar.com\/","name":"Plugins x Dolar","description":"Complementos Premium","publisher":{"@id":"https:\/\/pluginspordolar.com\/#organization"},"potentialAction":[{"@type":"SearchAction","target":{"@type":"EntryPoint","urlTemplate":"https:\/\/pluginspordolar.com\/?s={search_term_string}"},"query-input":{"@type":"PropertyValueSpecification","valueRequired":true,"valueName":"search_term_string"}}],"inLanguage":"en-US"},{"@type":"Organization","@id":"https:\/\/pluginspordolar.com\/#organization","name":"Plugins x Dolar","url":"https:\/\/pluginspordolar.com\/","logo":{"@type":"ImageObject","inLanguage":"en-US","@id":"https:\/\/pluginspordolar.com\/#\/schema\/logo\/image\/","url":"https:\/\/pluginspordolar.com\/wp-content\/uploads\/Logo-moderno-pluginsxdolar-e1674435267756.png","contentUrl":"https:\/\/pluginspordolar.com\/wp-content\/uploads\/Logo-moderno-pluginsxdolar-e1674435267756.png","width":500,"height":111,"caption":"Plugins x Dolar"},"image":{"@id":"https:\/\/pluginspordolar.com\/#\/schema\/logo\/image\/"}}]}},"uagb_featured_image_src":{"full":["https:\/\/pluginspordolar.com\/wp-content\/uploads\/2023\/01\/buddyboss-platform-plugin.png.png",280,280,false],"thumbnail":["https:\/\/pluginspordolar.com\/wp-content\/uploads\/2023\/01\/buddyboss-platform-plugin.png-150x150.png",96,96,true],"medium":["https:\/\/pluginspordolar.com\/wp-content\/uploads\/2023\/01\/buddyboss-platform-plugin.png.png",280,280,false],"medium_large":["https:\/\/pluginspordolar.com\/wp-content\/uploads\/2023\/01\/buddyboss-platform-plugin.png.png",280,280,false],"large":["https:\/\/pluginspordolar.com\/wp-content\/uploads\/2023\/01\/buddyboss-platform-plugin.png.png",280,280,false],"1536x1536":["https:\/\/pluginspordolar.com\/wp-content\/uploads\/2023\/01\/buddyboss-platform-plugin.png.png",280,280,false],"2048x2048":["https:\/\/pluginspordolar.com\/wp-content\/uploads\/2023\/01\/buddyboss-platform-plugin.png.png",280,280,false],"trp-custom-language-flag":["https:\/\/pluginspordolar.com\/wp-content\/uploads\/2023\/01\/buddyboss-platform-plugin.png.png",12,12,false],"woocommerce_thumbnail":["https:\/\/pluginspordolar.com\/wp-content\/uploads\/2023\/01\/buddyboss-platform-plugin.png.png",280,280,false],"woocommerce_single":["https:\/\/pluginspordolar.com\/wp-content\/uploads\/2023\/01\/buddyboss-platform-plugin.png.png",280,280,false],"woocommerce_gallery_thumbnail":["https:\/\/pluginspordolar.com\/wp-content\/uploads\/2023\/01\/buddyboss-platform-plugin.png-100x100.png",100,100,true]},"uagb_author_info":{"display_name":"nc","author_link":"https:\/\/pluginspordolar.com\/en\/author\/"},"uagb_comment_info":0,"uagb_excerpt":"Venda membres\u00edas, cursos y cree comunidades en l\u00ednea. Le facilitamos la creaci\u00f3n de WordPress, la plataforma de c\u00f3digo abierto n\u00famero uno del mundo, lo que le brinda la flexibilidad, el control y la libertad que necesita para crear una plataforma en l\u00ednea exitosa. \u00daltima actualizaci\u00f3n: \u00a001-29-2022 Versi\u00f3n actual: 1.1.9.1 &nbsp;","_links":{"self":[{"href":"https:\/\/pluginspordolar.com\/en\/wp-json\/wp\/v2\/product\/8075","targetHints":{"allow":["GET"]}}],"collection":[{"href":"https:\/\/pluginspordolar.com\/en\/wp-json\/wp\/v2\/product"}],"about":[{"href":"https:\/\/pluginspordolar.com\/en\/wp-json\/wp\/v2\/types\/product"}],"wp:featuredmedia":[{"embeddable":true,"href":"https:\/\/pluginspordolar.com\/en\/wp-json\/wp\/v2\/media\/6924"}],"wp:attachment":[{"href":"https:\/\/pluginspordolar.com\/en\/wp-json\/wp\/v2\/media?parent=8075"}],"wp:term":[{"taxonomy":"product_brand","embeddable":true,"href":"https:\/\/pluginspordolar.com\/en\/wp-json\/wp\/v2\/product_brand?post=8075"},{"taxonomy":"product_cat","embeddable":true,"href":"https:\/\/pluginspordolar.com\/en\/wp-json\/wp\/v2\/product_cat?post=8075"},{"taxonomy":"product_tag","embeddable":true,"href":"https:\/\/pluginspordolar.com\/en\/wp-json\/wp\/v2\/product_tag?post=8075"}],"curies":[{"name":"wp","href":"https:\/\/api.w.org\/{rel}","templated":true}]}}