{"id":8073,"date":"2024-08-05T22:01:54","date_gmt":"2024-08-05T22:01:54","guid":{"rendered":"https:\/\/pluginspordolar.com\/?post_type=product&#038;p=8073"},"modified":"2025-03-29T01:37:45","modified_gmt":"2025-03-29T01:37:45","slug":"bookly-pro-add-on","status":"publish","type":"product","link":"https:\/\/pluginspordolar.com\/en\/product\/bookly-pro-add-on\/","title":{"rendered":"Bookly Pro Add-on"},"content":{"rendered":"<div class=\"elementor-element elementor-element-07de9ca elementor-widget elementor-widget-dyncontel-content\" data-id=\"07de9ca\" data-element_type=\"widget\" data-widget_type=\"dyncontel-content.default\">\n<div class=\"elementor-widget-container\">\n<div class=\"dce-content\">\n<div class=\"dce-content-wrapper\">\n<p><strong>Bookly PRO<\/strong>\u00a0\u2013 Appointment Booking and Scheduling Software System is a online booking system automated for WordPress with booking forms fully customizable with online payments, notifications, and sync with Google Calendar.<\/p>\n<p>Bookly PRO \u2013 Appointment Booking and Scheduling Software System is a snap and requires the installation of the free plugin Bookly to work. bookly PRO \u2013 Appointment Booking and Scheduling Software System eliminates the limitations of the free plugin.<\/p>\n<h2>Bookly PRO \u2013 Characteristics of the software system of booking and scheduling appointments.<\/h2>\n<ul>\n<li>A module-fully-customizable booking that can be used on any device.<\/li>\n<li>Reserve lists that you can filter, sort, search, print, and export in CSV format<\/li>\n<li>An unlimited number of affiliates you can manage online your booking calendar, prices, profile and calendar appointments.<\/li>\n<li>In the calendar of bookings you can display an unlimited number of types of services, color-coded by category.<\/li>\n<li>Customers can import and export. It can display an unlimited number of clients, the status of payments and the internal notes of the customers.<\/li>\n<li>Several templates are available for custom notifications by e-mail and SMS.<\/li>\n<li>Two-way synchronization between Bookly and Google calendars, which allows changes in the calendars of each one are reflected automatically<\/li>\n<li>Integration with PayPal Express Checkout, which allows you to view a list of payments completed and pending<\/li>\n<li>Statistics of the booking report<\/li>\n<li>Compatibility with\u00a0<a class=\"wpil_keyword_link\" title=\"WooCommerce\" href=\"https:\/\/plugins-wp.online\/woocommerce\/\" target=\"_blank\" rel=\"noopener\" data-wpil-keyword-link=\"linked\">WooCommerce<\/a><\/li>\n<li>Multilingual support<\/li>\n<li>Contains translations into Spanish, English, French, German, Italian, japanese, Dutch, Portuguese (variants of Portuguese and brazilian), Romanian, Russian, Spanish, Swedish, Turkish and chinese-taiwanese.<\/li>\n<\/ul>\n<\/div>\n<\/div>\n<\/div>\n<\/div>\n<div class=\"elementor-element elementor-element-7cf5da8 elementor-widget elementor-widget-spacer\" data-id=\"7cf5da8\" data-element_type=\"widget\" data-widget_type=\"spacer.default\">\n<div class=\"elementor-widget-container\">\n<div class=\"elementor-spacer\"><\/div>\n<\/div>\n<\/div>","protected":false},"excerpt":{"rendered":"<p>Add-ons for Bookly Pro.<\/p>\n<p><strong>Last update: 23 09 2023<\/strong><br \/>\n<strong>Current version: 6.7<\/strong><\/p>\n<p>&nbsp;<\/p>\n<p>ab@gm<\/p>","protected":false},"featured_media":6922,"template":"","meta":{"_eb_attr":"","_uag_custom_page_level_css":""},"product_brand":[],"product_cat":[44,71],"product_tag":[137],"class_list":{"0":"post-8073","1":"product","2":"type-product","3":"status-publish","4":"has-post-thumbnail","6":"product_cat-addons","7":"product_cat-plugins-woocommerce","8":"product_tag-bookly-pro-add-on","10":"first","11":"instock","12":"downloadable","13":"virtual","14":"sold-individually","15":"purchasable","16":"product-type-simple"},"yoast_head":"<!-- This site is optimized with the Yoast SEO plugin v27.4 - https:\/\/yoast.com\/product\/yoast-seo-wordpress\/ -->\n<title>Bookly Pro Add-on - Plugins x Dolar<\/title>\n<meta name=\"description\" content=\"Appointment Booking and Scheduling Software System es un sistema de reservas online automatizado para WordPress con formularios de reserva\" \/>\n<meta name=\"robots\" content=\"noindex, nofollow\" \/>\n<meta property=\"og:locale\" content=\"en_US\" \/>\n<meta property=\"og:type\" content=\"article\" \/>\n<meta property=\"og:title\" content=\"Bookly Pro Add-on - Plugins x Dolar\" \/>\n<meta property=\"og:description\" content=\"Appointment Booking and Scheduling Software System es un sistema de reservas online automatizado para WordPress con formularios de reserva\" \/>\n<meta property=\"og:url\" content=\"https:\/\/pluginspordolar.com\/en\/product\/bookly-pro-add-on\/\" \/>\n<meta property=\"og:site_name\" content=\"Plugins x Dolar\" \/>\n<meta property=\"article:modified_time\" content=\"2025-03-29T01:37:45+00:00\" \/>\n<meta property=\"og:image\" content=\"https:\/\/pluginspordolar.com\/wp-content\/uploads\/2023\/01\/Bookly-Pro-Addon.jpg.jpg\" \/>\n\t<meta property=\"og:image:width\" content=\"280\" \/>\n\t<meta property=\"og:image:height\" content=\"280\" \/>\n\t<meta property=\"og:image:type\" content=\"image\/jpeg\" \/>\n<meta name=\"twitter:card\" content=\"summary_large_image\" \/>\n<meta name=\"twitter:label1\" content=\"Est. reading time\" \/>\n\t<meta name=\"twitter:data1\" content=\"2 minutes\" \/>\n<script type=\"application\/ld+json\" class=\"yoast-schema-graph\">{\"@context\":\"https:\\\/\\\/schema.org\",\"@graph\":[{\"@type\":\"WebPage\",\"@id\":\"https:\\\/\\\/pluginspordolar.com\\\/producto\\\/bookly-pro-add-on\\\/\",\"url\":\"https:\\\/\\\/pluginspordolar.com\\\/producto\\\/bookly-pro-add-on\\\/\",\"name\":\"Bookly Pro Add-on - Plugins x Dolar\",\"isPartOf\":{\"@id\":\"https:\\\/\\\/pluginspordolar.com\\\/#website\"},\"primaryImageOfPage\":{\"@id\":\"https:\\\/\\\/pluginspordolar.com\\\/producto\\\/bookly-pro-add-on\\\/#primaryimage\"},\"image\":{\"@id\":\"https:\\\/\\\/pluginspordolar.com\\\/producto\\\/bookly-pro-add-on\\\/#primaryimage\"},\"thumbnailUrl\":\"https:\\\/\\\/pluginspordolar.com\\\/wp-content\\\/uploads\\\/2023\\\/01\\\/Bookly-Pro-Addon.jpg.jpg\",\"datePublished\":\"2024-08-05T22:01:54+00:00\",\"dateModified\":\"2025-03-29T01:37:45+00:00\",\"description\":\"Appointment Booking and Scheduling Software System es un sistema de reservas online automatizado para WordPress con formularios de reserva\",\"breadcrumb\":{\"@id\":\"https:\\\/\\\/pluginspordolar.com\\\/producto\\\/bookly-pro-add-on\\\/#breadcrumb\"},\"inLanguage\":\"en-US\",\"potentialAction\":[{\"@type\":\"ReadAction\",\"target\":[\"https:\\\/\\\/pluginspordolar.com\\\/producto\\\/bookly-pro-add-on\\\/\"]}]},{\"@type\":\"ImageObject\",\"inLanguage\":\"en-US\",\"@id\":\"https:\\\/\\\/pluginspordolar.com\\\/producto\\\/bookly-pro-add-on\\\/#primaryimage\",\"url\":\"https:\\\/\\\/pluginspordolar.com\\\/wp-content\\\/uploads\\\/2023\\\/01\\\/Bookly-Pro-Addon.jpg.jpg\",\"contentUrl\":\"https:\\\/\\\/pluginspordolar.com\\\/wp-content\\\/uploads\\\/2023\\\/01\\\/Bookly-Pro-Addon.jpg.jpg\",\"width\":280,\"height\":280},{\"@type\":\"BreadcrumbList\",\"@id\":\"https:\\\/\\\/pluginspordolar.com\\\/producto\\\/bookly-pro-add-on\\\/#breadcrumb\",\"itemListElement\":[{\"@type\":\"ListItem\",\"position\":1,\"name\":\"Portada\",\"item\":\"https:\\\/\\\/pluginspordolar.com\\\/\"},{\"@type\":\"ListItem\",\"position\":2,\"name\":\"Tienda\",\"item\":\"https:\\\/\\\/pluginspordolar.com\\\/tienda\\\/\"},{\"@type\":\"ListItem\",\"position\":3,\"name\":\"Bookly Pro Add-on\"}]},{\"@type\":\"WebSite\",\"@id\":\"https:\\\/\\\/pluginspordolar.com\\\/#website\",\"url\":\"https:\\\/\\\/pluginspordolar.com\\\/\",\"name\":\"Plugins x Dolar\",\"description\":\"Complementos Premium\",\"publisher\":{\"@id\":\"https:\\\/\\\/pluginspordolar.com\\\/#organization\"},\"potentialAction\":[{\"@type\":\"SearchAction\",\"target\":{\"@type\":\"EntryPoint\",\"urlTemplate\":\"https:\\\/\\\/pluginspordolar.com\\\/?s={search_term_string}\"},\"query-input\":{\"@type\":\"PropertyValueSpecification\",\"valueRequired\":true,\"valueName\":\"search_term_string\"}}],\"inLanguage\":\"en-US\"},{\"@type\":\"Organization\",\"@id\":\"https:\\\/\\\/pluginspordolar.com\\\/#organization\",\"name\":\"Plugins x Dolar\",\"url\":\"https:\\\/\\\/pluginspordolar.com\\\/\",\"logo\":{\"@type\":\"ImageObject\",\"inLanguage\":\"en-US\",\"@id\":\"https:\\\/\\\/pluginspordolar.com\\\/#\\\/schema\\\/logo\\\/image\\\/\",\"url\":\"https:\\\/\\\/pluginspordolar.com\\\/wp-content\\\/uploads\\\/Logo-moderno-pluginsxdolar-e1674435267756.png\",\"contentUrl\":\"https:\\\/\\\/pluginspordolar.com\\\/wp-content\\\/uploads\\\/Logo-moderno-pluginsxdolar-e1674435267756.png\",\"width\":500,\"height\":111,\"caption\":\"Plugins x Dolar\"},\"image\":{\"@id\":\"https:\\\/\\\/pluginspordolar.com\\\/#\\\/schema\\\/logo\\\/image\\\/\"}}]}<\/script>\n<!-- \/ Yoast SEO plugin. -->","yoast_head_json":{"title":"Bookly Pro Add-on - Plugins x Dolar","description":"Appointment Booking and Scheduling Software System es un sistema de reservas online automatizado para WordPress con formularios de reserva","robots":{"index":"noindex","follow":"nofollow"},"og_locale":"en_US","og_type":"article","og_title":"Bookly Pro Add-on - Plugins x Dolar","og_description":"Appointment Booking and Scheduling Software System es un sistema de reservas online automatizado para WordPress con formularios de reserva","og_url":"https:\/\/pluginspordolar.com\/en\/product\/bookly-pro-add-on\/","og_site_name":"Plugins x Dolar","article_modified_time":"2025-03-29T01:37:45+00:00","og_image":[{"width":280,"height":280,"url":"https:\/\/pluginspordolar.com\/wp-content\/uploads\/2023\/01\/Bookly-Pro-Addon.jpg.jpg","type":"image\/jpeg"}],"twitter_card":"summary_large_image","twitter_misc":{"Est. reading time":"2 minutes"},"schema":{"@context":"https:\/\/schema.org","@graph":[{"@type":"WebPage","@id":"https:\/\/pluginspordolar.com\/producto\/bookly-pro-add-on\/","url":"https:\/\/pluginspordolar.com\/producto\/bookly-pro-add-on\/","name":"Bookly Pro Add-on - Plugins x Dolar","isPartOf":{"@id":"https:\/\/pluginspordolar.com\/#website"},"primaryImageOfPage":{"@id":"https:\/\/pluginspordolar.com\/producto\/bookly-pro-add-on\/#primaryimage"},"image":{"@id":"https:\/\/pluginspordolar.com\/producto\/bookly-pro-add-on\/#primaryimage"},"thumbnailUrl":"https:\/\/pluginspordolar.com\/wp-content\/uploads\/2023\/01\/Bookly-Pro-Addon.jpg.jpg","datePublished":"2024-08-05T22:01:54+00:00","dateModified":"2025-03-29T01:37:45+00:00","description":"Appointment Booking and Scheduling Software System es un sistema de reservas online automatizado para WordPress con formularios de reserva","breadcrumb":{"@id":"https:\/\/pluginspordolar.com\/producto\/bookly-pro-add-on\/#breadcrumb"},"inLanguage":"en-US","potentialAction":[{"@type":"ReadAction","target":["https:\/\/pluginspordolar.com\/producto\/bookly-pro-add-on\/"]}]},{"@type":"ImageObject","inLanguage":"en-US","@id":"https:\/\/pluginspordolar.com\/producto\/bookly-pro-add-on\/#primaryimage","url":"https:\/\/pluginspordolar.com\/wp-content\/uploads\/2023\/01\/Bookly-Pro-Addon.jpg.jpg","contentUrl":"https:\/\/pluginspordolar.com\/wp-content\/uploads\/2023\/01\/Bookly-Pro-Addon.jpg.jpg","width":280,"height":280},{"@type":"BreadcrumbList","@id":"https:\/\/pluginspordolar.com\/producto\/bookly-pro-add-on\/#breadcrumb","itemListElement":[{"@type":"ListItem","position":1,"name":"Portada","item":"https:\/\/pluginspordolar.com\/"},{"@type":"ListItem","position":2,"name":"Tienda","item":"https:\/\/pluginspordolar.com\/tienda\/"},{"@type":"ListItem","position":3,"name":"Bookly Pro Add-on"}]},{"@type":"WebSite","@id":"https:\/\/pluginspordolar.com\/#website","url":"https:\/\/pluginspordolar.com\/","name":"Plugins x Dolar","description":"Complementos Premium","publisher":{"@id":"https:\/\/pluginspordolar.com\/#organization"},"potentialAction":[{"@type":"SearchAction","target":{"@type":"EntryPoint","urlTemplate":"https:\/\/pluginspordolar.com\/?s={search_term_string}"},"query-input":{"@type":"PropertyValueSpecification","valueRequired":true,"valueName":"search_term_string"}}],"inLanguage":"en-US"},{"@type":"Organization","@id":"https:\/\/pluginspordolar.com\/#organization","name":"Plugins x Dolar","url":"https:\/\/pluginspordolar.com\/","logo":{"@type":"ImageObject","inLanguage":"en-US","@id":"https:\/\/pluginspordolar.com\/#\/schema\/logo\/image\/","url":"https:\/\/pluginspordolar.com\/wp-content\/uploads\/Logo-moderno-pluginsxdolar-e1674435267756.png","contentUrl":"https:\/\/pluginspordolar.com\/wp-content\/uploads\/Logo-moderno-pluginsxdolar-e1674435267756.png","width":500,"height":111,"caption":"Plugins x Dolar"},"image":{"@id":"https:\/\/pluginspordolar.com\/#\/schema\/logo\/image\/"}}]}},"uagb_featured_image_src":{"full":["https:\/\/pluginspordolar.com\/wp-content\/uploads\/2023\/01\/Bookly-Pro-Addon.jpg.jpg",280,280,false],"thumbnail":["https:\/\/pluginspordolar.com\/wp-content\/uploads\/2023\/01\/Bookly-Pro-Addon.jpg-150x150.jpg",96,96,true],"medium":["https:\/\/pluginspordolar.com\/wp-content\/uploads\/2023\/01\/Bookly-Pro-Addon.jpg.jpg",280,280,false],"medium_large":["https:\/\/pluginspordolar.com\/wp-content\/uploads\/2023\/01\/Bookly-Pro-Addon.jpg.jpg",280,280,false],"large":["https:\/\/pluginspordolar.com\/wp-content\/uploads\/2023\/01\/Bookly-Pro-Addon.jpg.jpg",280,280,false],"1536x1536":["https:\/\/pluginspordolar.com\/wp-content\/uploads\/2023\/01\/Bookly-Pro-Addon.jpg.jpg",280,280,false],"2048x2048":["https:\/\/pluginspordolar.com\/wp-content\/uploads\/2023\/01\/Bookly-Pro-Addon.jpg.jpg",280,280,false],"trp-custom-language-flag":["https:\/\/pluginspordolar.com\/wp-content\/uploads\/2023\/01\/Bookly-Pro-Addon.jpg.jpg",12,12,false],"woocommerce_thumbnail":["https:\/\/pluginspordolar.com\/wp-content\/uploads\/2023\/01\/Bookly-Pro-Addon.jpg.jpg",280,280,false],"woocommerce_single":["https:\/\/pluginspordolar.com\/wp-content\/uploads\/2023\/01\/Bookly-Pro-Addon.jpg.jpg",280,280,false],"woocommerce_gallery_thumbnail":["https:\/\/pluginspordolar.com\/wp-content\/uploads\/2023\/01\/Bookly-Pro-Addon.jpg-100x100.jpg",100,100,true]},"uagb_author_info":{"display_name":"nc","author_link":"https:\/\/pluginspordolar.com\/en\/author\/"},"uagb_comment_info":0,"uagb_excerpt":"Addons para Bookly Pro. \u00daltima actualizaci\u00f3n: 23 09 2023 Versi\u00f3n actual: 6.7 &nbsp; ab@gm","_links":{"self":[{"href":"https:\/\/pluginspordolar.com\/en\/wp-json\/wp\/v2\/product\/8073","targetHints":{"allow":["GET"]}}],"collection":[{"href":"https:\/\/pluginspordolar.com\/en\/wp-json\/wp\/v2\/product"}],"about":[{"href":"https:\/\/pluginspordolar.com\/en\/wp-json\/wp\/v2\/types\/product"}],"wp:featuredmedia":[{"embeddable":true,"href":"https:\/\/pluginspordolar.com\/en\/wp-json\/wp\/v2\/media\/6922"}],"wp:attachment":[{"href":"https:\/\/pluginspordolar.com\/en\/wp-json\/wp\/v2\/media?parent=8073"}],"wp:term":[{"taxonomy":"product_brand","embeddable":true,"href":"https:\/\/pluginspordolar.com\/en\/wp-json\/wp\/v2\/product_brand?post=8073"},{"taxonomy":"product_cat","embeddable":true,"href":"https:\/\/pluginspordolar.com\/en\/wp-json\/wp\/v2\/product_cat?post=8073"},{"taxonomy":"product_tag","embeddable":true,"href":"https:\/\/pluginspordolar.com\/en\/wp-json\/wp\/v2\/product_tag?post=8073"}],"curies":[{"name":"wp","href":"https:\/\/api.w.org\/{rel}","templated":true}]}}