{"id":8066,"date":"2024-08-05T22:01:54","date_gmt":"2024-08-05T22:01:54","guid":{"rendered":"https:\/\/pluginspordolar.com\/?post_type=product&#038;p=8066"},"modified":"2026-03-09T20:22:08","modified_gmt":"2026-03-09T20:22:08","slug":"woodmart-theme","status":"publish","type":"product","link":"https:\/\/pluginspordolar.com\/en\/product\/woodmart-theme\/","title":{"rendered":"Woodmart Theme"},"content":{"rendered":"<p>WoodMart es un tema optimizado para WooCommerce muy personalizable y con variedad de funciones para tu tienda online.<\/p>\n<p>WoodMart\u2019 es un tema premium de WordPress dise\u00f1ado desde cero para construir tiendas online WooCommerce de cualquier tipo. Centrado en la experiencia del usuario, WoodMart utiliza una poderosa tecnolog\u00eda AJAX para ofrecer a los usuarios una interfaz de compra en l\u00ednea muy r\u00e1pida y fluida sin necesidad de actualizar constantemente las p\u00e1ginas.<\/p>\n<p>Construya cualquier tipo de tienda online que pueda imaginar y empiece a ganar ese flujo de ingresos pasivos en el que ha estado pensando con \u2018WoodMart\u2019 para WordPress y nunca mire atr\u00e1s.<\/p>\n<h3>Panel de configuraci\u00f3n del tema\u200b<\/h3>\n<p>Con un potente panel de configuraci\u00f3n del tema que le permite cambiar una pl\u00e9tora de ajustes del tema con un solo clic, no necesita ninguna experiencia en codificaci\u00f3n. Sin necesidad de m\u00faltiples plugins, WoodMart es inteligente, \u00e1gil y r\u00e1pido, para que pueda seguir con su negocio. El panel de configuraci\u00f3n del tema le ofrece una interfaz gr\u00e1fica para realizar cambios sencillos de forma r\u00e1pida y sencilla.<\/p>\n<h3>Totalmente personalizable\u200b<\/h3>\n<p>Todo ha sido ajustado y desarrollado para responder a sus peticiones de personalizaci\u00f3n con un m\u00ednimo de complicaciones, por lo que lo que le queda es un sitio web altamente personalizable que puede adaptarse a sus peticiones de cambio f\u00e1cil y r\u00e1pidamente.<br \/>\nCambie sus fuentes, actualice su paleta de colores para cumplir con sus directrices de marca, actualice sus muestras para mostrar m\u00faltiples variaciones de productos \u2013 todo es accesible desde la familiaridad del intuitivo panel de control de WordPress.<\/p>\n<p>&nbsp;<\/p>\n<p><strong>\u00daltima actualizaci\u00f3n: 02\/03\/2026<\/strong><br \/>\n<strong>Versi\u00f3n actual: 8.4.1<\/strong><\/p>\n<p>&nbsp;<\/p>\n<p>ab24<\/p>","protected":false},"excerpt":{"rendered":"<p>Tema multiprop\u00f3sito adaptable para WooCommerce.<\/p>\n<p><strong>\u00daltima actualizaci\u00f3n: 02\/03\/2026<\/strong><br \/>\n<strong>Versi\u00f3n actual: 8.4.1<\/strong><\/p>\n<p>&nbsp;<\/p>\n<p>ab24<\/p>","protected":false},"featured_media":6915,"template":"","meta":{"_eb_attr":"","_uag_custom_page_level_css":""},"product_brand":[],"product_cat":[25],"product_tag":[130],"class_list":{"0":"post-8066","1":"product","2":"type-product","3":"status-publish","4":"has-post-thumbnail","6":"product_cat-temas-woocommerce","7":"product_tag-woodmart-theme","9":"first","10":"instock","11":"downloadable","12":"virtual","13":"sold-individually","14":"purchasable","15":"product-type-simple"},"yoast_head":"<!-- This site is optimized with the Yoast SEO plugin v27.4 - https:\/\/yoast.com\/product\/yoast-seo-wordpress\/ -->\n<title>Woodmart Theme - Plugins x Dolar<\/title>\n<meta name=\"robots\" content=\"noindex, follow\" \/>\n<meta property=\"og:locale\" content=\"en_US\" \/>\n<meta property=\"og:type\" content=\"article\" \/>\n<meta property=\"og:title\" content=\"Woodmart Theme - Plugins x Dolar\" \/>\n<meta property=\"og:description\" content=\"Tema multiprop\u00f3sito adaptable para WooCommerce.  \u00daltima actualizaci\u00f3n: 02\/03\/2026 Versi\u00f3n actual: 8.4.1  &nbsp;  ab24\" \/>\n<meta property=\"og:url\" content=\"https:\/\/pluginspordolar.com\/en\/product\/woodmart-theme\/\" \/>\n<meta property=\"og:site_name\" content=\"Plugins x Dolar\" \/>\n<meta property=\"article:modified_time\" content=\"2026-03-09T20:22:08+00:00\" \/>\n<meta property=\"og:image\" content=\"https:\/\/pluginspordolar.com\/wp-content\/uploads\/2023\/01\/WoodMart-Responsive-WooCommerce-WordPress-Theme.jpg.jpg\" \/>\n\t<meta property=\"og:image:width\" content=\"279\" \/>\n\t<meta property=\"og:image:height\" content=\"280\" \/>\n\t<meta property=\"og:image:type\" content=\"image\/jpeg\" \/>\n<meta name=\"twitter:card\" content=\"summary_large_image\" \/>\n<meta name=\"twitter:label1\" content=\"Est. reading time\" \/>\n\t<meta name=\"twitter:data1\" content=\"2 minutes\" \/>\n<script type=\"application\/ld+json\" class=\"yoast-schema-graph\">{\"@context\":\"https:\\\/\\\/schema.org\",\"@graph\":[{\"@type\":\"WebPage\",\"@id\":\"https:\\\/\\\/pluginspordolar.com\\\/producto\\\/woodmart-theme\\\/\",\"url\":\"https:\\\/\\\/pluginspordolar.com\\\/producto\\\/woodmart-theme\\\/\",\"name\":\"Woodmart Theme - Plugins x Dolar\",\"isPartOf\":{\"@id\":\"https:\\\/\\\/pluginspordolar.com\\\/#website\"},\"primaryImageOfPage\":{\"@id\":\"https:\\\/\\\/pluginspordolar.com\\\/producto\\\/woodmart-theme\\\/#primaryimage\"},\"image\":{\"@id\":\"https:\\\/\\\/pluginspordolar.com\\\/producto\\\/woodmart-theme\\\/#primaryimage\"},\"thumbnailUrl\":\"https:\\\/\\\/pluginspordolar.com\\\/wp-content\\\/uploads\\\/2023\\\/01\\\/WoodMart-Responsive-WooCommerce-WordPress-Theme.jpg.jpg\",\"datePublished\":\"2024-08-05T22:01:54+00:00\",\"dateModified\":\"2026-03-09T20:22:08+00:00\",\"breadcrumb\":{\"@id\":\"https:\\\/\\\/pluginspordolar.com\\\/producto\\\/woodmart-theme\\\/#breadcrumb\"},\"inLanguage\":\"en-US\",\"potentialAction\":[{\"@type\":\"ReadAction\",\"target\":[\"https:\\\/\\\/pluginspordolar.com\\\/producto\\\/woodmart-theme\\\/\"]}]},{\"@type\":\"ImageObject\",\"inLanguage\":\"en-US\",\"@id\":\"https:\\\/\\\/pluginspordolar.com\\\/producto\\\/woodmart-theme\\\/#primaryimage\",\"url\":\"https:\\\/\\\/pluginspordolar.com\\\/wp-content\\\/uploads\\\/2023\\\/01\\\/WoodMart-Responsive-WooCommerce-WordPress-Theme.jpg.jpg\",\"contentUrl\":\"https:\\\/\\\/pluginspordolar.com\\\/wp-content\\\/uploads\\\/2023\\\/01\\\/WoodMart-Responsive-WooCommerce-WordPress-Theme.jpg.jpg\",\"width\":279,\"height\":280},{\"@type\":\"BreadcrumbList\",\"@id\":\"https:\\\/\\\/pluginspordolar.com\\\/producto\\\/woodmart-theme\\\/#breadcrumb\",\"itemListElement\":[{\"@type\":\"ListItem\",\"position\":1,\"name\":\"Portada\",\"item\":\"https:\\\/\\\/pluginspordolar.com\\\/\"},{\"@type\":\"ListItem\",\"position\":2,\"name\":\"Tienda\",\"item\":\"https:\\\/\\\/pluginspordolar.com\\\/tienda\\\/\"},{\"@type\":\"ListItem\",\"position\":3,\"name\":\"Woodmart Theme\"}]},{\"@type\":\"WebSite\",\"@id\":\"https:\\\/\\\/pluginspordolar.com\\\/#website\",\"url\":\"https:\\\/\\\/pluginspordolar.com\\\/\",\"name\":\"Plugins x Dolar\",\"description\":\"Complementos Premium\",\"publisher\":{\"@id\":\"https:\\\/\\\/pluginspordolar.com\\\/#organization\"},\"potentialAction\":[{\"@type\":\"SearchAction\",\"target\":{\"@type\":\"EntryPoint\",\"urlTemplate\":\"https:\\\/\\\/pluginspordolar.com\\\/?s={search_term_string}\"},\"query-input\":{\"@type\":\"PropertyValueSpecification\",\"valueRequired\":true,\"valueName\":\"search_term_string\"}}],\"inLanguage\":\"en-US\"},{\"@type\":\"Organization\",\"@id\":\"https:\\\/\\\/pluginspordolar.com\\\/#organization\",\"name\":\"Plugins x Dolar\",\"url\":\"https:\\\/\\\/pluginspordolar.com\\\/\",\"logo\":{\"@type\":\"ImageObject\",\"inLanguage\":\"en-US\",\"@id\":\"https:\\\/\\\/pluginspordolar.com\\\/#\\\/schema\\\/logo\\\/image\\\/\",\"url\":\"https:\\\/\\\/pluginspordolar.com\\\/wp-content\\\/uploads\\\/Logo-moderno-pluginsxdolar-e1674435267756.png\",\"contentUrl\":\"https:\\\/\\\/pluginspordolar.com\\\/wp-content\\\/uploads\\\/Logo-moderno-pluginsxdolar-e1674435267756.png\",\"width\":500,\"height\":111,\"caption\":\"Plugins x Dolar\"},\"image\":{\"@id\":\"https:\\\/\\\/pluginspordolar.com\\\/#\\\/schema\\\/logo\\\/image\\\/\"}}]}<\/script>\n<!-- \/ Yoast SEO plugin. -->","yoast_head_json":{"title":"Woodmart Theme - Plugins x Dolar","robots":{"index":"noindex","follow":"follow"},"og_locale":"en_US","og_type":"article","og_title":"Woodmart Theme - Plugins x Dolar","og_description":"Tema multiprop\u00f3sito adaptable para WooCommerce.  \u00daltima actualizaci\u00f3n: 02\/03\/2026 Versi\u00f3n actual: 8.4.1  &nbsp;  ab24","og_url":"https:\/\/pluginspordolar.com\/en\/product\/woodmart-theme\/","og_site_name":"Plugins x Dolar","article_modified_time":"2026-03-09T20:22:08+00:00","og_image":[{"width":279,"height":280,"url":"https:\/\/pluginspordolar.com\/wp-content\/uploads\/2023\/01\/WoodMart-Responsive-WooCommerce-WordPress-Theme.jpg.jpg","type":"image\/jpeg"}],"twitter_card":"summary_large_image","twitter_misc":{"Est. reading time":"2 minutes"},"schema":{"@context":"https:\/\/schema.org","@graph":[{"@type":"WebPage","@id":"https:\/\/pluginspordolar.com\/producto\/woodmart-theme\/","url":"https:\/\/pluginspordolar.com\/producto\/woodmart-theme\/","name":"Woodmart Theme - Plugins x Dolar","isPartOf":{"@id":"https:\/\/pluginspordolar.com\/#website"},"primaryImageOfPage":{"@id":"https:\/\/pluginspordolar.com\/producto\/woodmart-theme\/#primaryimage"},"image":{"@id":"https:\/\/pluginspordolar.com\/producto\/woodmart-theme\/#primaryimage"},"thumbnailUrl":"https:\/\/pluginspordolar.com\/wp-content\/uploads\/2023\/01\/WoodMart-Responsive-WooCommerce-WordPress-Theme.jpg.jpg","datePublished":"2024-08-05T22:01:54+00:00","dateModified":"2026-03-09T20:22:08+00:00","breadcrumb":{"@id":"https:\/\/pluginspordolar.com\/producto\/woodmart-theme\/#breadcrumb"},"inLanguage":"en-US","potentialAction":[{"@type":"ReadAction","target":["https:\/\/pluginspordolar.com\/producto\/woodmart-theme\/"]}]},{"@type":"ImageObject","inLanguage":"en-US","@id":"https:\/\/pluginspordolar.com\/producto\/woodmart-theme\/#primaryimage","url":"https:\/\/pluginspordolar.com\/wp-content\/uploads\/2023\/01\/WoodMart-Responsive-WooCommerce-WordPress-Theme.jpg.jpg","contentUrl":"https:\/\/pluginspordolar.com\/wp-content\/uploads\/2023\/01\/WoodMart-Responsive-WooCommerce-WordPress-Theme.jpg.jpg","width":279,"height":280},{"@type":"BreadcrumbList","@id":"https:\/\/pluginspordolar.com\/producto\/woodmart-theme\/#breadcrumb","itemListElement":[{"@type":"ListItem","position":1,"name":"Portada","item":"https:\/\/pluginspordolar.com\/"},{"@type":"ListItem","position":2,"name":"Tienda","item":"https:\/\/pluginspordolar.com\/tienda\/"},{"@type":"ListItem","position":3,"name":"Woodmart Theme"}]},{"@type":"WebSite","@id":"https:\/\/pluginspordolar.com\/#website","url":"https:\/\/pluginspordolar.com\/","name":"Plugins x Dolar","description":"Complementos Premium","publisher":{"@id":"https:\/\/pluginspordolar.com\/#organization"},"potentialAction":[{"@type":"SearchAction","target":{"@type":"EntryPoint","urlTemplate":"https:\/\/pluginspordolar.com\/?s={search_term_string}"},"query-input":{"@type":"PropertyValueSpecification","valueRequired":true,"valueName":"search_term_string"}}],"inLanguage":"en-US"},{"@type":"Organization","@id":"https:\/\/pluginspordolar.com\/#organization","name":"Plugins x Dolar","url":"https:\/\/pluginspordolar.com\/","logo":{"@type":"ImageObject","inLanguage":"en-US","@id":"https:\/\/pluginspordolar.com\/#\/schema\/logo\/image\/","url":"https:\/\/pluginspordolar.com\/wp-content\/uploads\/Logo-moderno-pluginsxdolar-e1674435267756.png","contentUrl":"https:\/\/pluginspordolar.com\/wp-content\/uploads\/Logo-moderno-pluginsxdolar-e1674435267756.png","width":500,"height":111,"caption":"Plugins x Dolar"},"image":{"@id":"https:\/\/pluginspordolar.com\/#\/schema\/logo\/image\/"}}]}},"uagb_featured_image_src":{"full":["https:\/\/pluginspordolar.com\/wp-content\/uploads\/2023\/01\/WoodMart-Responsive-WooCommerce-WordPress-Theme.jpg.jpg",279,280,false],"thumbnail":["https:\/\/pluginspordolar.com\/wp-content\/uploads\/2023\/01\/WoodMart-Responsive-WooCommerce-WordPress-Theme.jpg-150x150.jpg",96,96,true],"medium":["https:\/\/pluginspordolar.com\/wp-content\/uploads\/2023\/01\/WoodMart-Responsive-WooCommerce-WordPress-Theme.jpg.jpg",279,280,false],"medium_large":["https:\/\/pluginspordolar.com\/wp-content\/uploads\/2023\/01\/WoodMart-Responsive-WooCommerce-WordPress-Theme.jpg.jpg",279,280,false],"large":["https:\/\/pluginspordolar.com\/wp-content\/uploads\/2023\/01\/WoodMart-Responsive-WooCommerce-WordPress-Theme.jpg.jpg",279,280,false],"1536x1536":["https:\/\/pluginspordolar.com\/wp-content\/uploads\/2023\/01\/WoodMart-Responsive-WooCommerce-WordPress-Theme.jpg.jpg",279,280,false],"2048x2048":["https:\/\/pluginspordolar.com\/wp-content\/uploads\/2023\/01\/WoodMart-Responsive-WooCommerce-WordPress-Theme.jpg.jpg",279,280,false],"trp-custom-language-flag":["https:\/\/pluginspordolar.com\/wp-content\/uploads\/2023\/01\/WoodMart-Responsive-WooCommerce-WordPress-Theme.jpg.jpg",12,12,false],"woocommerce_thumbnail":["https:\/\/pluginspordolar.com\/wp-content\/uploads\/2023\/01\/WoodMart-Responsive-WooCommerce-WordPress-Theme.jpg.jpg",279,280,false],"woocommerce_single":["https:\/\/pluginspordolar.com\/wp-content\/uploads\/2023\/01\/WoodMart-Responsive-WooCommerce-WordPress-Theme.jpg.jpg",279,280,false],"woocommerce_gallery_thumbnail":["https:\/\/pluginspordolar.com\/wp-content\/uploads\/2023\/01\/WoodMart-Responsive-WooCommerce-WordPress-Theme.jpg-100x100.jpg",100,100,true]},"uagb_author_info":{"display_name":"nc","author_link":"https:\/\/pluginspordolar.com\/en\/author\/"},"uagb_comment_info":0,"uagb_excerpt":"Tema multiprop\u00f3sito adaptable para WooCommerce. \u00daltima actualizaci\u00f3n: 02\/03\/2026 Versi\u00f3n actual: 8.4.1 &nbsp; ab24","_links":{"self":[{"href":"https:\/\/pluginspordolar.com\/en\/wp-json\/wp\/v2\/product\/8066","targetHints":{"allow":["GET"]}}],"collection":[{"href":"https:\/\/pluginspordolar.com\/en\/wp-json\/wp\/v2\/product"}],"about":[{"href":"https:\/\/pluginspordolar.com\/en\/wp-json\/wp\/v2\/types\/product"}],"wp:featuredmedia":[{"embeddable":true,"href":"https:\/\/pluginspordolar.com\/en\/wp-json\/wp\/v2\/media\/6915"}],"wp:attachment":[{"href":"https:\/\/pluginspordolar.com\/en\/wp-json\/wp\/v2\/media?parent=8066"}],"wp:term":[{"taxonomy":"product_brand","embeddable":true,"href":"https:\/\/pluginspordolar.com\/en\/wp-json\/wp\/v2\/product_brand?post=8066"},{"taxonomy":"product_cat","embeddable":true,"href":"https:\/\/pluginspordolar.com\/en\/wp-json\/wp\/v2\/product_cat?post=8066"},{"taxonomy":"product_tag","embeddable":true,"href":"https:\/\/pluginspordolar.com\/en\/wp-json\/wp\/v2\/product_tag?post=8066"}],"curies":[{"name":"wp","href":"https:\/\/api.w.org\/{rel}","templated":true}]}}