{"id":8026,"date":"2024-08-05T22:01:46","date_gmt":"2024-08-05T22:01:46","guid":{"rendered":"https:\/\/pluginspordolar.com\/?post_type=product&#038;p=8026"},"modified":"2025-03-29T01:37:45","modified_gmt":"2025-03-29T01:37:45","slug":"woocommerce-payu-latam-payment-gateway","status":"publish","type":"product","link":"https:\/\/pluginspordolar.com\/en\/product\/woocommerce-payu-latam-payment-gateway\/","title":{"rendered":"woocommerce Payu latam payment gateway"},"content":{"rendered":"","protected":false},"excerpt":{"rendered":"<p>Wordpress Plugin to use as an addon in Woocomerce to place the payment gateway Payu Latam in your store.<\/p>\n<p>Last update: 9.11.20121<\/p>\n<p>This Plugin is free for subscribers and non-subscribers !<\/p>\n<p><strong><span style=\"color: #ff6600;\"><a style=\"color: #ff6600;\" href=\"https:\/\/dl.dropbox.com\/s\/ugfajvc6iil1yon\/woocommerce-payu-latam-2.1.zip?dl=0\">Click Here to DOWNLOAD Dir\u00e9cta. <\/a><\/span><\/strong>IT IS NOT NECESSARY TO ADD TO CART !<\/p>","protected":false},"featured_media":6832,"template":"","meta":{"_eb_attr":"","_uag_custom_page_level_css":""},"product_brand":[],"product_cat":[44,71],"product_tag":[90],"class_list":{"0":"post-8026","1":"product","2":"type-product","3":"status-publish","4":"has-post-thumbnail","6":"product_cat-addons","7":"product_cat-plugins-woocommerce","8":"product_tag-woocommerce-payu-latam-payment-gateway","10":"first","11":"instock","12":"downloadable","13":"virtual","14":"sold-individually","15":"purchasable","16":"product-type-simple"},"yoast_head":"<!-- This site is optimized with the Yoast SEO plugin v27.4 - https:\/\/yoast.com\/product\/yoast-seo-wordpress\/ -->\n<title>woocommerce Payu latam payment gateway - Plugins x Dolar<\/title>\n<meta name=\"description\" content=\"Plugin de Wordpress para utilizar como addon en Woocomerce para colocar la pasarela de pagos Payu Latam en tu tienda.\" \/>\n<meta name=\"robots\" content=\"noindex, follow\" \/>\n<meta property=\"og:locale\" content=\"en_US\" \/>\n<meta property=\"og:type\" content=\"article\" \/>\n<meta property=\"og:title\" content=\"woocommerce Payu latam payment gateway - Plugins x Dolar\" \/>\n<meta property=\"og:description\" content=\"Plugin de Wordpress para utilizar como addon en Woocomerce para colocar la pasarela de pagos Payu Latam en tu tienda.\" \/>\n<meta property=\"og:url\" content=\"https:\/\/pluginspordolar.com\/en\/product\/woocommerce-payu-latam-payment-gateway\/\" \/>\n<meta property=\"og:site_name\" content=\"Plugins x Dolar\" \/>\n<meta property=\"article:modified_time\" content=\"2025-03-29T01:37:45+00:00\" \/>\n<meta property=\"og:image\" content=\"https:\/\/pluginspordolar.com\/wp-content\/uploads\/2023\/01\/descarga.png\" \/>\n\t<meta property=\"og:image:width\" content=\"225\" \/>\n\t<meta property=\"og:image:height\" content=\"225\" \/>\n\t<meta property=\"og:image:type\" content=\"image\/png\" \/>\n<meta name=\"twitter:card\" content=\"summary_large_image\" \/>\n<script type=\"application\/ld+json\" class=\"yoast-schema-graph\">{\"@context\":\"https:\\\/\\\/schema.org\",\"@graph\":[{\"@type\":\"WebPage\",\"@id\":\"https:\\\/\\\/pluginspordolar.com\\\/producto\\\/woocommerce-payu-latam-payment-gateway\\\/\",\"url\":\"https:\\\/\\\/pluginspordolar.com\\\/producto\\\/woocommerce-payu-latam-payment-gateway\\\/\",\"name\":\"woocommerce Payu latam payment gateway - Plugins x Dolar\",\"isPartOf\":{\"@id\":\"https:\\\/\\\/pluginspordolar.com\\\/#website\"},\"primaryImageOfPage\":{\"@id\":\"https:\\\/\\\/pluginspordolar.com\\\/producto\\\/woocommerce-payu-latam-payment-gateway\\\/#primaryimage\"},\"image\":{\"@id\":\"https:\\\/\\\/pluginspordolar.com\\\/producto\\\/woocommerce-payu-latam-payment-gateway\\\/#primaryimage\"},\"thumbnailUrl\":\"https:\\\/\\\/pluginspordolar.com\\\/wp-content\\\/uploads\\\/2023\\\/01\\\/descarga.png\",\"datePublished\":\"2024-08-05T22:01:46+00:00\",\"dateModified\":\"2025-03-29T01:37:45+00:00\",\"description\":\"Plugin de Wordpress para utilizar como addon en Woocomerce para colocar la pasarela de pagos Payu Latam en tu tienda.\",\"breadcrumb\":{\"@id\":\"https:\\\/\\\/pluginspordolar.com\\\/producto\\\/woocommerce-payu-latam-payment-gateway\\\/#breadcrumb\"},\"inLanguage\":\"en-US\",\"potentialAction\":[{\"@type\":\"ReadAction\",\"target\":[\"https:\\\/\\\/pluginspordolar.com\\\/producto\\\/woocommerce-payu-latam-payment-gateway\\\/\"]}]},{\"@type\":\"ImageObject\",\"inLanguage\":\"en-US\",\"@id\":\"https:\\\/\\\/pluginspordolar.com\\\/producto\\\/woocommerce-payu-latam-payment-gateway\\\/#primaryimage\",\"url\":\"https:\\\/\\\/pluginspordolar.com\\\/wp-content\\\/uploads\\\/2023\\\/01\\\/descarga.png\",\"contentUrl\":\"https:\\\/\\\/pluginspordolar.com\\\/wp-content\\\/uploads\\\/2023\\\/01\\\/descarga.png\",\"width\":225,\"height\":225},{\"@type\":\"BreadcrumbList\",\"@id\":\"https:\\\/\\\/pluginspordolar.com\\\/producto\\\/woocommerce-payu-latam-payment-gateway\\\/#breadcrumb\",\"itemListElement\":[{\"@type\":\"ListItem\",\"position\":1,\"name\":\"Portada\",\"item\":\"https:\\\/\\\/pluginspordolar.com\\\/\"},{\"@type\":\"ListItem\",\"position\":2,\"name\":\"Tienda\",\"item\":\"https:\\\/\\\/pluginspordolar.com\\\/tienda\\\/\"},{\"@type\":\"ListItem\",\"position\":3,\"name\":\"woocommerce Payu latam payment gateway\"}]},{\"@type\":\"WebSite\",\"@id\":\"https:\\\/\\\/pluginspordolar.com\\\/#website\",\"url\":\"https:\\\/\\\/pluginspordolar.com\\\/\",\"name\":\"Plugins x Dolar\",\"description\":\"Complementos Premium\",\"publisher\":{\"@id\":\"https:\\\/\\\/pluginspordolar.com\\\/#organization\"},\"potentialAction\":[{\"@type\":\"SearchAction\",\"target\":{\"@type\":\"EntryPoint\",\"urlTemplate\":\"https:\\\/\\\/pluginspordolar.com\\\/?s={search_term_string}\"},\"query-input\":{\"@type\":\"PropertyValueSpecification\",\"valueRequired\":true,\"valueName\":\"search_term_string\"}}],\"inLanguage\":\"en-US\"},{\"@type\":\"Organization\",\"@id\":\"https:\\\/\\\/pluginspordolar.com\\\/#organization\",\"name\":\"Plugins x Dolar\",\"url\":\"https:\\\/\\\/pluginspordolar.com\\\/\",\"logo\":{\"@type\":\"ImageObject\",\"inLanguage\":\"en-US\",\"@id\":\"https:\\\/\\\/pluginspordolar.com\\\/#\\\/schema\\\/logo\\\/image\\\/\",\"url\":\"https:\\\/\\\/pluginspordolar.com\\\/wp-content\\\/uploads\\\/Logo-moderno-pluginsxdolar-e1674435267756.png\",\"contentUrl\":\"https:\\\/\\\/pluginspordolar.com\\\/wp-content\\\/uploads\\\/Logo-moderno-pluginsxdolar-e1674435267756.png\",\"width\":500,\"height\":111,\"caption\":\"Plugins x Dolar\"},\"image\":{\"@id\":\"https:\\\/\\\/pluginspordolar.com\\\/#\\\/schema\\\/logo\\\/image\\\/\"}}]}<\/script>\n<!-- \/ Yoast SEO plugin. -->","yoast_head_json":{"title":"woocommerce Payu latam payment gateway - Plugins x Dolar","description":"Plugin de Wordpress para utilizar como addon en Woocomerce para colocar la pasarela de pagos Payu Latam en tu tienda.","robots":{"index":"noindex","follow":"follow"},"og_locale":"en_US","og_type":"article","og_title":"woocommerce Payu latam payment gateway - Plugins x Dolar","og_description":"Plugin de Wordpress para utilizar como addon en Woocomerce para colocar la pasarela de pagos Payu Latam en tu tienda.","og_url":"https:\/\/pluginspordolar.com\/en\/product\/woocommerce-payu-latam-payment-gateway\/","og_site_name":"Plugins x Dolar","article_modified_time":"2025-03-29T01:37:45+00:00","og_image":[{"width":225,"height":225,"url":"https:\/\/pluginspordolar.com\/wp-content\/uploads\/2023\/01\/descarga.png","type":"image\/png"}],"twitter_card":"summary_large_image","schema":{"@context":"https:\/\/schema.org","@graph":[{"@type":"WebPage","@id":"https:\/\/pluginspordolar.com\/producto\/woocommerce-payu-latam-payment-gateway\/","url":"https:\/\/pluginspordolar.com\/producto\/woocommerce-payu-latam-payment-gateway\/","name":"woocommerce Payu latam payment gateway - Plugins x Dolar","isPartOf":{"@id":"https:\/\/pluginspordolar.com\/#website"},"primaryImageOfPage":{"@id":"https:\/\/pluginspordolar.com\/producto\/woocommerce-payu-latam-payment-gateway\/#primaryimage"},"image":{"@id":"https:\/\/pluginspordolar.com\/producto\/woocommerce-payu-latam-payment-gateway\/#primaryimage"},"thumbnailUrl":"https:\/\/pluginspordolar.com\/wp-content\/uploads\/2023\/01\/descarga.png","datePublished":"2024-08-05T22:01:46+00:00","dateModified":"2025-03-29T01:37:45+00:00","description":"Plugin de Wordpress para utilizar como addon en Woocomerce para colocar la pasarela de pagos Payu Latam en tu tienda.","breadcrumb":{"@id":"https:\/\/pluginspordolar.com\/producto\/woocommerce-payu-latam-payment-gateway\/#breadcrumb"},"inLanguage":"en-US","potentialAction":[{"@type":"ReadAction","target":["https:\/\/pluginspordolar.com\/producto\/woocommerce-payu-latam-payment-gateway\/"]}]},{"@type":"ImageObject","inLanguage":"en-US","@id":"https:\/\/pluginspordolar.com\/producto\/woocommerce-payu-latam-payment-gateway\/#primaryimage","url":"https:\/\/pluginspordolar.com\/wp-content\/uploads\/2023\/01\/descarga.png","contentUrl":"https:\/\/pluginspordolar.com\/wp-content\/uploads\/2023\/01\/descarga.png","width":225,"height":225},{"@type":"BreadcrumbList","@id":"https:\/\/pluginspordolar.com\/producto\/woocommerce-payu-latam-payment-gateway\/#breadcrumb","itemListElement":[{"@type":"ListItem","position":1,"name":"Portada","item":"https:\/\/pluginspordolar.com\/"},{"@type":"ListItem","position":2,"name":"Tienda","item":"https:\/\/pluginspordolar.com\/tienda\/"},{"@type":"ListItem","position":3,"name":"woocommerce Payu latam payment gateway"}]},{"@type":"WebSite","@id":"https:\/\/pluginspordolar.com\/#website","url":"https:\/\/pluginspordolar.com\/","name":"Plugins x Dolar","description":"Complementos Premium","publisher":{"@id":"https:\/\/pluginspordolar.com\/#organization"},"potentialAction":[{"@type":"SearchAction","target":{"@type":"EntryPoint","urlTemplate":"https:\/\/pluginspordolar.com\/?s={search_term_string}"},"query-input":{"@type":"PropertyValueSpecification","valueRequired":true,"valueName":"search_term_string"}}],"inLanguage":"en-US"},{"@type":"Organization","@id":"https:\/\/pluginspordolar.com\/#organization","name":"Plugins x Dolar","url":"https:\/\/pluginspordolar.com\/","logo":{"@type":"ImageObject","inLanguage":"en-US","@id":"https:\/\/pluginspordolar.com\/#\/schema\/logo\/image\/","url":"https:\/\/pluginspordolar.com\/wp-content\/uploads\/Logo-moderno-pluginsxdolar-e1674435267756.png","contentUrl":"https:\/\/pluginspordolar.com\/wp-content\/uploads\/Logo-moderno-pluginsxdolar-e1674435267756.png","width":500,"height":111,"caption":"Plugins x Dolar"},"image":{"@id":"https:\/\/pluginspordolar.com\/#\/schema\/logo\/image\/"}}]}},"uagb_featured_image_src":{"full":["https:\/\/pluginspordolar.com\/wp-content\/uploads\/2023\/01\/descarga.png",225,225,false],"thumbnail":["https:\/\/pluginspordolar.com\/wp-content\/uploads\/2023\/01\/descarga-150x150.png",96,96,true],"medium":["https:\/\/pluginspordolar.com\/wp-content\/uploads\/2023\/01\/descarga.png",225,225,false],"medium_large":["https:\/\/pluginspordolar.com\/wp-content\/uploads\/2023\/01\/descarga.png",225,225,false],"large":["https:\/\/pluginspordolar.com\/wp-content\/uploads\/2023\/01\/descarga.png",225,225,false],"1536x1536":["https:\/\/pluginspordolar.com\/wp-content\/uploads\/2023\/01\/descarga.png",225,225,false],"2048x2048":["https:\/\/pluginspordolar.com\/wp-content\/uploads\/2023\/01\/descarga.png",225,225,false],"trp-custom-language-flag":["https:\/\/pluginspordolar.com\/wp-content\/uploads\/2023\/01\/descarga.png",12,12,false],"woocommerce_thumbnail":["https:\/\/pluginspordolar.com\/wp-content\/uploads\/2023\/01\/descarga.png",225,225,false],"woocommerce_single":["https:\/\/pluginspordolar.com\/wp-content\/uploads\/2023\/01\/descarga.png",225,225,false],"woocommerce_gallery_thumbnail":["https:\/\/pluginspordolar.com\/wp-content\/uploads\/2023\/01\/descarga-100x100.png",100,100,true]},"uagb_author_info":{"display_name":"nc","author_link":"https:\/\/pluginspordolar.com\/en\/author\/"},"uagb_comment_info":0,"uagb_excerpt":"Plugin de Wordpress para utilizar como addon en Woocomerce para colocar la pasarela de pagos Payu Latam en tu tienda. \u00daltima actualizaci\u00f3n: 9.11.20121 Este Plugin es gratuito para suscriptores y no suscriptores ! Click Aqu\u00ed para DESCARGA Dir\u00e9cta. NO ES NECESARIO A\u00d1ADIR AL CARRITO !","_links":{"self":[{"href":"https:\/\/pluginspordolar.com\/en\/wp-json\/wp\/v2\/product\/8026","targetHints":{"allow":["GET"]}}],"collection":[{"href":"https:\/\/pluginspordolar.com\/en\/wp-json\/wp\/v2\/product"}],"about":[{"href":"https:\/\/pluginspordolar.com\/en\/wp-json\/wp\/v2\/types\/product"}],"wp:featuredmedia":[{"embeddable":true,"href":"https:\/\/pluginspordolar.com\/en\/wp-json\/wp\/v2\/media\/6832"}],"wp:attachment":[{"href":"https:\/\/pluginspordolar.com\/en\/wp-json\/wp\/v2\/media?parent=8026"}],"wp:term":[{"taxonomy":"product_brand","embeddable":true,"href":"https:\/\/pluginspordolar.com\/en\/wp-json\/wp\/v2\/product_brand?post=8026"},{"taxonomy":"product_cat","embeddable":true,"href":"https:\/\/pluginspordolar.com\/en\/wp-json\/wp\/v2\/product_cat?post=8026"},{"taxonomy":"product_tag","embeddable":true,"href":"https:\/\/pluginspordolar.com\/en\/wp-json\/wp\/v2\/product_tag?post=8026"}],"curies":[{"name":"wp","href":"https:\/\/api.w.org\/{rel}","templated":true}]}}