{"id":7997,"date":"2024-08-05T22:01:39","date_gmt":"2024-08-05T22:01:39","guid":{"rendered":"https:\/\/pluginspordolar.com\/?post_type=product&#038;p=7997"},"modified":"2025-12-31T02:32:31","modified_gmt":"2025-12-31T02:32:31","slug":"fancy-product-designer","status":"publish","type":"product","link":"https:\/\/pluginspordolar.com\/en\/product\/fancy-product-designer\/","title":{"rendered":"Fancy Product Designer"},"content":{"rendered":"","protected":false},"excerpt":{"rendered":"<p>Fancy Product Designer es un plugin que te ofrece la libertad de dise\u00f1ar cualquier tipo de producto. Ofrezca a sus clientes la libertad de personalizar sus productos.<\/p>\n<p>Features:<\/p>\n<ul>\n<li data-xf-list-type=\"ul\">F\u00e1cil configuraci\u00f3n y en pocos minutos.<\/li>\n<li data-xf-list-type=\"ul\">Integraci\u00f3n con Woocommerce<\/li>\n<li data-xf-list-type=\"ul\">\u00a1Y mucho m\u00e1s!<\/li>\n<\/ul>\n<p>&nbsp;<\/p>\n<p><strong>\u00daltima actualizaci\u00f3n: 13\/ 12\/ 2025<\/strong><br \/>\n<strong>Versi\u00f3n actual: 6.4.8<\/strong><\/p>\n<p>&nbsp;<\/p>\n<p>ab24<\/p>","protected":false},"featured_media":6788,"template":"","meta":{"_eb_attr":"","_uag_custom_page_level_css":""},"product_brand":[],"product_cat":[44,71],"product_tag":[63],"class_list":{"0":"post-7997","1":"product","2":"type-product","3":"status-publish","4":"has-post-thumbnail","6":"product_cat-addons","7":"product_cat-plugins-woocommerce","8":"product_tag-fancy-product-designer","10":"first","11":"instock","12":"downloadable","13":"sold-individually","14":"purchasable","15":"product-type-simple"},"yoast_head":"<!-- This site is optimized with the Yoast SEO plugin v27.4 - https:\/\/yoast.com\/product\/yoast-seo-wordpress\/ -->\n<title>Fancy Product Designer - Plugins x Dolar<\/title>\n<meta name=\"robots\" content=\"noindex, nofollow\" \/>\n<meta property=\"og:locale\" content=\"en_US\" \/>\n<meta property=\"og:type\" content=\"article\" \/>\n<meta property=\"og:title\" content=\"Fancy Product Designer - Plugins x Dolar\" \/>\n<meta property=\"og:description\" content=\"Fancy Product Designer es un plugin que te ofrece la libertad de dise\u00f1ar cualquier tipo de producto. Ofrezca a sus clientes la libertad de personalizar sus productos.  Caracter\u00edsticas:   F\u00e1cil configuraci\u00f3n y en pocos minutos.  Integraci\u00f3n con Woocommerce  \u00a1Y mucho m\u00e1s!  &nbsp;  \u00daltima actualizaci\u00f3n: 13\/ 12\/ 2025 Versi\u00f3n actual: 6.4.8  &nbsp;  ab24\" \/>\n<meta property=\"og:url\" content=\"https:\/\/pluginspordolar.com\/en\/product\/fancy-product-designer\/\" \/>\n<meta property=\"og:site_name\" content=\"Plugins x Dolar\" \/>\n<meta property=\"article:modified_time\" content=\"2025-12-31T02:32:31+00:00\" \/>\n<meta property=\"og:image\" content=\"https:\/\/pluginspordolar.com\/wp-content\/uploads\/2023\/01\/Fancy-Product-Designer.jpg.jpg\" \/>\n\t<meta property=\"og:image:width\" content=\"280\" \/>\n\t<meta property=\"og:image:height\" content=\"280\" \/>\n\t<meta property=\"og:image:type\" content=\"image\/jpeg\" \/>\n<meta name=\"twitter:card\" content=\"summary_large_image\" \/>\n<meta name=\"twitter:label1\" content=\"Est. reading time\" \/>\n\t<meta name=\"twitter:data1\" content=\"1 minute\" \/>\n<script type=\"application\/ld+json\" class=\"yoast-schema-graph\">{\"@context\":\"https:\\\/\\\/schema.org\",\"@graph\":[{\"@type\":\"WebPage\",\"@id\":\"https:\\\/\\\/pluginspordolar.com\\\/producto\\\/fancy-product-designer\\\/\",\"url\":\"https:\\\/\\\/pluginspordolar.com\\\/producto\\\/fancy-product-designer\\\/\",\"name\":\"Fancy Product Designer - Plugins x Dolar\",\"isPartOf\":{\"@id\":\"https:\\\/\\\/pluginspordolar.com\\\/#website\"},\"primaryImageOfPage\":{\"@id\":\"https:\\\/\\\/pluginspordolar.com\\\/producto\\\/fancy-product-designer\\\/#primaryimage\"},\"image\":{\"@id\":\"https:\\\/\\\/pluginspordolar.com\\\/producto\\\/fancy-product-designer\\\/#primaryimage\"},\"thumbnailUrl\":\"https:\\\/\\\/pluginspordolar.com\\\/wp-content\\\/uploads\\\/2023\\\/01\\\/Fancy-Product-Designer.jpg.jpg\",\"datePublished\":\"2024-08-05T22:01:39+00:00\",\"dateModified\":\"2025-12-31T02:32:31+00:00\",\"breadcrumb\":{\"@id\":\"https:\\\/\\\/pluginspordolar.com\\\/producto\\\/fancy-product-designer\\\/#breadcrumb\"},\"inLanguage\":\"en-US\",\"potentialAction\":[{\"@type\":\"ReadAction\",\"target\":[\"https:\\\/\\\/pluginspordolar.com\\\/producto\\\/fancy-product-designer\\\/\"]}]},{\"@type\":\"ImageObject\",\"inLanguage\":\"en-US\",\"@id\":\"https:\\\/\\\/pluginspordolar.com\\\/producto\\\/fancy-product-designer\\\/#primaryimage\",\"url\":\"https:\\\/\\\/pluginspordolar.com\\\/wp-content\\\/uploads\\\/2023\\\/01\\\/Fancy-Product-Designer.jpg.jpg\",\"contentUrl\":\"https:\\\/\\\/pluginspordolar.com\\\/wp-content\\\/uploads\\\/2023\\\/01\\\/Fancy-Product-Designer.jpg.jpg\",\"width\":280,\"height\":280},{\"@type\":\"BreadcrumbList\",\"@id\":\"https:\\\/\\\/pluginspordolar.com\\\/producto\\\/fancy-product-designer\\\/#breadcrumb\",\"itemListElement\":[{\"@type\":\"ListItem\",\"position\":1,\"name\":\"Portada\",\"item\":\"https:\\\/\\\/pluginspordolar.com\\\/\"},{\"@type\":\"ListItem\",\"position\":2,\"name\":\"Tienda\",\"item\":\"https:\\\/\\\/pluginspordolar.com\\\/tienda\\\/\"},{\"@type\":\"ListItem\",\"position\":3,\"name\":\"Fancy Product Designer\"}]},{\"@type\":\"WebSite\",\"@id\":\"https:\\\/\\\/pluginspordolar.com\\\/#website\",\"url\":\"https:\\\/\\\/pluginspordolar.com\\\/\",\"name\":\"Plugins x Dolar\",\"description\":\"Complementos Premium\",\"publisher\":{\"@id\":\"https:\\\/\\\/pluginspordolar.com\\\/#organization\"},\"potentialAction\":[{\"@type\":\"SearchAction\",\"target\":{\"@type\":\"EntryPoint\",\"urlTemplate\":\"https:\\\/\\\/pluginspordolar.com\\\/?s={search_term_string}\"},\"query-input\":{\"@type\":\"PropertyValueSpecification\",\"valueRequired\":true,\"valueName\":\"search_term_string\"}}],\"inLanguage\":\"en-US\"},{\"@type\":\"Organization\",\"@id\":\"https:\\\/\\\/pluginspordolar.com\\\/#organization\",\"name\":\"Plugins x Dolar\",\"url\":\"https:\\\/\\\/pluginspordolar.com\\\/\",\"logo\":{\"@type\":\"ImageObject\",\"inLanguage\":\"en-US\",\"@id\":\"https:\\\/\\\/pluginspordolar.com\\\/#\\\/schema\\\/logo\\\/image\\\/\",\"url\":\"https:\\\/\\\/pluginspordolar.com\\\/wp-content\\\/uploads\\\/Logo-moderno-pluginsxdolar-e1674435267756.png\",\"contentUrl\":\"https:\\\/\\\/pluginspordolar.com\\\/wp-content\\\/uploads\\\/Logo-moderno-pluginsxdolar-e1674435267756.png\",\"width\":500,\"height\":111,\"caption\":\"Plugins x Dolar\"},\"image\":{\"@id\":\"https:\\\/\\\/pluginspordolar.com\\\/#\\\/schema\\\/logo\\\/image\\\/\"}}]}<\/script>\n<!-- \/ Yoast SEO plugin. -->","yoast_head_json":{"title":"Fancy Product Designer - Plugins x Dolar","robots":{"index":"noindex","follow":"nofollow"},"og_locale":"en_US","og_type":"article","og_title":"Fancy Product Designer - Plugins x Dolar","og_description":"Fancy Product Designer es un plugin que te ofrece la libertad de dise\u00f1ar cualquier tipo de producto. Ofrezca a sus clientes la libertad de personalizar sus productos.  Caracter\u00edsticas:   F\u00e1cil configuraci\u00f3n y en pocos minutos.  Integraci\u00f3n con Woocommerce  \u00a1Y mucho m\u00e1s!  &nbsp;  \u00daltima actualizaci\u00f3n: 13\/ 12\/ 2025 Versi\u00f3n actual: 6.4.8  &nbsp;  ab24","og_url":"https:\/\/pluginspordolar.com\/en\/product\/fancy-product-designer\/","og_site_name":"Plugins x Dolar","article_modified_time":"2025-12-31T02:32:31+00:00","og_image":[{"width":280,"height":280,"url":"https:\/\/pluginspordolar.com\/wp-content\/uploads\/2023\/01\/Fancy-Product-Designer.jpg.jpg","type":"image\/jpeg"}],"twitter_card":"summary_large_image","twitter_misc":{"Est. reading time":"1 minute"},"schema":{"@context":"https:\/\/schema.org","@graph":[{"@type":"WebPage","@id":"https:\/\/pluginspordolar.com\/producto\/fancy-product-designer\/","url":"https:\/\/pluginspordolar.com\/producto\/fancy-product-designer\/","name":"Fancy Product Designer - Plugins x Dolar","isPartOf":{"@id":"https:\/\/pluginspordolar.com\/#website"},"primaryImageOfPage":{"@id":"https:\/\/pluginspordolar.com\/producto\/fancy-product-designer\/#primaryimage"},"image":{"@id":"https:\/\/pluginspordolar.com\/producto\/fancy-product-designer\/#primaryimage"},"thumbnailUrl":"https:\/\/pluginspordolar.com\/wp-content\/uploads\/2023\/01\/Fancy-Product-Designer.jpg.jpg","datePublished":"2024-08-05T22:01:39+00:00","dateModified":"2025-12-31T02:32:31+00:00","breadcrumb":{"@id":"https:\/\/pluginspordolar.com\/producto\/fancy-product-designer\/#breadcrumb"},"inLanguage":"en-US","potentialAction":[{"@type":"ReadAction","target":["https:\/\/pluginspordolar.com\/producto\/fancy-product-designer\/"]}]},{"@type":"ImageObject","inLanguage":"en-US","@id":"https:\/\/pluginspordolar.com\/producto\/fancy-product-designer\/#primaryimage","url":"https:\/\/pluginspordolar.com\/wp-content\/uploads\/2023\/01\/Fancy-Product-Designer.jpg.jpg","contentUrl":"https:\/\/pluginspordolar.com\/wp-content\/uploads\/2023\/01\/Fancy-Product-Designer.jpg.jpg","width":280,"height":280},{"@type":"BreadcrumbList","@id":"https:\/\/pluginspordolar.com\/producto\/fancy-product-designer\/#breadcrumb","itemListElement":[{"@type":"ListItem","position":1,"name":"Portada","item":"https:\/\/pluginspordolar.com\/"},{"@type":"ListItem","position":2,"name":"Tienda","item":"https:\/\/pluginspordolar.com\/tienda\/"},{"@type":"ListItem","position":3,"name":"Fancy Product Designer"}]},{"@type":"WebSite","@id":"https:\/\/pluginspordolar.com\/#website","url":"https:\/\/pluginspordolar.com\/","name":"Plugins x Dolar","description":"Complementos Premium","publisher":{"@id":"https:\/\/pluginspordolar.com\/#organization"},"potentialAction":[{"@type":"SearchAction","target":{"@type":"EntryPoint","urlTemplate":"https:\/\/pluginspordolar.com\/?s={search_term_string}"},"query-input":{"@type":"PropertyValueSpecification","valueRequired":true,"valueName":"search_term_string"}}],"inLanguage":"en-US"},{"@type":"Organization","@id":"https:\/\/pluginspordolar.com\/#organization","name":"Plugins x Dolar","url":"https:\/\/pluginspordolar.com\/","logo":{"@type":"ImageObject","inLanguage":"en-US","@id":"https:\/\/pluginspordolar.com\/#\/schema\/logo\/image\/","url":"https:\/\/pluginspordolar.com\/wp-content\/uploads\/Logo-moderno-pluginsxdolar-e1674435267756.png","contentUrl":"https:\/\/pluginspordolar.com\/wp-content\/uploads\/Logo-moderno-pluginsxdolar-e1674435267756.png","width":500,"height":111,"caption":"Plugins x Dolar"},"image":{"@id":"https:\/\/pluginspordolar.com\/#\/schema\/logo\/image\/"}}]}},"uagb_featured_image_src":{"full":["https:\/\/pluginspordolar.com\/wp-content\/uploads\/2023\/01\/Fancy-Product-Designer.jpg.jpg",280,280,false],"thumbnail":["https:\/\/pluginspordolar.com\/wp-content\/uploads\/2023\/01\/Fancy-Product-Designer.jpg-150x150.jpg",96,96,true],"medium":["https:\/\/pluginspordolar.com\/wp-content\/uploads\/2023\/01\/Fancy-Product-Designer.jpg.jpg",280,280,false],"medium_large":["https:\/\/pluginspordolar.com\/wp-content\/uploads\/2023\/01\/Fancy-Product-Designer.jpg.jpg",280,280,false],"large":["https:\/\/pluginspordolar.com\/wp-content\/uploads\/2023\/01\/Fancy-Product-Designer.jpg.jpg",280,280,false],"1536x1536":["https:\/\/pluginspordolar.com\/wp-content\/uploads\/2023\/01\/Fancy-Product-Designer.jpg.jpg",280,280,false],"2048x2048":["https:\/\/pluginspordolar.com\/wp-content\/uploads\/2023\/01\/Fancy-Product-Designer.jpg.jpg",280,280,false],"trp-custom-language-flag":["https:\/\/pluginspordolar.com\/wp-content\/uploads\/2023\/01\/Fancy-Product-Designer.jpg.jpg",12,12,false],"woocommerce_thumbnail":["https:\/\/pluginspordolar.com\/wp-content\/uploads\/2023\/01\/Fancy-Product-Designer.jpg.jpg",280,280,false],"woocommerce_single":["https:\/\/pluginspordolar.com\/wp-content\/uploads\/2023\/01\/Fancy-Product-Designer.jpg.jpg",280,280,false],"woocommerce_gallery_thumbnail":["https:\/\/pluginspordolar.com\/wp-content\/uploads\/2023\/01\/Fancy-Product-Designer.jpg-100x100.jpg",100,100,true]},"uagb_author_info":{"display_name":"nc","author_link":"https:\/\/pluginspordolar.com\/en\/author\/"},"uagb_comment_info":0,"uagb_excerpt":"Fancy Product Designer es un plugin que te ofrece la libertad de dise\u00f1ar cualquier tipo de producto. Ofrezca a sus clientes la libertad de personalizar sus productos. Caracter\u00edsticas: F\u00e1cil configuraci\u00f3n y en pocos minutos. Integraci\u00f3n con Woocommerce \u00a1Y mucho m\u00e1s! &nbsp; \u00daltima actualizaci\u00f3n: 13\/ 12\/ 2025 Versi\u00f3n actual: 6.4.8 &nbsp; ab24","_links":{"self":[{"href":"https:\/\/pluginspordolar.com\/en\/wp-json\/wp\/v2\/product\/7997","targetHints":{"allow":["GET"]}}],"collection":[{"href":"https:\/\/pluginspordolar.com\/en\/wp-json\/wp\/v2\/product"}],"about":[{"href":"https:\/\/pluginspordolar.com\/en\/wp-json\/wp\/v2\/types\/product"}],"wp:featuredmedia":[{"embeddable":true,"href":"https:\/\/pluginspordolar.com\/en\/wp-json\/wp\/v2\/media\/6788"}],"wp:attachment":[{"href":"https:\/\/pluginspordolar.com\/en\/wp-json\/wp\/v2\/media?parent=7997"}],"wp:term":[{"taxonomy":"product_brand","embeddable":true,"href":"https:\/\/pluginspordolar.com\/en\/wp-json\/wp\/v2\/product_brand?post=7997"},{"taxonomy":"product_cat","embeddable":true,"href":"https:\/\/pluginspordolar.com\/en\/wp-json\/wp\/v2\/product_cat?post=7997"},{"taxonomy":"product_tag","embeddable":true,"href":"https:\/\/pluginspordolar.com\/en\/wp-json\/wp\/v2\/product_tag?post=7997"}],"curies":[{"name":"wp","href":"https:\/\/api.w.org\/{rel}","templated":true}]}}