{"id":7987,"date":"2024-08-05T22:01:39","date_gmt":"2024-08-05T22:01:39","guid":{"rendered":"https:\/\/pluginspordolar.com\/?post_type=product&#038;p=7987"},"modified":"2025-03-29T02:05:33","modified_gmt":"2025-03-29T02:05:33","slug":"asset-cleanup-pro","status":"publish","type":"product","link":"https:\/\/pluginspordolar.com\/en\/product\/asset-cleanup-pro\/","title":{"rendered":"Asset Cleanup Pro"},"content":{"rendered":"<p>With the plugin\u00a0<strong>Asset CleanUp Pro<\/strong>\u00a0you can, for example, to download the styles unwanted that are not used in a page.<\/p>\n<h2>Features:<\/h2>\n<ul>\n<li>Optimize your website by removing the fat from the css and js as<\/li>\n<li>Category pages, tag pages, blog pages, custom pages or products of\u00a0<a class=\"wpil_keyword_link\" title=\"WooCommerce\" href=\"https:\/\/plugins-wp.online\/woocommerce\/\" target=\"_blank\" rel=\"noopener\" data-wpil-keyword-link=\"linked\">WooCommerce<\/a>.<\/li>\n<li>You can also enhance the pages of the author (for example, pages that show all the entries posted by a particular author, as detected by the function (is_author)).<\/li>\n<li>Search pages of WooCommerce (which have the same settings as the pages of the actual store, and are recognized by the function (is_shop)).<\/li>\n<li>The 404 pages (not found), which are the lightest, do not load CSS or JavaScript files, unnecessary and are detected by the function (is_404).<\/li>\n<li>Pages of file dates: these are pages arbitrary retrieved items filtered by date, as detected by the function (is_date).<\/li>\n<li>You can apply attributes such as &#034;defer&#034; or &#034;async&#034; to the JavaScript file loaded.<\/li>\n<li>There are a number of techniques that are commonly used to delay parsing, but the simplest and most popular is to simply delay the loading of JavaScript until it is needed.<\/li>\n<li>Aunque esta t\u00e9cnica no es adecuada para sus prop\u00f3sitos, se recomienda utilizar el atributo &lt;script async&gt; cuando sea necesario. Esto evitar\u00e1 que el an\u00e1lisis sint\u00e1ctico se retrase hasta el hilo de la interfaz de usuario del navegador.<\/li>\n<li>All these settings can be done without writing any code in Asset CleanUp Pro.<\/li>\n<li>Change the location of the CSS\/JS files (if you need prehabilitar certain files, redeem them HEAD to the BODY so as not to interfere with the rendering, and vice versa).<\/li>\n<li>Download CSS\/JS encoded (not loaded by the default functions of\u00a0<a class=\"wpil_keyword_link\" title=\"WordPress\" href=\"https:\/\/plugins-wp.online\/ultimas-actualizaciones\/\" target=\"_blank\" rel=\"noopener\" data-wpil-keyword-link=\"linked\">WordPress<\/a>\u00a0as (wp_enqueue_scripts)).<\/li>\n<li>The tags LINK \/ STYLE \/ SCRIPT can be inserted directly into the content of the entries and widgets by editing the PHP code (without the use of the hooks of handling correct WordPress) or through the &#034;Insert header and footer&#034;, etc<\/li>\n<li>The function &#034;test mode&#034; allows you to optimize your website (to download additional files, configuration files, JavaScript asynchronous to slow down the loading, cleaning up the HTML code).<\/li>\n<li>If you believe that your changes can affect the properties of your web site, do not make any changes in &#034;real-time&#034; (for normal visitors), and reset the settings.<\/li>\n<li>Any changes made to Asset Cleanup pro will be applied (only administrators logged in).<\/li>\n<li>Once you are satisfied with the appearance of your page, you can exit the &#034;test mode&#034; and make changes in real-time for all others to enjoy the building&#039;s pages more quickly.<\/li>\n<li>Manages the CSS and JavaScript files in a queue for your home page, entries, pages and custom posts types (product pages for WooCommerce, Easy Digital Downloads, etc).<\/li>\n<li>Add downloads in any place (the entire site), the pages or specific types of post, and exceptions of charge.<\/li>\n<li>Manages the CSS and JavaScript files in the control panel (by default) or in the front view (bottom of page).<\/li>\n<li>It has enabled the cleanup of resources for the &#034;test mode&#034;, so that changes in the\u00a0<a class=\"wpil_keyword_link\" title=\"plugins\" href=\"https:\/\/plugins-wp.online\/plugins-wordpress\/\" target=\"_blank\" rel=\"noopener\" data-wpil-keyword-link=\"linked\">plugins<\/a>\u00a0for debugging purposes can be implemented only to the administrators logged in.<\/li>\n<li>To minimize the rest of the CSS and JavaScript files are loaded (you can add exceptions).<\/li>\n<li>Combinar el resto de los archivos CSS y JavaScript cargados en un n\u00famero menor de archivos en cada una de las ubicaciones &lt;HEAD&gt; y &lt;BODY&gt; (se pueden a\u00f1adir excepciones).<\/li>\n<li>Elimina la basura de &lt;HEAD&gt; y &lt;BODY&gt; que contenga las siguientes etiquetas de enlace: Really Simple Discovery (RSD), Windows Live Writer, REST API, Shortlink Posts \/ Pages, Relational Posts, WordPress Generators (tambi\u00e9n es bueno para la seguridad), RSS Links .<\/li>\n<li>They have also removed HTML comments are valid (add exceptions) and have added exceptions to the types of inputs and loads.<\/li>\n<\/ul>\n<p>NOTE: PREACTIVATED<br \/>\nACTIVATION: Try to use <strong>B5E0B5F8DD8689E6ACA49DD6E6E1A930<\/strong><\/p>","protected":false},"excerpt":{"rendered":"<p>\u00a1We continuously new features of the add-Asset Cleanup Pro to help you speed up your WordPress website as well.<\/p>\n<ul>\n<li><strong>Last update: 28.09.2022<\/strong><\/li>\n<li><strong>Current version: 1.2.2.0<\/strong><\/li>\n<\/ul>\n<p>&nbsp;<\/p>","protected":false},"featured_media":6779,"template":"","meta":{"_eb_attr":"","_uag_custom_page_level_css":""},"product_brand":[],"product_cat":[27],"product_tag":[53],"class_list":{"0":"post-7987","1":"product","2":"type-product","3":"status-publish","4":"has-post-thumbnail","6":"product_cat-plugins-wordpress","7":"product_tag-asset-cleanup-pro","9":"first","10":"instock","11":"downloadable","12":"virtual","13":"sold-individually","14":"purchasable","15":"product-type-simple"},"yoast_head":"<!-- This site is optimized with the Yoast SEO plugin v27.4 - https:\/\/yoast.com\/product\/yoast-seo-wordpress\/ -->\n<title>Asset Cleanup Pro - Plugins x Dolar<\/title>\n<meta name=\"description\" content=\"Con el plugin Asset CleanUp Pro puedes, por ejemplo, descargar los estilos no deseados que no se utilizan en una p\u00e1gina creada en Wordpress\" \/>\n<meta name=\"robots\" content=\"noindex, follow\" \/>\n<meta property=\"og:locale\" content=\"en_US\" \/>\n<meta property=\"og:type\" content=\"article\" \/>\n<meta property=\"og:title\" content=\"Asset Cleanup Pro - Plugins x Dolar\" \/>\n<meta property=\"og:description\" content=\"Con el plugin Asset CleanUp Pro puedes, por ejemplo, descargar los estilos no deseados que no se utilizan en una p\u00e1gina creada en Wordpress\" \/>\n<meta property=\"og:url\" content=\"https:\/\/pluginspordolar.com\/en\/product\/asset-cleanup-pro\/\" \/>\n<meta property=\"og:site_name\" content=\"Plugins x Dolar\" \/>\n<meta property=\"article:modified_time\" content=\"2025-03-29T02:05:33+00:00\" \/>\n<meta property=\"og:image\" content=\"https:\/\/pluginspordolar.com\/wp-content\/uploads\/2023\/01\/Asset-Cleanup-Pro-1.png-1.png\" \/>\n\t<meta property=\"og:image:width\" content=\"280\" \/>\n\t<meta property=\"og:image:height\" content=\"280\" \/>\n\t<meta property=\"og:image:type\" content=\"image\/png\" \/>\n<meta name=\"twitter:card\" content=\"summary_large_image\" \/>\n<meta name=\"twitter:label1\" content=\"Est. reading time\" \/>\n\t<meta name=\"twitter:data1\" content=\"3 minutes\" \/>\n<script type=\"application\/ld+json\" class=\"yoast-schema-graph\">{\"@context\":\"https:\\\/\\\/schema.org\",\"@graph\":[{\"@type\":\"WebPage\",\"@id\":\"https:\\\/\\\/pluginspordolar.com\\\/producto\\\/asset-cleanup-pro\\\/\",\"url\":\"https:\\\/\\\/pluginspordolar.com\\\/producto\\\/asset-cleanup-pro\\\/\",\"name\":\"Asset Cleanup Pro - Plugins x Dolar\",\"isPartOf\":{\"@id\":\"https:\\\/\\\/pluginspordolar.com\\\/#website\"},\"primaryImageOfPage\":{\"@id\":\"https:\\\/\\\/pluginspordolar.com\\\/producto\\\/asset-cleanup-pro\\\/#primaryimage\"},\"image\":{\"@id\":\"https:\\\/\\\/pluginspordolar.com\\\/producto\\\/asset-cleanup-pro\\\/#primaryimage\"},\"thumbnailUrl\":\"https:\\\/\\\/pluginspordolar.com\\\/wp-content\\\/uploads\\\/2023\\\/01\\\/Asset-Cleanup-Pro-1.png-1.png\",\"datePublished\":\"2024-08-05T22:01:39+00:00\",\"dateModified\":\"2025-03-29T02:05:33+00:00\",\"description\":\"Con el plugin Asset CleanUp Pro puedes, por ejemplo, descargar los estilos no deseados que no se utilizan en una p\u00e1gina creada en Wordpress\",\"breadcrumb\":{\"@id\":\"https:\\\/\\\/pluginspordolar.com\\\/producto\\\/asset-cleanup-pro\\\/#breadcrumb\"},\"inLanguage\":\"en-US\",\"potentialAction\":[{\"@type\":\"ReadAction\",\"target\":[\"https:\\\/\\\/pluginspordolar.com\\\/producto\\\/asset-cleanup-pro\\\/\"]}]},{\"@type\":\"ImageObject\",\"inLanguage\":\"en-US\",\"@id\":\"https:\\\/\\\/pluginspordolar.com\\\/producto\\\/asset-cleanup-pro\\\/#primaryimage\",\"url\":\"https:\\\/\\\/pluginspordolar.com\\\/wp-content\\\/uploads\\\/2023\\\/01\\\/Asset-Cleanup-Pro-1.png-1.png\",\"contentUrl\":\"https:\\\/\\\/pluginspordolar.com\\\/wp-content\\\/uploads\\\/2023\\\/01\\\/Asset-Cleanup-Pro-1.png-1.png\",\"width\":280,\"height\":280},{\"@type\":\"BreadcrumbList\",\"@id\":\"https:\\\/\\\/pluginspordolar.com\\\/producto\\\/asset-cleanup-pro\\\/#breadcrumb\",\"itemListElement\":[{\"@type\":\"ListItem\",\"position\":1,\"name\":\"Portada\",\"item\":\"https:\\\/\\\/pluginspordolar.com\\\/\"},{\"@type\":\"ListItem\",\"position\":2,\"name\":\"Tienda\",\"item\":\"https:\\\/\\\/pluginspordolar.com\\\/tienda\\\/\"},{\"@type\":\"ListItem\",\"position\":3,\"name\":\"Asset Cleanup Pro\"}]},{\"@type\":\"WebSite\",\"@id\":\"https:\\\/\\\/pluginspordolar.com\\\/#website\",\"url\":\"https:\\\/\\\/pluginspordolar.com\\\/\",\"name\":\"Plugins x Dolar\",\"description\":\"Complementos Premium\",\"publisher\":{\"@id\":\"https:\\\/\\\/pluginspordolar.com\\\/#organization\"},\"potentialAction\":[{\"@type\":\"SearchAction\",\"target\":{\"@type\":\"EntryPoint\",\"urlTemplate\":\"https:\\\/\\\/pluginspordolar.com\\\/?s={search_term_string}\"},\"query-input\":{\"@type\":\"PropertyValueSpecification\",\"valueRequired\":true,\"valueName\":\"search_term_string\"}}],\"inLanguage\":\"en-US\"},{\"@type\":\"Organization\",\"@id\":\"https:\\\/\\\/pluginspordolar.com\\\/#organization\",\"name\":\"Plugins x Dolar\",\"url\":\"https:\\\/\\\/pluginspordolar.com\\\/\",\"logo\":{\"@type\":\"ImageObject\",\"inLanguage\":\"en-US\",\"@id\":\"https:\\\/\\\/pluginspordolar.com\\\/#\\\/schema\\\/logo\\\/image\\\/\",\"url\":\"https:\\\/\\\/pluginspordolar.com\\\/wp-content\\\/uploads\\\/Logo-moderno-pluginsxdolar-e1674435267756.png\",\"contentUrl\":\"https:\\\/\\\/pluginspordolar.com\\\/wp-content\\\/uploads\\\/Logo-moderno-pluginsxdolar-e1674435267756.png\",\"width\":500,\"height\":111,\"caption\":\"Plugins x Dolar\"},\"image\":{\"@id\":\"https:\\\/\\\/pluginspordolar.com\\\/#\\\/schema\\\/logo\\\/image\\\/\"}}]}<\/script>\n<!-- \/ Yoast SEO plugin. -->","yoast_head_json":{"title":"Asset Cleanup Pro - Plugins x Dolar","description":"Con el plugin Asset CleanUp Pro puedes, por ejemplo, descargar los estilos no deseados que no se utilizan en una p\u00e1gina creada en Wordpress","robots":{"index":"noindex","follow":"follow"},"og_locale":"en_US","og_type":"article","og_title":"Asset Cleanup Pro - Plugins x Dolar","og_description":"Con el plugin Asset CleanUp Pro puedes, por ejemplo, descargar los estilos no deseados que no se utilizan en una p\u00e1gina creada en Wordpress","og_url":"https:\/\/pluginspordolar.com\/en\/product\/asset-cleanup-pro\/","og_site_name":"Plugins x Dolar","article_modified_time":"2025-03-29T02:05:33+00:00","og_image":[{"width":280,"height":280,"url":"https:\/\/pluginspordolar.com\/wp-content\/uploads\/2023\/01\/Asset-Cleanup-Pro-1.png-1.png","type":"image\/png"}],"twitter_card":"summary_large_image","twitter_misc":{"Est. reading time":"3 minutes"},"schema":{"@context":"https:\/\/schema.org","@graph":[{"@type":"WebPage","@id":"https:\/\/pluginspordolar.com\/producto\/asset-cleanup-pro\/","url":"https:\/\/pluginspordolar.com\/producto\/asset-cleanup-pro\/","name":"Asset Cleanup Pro - Plugins x Dolar","isPartOf":{"@id":"https:\/\/pluginspordolar.com\/#website"},"primaryImageOfPage":{"@id":"https:\/\/pluginspordolar.com\/producto\/asset-cleanup-pro\/#primaryimage"},"image":{"@id":"https:\/\/pluginspordolar.com\/producto\/asset-cleanup-pro\/#primaryimage"},"thumbnailUrl":"https:\/\/pluginspordolar.com\/wp-content\/uploads\/2023\/01\/Asset-Cleanup-Pro-1.png-1.png","datePublished":"2024-08-05T22:01:39+00:00","dateModified":"2025-03-29T02:05:33+00:00","description":"Con el plugin Asset CleanUp Pro puedes, por ejemplo, descargar los estilos no deseados que no se utilizan en una p\u00e1gina creada en Wordpress","breadcrumb":{"@id":"https:\/\/pluginspordolar.com\/producto\/asset-cleanup-pro\/#breadcrumb"},"inLanguage":"en-US","potentialAction":[{"@type":"ReadAction","target":["https:\/\/pluginspordolar.com\/producto\/asset-cleanup-pro\/"]}]},{"@type":"ImageObject","inLanguage":"en-US","@id":"https:\/\/pluginspordolar.com\/producto\/asset-cleanup-pro\/#primaryimage","url":"https:\/\/pluginspordolar.com\/wp-content\/uploads\/2023\/01\/Asset-Cleanup-Pro-1.png-1.png","contentUrl":"https:\/\/pluginspordolar.com\/wp-content\/uploads\/2023\/01\/Asset-Cleanup-Pro-1.png-1.png","width":280,"height":280},{"@type":"BreadcrumbList","@id":"https:\/\/pluginspordolar.com\/producto\/asset-cleanup-pro\/#breadcrumb","itemListElement":[{"@type":"ListItem","position":1,"name":"Portada","item":"https:\/\/pluginspordolar.com\/"},{"@type":"ListItem","position":2,"name":"Tienda","item":"https:\/\/pluginspordolar.com\/tienda\/"},{"@type":"ListItem","position":3,"name":"Asset Cleanup Pro"}]},{"@type":"WebSite","@id":"https:\/\/pluginspordolar.com\/#website","url":"https:\/\/pluginspordolar.com\/","name":"Plugins x Dolar","description":"Complementos Premium","publisher":{"@id":"https:\/\/pluginspordolar.com\/#organization"},"potentialAction":[{"@type":"SearchAction","target":{"@type":"EntryPoint","urlTemplate":"https:\/\/pluginspordolar.com\/?s={search_term_string}"},"query-input":{"@type":"PropertyValueSpecification","valueRequired":true,"valueName":"search_term_string"}}],"inLanguage":"en-US"},{"@type":"Organization","@id":"https:\/\/pluginspordolar.com\/#organization","name":"Plugins x Dolar","url":"https:\/\/pluginspordolar.com\/","logo":{"@type":"ImageObject","inLanguage":"en-US","@id":"https:\/\/pluginspordolar.com\/#\/schema\/logo\/image\/","url":"https:\/\/pluginspordolar.com\/wp-content\/uploads\/Logo-moderno-pluginsxdolar-e1674435267756.png","contentUrl":"https:\/\/pluginspordolar.com\/wp-content\/uploads\/Logo-moderno-pluginsxdolar-e1674435267756.png","width":500,"height":111,"caption":"Plugins x Dolar"},"image":{"@id":"https:\/\/pluginspordolar.com\/#\/schema\/logo\/image\/"}}]}},"uagb_featured_image_src":{"full":["https:\/\/pluginspordolar.com\/wp-content\/uploads\/2023\/01\/Asset-Cleanup-Pro-1.png-1.png",280,280,false],"thumbnail":["https:\/\/pluginspordolar.com\/wp-content\/uploads\/2023\/01\/Asset-Cleanup-Pro-1.png-1-150x150.png",96,96,true],"medium":["https:\/\/pluginspordolar.com\/wp-content\/uploads\/2023\/01\/Asset-Cleanup-Pro-1.png-1.png",280,280,false],"medium_large":["https:\/\/pluginspordolar.com\/wp-content\/uploads\/2023\/01\/Asset-Cleanup-Pro-1.png-1.png",280,280,false],"large":["https:\/\/pluginspordolar.com\/wp-content\/uploads\/2023\/01\/Asset-Cleanup-Pro-1.png-1.png",280,280,false],"1536x1536":["https:\/\/pluginspordolar.com\/wp-content\/uploads\/2023\/01\/Asset-Cleanup-Pro-1.png-1.png",280,280,false],"2048x2048":["https:\/\/pluginspordolar.com\/wp-content\/uploads\/2023\/01\/Asset-Cleanup-Pro-1.png-1.png",280,280,false],"trp-custom-language-flag":["https:\/\/pluginspordolar.com\/wp-content\/uploads\/2023\/01\/Asset-Cleanup-Pro-1.png-1.png",12,12,false],"woocommerce_thumbnail":["https:\/\/pluginspordolar.com\/wp-content\/uploads\/2023\/01\/Asset-Cleanup-Pro-1.png-1.png",280,280,false],"woocommerce_single":["https:\/\/pluginspordolar.com\/wp-content\/uploads\/2023\/01\/Asset-Cleanup-Pro-1.png-1.png",280,280,false],"woocommerce_gallery_thumbnail":["https:\/\/pluginspordolar.com\/wp-content\/uploads\/2023\/01\/Asset-Cleanup-Pro-1.png-1-100x100.png",100,100,true]},"uagb_author_info":{"display_name":"nc","author_link":"https:\/\/pluginspordolar.com\/en\/author\/"},"uagb_comment_info":0,"uagb_excerpt":"\u00a1Incluimos continuamente nuevas funciones del complemento Asset Cleanup Pro para ayudarlo a acelerar su sitio web de WordPress tambi\u00e9n. \u00daltima actualizaci\u00f3n: 28.09.2022 Versi\u00f3n actual: 1.2.2.0 &nbsp;","_links":{"self":[{"href":"https:\/\/pluginspordolar.com\/en\/wp-json\/wp\/v2\/product\/7987","targetHints":{"allow":["GET"]}}],"collection":[{"href":"https:\/\/pluginspordolar.com\/en\/wp-json\/wp\/v2\/product"}],"about":[{"href":"https:\/\/pluginspordolar.com\/en\/wp-json\/wp\/v2\/types\/product"}],"wp:featuredmedia":[{"embeddable":true,"href":"https:\/\/pluginspordolar.com\/en\/wp-json\/wp\/v2\/media\/6779"}],"wp:attachment":[{"href":"https:\/\/pluginspordolar.com\/en\/wp-json\/wp\/v2\/media?parent=7987"}],"wp:term":[{"taxonomy":"product_brand","embeddable":true,"href":"https:\/\/pluginspordolar.com\/en\/wp-json\/wp\/v2\/product_brand?post=7987"},{"taxonomy":"product_cat","embeddable":true,"href":"https:\/\/pluginspordolar.com\/en\/wp-json\/wp\/v2\/product_cat?post=7987"},{"taxonomy":"product_tag","embeddable":true,"href":"https:\/\/pluginspordolar.com\/en\/wp-json\/wp\/v2\/product_tag?post=7987"}],"curies":[{"name":"wp","href":"https:\/\/api.w.org\/{rel}","templated":true}]}}