{"id":7974,"date":"2024-08-05T22:01:38","date_gmt":"2024-08-05T22:01:38","guid":{"rendered":"https:\/\/pluginspordolar.com\/?post_type=product&#038;p=7974"},"modified":"2025-03-29T02:02:38","modified_gmt":"2025-03-29T02:02:38","slug":"cuenta-de-membresia-basica-por-mes","status":"publish","type":"product","link":"https:\/\/pluginspordolar.com\/en\/product\/cuenta-de-membresia-basica-por-mes\/","title":{"rendered":"Features of Basic Membership per Month"},"content":{"rendered":"","protected":false},"excerpt":{"rendered":"<p>Ideal for learning about and accessing all of our WordPress tool download content, with our Monthly Membership you will have<\/p>\n<p><span class=\"elementor-icon-list-text\">Access to all Themes, Plugins, templates and more.<\/span><\/p>\n<p><i class=\"far fa-check-circle\" aria-hidden=\"true\"><\/i><span class=\"elementor-icon-list-text\">Instant High Speed \u200b\u200bDownloads<\/span><\/p>\n<p><i class=\"far fa-check-circle\" aria-hidden=\"true\"><\/i><span class=\"elementor-icon-list-text\">Installation on unlimited sites<\/span><\/p>\n<p><i class=\"far fa-check-circle\" aria-hidden=\"true\"><\/i><span class=\"elementor-icon-list-text\">Access to Future Versions and Updates<\/span><\/p>\n<p><i class=\"far fa-check-circle\" aria-hidden=\"true\"><\/i><span class=\"elementor-icon-list-text\">No additional hidden charges<\/span><\/p>\n<p><i class=\"far fa-check-circle\" aria-hidden=\"true\"><\/i><span class=\"elementor-icon-list-text\">No automatic renewals<\/span><\/p>\n<p><i class=\"far fa-check-circle\" aria-hidden=\"true\"><\/i><span class=\"elementor-icon-list-text\">The user is free to renew, cancel or change Plan<\/span><\/p>","protected":false},"featured_media":8581,"template":"","meta":{"_eb_attr":"","_uag_custom_page_level_css":""},"product_brand":[],"product_cat":[39],"product_tag":[41],"class_list":{"0":"post-7974","1":"product","2":"type-product","3":"status-publish","4":"has-post-thumbnail","6":"product_cat-membresias","7":"product_tag-membresia-basica","9":"first","10":"instock","11":"sale","12":"virtual","13":"sold-individually","14":"purchasable","15":"product-type-simple"},"yoast_head":"<!-- This site is optimized with the Yoast SEO plugin v27.4 - https:\/\/yoast.com\/product\/yoast-seo-wordpress\/ -->\n<title>Cuenta de Membres\u00eda B\u00e1sica por Mes - Plugins x Dolar<\/title>\n<meta name=\"robots\" content=\"noindex, follow\" \/>\n<meta property=\"og:locale\" content=\"en_US\" \/>\n<meta property=\"og:type\" content=\"article\" \/>\n<meta property=\"og:title\" content=\"Cuenta de Membres\u00eda B\u00e1sica por Mes - Plugins x Dolar\" \/>\n<meta property=\"og:description\" content=\"Ideal para conocer y acceder a todo nuestro contenido de descargas de herramientas para WordPress, con nuestra Membres\u00eda Mensual tendr\u00e1  Acceso a todos los Temas, Plugins , plantillas y m\u00e1s.  Descargas Instant\u00e1nea de Alta Velocidad\u200b  Instalaci\u00f3n en Sitios ilimitados\u200b  Acceso a Futuras Versiones y Actualizaciones \u200b  Sin cargos adicional\u200bes ocultos  Sin renovaciones autom\u00e1ticas  El usuario es libre de renovar, cancelar o cambiar de Plan\" \/>\n<meta property=\"og:url\" content=\"https:\/\/pluginspordolar.com\/en\/product\/cuenta-de-membresia-basica-por-mes\/\" \/>\n<meta property=\"og:site_name\" content=\"Plugins x Dolar\" \/>\n<meta property=\"article:modified_time\" content=\"2025-03-29T02:02:38+00:00\" \/>\n<meta property=\"og:image\" content=\"https:\/\/pluginspordolar.com\/wp-content\/uploads\/dvdcasestack-rdimensionada.png\" \/>\n\t<meta property=\"og:image:width\" content=\"336\" \/>\n\t<meta property=\"og:image:height\" content=\"280\" \/>\n\t<meta property=\"og:image:type\" content=\"image\/png\" \/>\n<meta name=\"twitter:card\" content=\"summary_large_image\" \/>\n<meta name=\"twitter:label1\" content=\"Est. reading time\" \/>\n\t<meta name=\"twitter:data1\" content=\"1 minute\" \/>\n<script type=\"application\/ld+json\" class=\"yoast-schema-graph\">{\"@context\":\"https:\\\/\\\/schema.org\",\"@graph\":[{\"@type\":\"WebPage\",\"@id\":\"https:\\\/\\\/pluginspordolar.com\\\/producto\\\/cuenta-de-membresia-basica-por-mes\\\/\",\"url\":\"https:\\\/\\\/pluginspordolar.com\\\/producto\\\/cuenta-de-membresia-basica-por-mes\\\/\",\"name\":\"Cuenta de Membres\u00eda B\u00e1sica por Mes - Plugins x Dolar\",\"isPartOf\":{\"@id\":\"https:\\\/\\\/pluginspordolar.com\\\/#website\"},\"primaryImageOfPage\":{\"@id\":\"https:\\\/\\\/pluginspordolar.com\\\/producto\\\/cuenta-de-membresia-basica-por-mes\\\/#primaryimage\"},\"image\":{\"@id\":\"https:\\\/\\\/pluginspordolar.com\\\/producto\\\/cuenta-de-membresia-basica-por-mes\\\/#primaryimage\"},\"thumbnailUrl\":\"https:\\\/\\\/pluginspordolar.com\\\/wp-content\\\/uploads\\\/dvdcasestack-rdimensionada.png\",\"datePublished\":\"2024-08-05T22:01:38+00:00\",\"dateModified\":\"2025-03-29T02:02:38+00:00\",\"breadcrumb\":{\"@id\":\"https:\\\/\\\/pluginspordolar.com\\\/producto\\\/cuenta-de-membresia-basica-por-mes\\\/#breadcrumb\"},\"inLanguage\":\"en-US\",\"potentialAction\":[{\"@type\":\"ReadAction\",\"target\":[\"https:\\\/\\\/pluginspordolar.com\\\/producto\\\/cuenta-de-membresia-basica-por-mes\\\/\"]}]},{\"@type\":\"ImageObject\",\"inLanguage\":\"en-US\",\"@id\":\"https:\\\/\\\/pluginspordolar.com\\\/producto\\\/cuenta-de-membresia-basica-por-mes\\\/#primaryimage\",\"url\":\"https:\\\/\\\/pluginspordolar.com\\\/wp-content\\\/uploads\\\/dvdcasestack-rdimensionada.png\",\"contentUrl\":\"https:\\\/\\\/pluginspordolar.com\\\/wp-content\\\/uploads\\\/dvdcasestack-rdimensionada.png\",\"width\":336,\"height\":280},{\"@type\":\"BreadcrumbList\",\"@id\":\"https:\\\/\\\/pluginspordolar.com\\\/producto\\\/cuenta-de-membresia-basica-por-mes\\\/#breadcrumb\",\"itemListElement\":[{\"@type\":\"ListItem\",\"position\":1,\"name\":\"Portada\",\"item\":\"https:\\\/\\\/pluginspordolar.com\\\/\"},{\"@type\":\"ListItem\",\"position\":2,\"name\":\"Tienda\",\"item\":\"https:\\\/\\\/pluginspordolar.com\\\/tienda\\\/\"},{\"@type\":\"ListItem\",\"position\":3,\"name\":\"Cuenta de Membres\u00eda B\u00e1sica por Mes\"}]},{\"@type\":\"WebSite\",\"@id\":\"https:\\\/\\\/pluginspordolar.com\\\/#website\",\"url\":\"https:\\\/\\\/pluginspordolar.com\\\/\",\"name\":\"Plugins x Dolar\",\"description\":\"Complementos Premium\",\"publisher\":{\"@id\":\"https:\\\/\\\/pluginspordolar.com\\\/#organization\"},\"potentialAction\":[{\"@type\":\"SearchAction\",\"target\":{\"@type\":\"EntryPoint\",\"urlTemplate\":\"https:\\\/\\\/pluginspordolar.com\\\/?s={search_term_string}\"},\"query-input\":{\"@type\":\"PropertyValueSpecification\",\"valueRequired\":true,\"valueName\":\"search_term_string\"}}],\"inLanguage\":\"en-US\"},{\"@type\":\"Organization\",\"@id\":\"https:\\\/\\\/pluginspordolar.com\\\/#organization\",\"name\":\"Plugins x Dolar\",\"url\":\"https:\\\/\\\/pluginspordolar.com\\\/\",\"logo\":{\"@type\":\"ImageObject\",\"inLanguage\":\"en-US\",\"@id\":\"https:\\\/\\\/pluginspordolar.com\\\/#\\\/schema\\\/logo\\\/image\\\/\",\"url\":\"https:\\\/\\\/pluginspordolar.com\\\/wp-content\\\/uploads\\\/Logo-moderno-pluginsxdolar-e1674435267756.png\",\"contentUrl\":\"https:\\\/\\\/pluginspordolar.com\\\/wp-content\\\/uploads\\\/Logo-moderno-pluginsxdolar-e1674435267756.png\",\"width\":500,\"height\":111,\"caption\":\"Plugins x Dolar\"},\"image\":{\"@id\":\"https:\\\/\\\/pluginspordolar.com\\\/#\\\/schema\\\/logo\\\/image\\\/\"}}]}<\/script>\n<!-- \/ Yoast SEO plugin. -->","yoast_head_json":{"title":"Cuenta de Membres\u00eda B\u00e1sica por Mes - Plugins x Dolar","robots":{"index":"noindex","follow":"follow"},"og_locale":"en_US","og_type":"article","og_title":"Cuenta de Membres\u00eda B\u00e1sica por Mes - Plugins x Dolar","og_description":"Ideal para conocer y acceder a todo nuestro contenido de descargas de herramientas para WordPress, con nuestra Membres\u00eda Mensual tendr\u00e1  Acceso a todos los Temas, Plugins , plantillas y m\u00e1s.  Descargas Instant\u00e1nea de Alta Velocidad\u200b  Instalaci\u00f3n en Sitios ilimitados\u200b  Acceso a Futuras Versiones y Actualizaciones \u200b  Sin cargos adicional\u200bes ocultos  Sin renovaciones autom\u00e1ticas  El usuario es libre de renovar, cancelar o cambiar de Plan","og_url":"https:\/\/pluginspordolar.com\/en\/product\/cuenta-de-membresia-basica-por-mes\/","og_site_name":"Plugins x Dolar","article_modified_time":"2025-03-29T02:02:38+00:00","og_image":[{"width":336,"height":280,"url":"https:\/\/pluginspordolar.com\/wp-content\/uploads\/dvdcasestack-rdimensionada.png","type":"image\/png"}],"twitter_card":"summary_large_image","twitter_misc":{"Est. reading time":"1 minute"},"schema":{"@context":"https:\/\/schema.org","@graph":[{"@type":"WebPage","@id":"https:\/\/pluginspordolar.com\/producto\/cuenta-de-membresia-basica-por-mes\/","url":"https:\/\/pluginspordolar.com\/producto\/cuenta-de-membresia-basica-por-mes\/","name":"Cuenta de Membres\u00eda B\u00e1sica por Mes - Plugins x Dolar","isPartOf":{"@id":"https:\/\/pluginspordolar.com\/#website"},"primaryImageOfPage":{"@id":"https:\/\/pluginspordolar.com\/producto\/cuenta-de-membresia-basica-por-mes\/#primaryimage"},"image":{"@id":"https:\/\/pluginspordolar.com\/producto\/cuenta-de-membresia-basica-por-mes\/#primaryimage"},"thumbnailUrl":"https:\/\/pluginspordolar.com\/wp-content\/uploads\/dvdcasestack-rdimensionada.png","datePublished":"2024-08-05T22:01:38+00:00","dateModified":"2025-03-29T02:02:38+00:00","breadcrumb":{"@id":"https:\/\/pluginspordolar.com\/producto\/cuenta-de-membresia-basica-por-mes\/#breadcrumb"},"inLanguage":"en-US","potentialAction":[{"@type":"ReadAction","target":["https:\/\/pluginspordolar.com\/producto\/cuenta-de-membresia-basica-por-mes\/"]}]},{"@type":"ImageObject","inLanguage":"en-US","@id":"https:\/\/pluginspordolar.com\/producto\/cuenta-de-membresia-basica-por-mes\/#primaryimage","url":"https:\/\/pluginspordolar.com\/wp-content\/uploads\/dvdcasestack-rdimensionada.png","contentUrl":"https:\/\/pluginspordolar.com\/wp-content\/uploads\/dvdcasestack-rdimensionada.png","width":336,"height":280},{"@type":"BreadcrumbList","@id":"https:\/\/pluginspordolar.com\/producto\/cuenta-de-membresia-basica-por-mes\/#breadcrumb","itemListElement":[{"@type":"ListItem","position":1,"name":"Portada","item":"https:\/\/pluginspordolar.com\/"},{"@type":"ListItem","position":2,"name":"Tienda","item":"https:\/\/pluginspordolar.com\/tienda\/"},{"@type":"ListItem","position":3,"name":"Cuenta de Membres\u00eda B\u00e1sica por Mes"}]},{"@type":"WebSite","@id":"https:\/\/pluginspordolar.com\/#website","url":"https:\/\/pluginspordolar.com\/","name":"Plugins x Dolar","description":"Complementos Premium","publisher":{"@id":"https:\/\/pluginspordolar.com\/#organization"},"potentialAction":[{"@type":"SearchAction","target":{"@type":"EntryPoint","urlTemplate":"https:\/\/pluginspordolar.com\/?s={search_term_string}"},"query-input":{"@type":"PropertyValueSpecification","valueRequired":true,"valueName":"search_term_string"}}],"inLanguage":"en-US"},{"@type":"Organization","@id":"https:\/\/pluginspordolar.com\/#organization","name":"Plugins x Dolar","url":"https:\/\/pluginspordolar.com\/","logo":{"@type":"ImageObject","inLanguage":"en-US","@id":"https:\/\/pluginspordolar.com\/#\/schema\/logo\/image\/","url":"https:\/\/pluginspordolar.com\/wp-content\/uploads\/Logo-moderno-pluginsxdolar-e1674435267756.png","contentUrl":"https:\/\/pluginspordolar.com\/wp-content\/uploads\/Logo-moderno-pluginsxdolar-e1674435267756.png","width":500,"height":111,"caption":"Plugins x Dolar"},"image":{"@id":"https:\/\/pluginspordolar.com\/#\/schema\/logo\/image\/"}}]}},"uagb_featured_image_src":{"full":["https:\/\/pluginspordolar.com\/wp-content\/uploads\/dvdcasestack-rdimensionada.png",336,280,false],"thumbnail":["https:\/\/pluginspordolar.com\/wp-content\/uploads\/dvdcasestack-rdimensionada.png",115,96,false],"medium":["https:\/\/pluginspordolar.com\/wp-content\/uploads\/dvdcasestack-rdimensionada.png",336,280,false],"medium_large":["https:\/\/pluginspordolar.com\/wp-content\/uploads\/dvdcasestack-rdimensionada.png",336,280,false],"large":["https:\/\/pluginspordolar.com\/wp-content\/uploads\/dvdcasestack-rdimensionada.png",336,280,false],"1536x1536":["https:\/\/pluginspordolar.com\/wp-content\/uploads\/dvdcasestack-rdimensionada.png",336,280,false],"2048x2048":["https:\/\/pluginspordolar.com\/wp-content\/uploads\/dvdcasestack-rdimensionada.png",336,280,false],"trp-custom-language-flag":["https:\/\/pluginspordolar.com\/wp-content\/uploads\/dvdcasestack-rdimensionada-14x12.png",14,12,true],"woocommerce_thumbnail":["https:\/\/pluginspordolar.com\/wp-content\/uploads\/dvdcasestack-rdimensionada-324x280.png",324,280,true],"woocommerce_single":["https:\/\/pluginspordolar.com\/wp-content\/uploads\/dvdcasestack-rdimensionada.png",336,280,false],"woocommerce_gallery_thumbnail":["https:\/\/pluginspordolar.com\/wp-content\/uploads\/dvdcasestack-rdimensionada-100x100.png",100,100,true]},"uagb_author_info":{"display_name":"nc","author_link":"https:\/\/pluginspordolar.com\/en\/author\/"},"uagb_comment_info":0,"uagb_excerpt":"Ideal para conocer y acceder a todo nuestro contenido de descargas de herramientas para WordPress, con nuestra Membres\u00eda Mensual tendr\u00e1 Acceso a todos los Temas, Plugins , plantillas y m\u00e1s. Descargas Instant\u00e1nea de Alta Velocidad\u200b Instalaci\u00f3n en Sitios ilimitados\u200b Acceso a Futuras Versiones y Actualizaciones \u200b Sin cargos adicional\u200bes ocultos Sin renovaciones autom\u00e1ticas El usuario&hellip;","_links":{"self":[{"href":"https:\/\/pluginspordolar.com\/en\/wp-json\/wp\/v2\/product\/7974","targetHints":{"allow":["GET"]}}],"collection":[{"href":"https:\/\/pluginspordolar.com\/en\/wp-json\/wp\/v2\/product"}],"about":[{"href":"https:\/\/pluginspordolar.com\/en\/wp-json\/wp\/v2\/types\/product"}],"wp:featuredmedia":[{"embeddable":true,"href":"https:\/\/pluginspordolar.com\/en\/wp-json\/wp\/v2\/media\/8581"}],"wp:attachment":[{"href":"https:\/\/pluginspordolar.com\/en\/wp-json\/wp\/v2\/media?parent=7974"}],"wp:term":[{"taxonomy":"product_brand","embeddable":true,"href":"https:\/\/pluginspordolar.com\/en\/wp-json\/wp\/v2\/product_brand?post=7974"},{"taxonomy":"product_cat","embeddable":true,"href":"https:\/\/pluginspordolar.com\/en\/wp-json\/wp\/v2\/product_cat?post=7974"},{"taxonomy":"product_tag","embeddable":true,"href":"https:\/\/pluginspordolar.com\/en\/wp-json\/wp\/v2\/product_tag?post=7974"}],"curies":[{"name":"wp","href":"https:\/\/api.w.org\/{rel}","templated":true}]}}