{"id":7969,"date":"2024-08-05T22:01:38","date_gmt":"2024-08-05T22:01:38","guid":{"rendered":"https:\/\/pluginspordolar.com\/?post_type=product&#038;p=7969"},"modified":"2025-03-29T02:09:10","modified_gmt":"2025-03-29T02:09:10","slug":"web-onepage-lista-editable","status":"publish","type":"product","link":"https:\/\/pluginspordolar.com\/en\/product\/web-onepage-lista-editable\/","title":{"rendered":"Web Onepage List Editable"},"content":{"rendered":"<p>The Trends and developments in Web Page Design evolves, and it is important that your Website is always according to this trend, that&#039;s why <strong>Digimarketing North Carolina<\/strong> developed this Web Template, that more than a Template, it is a Website fully editable, so that from there, you can build your site and as a Plus, this Template is in line with the trend of type Page OnePage (a single Page) with the Vertical sections.<\/p>","protected":false},"excerpt":{"rendered":"<p>Web page template type One Page (one Page).<\/p>\n<p>Est\u00e1mos preparando un <strong>Curso pr\u00e1ctico para que aprendas Wordpress editando tu sitio web\u00a0 editable<\/strong> verifica el link en la Pesta\u00f1a de Cursos abajo al lado de la Descripci\u00f3n.<\/p>\n<p><strong>(INCLUDED FOR FREE ONLY ON THE PLAN OF MEMBERSHIP-LIFETIME) <\/strong>with memberships are Monthly and Annual you can download it with a special discount.<\/p>\n<p>&nbsp;<\/p>\n<p>cyn@ht<\/p>","protected":false},"featured_media":6742,"template":"","meta":{"_eb_attr":"","_uag_custom_page_level_css":""},"product_brand":[],"product_cat":[24],"product_tag":[32,33],"class_list":{"0":"post-7969","1":"product","2":"type-product","3":"status-publish","4":"has-post-thumbnail","6":"product_cat-sitios-web-listos","7":"product_tag-onepage","8":"product_tag-plantilla-editable","10":"first","11":"instock","12":"sale","13":"downloadable","14":"virtual","15":"sold-individually","16":"purchasable","17":"product-type-simple"},"yoast_head":"<!-- This site is optimized with the Yoast SEO plugin v27.4 - https:\/\/yoast.com\/product\/yoast-seo-wordpress\/ -->\n<title>Web Onepage Lista Editable - Plugins x Dolar<\/title>\n<meta name=\"description\" content=\"Descarga t\u00fa Plantilla de p\u00e1gina Web tipo One Page lista para editar y personalizar sin importar tu nivel de conocimientos, T\u00da WEB F\u00c1CIL !!!\" \/>\n<meta name=\"robots\" content=\"noindex, follow\" \/>\n<meta property=\"og:locale\" content=\"en_US\" \/>\n<meta property=\"og:type\" content=\"article\" \/>\n<meta property=\"og:title\" content=\"Web Onepage Lista Editable - Plugins x Dolar\" \/>\n<meta property=\"og:description\" content=\"Descarga t\u00fa Plantilla de p\u00e1gina Web tipo One Page lista para editar y personalizar sin importar tu nivel de conocimientos, T\u00da WEB F\u00c1CIL !!!\" \/>\n<meta property=\"og:url\" content=\"https:\/\/pluginspordolar.com\/en\/product\/web-onepage-lista-editable\/\" \/>\n<meta property=\"og:site_name\" content=\"Plugins x Dolar\" \/>\n<meta property=\"article:modified_time\" content=\"2025-03-29T02:09:10+00:00\" \/>\n<meta property=\"og:image\" content=\"https:\/\/pluginspordolar.com\/wp-content\/uploads\/2023\/01\/mockup-onepage-def.png\" \/>\n\t<meta property=\"og:image:width\" content=\"889\" \/>\n\t<meta property=\"og:image:height\" content=\"908\" \/>\n\t<meta property=\"og:image:type\" content=\"image\/png\" \/>\n<meta name=\"twitter:card\" content=\"summary_large_image\" \/>\n<meta name=\"twitter:label1\" content=\"Est. reading time\" \/>\n\t<meta name=\"twitter:data1\" content=\"1 minute\" \/>\n<script type=\"application\/ld+json\" class=\"yoast-schema-graph\">{\"@context\":\"https:\\\/\\\/schema.org\",\"@graph\":[{\"@type\":\"WebPage\",\"@id\":\"https:\\\/\\\/pluginspordolar.com\\\/producto\\\/web-onepage-lista-editable\\\/\",\"url\":\"https:\\\/\\\/pluginspordolar.com\\\/producto\\\/web-onepage-lista-editable\\\/\",\"name\":\"Web Onepage Lista Editable - Plugins x Dolar\",\"isPartOf\":{\"@id\":\"https:\\\/\\\/pluginspordolar.com\\\/#website\"},\"primaryImageOfPage\":{\"@id\":\"https:\\\/\\\/pluginspordolar.com\\\/producto\\\/web-onepage-lista-editable\\\/#primaryimage\"},\"image\":{\"@id\":\"https:\\\/\\\/pluginspordolar.com\\\/producto\\\/web-onepage-lista-editable\\\/#primaryimage\"},\"thumbnailUrl\":\"https:\\\/\\\/pluginspordolar.com\\\/wp-content\\\/uploads\\\/2023\\\/01\\\/mockup-onepage-def.png\",\"datePublished\":\"2024-08-05T22:01:38+00:00\",\"dateModified\":\"2025-03-29T02:09:10+00:00\",\"description\":\"Descarga t\u00fa Plantilla de p\u00e1gina Web tipo One Page lista para editar y personalizar sin importar tu nivel de conocimientos, T\u00da WEB F\u00c1CIL !!!\",\"breadcrumb\":{\"@id\":\"https:\\\/\\\/pluginspordolar.com\\\/producto\\\/web-onepage-lista-editable\\\/#breadcrumb\"},\"inLanguage\":\"en-US\",\"potentialAction\":[{\"@type\":\"ReadAction\",\"target\":[\"https:\\\/\\\/pluginspordolar.com\\\/producto\\\/web-onepage-lista-editable\\\/\"]}]},{\"@type\":\"ImageObject\",\"inLanguage\":\"en-US\",\"@id\":\"https:\\\/\\\/pluginspordolar.com\\\/producto\\\/web-onepage-lista-editable\\\/#primaryimage\",\"url\":\"https:\\\/\\\/pluginspordolar.com\\\/wp-content\\\/uploads\\\/2023\\\/01\\\/mockup-onepage-def.png\",\"contentUrl\":\"https:\\\/\\\/pluginspordolar.com\\\/wp-content\\\/uploads\\\/2023\\\/01\\\/mockup-onepage-def.png\",\"width\":889,\"height\":908},{\"@type\":\"BreadcrumbList\",\"@id\":\"https:\\\/\\\/pluginspordolar.com\\\/producto\\\/web-onepage-lista-editable\\\/#breadcrumb\",\"itemListElement\":[{\"@type\":\"ListItem\",\"position\":1,\"name\":\"Portada\",\"item\":\"https:\\\/\\\/pluginspordolar.com\\\/\"},{\"@type\":\"ListItem\",\"position\":2,\"name\":\"Tienda\",\"item\":\"https:\\\/\\\/pluginspordolar.com\\\/tienda\\\/\"},{\"@type\":\"ListItem\",\"position\":3,\"name\":\"Web Onepage Lista Editable\"}]},{\"@type\":\"WebSite\",\"@id\":\"https:\\\/\\\/pluginspordolar.com\\\/#website\",\"url\":\"https:\\\/\\\/pluginspordolar.com\\\/\",\"name\":\"Plugins x Dolar\",\"description\":\"Complementos Premium\",\"publisher\":{\"@id\":\"https:\\\/\\\/pluginspordolar.com\\\/#organization\"},\"potentialAction\":[{\"@type\":\"SearchAction\",\"target\":{\"@type\":\"EntryPoint\",\"urlTemplate\":\"https:\\\/\\\/pluginspordolar.com\\\/?s={search_term_string}\"},\"query-input\":{\"@type\":\"PropertyValueSpecification\",\"valueRequired\":true,\"valueName\":\"search_term_string\"}}],\"inLanguage\":\"en-US\"},{\"@type\":\"Organization\",\"@id\":\"https:\\\/\\\/pluginspordolar.com\\\/#organization\",\"name\":\"Plugins x Dolar\",\"url\":\"https:\\\/\\\/pluginspordolar.com\\\/\",\"logo\":{\"@type\":\"ImageObject\",\"inLanguage\":\"en-US\",\"@id\":\"https:\\\/\\\/pluginspordolar.com\\\/#\\\/schema\\\/logo\\\/image\\\/\",\"url\":\"https:\\\/\\\/pluginspordolar.com\\\/wp-content\\\/uploads\\\/Logo-moderno-pluginsxdolar-e1674435267756.png\",\"contentUrl\":\"https:\\\/\\\/pluginspordolar.com\\\/wp-content\\\/uploads\\\/Logo-moderno-pluginsxdolar-e1674435267756.png\",\"width\":500,\"height\":111,\"caption\":\"Plugins x Dolar\"},\"image\":{\"@id\":\"https:\\\/\\\/pluginspordolar.com\\\/#\\\/schema\\\/logo\\\/image\\\/\"}}]}<\/script>\n<!-- \/ Yoast SEO plugin. -->","yoast_head_json":{"title":"Web Onepage Lista Editable - Plugins x Dolar","description":"Descarga t\u00fa Plantilla de p\u00e1gina Web tipo One Page lista para editar y personalizar sin importar tu nivel de conocimientos, T\u00da WEB F\u00c1CIL !!!","robots":{"index":"noindex","follow":"follow"},"og_locale":"en_US","og_type":"article","og_title":"Web Onepage Lista Editable - Plugins x Dolar","og_description":"Descarga t\u00fa Plantilla de p\u00e1gina Web tipo One Page lista para editar y personalizar sin importar tu nivel de conocimientos, T\u00da WEB F\u00c1CIL !!!","og_url":"https:\/\/pluginspordolar.com\/en\/product\/web-onepage-lista-editable\/","og_site_name":"Plugins x Dolar","article_modified_time":"2025-03-29T02:09:10+00:00","og_image":[{"width":889,"height":908,"url":"https:\/\/pluginspordolar.com\/wp-content\/uploads\/2023\/01\/mockup-onepage-def.png","type":"image\/png"}],"twitter_card":"summary_large_image","twitter_misc":{"Est. reading time":"1 minute"},"schema":{"@context":"https:\/\/schema.org","@graph":[{"@type":"WebPage","@id":"https:\/\/pluginspordolar.com\/producto\/web-onepage-lista-editable\/","url":"https:\/\/pluginspordolar.com\/producto\/web-onepage-lista-editable\/","name":"Web Onepage Lista Editable - Plugins x Dolar","isPartOf":{"@id":"https:\/\/pluginspordolar.com\/#website"},"primaryImageOfPage":{"@id":"https:\/\/pluginspordolar.com\/producto\/web-onepage-lista-editable\/#primaryimage"},"image":{"@id":"https:\/\/pluginspordolar.com\/producto\/web-onepage-lista-editable\/#primaryimage"},"thumbnailUrl":"https:\/\/pluginspordolar.com\/wp-content\/uploads\/2023\/01\/mockup-onepage-def.png","datePublished":"2024-08-05T22:01:38+00:00","dateModified":"2025-03-29T02:09:10+00:00","description":"Descarga t\u00fa Plantilla de p\u00e1gina Web tipo One Page lista para editar y personalizar sin importar tu nivel de conocimientos, T\u00da WEB F\u00c1CIL !!!","breadcrumb":{"@id":"https:\/\/pluginspordolar.com\/producto\/web-onepage-lista-editable\/#breadcrumb"},"inLanguage":"en-US","potentialAction":[{"@type":"ReadAction","target":["https:\/\/pluginspordolar.com\/producto\/web-onepage-lista-editable\/"]}]},{"@type":"ImageObject","inLanguage":"en-US","@id":"https:\/\/pluginspordolar.com\/producto\/web-onepage-lista-editable\/#primaryimage","url":"https:\/\/pluginspordolar.com\/wp-content\/uploads\/2023\/01\/mockup-onepage-def.png","contentUrl":"https:\/\/pluginspordolar.com\/wp-content\/uploads\/2023\/01\/mockup-onepage-def.png","width":889,"height":908},{"@type":"BreadcrumbList","@id":"https:\/\/pluginspordolar.com\/producto\/web-onepage-lista-editable\/#breadcrumb","itemListElement":[{"@type":"ListItem","position":1,"name":"Portada","item":"https:\/\/pluginspordolar.com\/"},{"@type":"ListItem","position":2,"name":"Tienda","item":"https:\/\/pluginspordolar.com\/tienda\/"},{"@type":"ListItem","position":3,"name":"Web Onepage Lista Editable"}]},{"@type":"WebSite","@id":"https:\/\/pluginspordolar.com\/#website","url":"https:\/\/pluginspordolar.com\/","name":"Plugins x Dolar","description":"Complementos Premium","publisher":{"@id":"https:\/\/pluginspordolar.com\/#organization"},"potentialAction":[{"@type":"SearchAction","target":{"@type":"EntryPoint","urlTemplate":"https:\/\/pluginspordolar.com\/?s={search_term_string}"},"query-input":{"@type":"PropertyValueSpecification","valueRequired":true,"valueName":"search_term_string"}}],"inLanguage":"en-US"},{"@type":"Organization","@id":"https:\/\/pluginspordolar.com\/#organization","name":"Plugins x Dolar","url":"https:\/\/pluginspordolar.com\/","logo":{"@type":"ImageObject","inLanguage":"en-US","@id":"https:\/\/pluginspordolar.com\/#\/schema\/logo\/image\/","url":"https:\/\/pluginspordolar.com\/wp-content\/uploads\/Logo-moderno-pluginsxdolar-e1674435267756.png","contentUrl":"https:\/\/pluginspordolar.com\/wp-content\/uploads\/Logo-moderno-pluginsxdolar-e1674435267756.png","width":500,"height":111,"caption":"Plugins x Dolar"},"image":{"@id":"https:\/\/pluginspordolar.com\/#\/schema\/logo\/image\/"}}]}},"uagb_featured_image_src":{"full":["https:\/\/pluginspordolar.com\/wp-content\/uploads\/2023\/01\/mockup-onepage-def.png",889,908,false],"thumbnail":["https:\/\/pluginspordolar.com\/wp-content\/uploads\/2023\/01\/mockup-onepage-def-150x150.png",96,96,true],"medium":["https:\/\/pluginspordolar.com\/wp-content\/uploads\/2023\/01\/mockup-onepage-def-294x300.png",294,300,true],"medium_large":["https:\/\/pluginspordolar.com\/wp-content\/uploads\/2023\/01\/mockup-onepage-def-768x784.png",768,784,true],"large":["https:\/\/pluginspordolar.com\/wp-content\/uploads\/2023\/01\/mockup-onepage-def.png",889,908,false],"1536x1536":["https:\/\/pluginspordolar.com\/wp-content\/uploads\/2023\/01\/mockup-onepage-def.png",889,908,false],"2048x2048":["https:\/\/pluginspordolar.com\/wp-content\/uploads\/2023\/01\/mockup-onepage-def.png",889,908,false],"trp-custom-language-flag":["https:\/\/pluginspordolar.com\/wp-content\/uploads\/2023\/01\/mockup-onepage-def.png",12,12,false],"woocommerce_thumbnail":["https:\/\/pluginspordolar.com\/wp-content\/uploads\/2023\/01\/mockup-onepage-def-324x324.png",324,324,true],"woocommerce_single":["https:\/\/pluginspordolar.com\/wp-content\/uploads\/2023\/01\/mockup-onepage-def-416x425.png",416,425,true],"woocommerce_gallery_thumbnail":["https:\/\/pluginspordolar.com\/wp-content\/uploads\/2023\/01\/mockup-onepage-def-100x100.png",100,100,true]},"uagb_author_info":{"display_name":"nc","author_link":"https:\/\/pluginspordolar.com\/en\/author\/"},"uagb_comment_info":0,"uagb_excerpt":"Plantilla de p\u00e1gina Web tipo One Page (una sola P\u00e1gina). Est\u00e1mos preparando un Curso pr\u00e1ctico para que aprendas Wordpress editando tu sitio web\u00a0 editable verifica el link en la Pesta\u00f1a de Cursos abajo al lado de la Descripci\u00f3n. (INCLUIDA GRATIS SOLO EN EL PLAN DE MEMBRESIA VITALICIA) con las membres\u00edas Mensual y Anual puedes descargarla&hellip;","_links":{"self":[{"href":"https:\/\/pluginspordolar.com\/en\/wp-json\/wp\/v2\/product\/7969","targetHints":{"allow":["GET"]}}],"collection":[{"href":"https:\/\/pluginspordolar.com\/en\/wp-json\/wp\/v2\/product"}],"about":[{"href":"https:\/\/pluginspordolar.com\/en\/wp-json\/wp\/v2\/types\/product"}],"wp:featuredmedia":[{"embeddable":true,"href":"https:\/\/pluginspordolar.com\/en\/wp-json\/wp\/v2\/media\/6742"}],"wp:attachment":[{"href":"https:\/\/pluginspordolar.com\/en\/wp-json\/wp\/v2\/media?parent=7969"}],"wp:term":[{"taxonomy":"product_brand","embeddable":true,"href":"https:\/\/pluginspordolar.com\/en\/wp-json\/wp\/v2\/product_brand?post=7969"},{"taxonomy":"product_cat","embeddable":true,"href":"https:\/\/pluginspordolar.com\/en\/wp-json\/wp\/v2\/product_cat?post=7969"},{"taxonomy":"product_tag","embeddable":true,"href":"https:\/\/pluginspordolar.com\/en\/wp-json\/wp\/v2\/product_tag?post=7969"}],"curies":[{"name":"wp","href":"https:\/\/api.w.org\/{rel}","templated":true}]}}