{"id":7968,"date":"2024-08-05T22:01:38","date_gmt":"2024-08-05T22:01:38","guid":{"rendered":"https:\/\/pluginspordolar.com\/?post_type=product&#038;p=7968"},"modified":"2025-03-29T02:09:10","modified_gmt":"2025-03-29T02:09:10","slug":"tu-web-ecommerce-lista-para-editar","status":"publish","type":"product","link":"https:\/\/pluginspordolar.com\/en\/product\/tu-web-ecommerce-lista-para-editar\/","title":{"rendered":"Your Website Ecommerce list to edit"},"content":{"rendered":"<p>Tienes Experiencia en Dise\u00f1o WEB pero quisieras contar con la facilidad de una Plantilla Ecommerce lista solo para editar ? o quiz\u00e1s tienes conocimientos b\u00e1sicos de WordPress pero no tienes tiempo para configurar una tienda en Internet ? o simplemente necesitas colocar r\u00e1pidamente tu Tienda Ecommerce Online y necesitas la facilidad y la simplicidad de una Plantilla totalmente Editable y ya configurada para que este lista solo editando y subiendo a tu Hosting ?<\/p>\n<p>Pues esta es la Soluci\u00f3n que hemos desarrollado en Digimarketing NC , es una Plantilla Configurada lista para editar de Manera F\u00e1cil y con los mejores Plugins WordPress Pre instalados Incluido el Tema Numero 1 usado por las mejores Tiendas Online del Mundo totalmente Compatible con los Plugins Woocommerce y Astra.<\/p>","protected":false},"excerpt":{"rendered":"<p>Plantilla configurada Lista y Editable para la creaci\u00f3n de una Tienda Virtual compatible con Woocommerce y el Tema Astra, solo ed\u00edtala colocando tus productos, Logotipo y Colores !<\/p>\n<p>Est\u00e1mos preparando un <strong>Curso pr\u00e1ctico para que aprendas Wordpress editando tu sitio web\u00a0 editable<\/strong> verifica el link en la Pesta\u00f1a de Cursos abajo al lado de la Descripci\u00f3n.<\/p>\n<p><strong>(INCLUDED FOR FREE ONLY ON THE PLAN OF MEMBERSHIP-LIFETIME) <\/strong>with memberships are Monthly and Annual you can download it with a special discount.<\/p>","protected":false},"featured_media":6741,"template":"","meta":{"_eb_attr":"","_uag_custom_page_level_css":""},"product_brand":[],"product_cat":[24],"product_tag":[28,29,30,31],"class_list":{"0":"post-7968","1":"product","2":"type-product","3":"status-publish","4":"has-post-thumbnail","6":"product_cat-sitios-web-listos","7":"product_tag-plantilla-tienda-ecommerce","8":"product_tag-plantilla-woocommerc","9":"product_tag-plantilla-wordpress","10":"product_tag-tienda-virtual","12":"first","13":"instock","14":"sale","15":"downloadable","16":"virtual","17":"sold-individually","18":"purchasable","19":"product-type-simple"},"yoast_head":"<!-- This site is optimized with the Yoast SEO plugin v27.4 - https:\/\/yoast.com\/product\/yoast-seo-wordpress\/ -->\n<title>T\u00fa Web Ecommerce lista para editar - Plugins x Dolar<\/title>\n<meta name=\"description\" content=\"Descarga tu sitio web e-commerce (tienda en linea) totalmente lista y editable para que solo tengas que subir tus productos y personalizar.\" \/>\n<meta name=\"robots\" content=\"noindex, follow\" \/>\n<meta property=\"og:locale\" content=\"en_US\" \/>\n<meta property=\"og:type\" content=\"article\" \/>\n<meta property=\"og:title\" content=\"T\u00fa Web Ecommerce lista para editar - Plugins x Dolar\" \/>\n<meta property=\"og:description\" content=\"Descarga tu sitio web e-commerce (tienda en linea) totalmente lista y editable para que solo tengas que subir tus productos y personalizar.\" \/>\n<meta property=\"og:url\" content=\"https:\/\/pluginspordolar.com\/en\/product\/tu-web-ecommerce-lista-para-editar\/\" \/>\n<meta property=\"og:site_name\" content=\"Plugins x Dolar\" \/>\n<meta property=\"article:modified_time\" content=\"2025-03-29T02:09:10+00:00\" \/>\n<meta property=\"og:image\" content=\"https:\/\/pluginspordolar.com\/wp-content\/uploads\/2023\/01\/PRODUCTO-DIGITAL-DIGIMARKETING.png\" \/>\n\t<meta property=\"og:image:width\" content=\"568\" \/>\n\t<meta property=\"og:image:height\" content=\"580\" \/>\n\t<meta property=\"og:image:type\" content=\"image\/png\" \/>\n<meta name=\"twitter:card\" content=\"summary_large_image\" \/>\n<meta name=\"twitter:label1\" content=\"Est. reading time\" \/>\n\t<meta name=\"twitter:data1\" content=\"1 minute\" \/>\n<script type=\"application\/ld+json\" class=\"yoast-schema-graph\">{\"@context\":\"https:\\\/\\\/schema.org\",\"@graph\":[{\"@type\":\"WebPage\",\"@id\":\"https:\\\/\\\/pluginspordolar.com\\\/producto\\\/tu-web-ecommerce-lista-para-editar\\\/\",\"url\":\"https:\\\/\\\/pluginspordolar.com\\\/producto\\\/tu-web-ecommerce-lista-para-editar\\\/\",\"name\":\"T\u00fa Web Ecommerce lista para editar - Plugins x Dolar\",\"isPartOf\":{\"@id\":\"https:\\\/\\\/pluginspordolar.com\\\/#website\"},\"primaryImageOfPage\":{\"@id\":\"https:\\\/\\\/pluginspordolar.com\\\/producto\\\/tu-web-ecommerce-lista-para-editar\\\/#primaryimage\"},\"image\":{\"@id\":\"https:\\\/\\\/pluginspordolar.com\\\/producto\\\/tu-web-ecommerce-lista-para-editar\\\/#primaryimage\"},\"thumbnailUrl\":\"https:\\\/\\\/pluginspordolar.com\\\/wp-content\\\/uploads\\\/2023\\\/01\\\/PRODUCTO-DIGITAL-DIGIMARKETING.png\",\"datePublished\":\"2024-08-05T22:01:38+00:00\",\"dateModified\":\"2025-03-29T02:09:10+00:00\",\"description\":\"Descarga tu sitio web e-commerce (tienda en linea) totalmente lista y editable para que solo tengas que subir tus productos y personalizar.\",\"breadcrumb\":{\"@id\":\"https:\\\/\\\/pluginspordolar.com\\\/producto\\\/tu-web-ecommerce-lista-para-editar\\\/#breadcrumb\"},\"inLanguage\":\"en-US\",\"potentialAction\":[{\"@type\":\"ReadAction\",\"target\":[\"https:\\\/\\\/pluginspordolar.com\\\/producto\\\/tu-web-ecommerce-lista-para-editar\\\/\"]}]},{\"@type\":\"ImageObject\",\"inLanguage\":\"en-US\",\"@id\":\"https:\\\/\\\/pluginspordolar.com\\\/producto\\\/tu-web-ecommerce-lista-para-editar\\\/#primaryimage\",\"url\":\"https:\\\/\\\/pluginspordolar.com\\\/wp-content\\\/uploads\\\/2023\\\/01\\\/PRODUCTO-DIGITAL-DIGIMARKETING.png\",\"contentUrl\":\"https:\\\/\\\/pluginspordolar.com\\\/wp-content\\\/uploads\\\/2023\\\/01\\\/PRODUCTO-DIGITAL-DIGIMARKETING.png\",\"width\":568,\"height\":580},{\"@type\":\"BreadcrumbList\",\"@id\":\"https:\\\/\\\/pluginspordolar.com\\\/producto\\\/tu-web-ecommerce-lista-para-editar\\\/#breadcrumb\",\"itemListElement\":[{\"@type\":\"ListItem\",\"position\":1,\"name\":\"Portada\",\"item\":\"https:\\\/\\\/pluginspordolar.com\\\/\"},{\"@type\":\"ListItem\",\"position\":2,\"name\":\"Tienda\",\"item\":\"https:\\\/\\\/pluginspordolar.com\\\/tienda\\\/\"},{\"@type\":\"ListItem\",\"position\":3,\"name\":\"T\u00fa Web Ecommerce lista para editar\"}]},{\"@type\":\"WebSite\",\"@id\":\"https:\\\/\\\/pluginspordolar.com\\\/#website\",\"url\":\"https:\\\/\\\/pluginspordolar.com\\\/\",\"name\":\"Plugins x Dolar\",\"description\":\"Complementos Premium\",\"publisher\":{\"@id\":\"https:\\\/\\\/pluginspordolar.com\\\/#organization\"},\"potentialAction\":[{\"@type\":\"SearchAction\",\"target\":{\"@type\":\"EntryPoint\",\"urlTemplate\":\"https:\\\/\\\/pluginspordolar.com\\\/?s={search_term_string}\"},\"query-input\":{\"@type\":\"PropertyValueSpecification\",\"valueRequired\":true,\"valueName\":\"search_term_string\"}}],\"inLanguage\":\"en-US\"},{\"@type\":\"Organization\",\"@id\":\"https:\\\/\\\/pluginspordolar.com\\\/#organization\",\"name\":\"Plugins x Dolar\",\"url\":\"https:\\\/\\\/pluginspordolar.com\\\/\",\"logo\":{\"@type\":\"ImageObject\",\"inLanguage\":\"en-US\",\"@id\":\"https:\\\/\\\/pluginspordolar.com\\\/#\\\/schema\\\/logo\\\/image\\\/\",\"url\":\"https:\\\/\\\/pluginspordolar.com\\\/wp-content\\\/uploads\\\/Logo-moderno-pluginsxdolar-e1674435267756.png\",\"contentUrl\":\"https:\\\/\\\/pluginspordolar.com\\\/wp-content\\\/uploads\\\/Logo-moderno-pluginsxdolar-e1674435267756.png\",\"width\":500,\"height\":111,\"caption\":\"Plugins x Dolar\"},\"image\":{\"@id\":\"https:\\\/\\\/pluginspordolar.com\\\/#\\\/schema\\\/logo\\\/image\\\/\"}}]}<\/script>\n<!-- \/ Yoast SEO plugin. -->","yoast_head_json":{"title":"T\u00fa Web Ecommerce lista para editar - Plugins x Dolar","description":"Descarga tu sitio web e-commerce (tienda en linea) totalmente lista y editable para que solo tengas que subir tus productos y personalizar.","robots":{"index":"noindex","follow":"follow"},"og_locale":"en_US","og_type":"article","og_title":"T\u00fa Web Ecommerce lista para editar - Plugins x Dolar","og_description":"Descarga tu sitio web e-commerce (tienda en linea) totalmente lista y editable para que solo tengas que subir tus productos y personalizar.","og_url":"https:\/\/pluginspordolar.com\/en\/product\/tu-web-ecommerce-lista-para-editar\/","og_site_name":"Plugins x Dolar","article_modified_time":"2025-03-29T02:09:10+00:00","og_image":[{"width":568,"height":580,"url":"https:\/\/pluginspordolar.com\/wp-content\/uploads\/2023\/01\/PRODUCTO-DIGITAL-DIGIMARKETING.png","type":"image\/png"}],"twitter_card":"summary_large_image","twitter_misc":{"Est. reading time":"1 minute"},"schema":{"@context":"https:\/\/schema.org","@graph":[{"@type":"WebPage","@id":"https:\/\/pluginspordolar.com\/producto\/tu-web-ecommerce-lista-para-editar\/","url":"https:\/\/pluginspordolar.com\/producto\/tu-web-ecommerce-lista-para-editar\/","name":"T\u00fa Web Ecommerce lista para editar - Plugins x Dolar","isPartOf":{"@id":"https:\/\/pluginspordolar.com\/#website"},"primaryImageOfPage":{"@id":"https:\/\/pluginspordolar.com\/producto\/tu-web-ecommerce-lista-para-editar\/#primaryimage"},"image":{"@id":"https:\/\/pluginspordolar.com\/producto\/tu-web-ecommerce-lista-para-editar\/#primaryimage"},"thumbnailUrl":"https:\/\/pluginspordolar.com\/wp-content\/uploads\/2023\/01\/PRODUCTO-DIGITAL-DIGIMARKETING.png","datePublished":"2024-08-05T22:01:38+00:00","dateModified":"2025-03-29T02:09:10+00:00","description":"Descarga tu sitio web e-commerce (tienda en linea) totalmente lista y editable para que solo tengas que subir tus productos y personalizar.","breadcrumb":{"@id":"https:\/\/pluginspordolar.com\/producto\/tu-web-ecommerce-lista-para-editar\/#breadcrumb"},"inLanguage":"en-US","potentialAction":[{"@type":"ReadAction","target":["https:\/\/pluginspordolar.com\/producto\/tu-web-ecommerce-lista-para-editar\/"]}]},{"@type":"ImageObject","inLanguage":"en-US","@id":"https:\/\/pluginspordolar.com\/producto\/tu-web-ecommerce-lista-para-editar\/#primaryimage","url":"https:\/\/pluginspordolar.com\/wp-content\/uploads\/2023\/01\/PRODUCTO-DIGITAL-DIGIMARKETING.png","contentUrl":"https:\/\/pluginspordolar.com\/wp-content\/uploads\/2023\/01\/PRODUCTO-DIGITAL-DIGIMARKETING.png","width":568,"height":580},{"@type":"BreadcrumbList","@id":"https:\/\/pluginspordolar.com\/producto\/tu-web-ecommerce-lista-para-editar\/#breadcrumb","itemListElement":[{"@type":"ListItem","position":1,"name":"Portada","item":"https:\/\/pluginspordolar.com\/"},{"@type":"ListItem","position":2,"name":"Tienda","item":"https:\/\/pluginspordolar.com\/tienda\/"},{"@type":"ListItem","position":3,"name":"T\u00fa Web Ecommerce lista para editar"}]},{"@type":"WebSite","@id":"https:\/\/pluginspordolar.com\/#website","url":"https:\/\/pluginspordolar.com\/","name":"Plugins x Dolar","description":"Complementos Premium","publisher":{"@id":"https:\/\/pluginspordolar.com\/#organization"},"potentialAction":[{"@type":"SearchAction","target":{"@type":"EntryPoint","urlTemplate":"https:\/\/pluginspordolar.com\/?s={search_term_string}"},"query-input":{"@type":"PropertyValueSpecification","valueRequired":true,"valueName":"search_term_string"}}],"inLanguage":"en-US"},{"@type":"Organization","@id":"https:\/\/pluginspordolar.com\/#organization","name":"Plugins x Dolar","url":"https:\/\/pluginspordolar.com\/","logo":{"@type":"ImageObject","inLanguage":"en-US","@id":"https:\/\/pluginspordolar.com\/#\/schema\/logo\/image\/","url":"https:\/\/pluginspordolar.com\/wp-content\/uploads\/Logo-moderno-pluginsxdolar-e1674435267756.png","contentUrl":"https:\/\/pluginspordolar.com\/wp-content\/uploads\/Logo-moderno-pluginsxdolar-e1674435267756.png","width":500,"height":111,"caption":"Plugins x Dolar"},"image":{"@id":"https:\/\/pluginspordolar.com\/#\/schema\/logo\/image\/"}}]}},"uagb_featured_image_src":{"full":["https:\/\/pluginspordolar.com\/wp-content\/uploads\/2023\/01\/PRODUCTO-DIGITAL-DIGIMARKETING.png",568,580,false],"thumbnail":["https:\/\/pluginspordolar.com\/wp-content\/uploads\/2023\/01\/PRODUCTO-DIGITAL-DIGIMARKETING-150x150.png",96,96,true],"medium":["https:\/\/pluginspordolar.com\/wp-content\/uploads\/2023\/01\/PRODUCTO-DIGITAL-DIGIMARKETING-294x300.png",294,300,true],"medium_large":["https:\/\/pluginspordolar.com\/wp-content\/uploads\/2023\/01\/PRODUCTO-DIGITAL-DIGIMARKETING.png",568,580,false],"large":["https:\/\/pluginspordolar.com\/wp-content\/uploads\/2023\/01\/PRODUCTO-DIGITAL-DIGIMARKETING.png",568,580,false],"1536x1536":["https:\/\/pluginspordolar.com\/wp-content\/uploads\/2023\/01\/PRODUCTO-DIGITAL-DIGIMARKETING.png",568,580,false],"2048x2048":["https:\/\/pluginspordolar.com\/wp-content\/uploads\/2023\/01\/PRODUCTO-DIGITAL-DIGIMARKETING.png",568,580,false],"trp-custom-language-flag":["https:\/\/pluginspordolar.com\/wp-content\/uploads\/2023\/01\/PRODUCTO-DIGITAL-DIGIMARKETING.png",12,12,false],"woocommerce_thumbnail":["https:\/\/pluginspordolar.com\/wp-content\/uploads\/2023\/01\/PRODUCTO-DIGITAL-DIGIMARKETING-324x324.png",324,324,true],"woocommerce_single":["https:\/\/pluginspordolar.com\/wp-content\/uploads\/2023\/01\/PRODUCTO-DIGITAL-DIGIMARKETING-416x425.png",416,425,true],"woocommerce_gallery_thumbnail":["https:\/\/pluginspordolar.com\/wp-content\/uploads\/2023\/01\/PRODUCTO-DIGITAL-DIGIMARKETING-100x100.png",100,100,true]},"uagb_author_info":{"display_name":"nc","author_link":"https:\/\/pluginspordolar.com\/en\/author\/"},"uagb_comment_info":0,"uagb_excerpt":"Plantilla configurada Lista y Editable para la creaci\u00f3n de una Tienda Virtual compatible con Woocommerce y el Tema Astra, solo ed\u00edtala colocando tus productos, Logotipo y Colores ! Est\u00e1mos preparando un Curso pr\u00e1ctico para que aprendas Wordpress editando tu sitio web\u00a0 editable verifica el link en la Pesta\u00f1a de Cursos abajo al lado de la&hellip;","_links":{"self":[{"href":"https:\/\/pluginspordolar.com\/en\/wp-json\/wp\/v2\/product\/7968","targetHints":{"allow":["GET"]}}],"collection":[{"href":"https:\/\/pluginspordolar.com\/en\/wp-json\/wp\/v2\/product"}],"about":[{"href":"https:\/\/pluginspordolar.com\/en\/wp-json\/wp\/v2\/types\/product"}],"wp:featuredmedia":[{"embeddable":true,"href":"https:\/\/pluginspordolar.com\/en\/wp-json\/wp\/v2\/media\/6741"}],"wp:attachment":[{"href":"https:\/\/pluginspordolar.com\/en\/wp-json\/wp\/v2\/media?parent=7968"}],"wp:term":[{"taxonomy":"product_brand","embeddable":true,"href":"https:\/\/pluginspordolar.com\/en\/wp-json\/wp\/v2\/product_brand?post=7968"},{"taxonomy":"product_cat","embeddable":true,"href":"https:\/\/pluginspordolar.com\/en\/wp-json\/wp\/v2\/product_cat?post=7968"},{"taxonomy":"product_tag","embeddable":true,"href":"https:\/\/pluginspordolar.com\/en\/wp-json\/wp\/v2\/product_tag?post=7968"}],"curies":[{"name":"wp","href":"https:\/\/api.w.org\/{rel}","templated":true}]}}