{"id":7778,"date":"2023-01-23T21:37:10","date_gmt":"2023-01-23T21:37:10","guid":{"rendered":"https:\/\/pluginspordolar.com\/?page_id=7778"},"modified":"2023-01-24T00:09:51","modified_gmt":"2023-01-24T00:09:51","slug":"preguntas-frecuentes-faq","status":"publish","type":"page","link":"https:\/\/pluginspordolar.com\/en\/preguntas-frecuentes-faq\/","title":{"rendered":"Frequently Asked questions FAQ"},"content":{"rendered":"<div class=\"wp-block-group alignfull has-background\" style=\"background-color:#171717\"><div class=\"wp-block-group__inner-container is-layout-flow wp-block-group-is-layout-flow\">\n<h2 class=\"has-text-align-center has-text-color wp-block-heading\" style=\"color:#ffffff\">Frequently Asked Questions<\/h2>\n\n\n\n<div class=\"wp-block-columns alignwide is-layout-flex wp-container-core-columns-is-layout-28f84493 wp-block-columns-is-layout-flex\">\n<div class=\"wp-block-column is-vertically-aligned-top is-layout-flow wp-block-column-is-layout-flow\">\n<div class=\"wp-block-group has-background\" style=\"background-color:#272727\"><div class=\"wp-block-group__inner-container is-layout-flow wp-block-group-is-layout-flow\">\n<h4 class=\"has-text-color wp-block-heading\" style=\"color:#ffffff\"><strong>WHY DISTRIBUTED ADD-ONS AND WORDPRESS THEMES FREE OR AT SUCH A LOW COST?<\/strong><\/h4>\n\n\n\n<p class=\"has-text-color\" style=\"color:#d7d7d7\">All of the elements of WordPress, plugins and themes are licensed under the General Public License (GPL), this means that once we have purchased the item, we are free to redistribute it if we choose to do so, in addition we want to support Entrepreneurs in the Digital Marketing and Web Design.<\/p>\n\n\n\n<h4 class=\"has-text-color wp-block-heading\" style=\"color:#ffffff\"><strong>WHAT IS A PREMIUM ACCOUNT ?<\/strong><\/h4>\n\n\n\n<p class=\"has-text-color\" style=\"color:#d7d7d7\">A Premium Account is a User profile who has the right to Download all the Digital Items FREE from Our Shop.<\/p>\n\n\n\n<h4 class=\"has-text-color wp-block-heading\" style=\"color:#ffffff\"><strong>HOW MUCH SHOULD I PAY FOR A PREMIUM ACCOUNT?<\/strong><\/h4>\n\n\n\n<p class=\"has-text-color\" style=\"color:#d7d7d7\">We have 3 types of accounts of Memberships with different values, we invite you to select in the shop right for you, only with the purchase of any you have access to all files Premium of the present and future under the Gpl License. To renew your Premium account you just need to pay again your Membership or to select another.&nbsp;<\/p>\n<\/div><\/div>\n<\/div>\n\n\n\n<div class=\"wp-block-column is-layout-flow wp-block-column-is-layout-flow\">\n<div class=\"wp-block-group has-background\" style=\"background-color:#272727\"><div class=\"wp-block-group__inner-container is-layout-flow wp-block-group-is-layout-flow\">\n<h4 class=\"has-text-color wp-block-heading\" style=\"color:#ffffff\"><strong>HOW TO MAKE A PURCHASE?<\/strong><\/h4>\n\n\n\n<p class=\"has-text-color\" style=\"color:#d7d7d7\">To make your purchase you should only access the store and select the type of membership and creating your account when you enter your payment details, you need to check your e-mail with instructions to access your account, if you don&#039;t see the email please check your Spam folder (spam)<\/p>\n\n\n\n<h4 class=\"has-text-color wp-block-heading\" style=\"color:#ffffff\"><strong>CAN I GET A REFUND?<\/strong><\/h4>\n\n\n\n<p class=\"has-text-color\" style=\"color:#d7d7d7\">No. Sorry, we&#039;re going to have to be a little hard with this. Nature of digital media means that once you have downloaded a plugin or theme, there is actually no way to \u2018return\u2019. Therefore, all payments in Digimarketing NC are non-refundable and any request or dispute will be rejected without any communication.<\/p>\n\n\n\n<h4 class=\"has-text-color wp-block-heading\" style=\"color:#ffffff\"><strong>THE PRODUCTS ARE SUPPORTED WITH UPDATES?<\/strong><\/h4>\n\n\n\n<p class=\"has-text-color\" style=\"color:#d7d7d7\">When the downloads Practically FREE are we prone to having the latest Versions of each File, the only thing you should do is to Download the new version as soon as it becomes available, remember that you must be a current membership, we welcome you contact us to let us know of any new update.<\/p>\n<\/div><\/div>\n<\/div>\n<\/div>\n<\/div><\/div>\n\n\n\n<div class=\"wp-block-group alignfull has-background\" style=\"background-color:#171717\"><div class=\"wp-block-group__inner-container is-layout-flow wp-block-group-is-layout-flow\">\n<div class=\"wp-block-columns alignwide is-layout-flex wp-container-core-columns-is-layout-28f84493 wp-block-columns-is-layout-flex\">\n<div class=\"wp-block-column is-vertically-aligned-top is-layout-flow wp-block-column-is-layout-flow\">\n<div class=\"wp-block-group has-background\" style=\"background-color:#272727\"><div class=\"wp-block-group__inner-container is-layout-flow wp-block-group-is-layout-flow\">\n<h4 class=\"has-text-color wp-block-heading\" style=\"color:#ffffff\"><strong>YOU OFFER TECHNICAL SUPPORT?<\/strong><\/h4>\n\n\n\n<p class=\"has-text-color\" style=\"color:#d7d7d7\">No. But we provide basic support for installing plugins and themes. If you need technical assistance with respect to a theme or plugin, you will need to purchase the product directly from the author.<\/p>\n\n\n\n<h4 class=\"has-text-color wp-block-heading\" style=\"color:#ffffff\"><strong>AN ITEM THAT I DOWNLOADED IT REQUESTS AN ACTIVATION CODE, LICENSE OR UPGRADE TO PREMIUM. WHAT TO DO?<\/strong><\/h4>\n\n\n\n<p class=\"has-text-color\" style=\"color:#d7d7d7\">Ignore. The developers include these so that the plugin or theme can be updated automatically or you can register to receive assistance. The item itself will work perfectly well without enter anything in the box.<\/p>\n\n\n\n<h4 class=\"wp-block-heading\"><strong><mark style=\"background-color:rgba(0, 0, 0, 0)\" class=\"has-inline-color has-white-color\">HOW TO FIX ERROR &#034;STYLE.CSS MISSING&#034; THE CLIMB TOPICS?<\/mark><\/strong><\/h4>\n\n\n\n<p><mark style=\"background-color:rgba(0, 0, 0, 0)\" class=\"has-inline-color has-white-color\">A common problem that can occur with users new to installing WordPress themes is the error message \u201cTheme is broken and \/ or stylesheets missing\u201d is displayed when trying to upload or activate the theme. This is because the download package themes on ThemeForest includes additional files to the theme, like documentation, license, etc<\/mark><\/p>\n\n\n\n<p><mark style=\"background-color:rgba(0, 0, 0, 0)\" class=\"has-inline-color has-white-color\">To resolve this, simply unzip the theme package that you downloaded in Digimarketing NC and load the file themename.zip that includes (being the file name of the topic).<\/mark><\/p>\n<\/div><\/div>\n<\/div>\n\n\n\n<div class=\"wp-block-column is-layout-flow wp-block-column-is-layout-flow\">\n<div class=\"wp-block-group has-background\" style=\"background-color:#272727\"><div class=\"wp-block-group__inner-container is-layout-flow wp-block-group-is-layout-flow\">\n<h4 class=\"has-text-color wp-block-heading\" style=\"color:#ffffff\"><strong>HOW DO I UPDATE A PLUGIN?<\/strong><\/h4>\n\n\n\n<p><mark style=\"background-color:rgba(0, 0, 0, 0)\" class=\"has-inline-color has-white-color\">Download the latest zip file for your plugin.<br>Log in to your WordPress site.<br>Go to Plugins&gt; Add new.<br>Click the button \u201cUpload plugin\u201d at the top of the page.<br>Select the zip file with the new plugin version to install.<br>Click on the \u201cInstall now\u201dbutton.<\/mark><\/p>\n\n\n\n<h4 class=\"has-text-color wp-block-heading\" style=\"color:#ffffff\"><strong>HOW DO I UPDATE A THEME?<\/strong><\/h4>\n\n\n\n<p class=\"has-white-color has-text-color\"><mark style=\"background-color:rgba(0, 0, 0, 0)\" class=\"has-inline-color has-white-color\">Download the latest zip file for your theme.<br>Log in to your WordPress site.<br>Go to Appearance&gt; Themes.<br>Click on the button \u201cAdd new\u201d at the top of the page.<br>Click the button \u201cUpload theme\u201d at the top of the page.<br>Select the zip file with the new version of the theme to install.<br>Click on the \u201cInstall now\u201dbutton.<\/mark><\/p>\n\n\n\n<h2 class=\"has-normal-font-size wp-block-heading\"><strong><mark style=\"background-color:rgba(0, 0, 0, 0)\" class=\"has-inline-color has-white-color\">DISCLAIMER<\/mark><\/strong><\/h2>\n\n\n\n<p class=\"has-small-font-size\">NOTICE: All products in the Store Plugins x Dolar contain software code developed by third parties and redistributed by Digimarketing NC under the terms of&nbsp;<a rel=\"noreferrer noopener\" href=\"https:\/\/www.gnu.org\/licenses\/gpl-3.0.html\" target=\"_blank\">Gnu General Public license (GPL)<\/a><\/p>\n\n\n\n<p class=\"has-small-font-size\">Plugins x Dolar is not affiliated or associated in any way with third-party developers or owners of trademarks, including WordPress, WooCommerce, Elegant Themes, WooThemes, Wp Forms, Rocketgenius Inc., iThemes, etc<\/p>\n<\/div><\/div>\n<\/div>\n<\/div>\n<\/div><\/div>","protected":false},"excerpt":{"rendered":"<p>Frequently Asked Questions POR QU\u00c9 DISTRIBUYEN LOS COMPLEMENTOS Y TEMAS DE WORDPRESS GRAT\u00cdS O A TAN BAJO COSTO? Todos los elementos de WordPress, como complementos y temas, tienen licencia de la Licencia P\u00fablica General (GPL), esto significa que una vez que hayamos comprado el art\u00edculo, somos libres de redistribuirlo si decidimos hacerlo, adem\u00e1s queremos apoyar [&hellip;]<\/p>","protected":false},"author":1,"featured_media":0,"parent":0,"menu_order":0,"comment_status":"closed","ping_status":"closed","template":"template-fullwidth.php","meta":{"_eb_attr":"","_uag_custom_page_level_css":"","footnotes":""},"class_list":["post-7778","page","type-page","status-publish","hentry"],"yoast_head":"<!-- This site is optimized with the Yoast SEO plugin v27.4 - https:\/\/yoast.com\/product\/yoast-seo-wordpress\/ -->\n<title>Preguntas Frecuentes FAQ - Plugins x Dolar<\/title>\n<meta name=\"robots\" content=\"index, follow, max-snippet:-1, max-image-preview:large, max-video-preview:-1\" \/>\n<link rel=\"canonical\" href=\"https:\/\/pluginspordolar.com\/en\/preguntas-frecuentes-faq\/\" \/>\n<meta property=\"og:locale\" content=\"en_US\" \/>\n<meta property=\"og:type\" content=\"article\" \/>\n<meta property=\"og:title\" content=\"Preguntas Frecuentes FAQ - Plugins x Dolar\" \/>\n<meta property=\"og:description\" content=\"Frequently Asked Questions POR QU\u00c9 DISTRIBUYEN LOS COMPLEMENTOS Y TEMAS DE WORDPRESS GRAT\u00cdS O A TAN BAJO COSTO? Todos los elementos de WordPress, como complementos y temas, tienen licencia de la Licencia P\u00fablica General (GPL), esto significa que una vez que hayamos comprado el art\u00edculo, somos libres de redistribuirlo si decidimos hacerlo, adem\u00e1s queremos apoyar [&hellip;]\" \/>\n<meta property=\"og:url\" content=\"https:\/\/pluginspordolar.com\/en\/preguntas-frecuentes-faq\/\" \/>\n<meta property=\"og:site_name\" content=\"Plugins x Dolar\" \/>\n<meta property=\"article:modified_time\" content=\"2023-01-24T00:09:51+00:00\" \/>\n<meta name=\"twitter:card\" content=\"summary_large_image\" \/>\n<meta name=\"twitter:label1\" content=\"Est. reading time\" \/>\n\t<meta name=\"twitter:data1\" content=\"4 minutes\" \/>\n<script type=\"application\/ld+json\" class=\"yoast-schema-graph\">{\"@context\":\"https:\\\/\\\/schema.org\",\"@graph\":[{\"@type\":\"WebPage\",\"@id\":\"https:\\\/\\\/pluginspordolar.com\\\/preguntas-frecuentes-faq\\\/\",\"url\":\"https:\\\/\\\/pluginspordolar.com\\\/preguntas-frecuentes-faq\\\/\",\"name\":\"Preguntas Frecuentes FAQ - Plugins x Dolar\",\"isPartOf\":{\"@id\":\"https:\\\/\\\/pluginspordolar.com\\\/#website\"},\"datePublished\":\"2023-01-23T21:37:10+00:00\",\"dateModified\":\"2023-01-24T00:09:51+00:00\",\"breadcrumb\":{\"@id\":\"https:\\\/\\\/pluginspordolar.com\\\/preguntas-frecuentes-faq\\\/#breadcrumb\"},\"inLanguage\":\"en-US\",\"potentialAction\":[{\"@type\":\"ReadAction\",\"target\":[\"https:\\\/\\\/pluginspordolar.com\\\/preguntas-frecuentes-faq\\\/\"]}]},{\"@type\":\"BreadcrumbList\",\"@id\":\"https:\\\/\\\/pluginspordolar.com\\\/preguntas-frecuentes-faq\\\/#breadcrumb\",\"itemListElement\":[{\"@type\":\"ListItem\",\"position\":1,\"name\":\"Portada\",\"item\":\"https:\\\/\\\/pluginspordolar.com\\\/\"},{\"@type\":\"ListItem\",\"position\":2,\"name\":\"Preguntas Frecuentes FAQ\"}]},{\"@type\":\"WebSite\",\"@id\":\"https:\\\/\\\/pluginspordolar.com\\\/#website\",\"url\":\"https:\\\/\\\/pluginspordolar.com\\\/\",\"name\":\"Plugins x Dolar\",\"description\":\"Complementos Premium\",\"publisher\":{\"@id\":\"https:\\\/\\\/pluginspordolar.com\\\/#organization\"},\"potentialAction\":[{\"@type\":\"SearchAction\",\"target\":{\"@type\":\"EntryPoint\",\"urlTemplate\":\"https:\\\/\\\/pluginspordolar.com\\\/?s={search_term_string}\"},\"query-input\":{\"@type\":\"PropertyValueSpecification\",\"valueRequired\":true,\"valueName\":\"search_term_string\"}}],\"inLanguage\":\"en-US\"},{\"@type\":\"Organization\",\"@id\":\"https:\\\/\\\/pluginspordolar.com\\\/#organization\",\"name\":\"Plugins x Dolar\",\"url\":\"https:\\\/\\\/pluginspordolar.com\\\/\",\"logo\":{\"@type\":\"ImageObject\",\"inLanguage\":\"en-US\",\"@id\":\"https:\\\/\\\/pluginspordolar.com\\\/#\\\/schema\\\/logo\\\/image\\\/\",\"url\":\"https:\\\/\\\/pluginspordolar.com\\\/wp-content\\\/uploads\\\/Logo-moderno-pluginsxdolar-e1674435267756.png\",\"contentUrl\":\"https:\\\/\\\/pluginspordolar.com\\\/wp-content\\\/uploads\\\/Logo-moderno-pluginsxdolar-e1674435267756.png\",\"width\":500,\"height\":111,\"caption\":\"Plugins x Dolar\"},\"image\":{\"@id\":\"https:\\\/\\\/pluginspordolar.com\\\/#\\\/schema\\\/logo\\\/image\\\/\"}}]}<\/script>\n<!-- \/ Yoast SEO plugin. -->","yoast_head_json":{"title":"Preguntas Frecuentes FAQ - Plugins x Dolar","robots":{"index":"index","follow":"follow","max-snippet":"max-snippet:-1","max-image-preview":"max-image-preview:large","max-video-preview":"max-video-preview:-1"},"canonical":"https:\/\/pluginspordolar.com\/en\/preguntas-frecuentes-faq\/","og_locale":"en_US","og_type":"article","og_title":"Preguntas Frecuentes FAQ - Plugins x Dolar","og_description":"Frequently Asked Questions POR QU\u00c9 DISTRIBUYEN LOS COMPLEMENTOS Y TEMAS DE WORDPRESS GRAT\u00cdS O A TAN BAJO COSTO? Todos los elementos de WordPress, como complementos y temas, tienen licencia de la Licencia P\u00fablica General (GPL), esto significa que una vez que hayamos comprado el art\u00edculo, somos libres de redistribuirlo si decidimos hacerlo, adem\u00e1s queremos apoyar [&hellip;]","og_url":"https:\/\/pluginspordolar.com\/en\/preguntas-frecuentes-faq\/","og_site_name":"Plugins x Dolar","article_modified_time":"2023-01-24T00:09:51+00:00","twitter_card":"summary_large_image","twitter_misc":{"Est. reading time":"4 minutes"},"schema":{"@context":"https:\/\/schema.org","@graph":[{"@type":"WebPage","@id":"https:\/\/pluginspordolar.com\/preguntas-frecuentes-faq\/","url":"https:\/\/pluginspordolar.com\/preguntas-frecuentes-faq\/","name":"Preguntas Frecuentes FAQ - Plugins x Dolar","isPartOf":{"@id":"https:\/\/pluginspordolar.com\/#website"},"datePublished":"2023-01-23T21:37:10+00:00","dateModified":"2023-01-24T00:09:51+00:00","breadcrumb":{"@id":"https:\/\/pluginspordolar.com\/preguntas-frecuentes-faq\/#breadcrumb"},"inLanguage":"en-US","potentialAction":[{"@type":"ReadAction","target":["https:\/\/pluginspordolar.com\/preguntas-frecuentes-faq\/"]}]},{"@type":"BreadcrumbList","@id":"https:\/\/pluginspordolar.com\/preguntas-frecuentes-faq\/#breadcrumb","itemListElement":[{"@type":"ListItem","position":1,"name":"Portada","item":"https:\/\/pluginspordolar.com\/"},{"@type":"ListItem","position":2,"name":"Preguntas Frecuentes FAQ"}]},{"@type":"WebSite","@id":"https:\/\/pluginspordolar.com\/#website","url":"https:\/\/pluginspordolar.com\/","name":"Plugins x Dolar","description":"Complementos Premium","publisher":{"@id":"https:\/\/pluginspordolar.com\/#organization"},"potentialAction":[{"@type":"SearchAction","target":{"@type":"EntryPoint","urlTemplate":"https:\/\/pluginspordolar.com\/?s={search_term_string}"},"query-input":{"@type":"PropertyValueSpecification","valueRequired":true,"valueName":"search_term_string"}}],"inLanguage":"en-US"},{"@type":"Organization","@id":"https:\/\/pluginspordolar.com\/#organization","name":"Plugins x Dolar","url":"https:\/\/pluginspordolar.com\/","logo":{"@type":"ImageObject","inLanguage":"en-US","@id":"https:\/\/pluginspordolar.com\/#\/schema\/logo\/image\/","url":"https:\/\/pluginspordolar.com\/wp-content\/uploads\/Logo-moderno-pluginsxdolar-e1674435267756.png","contentUrl":"https:\/\/pluginspordolar.com\/wp-content\/uploads\/Logo-moderno-pluginsxdolar-e1674435267756.png","width":500,"height":111,"caption":"Plugins x Dolar"},"image":{"@id":"https:\/\/pluginspordolar.com\/#\/schema\/logo\/image\/"}}]}},"uagb_featured_image_src":{"full":false,"thumbnail":false,"medium":false,"medium_large":false,"large":false,"1536x1536":false,"2048x2048":false,"trp-custom-language-flag":false,"woocommerce_thumbnail":false,"woocommerce_single":false,"woocommerce_gallery_thumbnail":false},"uagb_author_info":{"display_name":"nc","author_link":"https:\/\/pluginspordolar.com\/en\/author\/nc\/"},"uagb_comment_info":0,"uagb_excerpt":"Frequently Asked Questions POR QU\u00c9 DISTRIBUYEN LOS COMPLEMENTOS Y TEMAS DE WORDPRESS GRAT\u00cdS O A TAN BAJO COSTO? Todos los elementos de WordPress, como complementos y temas, tienen licencia de la Licencia P\u00fablica General (GPL), esto significa que una vez que hayamos comprado el art\u00edculo, somos libres de redistribuirlo si decidimos hacerlo, adem\u00e1s queremos apoyar&hellip;","_links":{"self":[{"href":"https:\/\/pluginspordolar.com\/en\/wp-json\/wp\/v2\/pages\/7778","targetHints":{"allow":["GET"]}}],"collection":[{"href":"https:\/\/pluginspordolar.com\/en\/wp-json\/wp\/v2\/pages"}],"about":[{"href":"https:\/\/pluginspordolar.com\/en\/wp-json\/wp\/v2\/types\/page"}],"author":[{"embeddable":true,"href":"https:\/\/pluginspordolar.com\/en\/wp-json\/wp\/v2\/users\/1"}],"replies":[{"embeddable":true,"href":"https:\/\/pluginspordolar.com\/en\/wp-json\/wp\/v2\/comments?post=7778"}],"version-history":[{"count":0,"href":"https:\/\/pluginspordolar.com\/en\/wp-json\/wp\/v2\/pages\/7778\/revisions"}],"wp:attachment":[{"href":"https:\/\/pluginspordolar.com\/en\/wp-json\/wp\/v2\/media?parent=7778"}],"curies":[{"name":"wp","href":"https:\/\/api.w.org\/{rel}","templated":true}]}}